
{"id":55844,"date":"2024-10-14T11:34:01","date_gmt":"2024-10-14T11:34:01","guid":{"rendered":"https:\/\/azurefilm.com\/product\/creality-extruder-a-k1-k1c-k1-max-ender-3-v3-ender-3-v3-plus-modellekhez\/"},"modified":"2024-10-14T11:34:01","modified_gmt":"2024-10-14T11:34:01","slug":"creality-extruder-a-k1-k1c-k1-max-ender-3-v3-ender-3-v3-plus-modellekhez","status":"publish","type":"product","link":"https:\/\/azurefilm.com\/hu\/termek\/creality-extruder-a-k1-k1c-k1-max-ender-3-v3-ender-3-v3-plus-modellekhez\/","title":{"rendered":"Creality extruder a K1\/K1C\/K1 Max\/Ender 3 V3\/Ender 3 V3 Plus modellekhez"},"content":{"rendered":"<p><span style=\"font-weight: 400;\">Ez a Creality extruder a Creality K1, K1C, K1 Max, Ender 3 V3 \u00e9s Ender 3 V3 Plus 3D nyomtat\u00f3kkal val\u00f3 z\u00f6kken\u0151mentes kompatibilit\u00e1s \u00e9rdek\u00e9ben k\u00e9sz\u00fclt. Megb\u00edzhat\u00f3 filament adagol\u00e1st k\u00edn\u00e1l fokozott pontoss\u00e1ggal, ami sim\u00e1bb nyomatokat \u00e9s kevesebb elt\u00f6m\u0151d\u00e9st biztos\u00edt. T\u00f6k\u00e9letes a nagy teljes\u00edtm\u00e9ny\u0171, pontos nyomtat\u00e1shoz sz\u00e1mos filamentt\u00edpuson kereszt\u00fcl.  <\/span><\/p>\n","protected":false},"excerpt":{"rendered":"<p><span style=\"font-weight: 400;\">Creality Extruder, amelyet a Creality K1, K1C, K1 Max, Ender 3 V3 \u00e9s Ender 3 V3 Plus 3D nyomtat\u00f3kkal val\u00f3 z\u00f6kken\u0151mentes kompatibilit\u00e1sra terveztek.  <\/span><\/p>\n","protected":false},"featured_media":47494,"comment_status":"closed","ping_status":"closed","template":"","meta":{"_acf_changed":false},"product_brand":[],"product_cat":[2221,1679,2223,2222,2224],"product_tag":[],"brand":[],"class_list":{"0":"post-55844","1":"product","2":"type-product","3":"status-publish","4":"has-post-thumbnail","6":"product_cat-potalkatreszek","7":"product_cat-elado","8":"product_cat-extruder-hu","9":"product_cat-extruders-hu","10":"product_cat-minden-potalkatresz","11":"pa_compatible-with-creality-fdm-3d-printers","12":"pa_fits-printer-creality-k1","13":"pa_fits-printer-creality-k1-max","14":"pa_fits-printer-creality-k1c","16":"first","17":"outofstock","18":"sale","19":"taxable","20":"shipping-taxable","21":"purchasable","22":"product-type-simple"},"acf":[],"_links":{"self":[{"href":"https:\/\/azurefilm.com\/hu\/wp-json\/wp\/v2\/product\/55844","targetHints":{"allow":["GET"]}}],"collection":[{"href":"https:\/\/azurefilm.com\/hu\/wp-json\/wp\/v2\/product"}],"about":[{"href":"https:\/\/azurefilm.com\/hu\/wp-json\/wp\/v2\/types\/product"}],"replies":[{"embeddable":true,"href":"https:\/\/azurefilm.com\/hu\/wp-json\/wp\/v2\/comments?post=55844"}],"wp:featuredmedia":[{"embeddable":true,"href":"https:\/\/azurefilm.com\/hu\/wp-json\/wp\/v2\/media\/47494"}],"wp:attachment":[{"href":"https:\/\/azurefilm.com\/hu\/wp-json\/wp\/v2\/media?parent=55844"}],"wp:term":[{"taxonomy":"product_brand","embeddable":true,"href":"https:\/\/azurefilm.com\/hu\/wp-json\/wp\/v2\/product_brand?post=55844"},{"taxonomy":"product_cat","embeddable":true,"href":"https:\/\/azurefilm.com\/hu\/wp-json\/wp\/v2\/product_cat?post=55844"},{"taxonomy":"product_tag","embeddable":true,"href":"https:\/\/azurefilm.com\/hu\/wp-json\/wp\/v2\/product_tag?post=55844"},{"taxonomy":"brand","embeddable":true,"href":"https:\/\/azurefilm.com\/hu\/wp-json\/wp\/v2\/brand?post=55844"}],"curies":[{"name":"wp","href":"https:\/\/api.w.org\/{rel}","templated":true}]}}