
{"id":55849,"date":"2024-10-14T11:34:44","date_gmt":"2024-10-14T11:34:44","guid":{"rendered":"https:\/\/azurefilm.com\/product\/creality-nagy-sebessegu-fuvoka-ender-3-v3-se-hez\/"},"modified":"2024-10-14T11:34:44","modified_gmt":"2024-10-14T11:34:44","slug":"creality-nagy-sebessegu-fuvoka-ender-3-v3-se-hez","status":"publish","type":"product","link":"https:\/\/azurefilm.com\/hu\/termek\/creality-nagy-sebessegu-fuvoka-ender-3-v3-se-hez\/","title":{"rendered":"Creality nagy sebess\u00e9g\u0171 f\u00fav\u00f3ka Ender 3 V3 SE-hez"},"content":{"rendered":"<p><span style=\"font-weight: 400;\">Ez egy Creality High-Speed f\u00fav\u00f3ka az Ender 3 V3 SE-hez, 0,4 mm-es f\u00fav\u00f3ka\u00e1tm\u00e9r\u0151vel.<\/span><\/p>\n","protected":false},"excerpt":{"rendered":"<p><span style=\"font-weight: 400;\">Creality nagysebess\u00e9g\u0171 f\u00fav\u00f3ka Ender 3 V3 SE-hez 0,4 mm f\u00fav\u00f3ka\u00e1tm\u00e9r\u0151vel.  <\/span><\/p>\n","protected":false},"featured_media":47451,"comment_status":"closed","ping_status":"closed","template":"","meta":{"_acf_changed":false},"product_brand":[],"product_cat":[2221,1679,2226,2224,2227],"product_tag":[],"brand":[],"class_list":{"0":"post-55849","1":"product","2":"type-product","3":"status-publish","4":"has-post-thumbnail","6":"product_cat-potalkatreszek","7":"product_cat-elado","8":"product_cat-fuvoszarnyak","9":"product_cat-minden-potalkatresz","10":"product_cat-rendszeres-fuvokak","11":"pa_compatible-with-creality-fdm-3d-printers","12":"pa_fits-printer-creality-ender-3-v3-se","14":"first","15":"instock","16":"sale","17":"taxable","18":"shipping-taxable","19":"purchasable","20":"product-type-simple"},"acf":[],"_links":{"self":[{"href":"https:\/\/azurefilm.com\/hu\/wp-json\/wp\/v2\/product\/55849","targetHints":{"allow":["GET"]}}],"collection":[{"href":"https:\/\/azurefilm.com\/hu\/wp-json\/wp\/v2\/product"}],"about":[{"href":"https:\/\/azurefilm.com\/hu\/wp-json\/wp\/v2\/types\/product"}],"replies":[{"embeddable":true,"href":"https:\/\/azurefilm.com\/hu\/wp-json\/wp\/v2\/comments?post=55849"}],"wp:featuredmedia":[{"embeddable":true,"href":"https:\/\/azurefilm.com\/hu\/wp-json\/wp\/v2\/media\/47451"}],"wp:attachment":[{"href":"https:\/\/azurefilm.com\/hu\/wp-json\/wp\/v2\/media?parent=55849"}],"wp:term":[{"taxonomy":"product_brand","embeddable":true,"href":"https:\/\/azurefilm.com\/hu\/wp-json\/wp\/v2\/product_brand?post=55849"},{"taxonomy":"product_cat","embeddable":true,"href":"https:\/\/azurefilm.com\/hu\/wp-json\/wp\/v2\/product_cat?post=55849"},{"taxonomy":"product_tag","embeddable":true,"href":"https:\/\/azurefilm.com\/hu\/wp-json\/wp\/v2\/product_tag?post=55849"},{"taxonomy":"brand","embeddable":true,"href":"https:\/\/azurefilm.com\/hu\/wp-json\/wp\/v2\/brand?post=55849"}],"curies":[{"name":"wp","href":"https:\/\/api.w.org\/{rel}","templated":true}]}}