
{"id":55858,"date":"2024-10-14T11:33:42","date_gmt":"2024-10-14T11:33:42","guid":{"rendered":"https:\/\/azurefilm.com\/product\/creality-hotend-ventilator-a-k1-k1c-k1-max-keszulekhez\/"},"modified":"2024-10-14T11:33:42","modified_gmt":"2024-10-14T11:33:42","slug":"creality-hotend-ventilator-a-k1-k1c-k1-max-keszulekhez","status":"publish","type":"product","link":"https:\/\/azurefilm.com\/hu\/termek\/creality-hotend-ventilator-a-k1-k1c-k1-max-keszulekhez\/","title":{"rendered":"Creality Hotend ventil\u00e1tor a K1\/K1C\/K1 Max k\u00e9sz\u00fcl\u00e9khez"},"content":{"rendered":"<p><span style=\"font-weight: 400;\">A Creality Hotend ventil\u00e1tor a K1\/K1C\/K1 Max nyomtat\u00f3khoz a 3D nyomtat\u00f3 forr\u00f3 v\u00e9g\u00e9nek hat\u00e9kony h\u0171t\u00e9s\u00e9re szolg\u00e1l, stabil h\u0151m\u00e9rs\u00e9kletet biztos\u00edtva \u00e9s megakad\u00e1lyozva a t\u00falmeleged\u00e9st nyomtat\u00e1s k\u00f6zben. Ide\u00e1lis az optim\u00e1lis teljes\u00edtm\u00e9ny \u00e9s nyomtat\u00e1si min\u0151s\u00e9g fenntart\u00e1s\u00e1hoz. <\/span><\/p>\n","protected":false},"excerpt":{"rendered":"<p><span style=\"font-weight: 400;\">A Creality Hotend ventil\u00e1tort a K1\/K1C\/K1 Max k\u00e9sz\u00fcl\u00e9khez \u00fagy tervezt\u00e9k, hogy hat\u00e9konyan h\u0171tse a hotendet, stabil h\u0151m\u00e9rs\u00e9kletet biztos\u00edtva \u00e9s megel\u0151zve a t\u00falmeleged\u00e9st.  <\/span><\/p>\n","protected":false},"featured_media":47500,"comment_status":"closed","ping_status":"closed","template":"","meta":{"_acf_changed":false},"product_brand":[],"product_cat":[2221,1679,2229,2224],"product_tag":[],"brand":[],"class_list":{"0":"post-55858","1":"product","2":"type-product","3":"status-publish","4":"has-post-thumbnail","6":"product_cat-potalkatreszek","7":"product_cat-elado","8":"product_cat-fans-hu","9":"product_cat-minden-potalkatresz","10":"pa_compatible-with-creality-fdm-3d-printers","11":"pa_fits-printer-creality-k1","12":"pa_fits-printer-creality-k1-max","13":"pa_fits-printer-creality-k1c","15":"first","16":"instock","17":"sale","18":"taxable","19":"shipping-taxable","20":"purchasable","21":"product-type-simple"},"acf":[],"_links":{"self":[{"href":"https:\/\/azurefilm.com\/hu\/wp-json\/wp\/v2\/product\/55858","targetHints":{"allow":["GET"]}}],"collection":[{"href":"https:\/\/azurefilm.com\/hu\/wp-json\/wp\/v2\/product"}],"about":[{"href":"https:\/\/azurefilm.com\/hu\/wp-json\/wp\/v2\/types\/product"}],"replies":[{"embeddable":true,"href":"https:\/\/azurefilm.com\/hu\/wp-json\/wp\/v2\/comments?post=55858"}],"wp:featuredmedia":[{"embeddable":true,"href":"https:\/\/azurefilm.com\/hu\/wp-json\/wp\/v2\/media\/47500"}],"wp:attachment":[{"href":"https:\/\/azurefilm.com\/hu\/wp-json\/wp\/v2\/media?parent=55858"}],"wp:term":[{"taxonomy":"product_brand","embeddable":true,"href":"https:\/\/azurefilm.com\/hu\/wp-json\/wp\/v2\/product_brand?post=55858"},{"taxonomy":"product_cat","embeddable":true,"href":"https:\/\/azurefilm.com\/hu\/wp-json\/wp\/v2\/product_cat?post=55858"},{"taxonomy":"product_tag","embeddable":true,"href":"https:\/\/azurefilm.com\/hu\/wp-json\/wp\/v2\/product_tag?post=55858"},{"taxonomy":"brand","embeddable":true,"href":"https:\/\/azurefilm.com\/hu\/wp-json\/wp\/v2\/brand?post=55858"}],"curies":[{"name":"wp","href":"https:\/\/api.w.org\/{rel}","templated":true}]}}