
{"id":55859,"date":"2024-10-14T11:37:11","date_gmt":"2024-10-14T11:37:11","guid":{"rendered":"https:\/\/azurefilm.com\/product\/edzett-acel-extruder-egyseg-az-x1c-hez\/"},"modified":"2024-10-14T11:37:11","modified_gmt":"2024-10-14T11:37:11","slug":"edzett-acel-extruder-egyseg-az-x1c-hez","status":"publish","type":"product","link":"https:\/\/azurefilm.com\/hu\/termek\/edzett-acel-extruder-egyseg-az-x1c-hez\/","title":{"rendered":"Edzett ac\u00e9l extruder egys\u00e9g az X1C-hez"},"content":{"rendered":"<p><span style=\"font-weight: 400;\">Az X1C-hez k\u00e9sz\u00fclt edzett ac\u00e9l extruder egys\u00e9get kett\u0151s edzett ac\u00e9l fogasker\u00e9kkel tervezt\u00e9k, amely fokozott extrud\u00e1l\u00e1si er\u0151t, cs\u00f6kkentett cs\u00fasz\u00e1st \u00e9s jobb kop\u00e1s\u00e1ll\u00f3s\u00e1got biztos\u00edt. Ezek a jellemz\u0151k lehet\u0151v\u00e9 teszik, hogy az extruder egys\u00e9g ig\u00e9nyes m\u0171szaki sz\u00e1lakkal, t\u00f6bbek k\u00f6z\u00f6tt sz\u00e9nsz\u00e1las \u00e9s nejlon sz\u00e1lakkal is megbirk\u00f3zzon. <\/span><\/p>\n<p><span style=\"font-weight: 400;\">Ezenk\u00edv\u00fcl a k\u00e9sz\u00fcl\u00e9k sz\u00e1lszakad\u00e1s-\u00e9rz\u00e9kel\u0151 \u00e9rz\u00e9kel\u0151vel van felszerelve, amely seg\u00edt megel\u0151zni a nyomtat\u00e1si hib\u00e1kat \u00e9s n\u00f6veli a nyomtat\u00e1s \u00e1ltal\u00e1nos hat\u00e9konys\u00e1g\u00e1t.<\/span><\/p>\n<h2><strong>Term\u00e9kle\u00edr\u00e1sok<\/strong><\/h2>\n<ul>\n<li style=\"font-weight: 400;\" aria-level=\"1\"><span style=\"font-weight: 400;\">Cs\u00f6kkent\u00e9si ar\u00e1ny: 9 : 53<\/span><\/li>\n<li style=\"font-weight: 400;\" aria-level=\"1\"><span style=\"font-weight: 400;\">Anyagok: M\u0171anyag, f\u00e9m<\/span><\/li>\n<li style=\"font-weight: 400;\" aria-level=\"1\"><span style=\"font-weight: 400;\">T\u00e1mogatott sz\u00e1l\u00e1tm\u00e9r\u0151: 1.75mm<\/span><\/li>\n<li style=\"font-weight: 400;\" aria-level=\"1\"><span style=\"font-weight: 400;\">Csomagol\u00e1si m\u00e9ret: 60x60x30mm<\/span><\/li>\n<li style=\"font-weight: 400;\" aria-level=\"1\"><span style=\"font-weight: 400;\">T\u00e1mogatott sz\u00e1lak PET-CF, PAHT-CF, PA6-CF, PLA-CF, PETG-CF, PLA, PETG, ABS, ASA, PC, TPU<\/span><\/li>\n<li style=\"font-weight: 400;\" aria-level=\"1\"><span style=\"font-weight: 400;\">Csomagol\u00e1si s\u00faly:<\/span> <span style=\"font-weight: 400;\">50g<\/span><\/li>\n<\/ul>\n","protected":false},"excerpt":{"rendered":"<p><span style=\"font-weight: 400;\">Edzett ac\u00e9l extruder egys\u00e9g az X1C-hez &#8211; a fokozott extrud\u00e1l\u00e1si er\u0151, a cs\u00f6kkentett cs\u00fasz\u00e1s \u00e9s a jobb kop\u00e1s\u00e1ll\u00f3s\u00e1g \u00e9rdek\u00e9ben tervezt\u00e9k.  <\/span><\/p>\n","protected":false},"featured_media":47348,"comment_status":"closed","ping_status":"closed","template":"","meta":{"_acf_changed":false},"product_brand":[],"product_cat":[2221,2223,2222,2224],"product_tag":[],"brand":[],"class_list":{"0":"post-55859","1":"product","2":"type-product","3":"status-publish","4":"has-post-thumbnail","6":"product_cat-potalkatreszek","7":"product_cat-extruder-hu","8":"product_cat-extruders-hu","9":"product_cat-minden-potalkatresz","10":"pa_compatible-with-bambulab-fdm-3d-printers","11":"pa_fits-printer-bambu-lab-x1-series-only","12":"pa_fits-printer-bambu-lab-x1-carbon","14":"first","15":"outofstock","16":"taxable","17":"shipping-taxable","18":"purchasable","19":"product-type-simple"},"acf":[],"_links":{"self":[{"href":"https:\/\/azurefilm.com\/hu\/wp-json\/wp\/v2\/product\/55859","targetHints":{"allow":["GET"]}}],"collection":[{"href":"https:\/\/azurefilm.com\/hu\/wp-json\/wp\/v2\/product"}],"about":[{"href":"https:\/\/azurefilm.com\/hu\/wp-json\/wp\/v2\/types\/product"}],"replies":[{"embeddable":true,"href":"https:\/\/azurefilm.com\/hu\/wp-json\/wp\/v2\/comments?post=55859"}],"wp:featuredmedia":[{"embeddable":true,"href":"https:\/\/azurefilm.com\/hu\/wp-json\/wp\/v2\/media\/47348"}],"wp:attachment":[{"href":"https:\/\/azurefilm.com\/hu\/wp-json\/wp\/v2\/media?parent=55859"}],"wp:term":[{"taxonomy":"product_brand","embeddable":true,"href":"https:\/\/azurefilm.com\/hu\/wp-json\/wp\/v2\/product_brand?post=55859"},{"taxonomy":"product_cat","embeddable":true,"href":"https:\/\/azurefilm.com\/hu\/wp-json\/wp\/v2\/product_cat?post=55859"},{"taxonomy":"product_tag","embeddable":true,"href":"https:\/\/azurefilm.com\/hu\/wp-json\/wp\/v2\/product_tag?post=55859"},{"taxonomy":"brand","embeddable":true,"href":"https:\/\/azurefilm.com\/hu\/wp-json\/wp\/v2\/brand?post=55859"}],"curies":[{"name":"wp","href":"https:\/\/api.w.org\/{rel}","templated":true}]}}