
{"id":55860,"date":"2023-12-08T12:26:15","date_gmt":"2023-12-08T12:26:15","guid":{"rendered":"https:\/\/azurefilm.com\/product\/szal-ujrafelhasznalhato-vakuum-tarolo-kit-10db\/"},"modified":"2023-12-08T12:26:15","modified_gmt":"2023-12-08T12:26:15","slug":"szal-ujrafelhasznalhato-vakuum-tarolo-kit-10db","status":"publish","type":"product","link":"https:\/\/azurefilm.com\/hu\/termek\/szal-ujrafelhasznalhato-vakuum-tarolo-kit-10db\/","title":{"rendered":"Sz\u00e1l \u00fajrafelhaszn\u00e1lhat\u00f3 v\u00e1kuum t\u00e1rol\u00f3 KIT (10db)"},"content":{"rendered":"<p>Sz\u00e1l \u00fajrafelhaszn\u00e1lhat\u00f3 v\u00e1kuum t\u00e1rol\u00f3 KIT (10db)<\/p>\n<h2><strong><span style=\"vertical-align: inherit;\">F\u0151bb jellemz\u0151k:<\/span><\/strong><\/h2>\n<ul>\n<li><strong><span style=\"vertical-align: inherit;\">Sz\u00e1lak \u00e1llapota:<\/span><\/strong>\n<ul>\n<li><span style=\"vertical-align: inherit;\">A kiv\u00e1l\u00f3 min\u0151s\u00e9g\u0171 3D nyomtat\u00e1s kulcsa.<\/span><\/li>\n<li><span style=\"vertical-align: inherit;\">Az izz\u00f3sz\u00e1l biztons\u00e1gos t\u00e1rol\u00e1sa kiv\u00e1l\u00f3 \u00e1llapotban.<\/span><\/li>\n<\/ul>\n<\/li>\n<li><strong><span style=\"vertical-align: inherit;\">Tart\u00f3s v\u00e1kuumv\u00e9delem:<\/span><\/strong>\n<ul>\n<li><span style=\"vertical-align: inherit;\">Tart\u00f3s anyagb\u00f3l k\u00e9sz\u00fclt kompresszi\u00f3s zs\u00e1kok.<\/span><\/li>\n<li><span style=\"vertical-align: inherit;\">Er\u0151teljes v\u00e1kuumz\u00e1r\u00f3 szelep.<\/span><\/li>\n<li><span style=\"vertical-align: inherit;\">Dupla z\u00e1r\u00f3d\u00e1s a teljes hermetiz\u00e1l\u00e1s \u00e9rdek\u00e9ben.<\/span><\/li>\n<\/ul>\n<\/li>\n<li><strong><span style=\"vertical-align: inherit;\">Nedvess\u00e9g elleni v\u00e9delem:<\/span><\/strong>\n<ul>\n<li><span style=\"vertical-align: inherit;\">V\u00e9delmet ny\u00fajt a nedvess\u00e9g ellen, optim\u00e1lisan sz\u00e1razon tartja a sz\u00e1lakat.<\/span><\/li>\n<\/ul>\n<\/li>\n<li><strong><span style=\"vertical-align: inherit;\">Egyszer\u0171 nyomon k\u00f6vet\u00e9s:<\/span><\/strong>\n<ul>\n<li><span style=\"vertical-align: inherit;\">Az \u00e1tl\u00e1tsz\u00f3 v\u00e1kuumzs\u00e1kok lehet\u0151v\u00e9 teszik a vizu\u00e1lis ellen\u0151rz\u00e9st felnyit\u00e1s n\u00e9lk\u00fcl.<\/span><\/li>\n<\/ul>\n<\/li>\n<li><strong><span style=\"vertical-align: inherit;\">\u00c1ll\u00edthat\u00f3 t\u00e1skam\u00e9ret:<\/span><\/strong>\n<ul>\n<li><span style=\"vertical-align: inherit;\">M\u00e9retek: 40 cm x 40 cm.<\/span><\/li>\n<li><span style=\"vertical-align: inherit;\">Alkalmazhat\u00f3 0,5kg\/0,75kg\/1kg 1,75mm\/2,85mm\/3mm-es sz\u00e1lk\u00f6tegekhez.<\/span><\/li>\n<\/ul>\n<\/li>\n<li><strong><span style=\"vertical-align: inherit;\">K\u00f6nnyen haszn\u00e1lhat\u00f3:<\/span><\/strong>\n<ul>\n<li><span style=\"vertical-align: inherit;\">A felhaszn\u00e1l\u00f3bar\u00e1t kialak\u00edt\u00e1snak k\u00f6sz\u00f6nhet\u0151en k\u00f6nnyen haszn\u00e1lhat\u00f3 \u00e9s t\u00e1rolhat\u00f3.<\/span><\/li>\n<\/ul>\n<\/li>\n<li><strong><span style=\"vertical-align: inherit;\">Megb\u00edzhat\u00f3 nyomtat\u00e1sv\u00e9delem:<\/span><\/strong><\/li>\n<li><span style=\"vertical-align: inherit;\">A csomag 10 db v\u00e1kuumzs\u00e1kot + 1 szivatty\u00fat tartalmaz.<\/span><\/li>\n<\/ul>\n<p>&nbsp;<\/p>\n","protected":false},"excerpt":{"rendered":"<p><span style=\"vertical-align: inherit;\">Sz\u00e1lak \u00fajrafelhaszn\u00e1lhat\u00f3 v\u00e1kuumt\u00e1rol\u00f3 KIT (10db): \u0150rizze meg a 3D nyomtat\u00e1si sz\u00e1lak min\u0151s\u00e9g\u00e9t a fejlett v\u00e1kuumt\u00e1rol\u00f3 k\u00e9szlet\u00fcnkkel. Ez az \u00e1tfog\u00f3 megold\u00e1s biztos\u00edtja, hogy sz\u00e1lai optim\u00e1lis \u00e1llapotban maradjanak, megakad\u00e1lyozva a nedvess\u00e9g felsz\u00edv\u00f3d\u00e1s\u00e1t \u00e9s fenntartva a nyomtat\u00e1si teljes\u00edtm\u00e9nyt. <\/span><\/p>\n","protected":false},"featured_media":55862,"comment_status":"closed","ping_status":"closed","template":"","meta":{"_acf_changed":false},"product_brand":[],"product_cat":[2221,2238,2224,2237],"product_tag":[],"brand":[],"class_list":{"0":"post-55860","1":"product","2":"type-product","3":"status-publish","4":"has-post-thumbnail","6":"product_cat-potalkatreszek","7":"product_cat-egyeb-tetelek","8":"product_cat-minden-potalkatresz","9":"product_cat-szerszerek","11":"first","12":"instock","13":"taxable","14":"shipping-taxable","15":"purchasable","16":"product-type-simple"},"acf":[],"_links":{"self":[{"href":"https:\/\/azurefilm.com\/hu\/wp-json\/wp\/v2\/product\/55860","targetHints":{"allow":["GET"]}}],"collection":[{"href":"https:\/\/azurefilm.com\/hu\/wp-json\/wp\/v2\/product"}],"about":[{"href":"https:\/\/azurefilm.com\/hu\/wp-json\/wp\/v2\/types\/product"}],"replies":[{"embeddable":true,"href":"https:\/\/azurefilm.com\/hu\/wp-json\/wp\/v2\/comments?post=55860"}],"wp:featuredmedia":[{"embeddable":true,"href":"https:\/\/azurefilm.com\/hu\/wp-json\/wp\/v2\/media\/55862"}],"wp:attachment":[{"href":"https:\/\/azurefilm.com\/hu\/wp-json\/wp\/v2\/media?parent=55860"}],"wp:term":[{"taxonomy":"product_brand","embeddable":true,"href":"https:\/\/azurefilm.com\/hu\/wp-json\/wp\/v2\/product_brand?post=55860"},{"taxonomy":"product_cat","embeddable":true,"href":"https:\/\/azurefilm.com\/hu\/wp-json\/wp\/v2\/product_cat?post=55860"},{"taxonomy":"product_tag","embeddable":true,"href":"https:\/\/azurefilm.com\/hu\/wp-json\/wp\/v2\/product_tag?post=55860"},{"taxonomy":"brand","embeddable":true,"href":"https:\/\/azurefilm.com\/hu\/wp-json\/wp\/v2\/brand?post=55860"}],"curies":[{"name":"wp","href":"https:\/\/api.w.org\/{rel}","templated":true}]}}