
{"id":55909,"date":"2023-12-13T12:06:06","date_gmt":"2023-12-13T12:06:06","guid":{"rendered":"https:\/\/azurefilm.com\/?post_type=product&#038;p=55909"},"modified":"2025-08-22T11:10:44","modified_gmt":"2025-08-22T11:10:44","slug":"unset-pla-glitter","status":"publish","type":"product","link":"https:\/\/azurefilm.com\/hu\/termek\/unset-pla-glitter\/","title":{"rendered":"Unset PLA Glitter"},"content":{"rendered":"<h2><b>PLA csillog\u00e1s<\/b><\/h2>\n<p><span style=\"font-weight: 400;\">Bemutatjuk PLA Glitter sz\u00e1lainkat. Ez az anyag a mi PLA Original anyagunkb\u00f3l k\u00e9sz\u00fcl, \u00e9s a k\u00f6vetkez\u0151ket tartalmazza <\/span><b>csill\u00e1mpor r\u00e9szecsk\u00e9k<\/b><span style=\"font-weight: 400;\"> a lenyomatok k\u00e1pr\u00e1zatosabb hat\u00e1s\u00e1\u00e9rt. Mivel a PLA Glitter ugyanolyan, mint a norm\u00e1l PLA, ez\u00e9rt a PLA Glitter <\/span><b>biol\u00f3giailag leboml\u00f3<\/b><span style=\"font-weight: 400;\">, nagyon <\/span><b>k\u00f6nnyen feldolgozhat\u00f3<\/b><span style=\"font-weight: 400;\"> \u00e9s ad <\/span><b>konzisztens eredm\u00e9nyt<\/b><span style=\"font-weight: 400;\">. However, there is one thing to be careful about when printing with PLA Glitter filaments. The glitter particles are slightly abrasive so <\/span><b>0,6 mm-es kop\u00e1s\u00e1ll\u00f3 f\u00fav\u00f3ka haszn\u00e1lat\u00e1t javasoljuk<\/b><span style=\"font-weight: 400;\">. <\/span><\/p>\n<h2><strong>Unset PLA Glitter<\/strong><\/h2>\n<p><span style=\"font-weight: 400;\">Az Unset sz\u00e1lak az \u00d6n <\/span><b>\u00f6ko-v\u00e1laszt\u00e1s<\/b><span style=\"font-weight: 400;\"> a k\u00f6vetkez\u0151 projektekhez. Ezek a sz\u00e1lak a gy\u00e1rt\u00e1si folyamataink sor\u00e1n keletkez\u0151 felesleges anyagokb\u00f3l k\u00e9sz\u00fclnek. Ez azt jelenti, hogy az Unset sz\u00e1lak a k\u00f6vetkez\u0151kb\u0151l k\u00e9sz\u00fclnek <\/span> <b> 100%-ban \u00fajrahasznos\u00edtott anyagok<\/b><span style=\"font-weight: 400;\"> \u00e9s <\/span><b>seg\u00edt cs\u00f6kkenteni a hullad\u00e9k mennyis\u00e9g\u00e9t<\/b><span style=\"font-weight: 400;\">. The colour of these filaments changes with every order because of the different combinations of recycled material colours. <\/span><\/p>\n<p><span style=\"font-weight: 400;\">Ha t\u00f6bbet szeretne megtudni a PLA sz\u00e1lakr\u00f3l, olvassa el <a href=\"https:\/\/azurefilm.com\/hu\/2023\/07\/04\/pla-szalak-minden-amit-tudnia-kell\/\" target=\"_blank\" rel=\"noopener\">blogunkat<\/a>. <\/span><\/p>\n<p><span style=\"font-weight: 400;\">Hozz\u00e1f\u00e9rhet a <\/span><b>M\u0171szaki adatlap<\/b><span style=\"font-weight: 400;\"><a href=\"https:\/\/azurefilm.com\/hu\/technical-data-sheets\/\" target=\"_blank\" rel=\"noopener\"> itt<\/a>.<\/span><\/p>\n<h3><strong>Nyomtat\u00e1si aj\u00e1nl\u00e1sok:<\/strong><\/h3>\n<ul>\n<li style=\"font-weight: 400;\" aria-level=\"1\"><span style=\"font-weight: 400;\">P<\/span><span style=\"font-weight: 400;\">a legjobb eredm\u00e9ny \u00e9rdek\u00e9ben 200-230\u00b0C h\u0151m\u00e9rs\u00e9kleten kell s\u00fctni. <\/span><\/li>\n<li style=\"font-weight: 400;\" aria-level=\"1\"><span style=\"font-weight: 400;\">Nincs sz\u00fcks\u00e9g f\u0171t\u00f6tt \u00e1gyra, azonban javasoljuk, hogy a nyomtat\u00f3asztalt 50-60\u00b0C-ra meleg\u00edtse el\u0151. <\/span><\/li>\n<li style=\"font-weight: 400;\" aria-level=\"1\"><span style=\"font-weight: 400;\">Haszn\u00e1ljon \u00fcveg\u00e1gyat, PEI lapot, Kapton vagy k\u00e9k szalagot az \u00e9p\u00edt\u00e9si platformhoz 3Dlac spray-vel.<\/span><\/li>\n<li style=\"font-weight: 400;\" aria-level=\"1\"><span style=\"font-weight: 400;\">Az elt\u00f6m\u0151d\u00e9s elker\u00fcl\u00e9se \u00e9rdek\u00e9ben legal\u00e1bb 0,6 mm-es f\u00fav\u00f3k\u00e1t javasolunk haszn\u00e1lni.<\/span><i><span style=\"font-weight: 400;\">.<\/span><\/i><\/li>\n<\/ul>\n<p><i><span style=\"font-weight: 400;\">*A k\u00fcl\u00f6nb\u00f6z\u0151 nyomtat\u00f3k haszn\u00e1lata eset\u00e9n az ide\u00e1lis h\u0151m\u00e9rs\u00e9klet elt\u00e9r\u0151 lehet.<\/span><\/i><\/p>\n","protected":false},"excerpt":{"rendered":"<p>Pr\u00f3b\u00e1lja ki az Unset PLA Glittert, \u00e9s kezdjen el k\u00f6rnyezetbar\u00e1t, k\u00e1pr\u00e1zatosan csillog\u00f3 kivitel\u0171 formaterveket k\u00e9sz\u00edteni.<\/p>\n","protected":false},"featured_media":114561,"comment_status":"closed","ping_status":"closed","template":"","meta":{"_acf_changed":false},"product_brand":[],"product_cat":[1686,1679,1688,2260,1687,2259],"product_tag":[],"brand":[],"class_list":{"0":"post-55909","1":"product","2":"type-product","3":"status-publish","4":"has-post-thumbnail","6":"product_cat-3d-filmek","7":"product_cat-elado","8":"product_cat-minden-film","9":"product_cat-pla-csillogas","10":"product_cat-pla-szalak","11":"product_cat-unset-szalak","12":"pa_colour-random","13":"pa_filament-diameter-1-75mm","14":"pa_filament-weight-1000g","16":"first","17":"instock","18":"sale","19":"taxable","20":"shipping-taxable","21":"purchasable","22":"product-type-variable","23":"has-default-attributes"},"acf":[],"_links":{"self":[{"href":"https:\/\/azurefilm.com\/hu\/wp-json\/wp\/v2\/product\/55909","targetHints":{"allow":["GET"]}}],"collection":[{"href":"https:\/\/azurefilm.com\/hu\/wp-json\/wp\/v2\/product"}],"about":[{"href":"https:\/\/azurefilm.com\/hu\/wp-json\/wp\/v2\/types\/product"}],"replies":[{"embeddable":true,"href":"https:\/\/azurefilm.com\/hu\/wp-json\/wp\/v2\/comments?post=55909"}],"wp:featuredmedia":[{"embeddable":true,"href":"https:\/\/azurefilm.com\/hu\/wp-json\/wp\/v2\/media\/114561"}],"wp:attachment":[{"href":"https:\/\/azurefilm.com\/hu\/wp-json\/wp\/v2\/media?parent=55909"}],"wp:term":[{"taxonomy":"product_brand","embeddable":true,"href":"https:\/\/azurefilm.com\/hu\/wp-json\/wp\/v2\/product_brand?post=55909"},{"taxonomy":"product_cat","embeddable":true,"href":"https:\/\/azurefilm.com\/hu\/wp-json\/wp\/v2\/product_cat?post=55909"},{"taxonomy":"product_tag","embeddable":true,"href":"https:\/\/azurefilm.com\/hu\/wp-json\/wp\/v2\/product_tag?post=55909"},{"taxonomy":"brand","embeddable":true,"href":"https:\/\/azurefilm.com\/hu\/wp-json\/wp\/v2\/brand?post=55909"}],"curies":[{"name":"wp","href":"https:\/\/api.w.org\/{rel}","templated":true}]}}