
{"id":55910,"date":"2024-02-29T07:53:01","date_gmt":"2024-02-29T07:53:01","guid":{"rendered":"https:\/\/azurefilm.com\/product\/creality-k1c\/"},"modified":"2024-02-29T07:53:01","modified_gmt":"2024-02-29T07:53:01","slug":"creality-k1c","status":"publish","type":"product","link":"https:\/\/azurefilm.com\/hu\/termek\/creality-k1c\/","title":{"rendered":"Creality K1C"},"content":{"rendered":"<p><span style=\"font-weight: 400;\">A<\/span><b> Creality K1C<\/b><span style=\"font-weight: 400;\">  egy kiv\u00e9teles, nagy sebess\u00e9g\u0171 3D nyomtat\u00f3, amelyet prec\u00edzi\u00f3s nyomtat\u00e1sra terveztek, m\u00e9g sz\u00e9nsz\u00e1l-er\u0151s\u00edt\u00e9s\u0171 anyagokkal is, kifinomults\u00e1got \u00e9s tart\u00f3ss\u00e1got mutatva. A 220x220x250 mm-es nyomtat\u00e1si t\u00e9rfogattal \u00e9s 600 mm\/s maxim\u00e1lis sebess\u00e9ggel \u00fajradefini\u00e1lja a 3D nyomtat\u00e1s \u00e9lm\u00e9ny\u00e9t. <\/span><\/p>\n<h2><strong>Elegancia robusztus konstrukci\u00f3val kombin\u00e1lva<\/strong><\/h2>\n<p><span style=\"font-weight: 400;\">A nyomtat\u00f3 robusztus, \u00f6nt\u00f6tt alum\u00ednium\u00f6tv\u00f6zetb\u0151l k\u00e9sz\u00fclt egytest\u0171 v\u00e1zzal rendelkezik, amely \u00e1tl\u00e1tsz\u00f3 \u00fcvegoldalakkal \u00e9s akrilfed\u00e9llel rendelkezik. \u00cdgy a nyomtat\u00f3kamr\u00e1ba \u00e1lland\u00f3 r\u00e1l\u00e1t\u00e1sa van. <\/span><\/p>\n<h2><strong>Teljesen f\u00e9m extruder a biztons\u00e1gos sz\u00e1lmegfog\u00e1s\u00e9rt<\/strong><\/h2>\n<p><span style=\"font-weight: 400;\">A K1C egy teljesen f\u00e9m extruder rendszert alkalmaz, amelyet \u00fagy terveztek, hogy megakad\u00e1lyozza az elt\u00f6m\u0151d\u00e9st, \u00e9s amely egy t\u00e1maszt\u00f3 rug\u00f3val \u00e9s egy goly\u00f3s dugatty\u00faval van felszerelve, amely biztos\u00edtja a sz\u00e1l biztons\u00e1gos r\u00f6gz\u00edt\u00e9s\u00e9t.<\/span><\/p>\n<h2><strong>Ultragyors \u00e9s agilis nyomtat\u00e1s<\/strong><\/h2>\n<p><span style=\"font-weight: 400;\">A k\u00f6nny\u0171 \u00e9s dinamikus CoreXY szerkezetet haszn\u00e1lva a K1C fenntartja az ultra-nagy sebess\u00e9get, mik\u00f6zben kiv\u00e9teles nyomtat\u00e1si min\u0151s\u00e9get biztos\u00edt. Maxim\u00e1lis sebess\u00e9ge 600 mm\/s, standard sebess\u00e9ge 300 mm\/s, maxim\u00e1lis gyorsul\u00e1sa pedig 20 000 mm\/s\u00b2. <\/span><\/p>\n<h2><strong>Gyorsan cser\u00e9lhet\u0151 h\u00e1romf\u00e9m &#8220;egyszarv\u00fa&#8221; f\u00fav\u00f3ka<\/strong><\/h2>\n<p><span style=\"font-weight: 400;\">A Creality K1C egy gyorsan cser\u00e9lhet\u0151, h\u00e1romf\u00e9m &#8220;egyszarv\u00fa&#8221; f\u00fav\u00f3k\u00e1t k\u00edn\u00e1l tit\u00e1n\u00f6tv\u00f6zetb\u0151l k\u00e9sz\u00fclt h\u0151t\u00f6r\u0151vel, amely n\u00f6veli a sokoldal\u00fas\u00e1got. Ez a f\u00fav\u00f3ka k\u00f6nnyen cser\u00e9lhet\u0151, azonban kezel\u00e9s el\u0151tt hagyni kell kih\u0171lni.   <\/span><\/p>\n<h2><strong>H\u00e1romszoros h\u0171t\u00e9s<\/strong><\/h2>\n<p><span style=\"font-weight: 400;\">A K1C h\u00e1romszoros h\u0171t\u0151rendszert tartalmaz, amely egy <\/span>meleg\u00edt\u0151 ventil\u00e1torb\u00f3l <span style=\"font-weight: 400;\">\u00e1ll <\/span>a h\u0151 k\u00fasz\u00e1s minimaliz\u00e1l\u00e1sa \u00e9rdek\u00e9ben, egy alkatr\u00e9szh\u0171t\u0151 ventil\u00e1torb\u00f3l az azonnali kem\u00e9nyed\u00e9shez, valamint egy tov\u00e1bbi kamraoldali ventil\u00e1torb\u00f3l.<span style=\"font-weight: 400;\">  a nyomtat\u00e1si min\u0151s\u00e9g \u00e1ltal\u00e1nos jav\u00edt\u00e1sa \u00e9rdek\u00e9ben.  <\/span><\/p>\n<h2><strong>Sz\u00e9nsz\u00e1las nyomtat\u00e1s egyszer\u0171en<\/strong><\/h2>\n<p><span style=\"font-weight: 400;\">A K1C k\u00f6nnyed\u00e9n feldolgozza a sz\u00e9nsz\u00e1las sz\u00e1lakat, k\u00f6sz\u00f6nhet\u0151en az edzett ac\u00e9l f\u00fav\u00f3kacs\u00faccsal ell\u00e1tott 300\u00b0C-os forraszt\u00f3fejnek, a rugalmas PEI \u00e9p\u00edt\u0151lemeznek \u00e9s a z\u00e1rt kamra kialak\u00edt\u00e1s\u00e1nak, amely egyenletesen magas h\u0151m\u00e9rs\u00e9klet\u0171 k\u00f6rnyezetet biztos\u00edt.<\/span><\/p>\n<h2><strong>Sokoldal\u00fas\u00e1g<\/strong><\/h2>\n<p><span style=\"font-weight: 400;\">A K1C k\u00fcl\u00f6nb\u00f6z\u0151 anyagokkal kompatibilis, \u00edgy sz\u00e1mos alkalmaz\u00e1shoz alkalmas, bele\u00e9rtve a PLA, ASA, ABS vagy TPU anyagokat is. Emellett olyan sz\u00e9nsz\u00e1lakkal \u00e1tsz\u0151tt sz\u00e1lakat is haszn\u00e1lhat, mint a PLA-CF vagy a PET-CF a mechanikailag robusztus, kop\u00e1snak, deform\u00e1ci\u00f3nak \u00e9s \u00f6reged\u00e9snek ellen\u00e1ll\u00f3 alkatr\u00e9szekhez. <\/span><\/p>\n<h2><strong>Fokozott fel\u00fcgyelet<\/strong><\/h2>\n<p><span style=\"font-weight: 400;\">A be\u00e9p\u00edtett AI kamera fel\u00fcgyeli a nyomtat\u00e1si folyamatot, \u00e9s hiba eset\u00e9n figyelmeztet\u00e9st ad. A funkci\u00f3i k\u00f6z\u00e9 tartozik a spagetti\u00e9rz\u00e9kel\u00e9s, az idegen testek felismer\u00e9se, az id\u0151z\u00edtett felv\u00e9tel \u00e9s a vide\u00f3fel\u00fcgyelet. <\/span><\/p>\n<h2><strong>Ny\u00edlt forr\u00e1s<\/strong><\/h2>\n<p><span style=\"font-weight: 400;\">A nyomtat\u00f3 ny\u00edlt forr\u00e1sk\u00f3d\u00fa platformon m\u0171k\u00f6dik, a Creality OS, a Creality Print \u00e9s a Creality Cloud funkci\u00f3kkal a maxim\u00e1lis rugalmass\u00e1g \u00e9rdek\u00e9ben.<\/span><\/p>\n<p><span style=\"font-weight: 400;\">A Klipperre \u00e9p\u00fcl\u0151 Creality OS olyan fejlett funkci\u00f3kat k\u00edn\u00e1l, mint a Linear Advance \u00e9s a Input Shaping. A Creality Print mag\u00e1ban foglalja az intelligens h\u0171t\u00e9st, az optim\u00e1lis visszah\u00faz\u00e1st, a v\u00e9kony t\u00e1maszt\u00e9kokat \u00e9s a 3D nyomtat\u00f3 farmmenedzsmentet, ami n\u00f6veli a felhaszn\u00e1l\u00f3bar\u00e1t m\u0171k\u00f6d\u00e9st. A Creality Cloud tov\u00e1bb\u00e1 egy minden egyben 3D nyomtat\u00e1si platformk\u00e9nt szolg\u00e1l a rajong\u00f3k k\u00f6z\u00f6tti interakci\u00f3hoz \u00e9s megoszt\u00e1shoz.  <\/span><\/p>\n<h2><strong>Egy\u00e9b kieg\u00e9sz\u00edt\u0151 funkci\u00f3k<\/strong><\/h2>\n<p><span style=\"font-weight: 400;\">A Creality K1C egy\u00e9b kieg\u00e9sz\u00edt\u0151 funkci\u00f3i k\u00f6z\u00e9 tartozik a &#8220;Plug and play&#8221; a gyors be\u00e1ll\u00edt\u00e1shoz sz\u00fcks\u00e9ges ind\u00edt\u00e1si utas\u00edt\u00e1sokkal (3 perc a kicsomagol\u00e1st\u00f3l a bekapcsol\u00e1sig), a nagym\u00e9rt\u00e9kben automatiz\u00e1lt \u00e9s felhaszn\u00e1l\u00f3bar\u00e1t rendszer, az automatikus kalibr\u00e1ci\u00f3 egy \u00e9rint\u00e9ssel, bele\u00e9rtve az automatikus Z eltol\u00e1s, az automatikus szintez\u00e9s \u00e9s az automatikus bemeneti alak\u00edt\u00e1si teszt, a sz\u00e9nsz\u0171r\u0151 a vegy\u00fcletek \u00e9s r\u00e9szecsk\u00e9k tiszt\u00edt\u00e1s\u00e1ra az olvadt sz\u00e1lakb\u00f3l, a csendes m\u0171k\u00f6d\u00e9s lehet\u0151s\u00e9ge \u226445 dB zajszinttel, r\u00e9szleges meghib\u00e1sod\u00e1si t\u00e9tel funkci\u00f3, az el\u0151re beszerelt csillap\u00edt\u00f3 p\u00e1rn\u00e1k, amelyek cs\u00f6kkentik a rezg\u00e9st, szilikonos facsar\u00f3 a f\u00fav\u00f3kahegy karbantart\u00e1s\u00e1hoz, szilikonos t\u00f6r\u00e9sg\u00e1tl\u00f3 f\u00f3lia az \u00fcvegen, meger\u0151s\u00edtett k\u00e1bell\u00e1nc, megb\u00edzhat\u00f3 csillap\u00edt\u00f3 zsan\u00e9r az ajt\u00f3 ellen\u0151rz\u00f6tt mozg\u00e1s\u00e1hoz, oldals\u00f3 ors\u00f3tart\u00f3 \u00e9s 4 db.3 h\u00fcvelykes sz\u00ednes \u00e9rint\u0151k\u00e9perny\u0151.<\/span><\/p>\n","protected":false},"excerpt":{"rendered":"<p><span style=\"font-weight: 400;\">Ismerje meg a Creality K1C-t &#8211; egy szuper er\u0151s \u00e9s gyors 3D nyomtat\u00f3t, amely t\u00f6k\u00e9letes sz\u00e9nsz\u00e1las anyagok nyomtat\u00e1s\u00e1hoz \u00e9s m\u00e1s \u00f6sszetett alkalmaz\u00e1sokhoz.  <\/span><\/p>\n","protected":false},"featured_media":55914,"comment_status":"closed","ping_status":"closed","template":"","meta":{"_acf_changed":false},"product_brand":[],"product_cat":[1677,2251,1679,1678,1680],"product_tag":[],"brand":[],"class_list":{"0":"post-55910","1":"product","2":"type-product","3":"status-publish","4":"has-post-thumbnail","6":"product_cat-3d-nyomtato","7":"product_cat-creality-hu","8":"product_cat-elado","9":"product_cat-fdm-nyomtato","10":"product_cat-minden-3d-nyomtato","12":"first","13":"outofstock","14":"sale","15":"taxable","16":"shipping-taxable","17":"purchasable","18":"product-type-simple"},"acf":[],"_links":{"self":[{"href":"https:\/\/azurefilm.com\/hu\/wp-json\/wp\/v2\/product\/55910","targetHints":{"allow":["GET"]}}],"collection":[{"href":"https:\/\/azurefilm.com\/hu\/wp-json\/wp\/v2\/product"}],"about":[{"href":"https:\/\/azurefilm.com\/hu\/wp-json\/wp\/v2\/types\/product"}],"replies":[{"embeddable":true,"href":"https:\/\/azurefilm.com\/hu\/wp-json\/wp\/v2\/comments?post=55910"}],"wp:featuredmedia":[{"embeddable":true,"href":"https:\/\/azurefilm.com\/hu\/wp-json\/wp\/v2\/media\/55914"}],"wp:attachment":[{"href":"https:\/\/azurefilm.com\/hu\/wp-json\/wp\/v2\/media?parent=55910"}],"wp:term":[{"taxonomy":"product_brand","embeddable":true,"href":"https:\/\/azurefilm.com\/hu\/wp-json\/wp\/v2\/product_brand?post=55910"},{"taxonomy":"product_cat","embeddable":true,"href":"https:\/\/azurefilm.com\/hu\/wp-json\/wp\/v2\/product_cat?post=55910"},{"taxonomy":"product_tag","embeddable":true,"href":"https:\/\/azurefilm.com\/hu\/wp-json\/wp\/v2\/product_tag?post=55910"},{"taxonomy":"brand","embeddable":true,"href":"https:\/\/azurefilm.com\/hu\/wp-json\/wp\/v2\/brand?post=55910"}],"curies":[{"name":"wp","href":"https:\/\/api.w.org\/{rel}","templated":true}]}}