
{"id":55917,"date":"2023-12-18T10:41:47","date_gmt":"2023-12-18T10:41:47","guid":{"rendered":"https:\/\/azurefilm.com\/product\/3dmakerpro-mole-3d-szkenner-luxus\/"},"modified":"2025-04-11T08:34:58","modified_gmt":"2025-04-11T08:34:58","slug":"3dmakerpro-mole-3d-szkenner-luxus","status":"publish","type":"product","link":"https:\/\/azurefilm.com\/hu\/termek\/3dmakerpro-mole-3d-szkenner-luxus\/","title":{"rendered":"3DMakerpro Mole 3D szkenner luxus"},"content":{"rendered":"<p><iframe loading=\"lazy\" title=\"YouTube vide\u00f3 lej\u00e1tsz\u00f3\" src=\"https:\/\/www.youtube.com\/embed\/JNWk_29Z5VQ?si=14gcgZGodoY8RbBa\" width=\"560\" height=\"315\" frameborder=\"0\" allowfullscreen=\"allowfullscreen\"><\/iframe><\/p>\n<h2>Biztons\u00e1gos \u00e9s pontos arcszkennel\u00e9s<\/h2>\n<p>A 3DMakerpro Mole 3D Scanner \u00e1rtalmatlan, k\u00f6zeli infrav\u00f6r\u00f6s (NIR) f\u00e9nyforr\u00e1st haszn\u00e1l az arc szkennel\u00e9s\u00e9hez, \u00edgy biztos\u00edtva a biztons\u00e1gos \u00e9s k\u00e9nyelmes szkennel\u00e9si \u00e9lm\u00e9nyt. A nagy pontoss\u00e1g\u00fa lencs\u00e9kkel a Mole pontosan visszaadja az arc kont\u00farjait \u00e9s text\u00far\u00e1it, \u00edgy val\u00f3s\u00e1gh\u0171 3D modelleket k\u00e9sz\u00edthet k\u00fcl\u00f6nb\u00f6z\u0151 alkalmaz\u00e1sokhoz. <\/p>\n<h2>Minden r\u00e9szlet meg\u00f6r\u00f6k\u00edt\u00e9se<\/h2>\n<p>A Mole 0,05 mm-es pontoss\u00e1ga \u00e9s 0,1 mm-es pontt\u00e1vols\u00e1ga \u00faj m\u00e9rc\u00e9t \u00e1ll\u00edt fel a k\u00e9zi 3D szkennerek k\u00f6z\u00f6tt. P\u00e1ratlan pontoss\u00e1ggal r\u00f6gz\u00edtheti a bonyolult r\u00e9szleteket, \u00e9les \u00e9leket \u00e9s finom text\u00far\u00e1kat. <\/p>\n<h2>A sz\u00ednek \u00e9s a text\u00far\u00e1k \u00e1tv\u00e9tele<\/h2>\n<p>Az Ultra-Clear Texture Mode pontosan reproduk\u00e1lja a t\u00e1rgyak sz\u00edn\u00e9t \u00e9s text\u00far\u00e1j\u00e1t, megragadva a t\u00e1rgyak anyag\u00e1nak \u00e9s fel\u00fclet\u00e9nek r\u00e9szleteit.<\/p>\n<h2>H\u00f3d\u00edtson meg a fekete t\u00e1rgyak kih\u00edv\u00e1s\u00e1nak<\/h2>\n<p>A 3DMakerpro Mole 3D szkenner NIR technol\u00f3gi\u00e1val rendelkezik, amely hat\u00e9konyan szkenneli a fekete t\u00e1rgyakat, \u00edgy lek\u00fczdve a hagyom\u00e1nyos 3D szkennel\u00e9si m\u00f3dszerek korl\u00e1tait. R\u00f6gz\u00edtse a s\u00f6t\u00e9t fel\u00fcletek bonyolult r\u00e9szleteit an\u00e9lk\u00fcl, hogy a pontoss\u00e1g vagy a tisztas\u00e1g cs\u00f6kkenne. <\/p>\n<h2>\u00c9lvezze a kiv\u00e9teles szkennel\u00e9si sikert<\/h2>\n<p>Fejlett optikai r\u00e1zk\u00f3d\u00e1sg\u00e1tl\u00f3 moduljai \u00e9s vizu\u00e1lis k\u00f6vet\u00e9si algoritmusai biztos\u00edtj\u00e1k, hogy minden egyes szkennel\u00e9ssel teljes \u00e9s pontos 3D modellt kapjon. Kik\u00fcsz\u00f6b\u00f6lheti a torz vagy hi\u00e1nyos szkennel\u00e9sek kock\u00e1zat\u00e1t, \u00e9s magabiztosan r\u00f6gz\u00edtheti objektumait. <\/p>\n<h2>Vizu\u00e1lis k\u00f6vet\u00e9s<\/h2>\n<p>A vizu\u00e1lis nyomk\u00f6vet\u0151 technol\u00f3gia \u00e9s az AI algoritmus lehet\u0151v\u00e9 teszi a jel\u00f6l\u00e9s n\u00e9lk\u00fcli szkennel\u00e9st, \u00edgy id\u0151t \u00e9s energi\u00e1t takar\u00edt meg. Z\u00f6kken\u0151mentesen szkennelheti a t\u00e1rgyak sz\u00e9les k\u00f6r\u00e9t neh\u00e9zkes jel\u00f6l\u0151k vagy bonyolult be\u00e1ll\u00edt\u00e1sok n\u00e9lk\u00fcl. <\/p>\n<h2>Optikai r\u00e1zk\u00f3d\u00e1sg\u00e1tl\u00f3<\/h2>\n<p>Az optikai r\u00e1zk\u00f3d\u00e1sg\u00e1tl\u00f3 modulokkal felszerelt szkenner z\u00f6kken\u0151mentes \u00e9s stabil szkennel\u00e9st biztos\u00edt, m\u00e9g k\u00e9zi \u00fczemm\u00f3dban is. R\u00f6gz\u00edtsen \u00e9les 3D modelleket minim\u00e1lis torz\u00edt\u00e1ssal, f\u00fcggetlen\u00fcl a szkennel\u00e9si k\u00f6rnyezett\u0151l. <\/p>\n<h2>Ergonomikus kialak\u00edt\u00e1s a k\u00f6nnyed szkennel\u00e9shez<\/h2>\n<p>A 3DMakerpro Mole 3D szkenner kompakt \u00e9s ergonomikus kialak\u00edt\u00e1s\u00e1nak k\u00f6sz\u00f6nhet\u0151en a szkennel\u00e9s k\u00f6nnyed\u00e9n megy, ak\u00e1r k\u00e9zi, ak\u00e1r forg\u00f3asztalos \u00fczemm\u00f3dban haszn\u00e1lja. Csendes bels\u0151 h\u0171t\u0151ventil\u00e1tora optim\u00e1lis teljes\u00edtm\u00e9nyt biztos\u00edt m\u00e9g hosszabb szkennel\u00e9si munkamenetek sor\u00e1n is. <\/p>\n<h2>Er\u0151teljes grafikus chip<\/h2>\n<p>A 3DMakerpro Connect k\u00e9pfeldolgoz\u00f3 chip kiv\u00e1l\u00f3 min\u0151s\u00e9g\u0171 szkennel\u00e9st biztos\u00edt m\u00e9g k\u00fclt\u00e9ri haszn\u00e1lat eset\u00e9n is. Pontos \u00e9s r\u00e9szletes 3D modelleket k\u00e9sz\u00edthet b\u00e1rmilyen f\u00e9nyviszonyok k\u00f6z\u00f6tt. <\/p>\n<h2>Luxus csomag<\/h2>\n<p>A 3DMakerpro Mole 3D Scanner Luxury csomag tartalmazza a Mole 3D szkennert, a t\u00e1pk\u00e1belt, az adatk\u00e1belt, az \u00e1llv\u00e1nyt, a forgathat\u00f3 k\u00e9szletet \u00e9s a sz\u00ednes k\u00e9szletet.<\/p>\n","protected":false},"excerpt":{"rendered":"<p><span style=\"font-weight: 400;\">A 3DMakerpro Mole 3D Scanner Luxury egy k\u00e9zi 3D szkenner, amely kiv\u00e9teles pontoss\u00e1got \u00e9s hordozhat\u00f3s\u00e1got biztos\u00edt.  <\/span><\/p>\n","protected":false},"featured_media":55919,"comment_status":"closed","ping_status":"closed","template":"","meta":{"_acf_changed":false},"product_brand":[],"product_cat":[1677,2262,1679,1680],"product_tag":[],"brand":[],"class_list":{"0":"post-55917","1":"product","2":"type-product","3":"status-publish","4":"has-post-thumbnail","6":"product_cat-3d-nyomtato","7":"product_cat-3d-szkenner","8":"product_cat-elado","9":"product_cat-minden-3d-nyomtato","11":"first","12":"outofstock","13":"sale","14":"taxable","15":"shipping-taxable","16":"purchasable","17":"product-type-simple"},"acf":[],"_links":{"self":[{"href":"https:\/\/azurefilm.com\/hu\/wp-json\/wp\/v2\/product\/55917","targetHints":{"allow":["GET"]}}],"collection":[{"href":"https:\/\/azurefilm.com\/hu\/wp-json\/wp\/v2\/product"}],"about":[{"href":"https:\/\/azurefilm.com\/hu\/wp-json\/wp\/v2\/types\/product"}],"replies":[{"embeddable":true,"href":"https:\/\/azurefilm.com\/hu\/wp-json\/wp\/v2\/comments?post=55917"}],"wp:featuredmedia":[{"embeddable":true,"href":"https:\/\/azurefilm.com\/hu\/wp-json\/wp\/v2\/media\/55919"}],"wp:attachment":[{"href":"https:\/\/azurefilm.com\/hu\/wp-json\/wp\/v2\/media?parent=55917"}],"wp:term":[{"taxonomy":"product_brand","embeddable":true,"href":"https:\/\/azurefilm.com\/hu\/wp-json\/wp\/v2\/product_brand?post=55917"},{"taxonomy":"product_cat","embeddable":true,"href":"https:\/\/azurefilm.com\/hu\/wp-json\/wp\/v2\/product_cat?post=55917"},{"taxonomy":"product_tag","embeddable":true,"href":"https:\/\/azurefilm.com\/hu\/wp-json\/wp\/v2\/product_tag?post=55917"},{"taxonomy":"brand","embeddable":true,"href":"https:\/\/azurefilm.com\/hu\/wp-json\/wp\/v2\/brand?post=55917"}],"curies":[{"name":"wp","href":"https:\/\/api.w.org\/{rel}","templated":true}]}}