
{"id":55929,"date":"2023-12-18T10:42:28","date_gmt":"2023-12-18T10:42:28","guid":{"rendered":"https:\/\/azurefilm.com\/product\/3dmakerpro-seal-3d-szkenner\/"},"modified":"2023-12-18T10:42:28","modified_gmt":"2023-12-18T10:42:28","slug":"3dmakerpro-seal-3d-szkenner","status":"publish","type":"product","link":"https:\/\/azurefilm.com\/hu\/termek\/3dmakerpro-seal-3d-szkenner\/","title":{"rendered":"3DMakerpro Seal 3D szkenner"},"content":{"rendered":"<p><iframe loading=\"lazy\" title=\"YouTube vide\u00f3 lej\u00e1tsz\u00f3\" src=\"https:\/\/www.youtube.com\/embed\/tLjbrbJaZ80?si=KJpFtL-cLH8uvscQ\" width=\"560\" height=\"315\" frameborder=\"0\" allowfullscreen=\"allowfullscreen\"><\/iframe><\/p>\n<h2>P\u00e1ratlan pontoss\u00e1g: Minden r\u00e9szlet r\u00f6gz\u00edt\u00e9se<\/h2>\n<p>A 3DMakerpro Seal 3D szkenner k\u00e9k f\u00e9nyk\u00f3dol\u00e1s\u00fa struktur\u00e1lt f\u00e9nytechnol\u00f3gi\u00e1ja r\u00f6videbb hull\u00e1mhossz\u00fa (400-500 nano), kifinomult struktur\u00e1lt f\u00e9nyt vet\u00edt ki, \u00e9s ezzel elk\u00e9peszt\u0151 0,01 mm-es pontoss\u00e1got \u00e9r el. Ez a fejlett technol\u00f3gia fel\u00fclm\u00falja a hagyom\u00e1nyos szkennereket, m\u00e9g a legapr\u00f3bb horpad\u00e1sokat, text\u00far\u00e1kat \u00e9s \u00e9leket is figyelemre m\u00e9lt\u00f3 pontoss\u00e1ggal r\u00f6gz\u00edti. <\/p>\n<h2>Kiv\u00e9teles r\u00e9szletess\u00e9g<\/h2>\n<p>Tapasztalja meg a Seal \u00e1ltal ny\u00fajtott r\u00e9szletess\u00e9get a 0,05 mm-es minim\u00e1lis pontt\u00e1vols\u00e1ggal, amely biztos\u00edtja, hogy egyetlen bonyolult r\u00e9szlet sem marad \u00e9szrev\u00e9tlen. \u00d6r\u00f6k\u00edtse meg t\u00e1rgyai l\u00e9nyeg\u00e9t 16 777 216 sz\u00ednnel, \u00e9leth\u0171 text\u00far\u00e1kkal \u00e9s \u00e9l\u00e9nk \u00e1rnyalatokkal. <\/p>\n<h2>Sima p\u00e1szt\u00e1z\u00e1s<\/h2>\n<p>A szkenner fejlett optikai rendszerrel \u00e9s a JMStudio algoritmusokkal egy\u00fcttm\u0171k\u00f6dve z\u00f6kken\u0151mentes \u00e9s z\u00f6kken\u0151mentes szkennel\u00e9si \u00e9lm\u00e9nyt ny\u00fajt. Az optikai stabiliz\u00e1l\u00e1s kisz\u0171ri a nem k\u00edv\u00e1nt remeg\u00e9st, \u00edgy biztos\u00edtva a konzisztens \u00e9s pontos beolvas\u00e1st. <\/p>\n<h2>Vill\u00e1mgyors sebess\u00e9g<\/h2>\n<p>Gy\u0171jts\u00f6n 100 000 pontot m\u00e1sodpercenk\u00e9nt gyors szkennel\u00e9si sebess\u00e9ggel, \u00edgy k\u00f6nnyed\u00e9n r\u00f6gz\u00edthet dinamikus t\u00e1rgyakat \u00e9s testr\u00e9szeket.<\/p>\n<h2>Ragyog\u00f3 a s\u00f6t\u00e9tben<\/h2>\n<p>Alkalmazkodjon b\u00e1rmilyen f\u00e9nyviszonyhoz a 3DMakerpro Seal 3D szkenner 9 fokozat\u00fa f\u00e9nybe\u00e1ll\u00edt\u00e1s\u00e1val, \u00edgy a t\u00e1rgyak, anyagok \u00e9s fel\u00fcletek sz\u00e9les sk\u00e1l\u00e1j\u00e1t szkennelheti a min\u0151s\u00e9g roml\u00e1sa n\u00e9lk\u00fcl.<\/p>\n<h2>K\u00f6nny\u0171 \u00e9s csendes<\/h2>\n<p>Tapasztalja meg a mind\u00f6ssze 254 g s\u00faly\u00fa, k\u00f6nny\u0171 \u00e9s hordozhat\u00f3 kialak\u00edt\u00e1s k\u00e9nyelm\u00e9t. \u00c9lvezze a z\u00f6kken\u0151mentes \u00e9s csendes szkennel\u00e9st a kiv\u00e1l\u00f3 h\u0151elvezet\u00e9snek \u00e9s a ventil\u00e1tor zaja n\u00e9lk\u00fcl, \u00edgy ide\u00e1lis az \u00fatk\u00f6zbeni szkennel\u00e9shez. <\/p>\n<h2>K\u00f6nny\u0171 beolvas\u00e1sra tervezve<\/h2>\n<p>Szkenneljen k\u00f6nnyed\u00e9n az intuit\u00edv \u00e9s felhaszn\u00e1l\u00f3bar\u00e1t szoftver, a JMStudio seg\u00edts\u00e9g\u00e9vel. Az \u00e9vek \u00f3ta tart\u00f3 folyamatos fejleszt\u00e9s eredm\u00e9nyek\u00e9nt tov\u00e1bbfejlesztett szkennel\u00e9si \u00e9s szerkeszt\u00e9si k\u00e9pess\u00e9gek, amelyek a kezd\u0151k \u00e9s a tapasztalt felhaszn\u00e1l\u00f3k sz\u00e1m\u00e1ra egyar\u00e1nt el\u00e9rhet\u0151v\u00e9 teszik a programot. \u00c9lvezze a 8 nyelv t\u00e1mogat\u00e1s\u00e1t \u00e9s az \u00e9lethosszig tart\u00f3 ingyenes OTA friss\u00edt\u00e9seket.  <\/p>\n<h2>Intelligens tartoz\u00e9kok<\/h2>\n<p>Fejlessze szkennel\u00e9si \u00e9lm\u00e9ny\u00e9t a 3DMakerpro Seal 3D szkenner intelligens tartoz\u00e9kaival: <strong>Intelligens markolat:<\/strong> Csatlakoztassa a Seal-et okostelefonj\u00e1hoz az \u00fatk\u00f6zbeni szkennel\u00e9shez \u00e9s a hordozhat\u00f3s\u00e1ghoz. <strong>T\u00f6bbtengelyes forg\u00f3t\u00e1ny\u00e9r:<\/strong> Automatiz\u00e1lja a szkennel\u00e9si folyamatot, lehet\u0151v\u00e9 t\u00e9ve a kezd\u0151k sz\u00e1m\u00e1ra, hogy profik\u00e9nt szkenneljenek, \u00e9s fejlett testreszab\u00e1si lehet\u0151s\u00e9geket biztos\u00edtva a szak\u00e9rt\u0151k sz\u00e1m\u00e1ra.<\/p>\n","protected":false},"excerpt":{"rendered":"<p><span style=\"font-weight: 400;\">A 3DMakerpro Seal 3D szkenner egy forradalmi 3D szkenner, amely figyelemre m\u00e9lt\u00f3 0,01 mm-es pontoss\u00e1g\u00e1val \u00e9s kiv\u00e9teles r\u00e9szletess\u00e9g\u00e9vel \u00fajradefini\u00e1lja a fogyaszt\u00f3i szkennel\u00e9si technol\u00f3gi\u00e1t.<\/span><\/p>\n","protected":false},"featured_media":55930,"comment_status":"closed","ping_status":"closed","template":"","meta":{"_acf_changed":false},"product_brand":[],"product_cat":[2262,1679],"product_tag":[],"brand":[],"class_list":{"0":"post-55929","1":"product","2":"type-product","3":"status-publish","4":"has-post-thumbnail","6":"product_cat-3d-szkenner","7":"product_cat-elado","9":"first","10":"outofstock","11":"sale","12":"taxable","13":"shipping-taxable","14":"purchasable","15":"product-type-simple"},"acf":[],"_links":{"self":[{"href":"https:\/\/azurefilm.com\/hu\/wp-json\/wp\/v2\/product\/55929","targetHints":{"allow":["GET"]}}],"collection":[{"href":"https:\/\/azurefilm.com\/hu\/wp-json\/wp\/v2\/product"}],"about":[{"href":"https:\/\/azurefilm.com\/hu\/wp-json\/wp\/v2\/types\/product"}],"replies":[{"embeddable":true,"href":"https:\/\/azurefilm.com\/hu\/wp-json\/wp\/v2\/comments?post=55929"}],"wp:featuredmedia":[{"embeddable":true,"href":"https:\/\/azurefilm.com\/hu\/wp-json\/wp\/v2\/media\/55930"}],"wp:attachment":[{"href":"https:\/\/azurefilm.com\/hu\/wp-json\/wp\/v2\/media?parent=55929"}],"wp:term":[{"taxonomy":"product_brand","embeddable":true,"href":"https:\/\/azurefilm.com\/hu\/wp-json\/wp\/v2\/product_brand?post=55929"},{"taxonomy":"product_cat","embeddable":true,"href":"https:\/\/azurefilm.com\/hu\/wp-json\/wp\/v2\/product_cat?post=55929"},{"taxonomy":"product_tag","embeddable":true,"href":"https:\/\/azurefilm.com\/hu\/wp-json\/wp\/v2\/product_tag?post=55929"},{"taxonomy":"brand","embeddable":true,"href":"https:\/\/azurefilm.com\/hu\/wp-json\/wp\/v2\/brand?post=55929"}],"curies":[{"name":"wp","href":"https:\/\/api.w.org\/{rel}","templated":true}]}}