
{"id":55943,"date":"2024-08-29T11:13:34","date_gmt":"2024-08-29T11:13:34","guid":{"rendered":"https:\/\/azurefilm.com\/product\/utantolto-pla-szal-navy-blue\/"},"modified":"2025-08-22T11:10:44","modified_gmt":"2025-08-22T11:10:44","slug":"utantolto-pla-szal-navy-blue","status":"publish","type":"product","link":"https:\/\/azurefilm.com\/hu\/termek\/utantolto-pla-szal-navy-blue\/","title":{"rendered":"Ut\u00e1nt\u00f6lt\u0151 PLA sz\u00e1l Navy Blue"},"content":{"rendered":"<h2><b>Ut\u00e1nt\u00f6lt\u0151 PLA<\/b><\/h2>\n<p><span style=\"font-weight: 400;\">Az ut\u00e1nt\u00f6lt\u0151 PLA sz\u00e1lak pontosan ugyanazokkal a tulajdons\u00e1gokkal rendelkeznek, mint a PLA Original. Ezek a sz\u00e1lak egy <\/span><b>k\u00f6rnyezetbar\u00e1t v\u00e1laszt\u00e1s<\/b><span style=\"font-weight: 400;\"> amely megb\u00edzhat\u00f3 teljes\u00edtm\u00e9nyt \u00e9s k\u00f6vetkezetes eredm\u00e9nyeket k\u00edn\u00e1l. Tov\u00e1bb\u00e1, a Refill PLA sz\u00e1lak a k\u00f6vetkez\u0151k <\/span><b>k\u00f6nnyen nyomtathat\u00f3 <\/b><span style=\"font-weight: 400;\">\u00e9s<\/span><b> nagyszer\u0171 kezd\u0151knek<\/b><span style=\"font-weight: 400;\">. <\/span><\/p>\n<h3><strong>Mi az \u00fajdons\u00e1g?<\/strong><\/h3>\n<ul>\n<li><span style=\"font-weight: 400;\">Elt\u00e1vol\u00edtottuk a m\u0171anyag cipz\u00e1rakat, \u00e9s egy jobb lehet\u0151s\u00e9ggel helyettes\u00edtett\u00fck \u0151ket, hogy megk\u00f6nny\u00edts\u00fck a kicsomagol\u00e1st.<\/span><\/li>\n<li><span style=\"font-weight: 400;\">A fonal farka most m\u00e1r teljesen egyenes. Ez megakad\u00e1lyozza, hogy beszoruljon az ors\u00f3ba, \u00e9s t\u00f6nkretegye a nyomtat\u00e1st, amikor a sz\u00e1l kifogy. <\/span><\/li>\n<li><b>T\u00f6k\u00e9letes kompatibilit\u00e1s az AzureFilm \u00e9s a Bambu Lab ors\u00f3kkal.<\/b><\/li>\n<\/ul>\n<h3><strong>Nyomtat\u00e1si aj\u00e1nl\u00e1sok:<\/strong><\/h3>\n<ul>\n<li style=\"font-weight: 400;\" aria-level=\"1\"><span style=\"font-weight: 400;\">A legjobb eredm\u00e9ny \u00e9rdek\u00e9ben 200-230\u00b0C h\u0151m\u00e9rs\u00e9kleten nyomtasson.* <\/span><\/li>\n<li style=\"font-weight: 400;\" aria-level=\"1\"><span style=\"font-weight: 400;\">Nincs sz\u00fcks\u00e9g f\u0171t\u00f6tt \u00e1gyra, azonban javasoljuk, hogy a nyomtat\u00f3asztalt 50-60\u00b0C-ra meleg\u00edtse el\u0151.<\/span><\/li>\n<li style=\"font-weight: 400;\" aria-level=\"1\"><span style=\"font-weight: 400;\">Haszn\u00e1ljon \u00fcveg\u00e1gyat, PEI lapot, Kapton vagy k\u00e9k szalagot az \u00e9p\u00edt\u00e9si platformhoz 3Dlac spray-vel.<\/span><\/li>\n<\/ul>\n<p><i><span style=\"font-weight: 400;\">*A k\u00fcl\u00f6nb\u00f6z\u0151 nyomtat\u00f3k haszn\u00e1lata eset\u00e9n az ide\u00e1lis h\u0151m\u00e9rs\u00e9klet elt\u00e9r\u0151 lehet.<\/span><\/i><\/p>\n<p><img loading=\"lazy\" decoding=\"async\" class=\"aligncenter wp-image-35905 size-full\" src=\"https:\/\/azurefilm.com\/wp-content\/uploads\/2023\/10\/PLA_Skupinske.jpg\" alt=\"\" width=\"2560\" height=\"960\" title=\"\" srcset=\"https:\/\/azurefilm.com\/wp-content\/uploads\/2023\/10\/PLA_Skupinske.jpg 2560w, https:\/\/azurefilm.com\/wp-content\/uploads\/2023\/10\/PLA_Skupinske-510x191.jpg 510w, https:\/\/azurefilm.com\/wp-content\/uploads\/2023\/10\/PLA_Skupinske-300x113.jpg 300w, https:\/\/azurefilm.com\/wp-content\/uploads\/2023\/10\/PLA_Skupinske-1024x384.jpg 1024w, https:\/\/azurefilm.com\/wp-content\/uploads\/2023\/10\/PLA_Skupinske-768x288.jpg 768w, https:\/\/azurefilm.com\/wp-content\/uploads\/2023\/10\/PLA_Skupinske-1536x576.jpg 1536w, https:\/\/azurefilm.com\/wp-content\/uploads\/2023\/10\/PLA_Skupinske-2048x768.jpg 2048w\" sizes=\"auto, (max-width: 2560px) 100vw, 2560px\" \/><\/p>\n<div class=\"is-divider divider clearfix\" style=\"max-width:100%;height:1px;background-color:rgb(17, 107, 168);\"><\/div>\n<p><span style=\"font-weight: 400;\">Refill PLA filamentjeink t\u00f6k\u00e9letesen kompatibilisek a <a href=\"https:\/\/azurefilm.com\/product\/azurefilm-master-spool-11-gratis\/\" target=\"_blank\" rel=\"noopener\"><strong>AzureFilm Master Spool<\/strong><\/a> &#8211; <\/span><b>az egyetlen ors\u00f3, amire valaha is sz\u00fcks\u00e9ge lesz<\/b><span style=\"font-weight: 400;\">. By using this reusable spool, you can join us in reducing waste and minimising environmental impact. <\/span><\/p>\n<p><span style=\"font-weight: 400;\">Az AzureFilm Master Spool a mi <\/span><b>\u00fajrafelhaszn\u00e1lhat\u00f3 ors\u00f3<\/b><span style=\"font-weight: 400;\">, amely biztos\u00edtja a <\/span><b>fenntarthat\u00f3 \u00e9s k\u00f6lts\u00e9ghat\u00e9kony<\/b><span style=\"font-weight: 400;\"> megold\u00e1s a 3D nyomtat\u00e1shoz. Az ors\u00f3 egy <\/span><b>k\u00e9t \u00fajrafelhaszn\u00e1lhat\u00f3, fr\u00f6ccs\u00f6nt\u00f6tt korongb\u00f3l \u00e1ll\u00f3 k\u00e9szlet<\/b><span style=\"font-weight: 400;\">. This ensures the high durability and precision of the spool. <\/span><\/p>\n<p><span style=\"font-weight: 400;\">A Master Spool term\u00e9k\u00fcnk megv\u00e1s\u00e1rl\u00e1s\u00e1val \u00e9s \u00fajrafelhaszn\u00e1l\u00e1s\u00e1val hozz\u00e1j\u00e1rul a k\u00f6rnyezet tisztas\u00e1g\u00e1hoz, mik\u00f6zben egy megb\u00edzhat\u00f3 \u00e9s k\u00f6nnyen haszn\u00e1lhat\u00f3, a legt\u00f6bb 3D nyomtat\u00f3val kompatibilis term\u00e9ket \u00e9lvezhet.<\/span><\/p>\n<div style=\"padding: 56.25% 0 0 0; position: relative;\"><iframe style=\"position: absolute; top: 0; left: 0; width: 100%; height: 100%;\" title=\"AzureFilm mester ors\u00f3\" src=\"https:\/\/player.vimeo.com\/video\/954356184?badge=0&amp;autopause=0&amp;player_id=0&amp;app_id=58479\" frameborder=\"0\"><\/iframe><\/div>\n<p><script src=\"https:\/\/player.vimeo.com\/api\/player.js\"><\/script><\/p>\n<div class=\"is-divider divider clearfix\" style=\"max-width:100%;height:1px;background-color:rgb(17, 107, 168);\"><\/div>\n<h2><strong>Jellemz\u0151k \u00e9s tulajdons\u00e1gok<\/strong><\/h2>\n<table>\n<thead>\n<tr>\n<th><b>Jellemz\u0151<\/b><\/th>\n<th><b>\u00c9rt\u00e9k<\/b><\/th>\n<\/tr>\n<tr>\n<td><span style=\"font-weight: 400;\"> Rugalmass\u00e1g<\/span><\/td>\n<td><span style=\"font-weight: 400;\">Alacsony<\/span><\/td>\n<\/tr>\n<tr>\n<td><span style=\"font-weight: 400;\"> Er\u0151ss\u00e9g<\/span><\/td>\n<td><span style=\"font-weight: 400;\">K\u00f6zepes<\/span><\/td>\n<\/tr>\n<tr>\n<td><span style=\"font-weight: 400;\"> Tart\u00f3ss\u00e1g<\/span><\/td>\n<td><span style=\"font-weight: 400;\">K\u00f6zepes<\/span><\/td>\n<\/tr>\n<tr>\n<td><span style=\"font-weight: 400;\"> A haszn\u00e1lat neh\u00e9zs\u00e9gei<\/span><\/td>\n<td><span style=\"font-weight: 400;\">Alacsony<\/span><\/td>\n<\/tr>\n<tr>\n<td><span style=\"font-weight: 400;\"> Zsugorod\u00e1s \/ vetemed\u00e9s<\/span><\/td>\n<td><span style=\"font-weight: 400;\">Minim\u00e1lis<\/span><\/td>\n<\/tr>\n<tr>\n<td><span style=\"font-weight: 400;\"> Oldhat\u00f3<\/span><\/td>\n<td><span style=\"font-weight: 400;\">Nincs<\/span><\/td>\n<\/tr>\n<tr>\n<td><span style=\"font-weight: 400;\"> El\u00e9rhet\u0151 \u00e1tm\u00e9r\u0151<\/span><\/td>\n<td><span style=\"font-weight: 400;\">1.75mm<\/span><\/td>\n<\/tr>\n<tr>\n<td><span style=\"font-weight: 400;\"> Gy\u00e1rt\u00f3<\/span><\/td>\n<td><span style=\"font-weight: 400;\">AzureFilm<\/span><\/td>\n<\/tr>\n<\/thead>\n<\/table>\n<p><span style=\"font-weight: 400;\">Ha t\u00f6bbet szeretne megtudni a PLA sz\u00e1lakr\u00f3l, olvassa el a <a href=\"https:\/\/azurefilm.com\/hu\/2023\/07\/04\/pla-szalak-minden-amit-tudnia-kell\/\" target=\"_blank\" rel=\"noopener\"><strong>blogot.<\/strong><\/a>. <\/span><\/p>\n<p><span style=\"font-weight: 400;\">Hozz\u00e1f\u00e9rhet a <\/span><b>M\u0171szaki adatlap<\/b><span style=\"font-weight: 400;\"><a href=\"https:\/\/azurefilm.com\/hu\/technical-data-sheets\/\" target=\"_blank\" rel=\"noopener\"><strong> itt<\/strong><\/a>.<\/span><\/p>\n","protected":false},"excerpt":{"rendered":"<p><span style=\"font-weight: 400;\">T\u00f6ltse meg 3D nyomtat\u00f3j\u00e1t a Refill PLA filament Navy Blue v\u00e9gtelen lehet\u0151s\u00e9geivel.<\/span><\/p>\n","protected":false},"featured_media":114810,"comment_status":"closed","ping_status":"closed","template":"","meta":{"_acf_changed":false},"product_brand":[],"product_cat":[2211,1686,1688,2210,1687,2209],"product_tag":[2212],"brand":[],"class_list":{"0":"post-55943","1":"product","2":"type-product","3":"status-publish","4":"has-post-thumbnail","6":"product_cat-utantolto-pla-original","7":"product_cat-3d-filmek","8":"product_cat-minden-film","9":"product_cat-pla-eredeti","10":"product_cat-pla-szalak","11":"product_cat-refill-szalak","12":"product_tag-oko-hu","13":"pa_colour-blue","14":"pa_filament-diameter-1-75mm","15":"pa_filament-weight-1000g","17":"first","18":"outofstock","19":"taxable","20":"shipping-taxable","21":"purchasable","22":"product-type-variable","23":"has-default-attributes"},"acf":[],"_links":{"self":[{"href":"https:\/\/azurefilm.com\/hu\/wp-json\/wp\/v2\/product\/55943","targetHints":{"allow":["GET"]}}],"collection":[{"href":"https:\/\/azurefilm.com\/hu\/wp-json\/wp\/v2\/product"}],"about":[{"href":"https:\/\/azurefilm.com\/hu\/wp-json\/wp\/v2\/types\/product"}],"replies":[{"embeddable":true,"href":"https:\/\/azurefilm.com\/hu\/wp-json\/wp\/v2\/comments?post=55943"}],"wp:featuredmedia":[{"embeddable":true,"href":"https:\/\/azurefilm.com\/hu\/wp-json\/wp\/v2\/media\/114810"}],"wp:attachment":[{"href":"https:\/\/azurefilm.com\/hu\/wp-json\/wp\/v2\/media?parent=55943"}],"wp:term":[{"taxonomy":"product_brand","embeddable":true,"href":"https:\/\/azurefilm.com\/hu\/wp-json\/wp\/v2\/product_brand?post=55943"},{"taxonomy":"product_cat","embeddable":true,"href":"https:\/\/azurefilm.com\/hu\/wp-json\/wp\/v2\/product_cat?post=55943"},{"taxonomy":"product_tag","embeddable":true,"href":"https:\/\/azurefilm.com\/hu\/wp-json\/wp\/v2\/product_tag?post=55943"},{"taxonomy":"brand","embeddable":true,"href":"https:\/\/azurefilm.com\/hu\/wp-json\/wp\/v2\/brand?post=55943"}],"curies":[{"name":"wp","href":"https:\/\/api.w.org\/{rel}","templated":true}]}}