
{"id":55967,"date":"2024-09-09T13:12:06","date_gmt":"2024-09-09T13:12:06","guid":{"rendered":"https:\/\/azurefilm.com\/product\/anycubic-kobra-3-combo\/"},"modified":"2025-05-29T23:44:18","modified_gmt":"2025-05-29T23:44:18","slug":"anycubic-kobra-3-combo","status":"publish","type":"product","link":"https:\/\/azurefilm.com\/hu\/termek\/anycubic-kobra-3-combo\/","title":{"rendered":"Anycubic Kobra 3 Combo"},"content":{"rendered":"<h2><b>Anycubic Kobra 3<\/b><\/h2>\n<p><span style=\"font-weight: 400;\">A 250 x 250 x 260 mm-es t\u00e1gas \u00e9p\u00edt\u00e9si t\u00e9rfogat\u00e1val a Kobra 3 rengeteg helyet biztos\u00edt az ambici\u00f3zus projektekhez, m\u00edg az ak\u00e1r 600 mm\/s-os sebess\u00e9g \u00e9s a 20 000 mm\/s\u00b2-es gyorsul\u00e1s r\u00e9v\u00e9n a gyors nyomtat\u00e1si id\u0151 is leny\u0171g\u00f6zi \u00d6nt.<\/span><\/p>\n<p><b>Eleg\u00e1ns, de tart\u00f3s kialak\u00edt\u00e1s<\/b><b><br \/>\n<\/b><span style=\"font-weight: 400;\">Ez a nyomtat\u00f3 egyes\u00edti az eleganci\u00e1t a tart\u00f3ss\u00e1ggal, integr\u00e1lt, k\u00f6nnyen telep\u00edthet\u0151 magmodulokkal, z\u00e1rt kialak\u00edt\u00e1ssal, amely megv\u00e9di a kulcsfontoss\u00e1g\u00fa alkatr\u00e9szeket a port\u00f3l \u00e9s m\u00e1s k\u00f6rnyezeti t\u00e9nyez\u0151kt\u0151l.<\/span><\/p>\n<p><b>Precizit\u00e1s mozg\u00e1sban<\/b><b><br \/>\n<\/b><span style=\"font-weight: 400;\">A dupla f\u00e9mmaggal \u00e9s SG15 csap\u00e1gyakkal felszerelt XY tengelye sima, stabil teljes\u00edtm\u00e9nyt \u00e9s hossz\u00fa t\u00e1v\u00fa megb\u00edzhat\u00f3s\u00e1got biztos\u00edt.<\/span><\/p>\n<p><b>Stabil Z-tengely kett\u0151s vezet\u0151csavarral<\/b><b><br \/>\n<\/b><span style=\"font-weight: 400;\">A Kobra 3 kett\u0151s vezet\u0151csavarja a Z-tengelyen cs\u00f6kkenti az ellen\u00e1ll\u00e1st nyomtat\u00e1s k\u00f6zben, jav\u00edtva a stabilit\u00e1st \u00e9s a nyomtat\u00e1si min\u0151s\u00e9get.<\/span><\/p>\n<p><b>Tov\u00e1bbfejlesztett h\u0171t\u0151rendszer<\/b><b><br \/>\n<\/b><span style=\"font-weight: 400;\">Az \u00fajratervezett extruder ventil\u00e1tor leny\u0171g\u00f6z\u0151 7000 fordulat\/perc sebess\u00e9get \u00e9r el, jav\u00edtva a h\u0151elvezet\u00e9st \u00e9s gyorsabban h\u0171tve a modelleket.<\/span><\/p>\n<p><b>LeviQ 3.0 automatikus szintez\u00e9s<\/b><b><br \/>\n<\/b><span style=\"font-weight: 400;\">A LeviQ 3.0-val az automatikus szintez\u00e9s k\u00f6nnyed\u00e9n elv\u00e9gezhet\u0151. Egy speci\u00e1lis modul egy gombnyom\u00e1ssal automatikusan be\u00e1ll\u00edtja a Z-eltol\u00f3d\u00e1st, \u00edgy minden nyomtat\u00e1sn\u00e1l precizit\u00e1st biztos\u00edt. <\/span><\/p>\n<p><b>Intelligens funkci\u00f3k az optim\u00e1lis teljes\u00edtm\u00e9ny\u00e9rt<\/b><\/p>\n<ul>\n<li style=\"font-weight: 400;\" aria-level=\"1\"><b>A sz\u00edjfesz\u00fclts\u00e9g ellen\u0151rz\u00e9se:<\/b><span style=\"font-weight: 400;\"> A rezonancia\u00e9rz\u00e9kel\u00e9s automatikusan azonos\u00edtja \u00e9s be\u00e1ll\u00edtja a sz\u00edjfeszess\u00e9get, biztos\u00edtva a zavartalan m\u0171k\u00f6d\u00e9st (az AI funkci\u00f3hoz kamera sz\u00fcks\u00e9ges).<\/span><\/li>\n<li style=\"font-weight: 400;\" aria-level=\"1\"><b>\u00d6n\u00e9letrajz nyomtat\u00e1s:<\/b><span style=\"font-weight: 400;\"> V\u00e1ratlan \u00e1ramkimarad\u00e1s ut\u00e1n automatikusan ott folytatja, ahol abbahagyta.<\/span><\/li>\n<li style=\"font-weight: 400;\" aria-level=\"1\"><b>Sz\u00e1l kifut\u00e1s\u00e9rz\u00e9kel\u0151:<\/b><span style=\"font-weight: 400;\"> \u00c9rz\u00e9keli, ha a sz\u00e1l kifogy\u00f3ban van, \u00e9s a hib\u00e1k elker\u00fcl\u00e9se \u00e9rdek\u00e9ben sz\u00fcnetelteti a nyomtat\u00e1st.<\/span><\/li>\n<\/ul>\n<p><b>R\u00e1zk\u00f3d\u00e1s-kompenz\u00e1ci\u00f3<\/b><b><br \/>\n<\/b><span style=\"font-weight: 400;\">A be\u00e9p\u00edtett gyorsul\u00e1sm\u00e9r\u0151 \u00e9rz\u00e9keli a rezonanci\u00e1t az X- \u00e9s Y-tengelyen, \u00e9s a stabil, nagy pontoss\u00e1g\u00fa nyomatok \u00e9rdek\u00e9ben mozg\u00e1sbe\u00e1ll\u00edt\u00e1sokat v\u00e9gez.<\/span><\/p>\n<p><b>Magas h\u0151m\u00e9rs\u00e9klet\u0171 k\u00e9pess\u00e9gek<\/b><b><br \/>\n<\/b><span style=\"font-weight: 400;\">A Kobra 3 ak\u00e1r 300\u00b0C-os h\u0151m\u00e9rs\u00e9klet kezel\u00e9s\u00e9re is alkalmas, a k\u00e9nyelem \u00e9rdek\u00e9ben szersz\u00e1m n\u00e9lk\u00fcli f\u00fav\u00f3kacser\u00e9vel.<\/span><\/p>\n<p><b>Tov\u00e1bbi kiemelked\u0151 jellemz\u0151k:<\/b><\/p>\n<ul>\n<li style=\"font-weight: 400;\" aria-level=\"1\"><span style=\"font-weight: 400;\">Csendes 32 bites alaplap csendes illeszt\u0151programokkal.<\/span><\/li>\n<li style=\"font-weight: 400;\" aria-level=\"1\"><span style=\"font-weight: 400;\">4,3 h\u00fcvelykes \u00e9rint\u0151k\u00e9perny\u0151 \u00e1ll\u00edthat\u00f3 betekint\u00e9si sz\u00f6ggel (30\u00b0-60\u00b0).<\/span><\/li>\n<li style=\"font-weight: 400;\" aria-level=\"1\"><span style=\"font-weight: 400;\">Egyszer\u0171 \u00f6vfesz\u00edt\u00e9s be\u00e1ll\u00edt\u00e1sa egy egyszer\u0171 gombbal.<\/span><\/li>\n<\/ul>\n<h2><b>Anycubic color engine pro &#8211; ACE Pro<\/b><\/h2>\n<p><span style=\"font-weight: 400;\">Az ACE Pro lehet\u0151v\u00e9 teszi a nyomtat\u00e1st <\/span><b>t\u00f6bbf\u00e9le anyag \u00e9s sz\u00edn<\/b><span style=\"font-weight: 400;\"> egyszerre, t\u00f6k\u00e9letes a kreat\u00edv komplexit\u00e1s hozz\u00e1ad\u00e1s\u00e1hoz a projektekhez. Ak\u00e1r <\/span> <b> n\u00e9gy k\u00fcl\u00f6nb\u00f6z\u0151 sz\u00edn\u0171 ors\u00f3 egyszerre<\/b><span style=\"font-weight: 400;\">, \u00e9s egy m\u00e1sik ACE rendszerrel p\u00e1ros\u00edtva ak\u00e1r nyolc sz\u00ednnel is nyomtathat.<\/span><\/p>\n<p><b>Hogyan m\u0171k\u00f6dik?<\/b><b><br \/>\n<\/b><span style=\"font-weight: 400;\">A sz\u00ednek a nyomtat\u00e1s sor\u00e1n automatikusan \u00e1tkapcsol\u00f3dnak a szeletel\u0151 be\u00e1ll\u00edt\u00e1sai alapj\u00e1n, \u00edgy a t\u00f6bbsz\u00edn\u0171 nyomtat\u00e1s probl\u00e9mamentes.<\/span><\/p>\n<p><b>Akt\u00edv sz\u00e1r\u00edt\u00e1s a jobb nyomatok\u00e9rt<\/b><b><br \/>\n<\/b><span style=\"font-weight: 400;\">A kett\u0151s 200 wattos f\u0171t\u0151elemmel \u00e9s nagy teljes\u00edtm\u00e9ny\u0171 ventil\u00e1torokkal az ACE Pro <\/span><b>akt\u00edvan sz\u00e1r\u00edtja a sz\u00e1lakat nyomtat\u00e1s k\u00f6zben<\/b><span style=\"font-weight: 400;\">, biztos\u00edtva, hogy nedvess\u00e9gt\u0151l mentesek maradjanak. Tipp: A bels\u0151 h\u0151m\u00e9rs\u00e9klet optim\u00e1lis p\u00e1ratartalom mellett ak\u00e1r 55 \u00b0C-ig is be\u00e1ll\u00edthat\u00f3. <\/span><\/p>\n<p><span style=\"font-weight: 400;\"> A rendszer seg\u00edts\u00e9g\u00e9vel ak\u00e1r a nyomtat\u00e1sok k\u00f6z\u00f6tt is biztons\u00e1gosan t\u00e1rolhatja a sz\u00e1lakat. <\/span><\/p>\n<p><b>Gubancg\u00e1tl\u00f3 kialak\u00edt\u00e1s<\/b><b><br \/>\n<\/b><span style=\"font-weight: 400;\">Minden egyes fonal ors\u00f3nak saj\u00e1t kimeneti vonala van, ami cs\u00f6kkenti az \u00f6sszegabalyod\u00e1s kock\u00e1zat\u00e1t \u00e9s biztos\u00edtja a z\u00f6kken\u0151mentes sz\u00edn\u00e1tmenetet. Az akt\u00edv visszateker\u00e9s funkci\u00f3 szint\u00e9n seg\u00edt megel\u0151zni az anyagpazarl\u00e1st. <\/span><\/p>\n<p><b>A fejlett funkci\u00f3k k\u00f6z\u00e9 tartozik:<\/b><\/p>\n<ul>\n<li style=\"font-weight: 400;\" aria-level=\"1\"><b>Dugul\u00e1s\u00e9rz\u00e9kel\u00e9s:<\/b><span style=\"font-weight: 400;\"> Kor\u00e1n \u00e9szleli az elt\u00f6m\u0151d\u00e9seket a nyomtat\u00e1si megszak\u00edt\u00e1sok elker\u00fcl\u00e9se \u00e9rdek\u00e9ben.<\/span><\/li>\n<li style=\"font-weight: 400;\" aria-level=\"1\"><b>Automatikus ors\u00f3v\u00e1lt\u00e1s:<\/b><span style=\"font-weight: 400;\"> Z\u00f6kken\u0151mentesen folytatja a nyomtat\u00e1st egy m\u00e1sodik ors\u00f3val, amikor az els\u0151 kifogy.<\/span><\/li>\n<li style=\"font-weight: 400;\" aria-level=\"1\"><b>Intelligens sz\u00ednv\u00e1lt\u00e1s:<\/b><span style=\"font-weight: 400;\"> Optimaliz\u00e1lja a sz\u00ednv\u00e1lt\u00e1sokat a hullad\u00e9k \u00e9s a nyomtat\u00e1si id\u0151 cs\u00f6kkent\u00e9se \u00e9rdek\u00e9ben.<\/span><\/li>\n<\/ul>\n<p><b>Anycubic szeletel\u0151 \u00e9s alkalmaz\u00e1s:<\/b><\/p>\n<ul>\n<li style=\"font-weight: 400;\" aria-level=\"1\"><span style=\"font-weight: 400;\">T\u00e1mogatja a t\u00f6bbsz\u00edn\u0171 nyomtat\u00e1st, a szeletel\u00e9st \u00e9s a sz\u00ednv\u00e1lt\u00e1st.<\/span><\/li>\n<li style=\"font-weight: 400;\" aria-level=\"1\"><span style=\"font-weight: 400;\">T\u00e1vvez\u00e9rl\u00e9st k\u00edn\u00e1l sz\u00e1m\u00edt\u00f3g\u00e9pen vagy okostelefonon kereszt\u00fcl.<\/span><\/li>\n<li style=\"font-weight: 400;\" aria-level=\"1\"><span style=\"font-weight: 400;\">Az opcion\u00e1lis kamerat\u00e1mogat\u00e1ssal val\u00f3s id\u0151ben fel\u00fcgyeli a nyomtat\u00e1si \u00e1llapotot.<\/span><\/li>\n<li style=\"font-weight: 400;\" aria-level=\"1\"><span style=\"font-weight: 400;\">Lehet\u0151v\u00e9 teszi a 3D nyomtat\u00f3 vez\u00e9rl\u00e9s\u00e9t a helyi h\u00e1l\u00f3zaton kereszt\u00fcl.<\/span><\/li>\n<\/ul>\n<p><b>A Kobra 3 Combo sz\u00e1ll\u00edt\u00e1s\u00e1val egy\u00fctt:<\/b><\/p>\n<ul>\n<li style=\"font-weight: 400;\" aria-level=\"1\"><span style=\"font-weight: 400;\">1 x Kobra 3<\/span><\/li>\n<li style=\"font-weight: 400;\" aria-level=\"1\"><span style=\"font-weight: 400;\">1 x Anycubic Colour Engine Pro (ACE Pro)<\/span><\/li>\n<li style=\"font-weight: 400;\" aria-level=\"1\"><span style=\"font-weight: 400;\">1 x nyomtat\u00f3fej<\/span><\/li>\n<li style=\"font-weight: 400;\" aria-level=\"1\"><span style=\"font-weight: 400;\">1 x \u00e9rint\u0151k\u00e9perny\u0151<\/span><\/li>\n<li style=\"font-weight: 400;\" aria-level=\"1\"><span style=\"font-weight: 400;\">1 x ors\u00f3tart\u00f3<\/span><\/li>\n<li style=\"font-weight: 400;\" aria-level=\"1\"><span style=\"font-weight: 400;\">1 x k\u00e1beltart\u00f3<\/span><\/li>\n<li style=\"font-weight: 400;\" aria-level=\"1\"><span style=\"font-weight: 400;\">1 x tiszt\u00edt\u00f3kefe<\/span><\/li>\n<li style=\"font-weight: 400;\" aria-level=\"1\"><span style=\"font-weight: 400;\">2 x M2x14 csavar<\/span><\/li>\n<li style=\"font-weight: 400;\" aria-level=\"1\"><span style=\"font-weight: 400;\">4 x M3x6 csavar<\/span><\/li>\n<li style=\"font-weight: 400;\" aria-level=\"1\"><span style=\"font-weight: 400;\">2 x M4x16 csavar<\/span><\/li>\n<li style=\"font-weight: 400;\" aria-level=\"1\"><span style=\"font-weight: 400;\">1 x M3x10 csavar<\/span><\/li>\n<li style=\"font-weight: 400;\" aria-level=\"1\"><span style=\"font-weight: 400;\">1 x M3x8 csavar<\/span><\/li>\n<li style=\"font-weight: 400;\" aria-level=\"1\"><span style=\"font-weight: 400;\">1 x U lemez<\/span><\/li>\n<li style=\"font-weight: 400;\" aria-level=\"1\"><span style=\"font-weight: 400;\">2 x t\u00e1pegys\u00e9g<\/span><\/li>\n<li style=\"font-weight: 400;\" aria-level=\"1\"><span style=\"font-weight: 400;\">1 x jelk\u00e1bel<\/span><\/li>\n<li style=\"font-weight: 400;\" aria-level=\"1\"><span style=\"font-weight: 400;\">4 x k\u00e1belgy\u0171jt\u0151<\/span><\/li>\n<li style=\"font-weight: 400;\" aria-level=\"1\"><span style=\"font-weight: 400;\">5 x izz\u00f3sz\u00e1l cs\u0151<\/span><\/li>\n<li style=\"font-weight: 400;\" aria-level=\"1\"><span style=\"font-weight: 400;\">1 x kulcsk\u00e9szlet<\/span><\/li>\n<li style=\"font-weight: 400;\" aria-level=\"1\"><span style=\"font-weight: 400;\">1 x imbuszkulcs-k\u00e9szlet (4.0, 3.0, 2.5, 2.0, 1.5)<\/span><\/li>\n<li style=\"font-weight: 400;\" aria-level=\"1\"><span style=\"font-weight: 400;\">1 x Sz\u00e1l<\/span><\/li>\n<li style=\"font-weight: 400;\" aria-level=\"1\"><span style=\"font-weight: 400;\">1 x zs\u00edr<\/span><\/li>\n<li style=\"font-weight: 400;\" aria-level=\"1\"><span style=\"font-weight: 400;\">1 x f\u00fav\u00f3ka tiszt\u00edt\u00f3<\/span><\/li>\n<\/ul>\n","protected":false},"excerpt":{"rendered":"<p><span style=\"font-weight: 400;\">Fokozza a 3D nyomtat\u00e1s \u00e9lm\u00e9ny\u00e9t! A <\/span><b>Anycubic Kobra 3 Combo<\/b><span style=\"font-weight: 400;\"> a t\u00f6k\u00e9letesen szinkroniz\u00e1lt 3D nyomtat\u00e1si technol\u00f3gia dinamikus du\u00f3ja, amely kreat\u00edv projektjeit a k\u00f6vetkez\u0151 szintre emeli.<\/span><\/p>\n<p><span style=\"font-weight: 400;\">A komb\u00f3 k\u00e9t nagy teljes\u00edtm\u00e9ny\u0171 komponenst tartalmaz, amelyek c\u00e9lja, hogy \u00faj magass\u00e1gokba emelje a 3D nyomatokat:<\/span><\/p>\n<p><span style=\"font-weight: 400;\">El\u0151sz\u00f6r is, a<\/span><b> Kobra 3 FDM 3D nyomtat\u00f3 <\/b> <span style=\"font-weight: 400;\">hihetetlen sebess\u00e9get biztos\u00edt, ak\u00e1r 600 mm\/s nyomtat\u00e1si sebess\u00e9ggel, 20 000 mm\/s\u00b2 maxim\u00e1lis gyorsul\u00e1ssal. T\u00e1mogatja a <\/span> <b> Anycubic Colour Engine Pro (ACE Pro)<\/b><span style=\"font-weight: 400;\">-a sz\u00e1r\u00edt\u00f3funkci\u00f3val ell\u00e1tott automatikus anyagrendszer-, akkor mindent megkap, amire sz\u00fcks\u00e9ge van a t\u00f6bbsz\u00edn\u0171 nyomtat\u00e1shoz.<\/span><\/p>\n","protected":false},"featured_media":43036,"comment_status":"closed","ping_status":"closed","template":"","meta":{"_acf_changed":false},"product_brand":[],"product_cat":[1680,2266,1679,1678],"product_tag":[],"brand":[],"class_list":{"0":"post-55967","1":"product","2":"type-product","3":"status-publish","4":"has-post-thumbnail","6":"product_cat-minden-3d-nyomtato","7":"product_cat-anycubic-hu","8":"product_cat-elado","9":"product_cat-fdm-nyomtato","11":"first","12":"outofstock","13":"sale","14":"taxable","15":"shipping-taxable","16":"purchasable","17":"product-type-simple"},"acf":[],"_links":{"self":[{"href":"https:\/\/azurefilm.com\/hu\/wp-json\/wp\/v2\/product\/55967","targetHints":{"allow":["GET"]}}],"collection":[{"href":"https:\/\/azurefilm.com\/hu\/wp-json\/wp\/v2\/product"}],"about":[{"href":"https:\/\/azurefilm.com\/hu\/wp-json\/wp\/v2\/types\/product"}],"replies":[{"embeddable":true,"href":"https:\/\/azurefilm.com\/hu\/wp-json\/wp\/v2\/comments?post=55967"}],"wp:featuredmedia":[{"embeddable":true,"href":"https:\/\/azurefilm.com\/hu\/wp-json\/wp\/v2\/media\/43036"}],"wp:attachment":[{"href":"https:\/\/azurefilm.com\/hu\/wp-json\/wp\/v2\/media?parent=55967"}],"wp:term":[{"taxonomy":"product_brand","embeddable":true,"href":"https:\/\/azurefilm.com\/hu\/wp-json\/wp\/v2\/product_brand?post=55967"},{"taxonomy":"product_cat","embeddable":true,"href":"https:\/\/azurefilm.com\/hu\/wp-json\/wp\/v2\/product_cat?post=55967"},{"taxonomy":"product_tag","embeddable":true,"href":"https:\/\/azurefilm.com\/hu\/wp-json\/wp\/v2\/product_tag?post=55967"},{"taxonomy":"brand","embeddable":true,"href":"https:\/\/azurefilm.com\/hu\/wp-json\/wp\/v2\/brand?post=55967"}],"curies":[{"name":"wp","href":"https:\/\/api.w.org\/{rel}","templated":true}]}}