
{"id":55970,"date":"2024-09-10T10:15:15","date_gmt":"2024-09-10T10:15:15","guid":{"rendered":"https:\/\/azurefilm.com\/product\/creality-k2-plus-combo\/"},"modified":"2025-04-11T08:10:58","modified_gmt":"2025-04-11T08:10:58","slug":"creality-k2-plus-combo","status":"publish","type":"product","link":"https:\/\/azurefilm.com\/hu\/termek\/creality-k2-plus-combo\/","title":{"rendered":"Creality K2 Plus Combo"},"content":{"rendered":"<p>A Creality K2 Plus Combo a Creality els\u0151 olyan 3D nyomtat\u00f3ja, amely t\u00f6bbsz\u00edn\u0171 rendszerrel rendelkezik! A CFS vagy Creality Filament System egyszerre 4 sz\u00ednnel t\u00f6rt\u00e9n\u0151 nyomtat\u00e1st tesz lehet\u0151v\u00e9, ami a Creality-t jelenleg az egyik leginnovat\u00edvabb 3D nyomtat\u00f3 m\u00e1rk\u00e1v\u00e1 teszi. <\/p>\n<h2><strong>T\u00f6bbsz\u00edn\u0171 nyomtat\u00e1s<\/strong><\/h2>\n<p>A Creality K2 Plus Combo k\u00e9sz\u00fcl\u00e9khez tartoz\u00f3 CFS rendszer lehet\u0151v\u00e9 teszi, hogy egyszerre 4 sz\u00ednnel nyomtasson. Ezenk\u00edv\u00fcl 4 CFS egys\u00e9g csatlakoztathat\u00f3, \u00edgy 16 sz\u00edn\u0171 rendszer hozhat\u00f3 l\u00e9tre. A CFS rendszer lehet\u0151v\u00e9 teszi a filamentek automatikus bet\u00f6lt\u00e9s\u00e9t \u00e9s cser\u00e9j\u00e9t. Z\u00e1rt kialak\u00edt\u00e1s\u00fa, h\u0151m\u00e9rs\u00e9klet- \u00e9s p\u00e1ratartalom-szab\u00e1lyoz\u00e1ssal rendelkezik, amely akt\u00edvan fenntartja az optim\u00e1lis nyomtat\u00e1si felt\u00e9teleket \u00e9s sz\u00e1r\u00edtja a filamentet. A CFS kompatibilis a K2 Plus \u00e9s m\u00e1s j\u00f6v\u0151beli Creality nyomtat\u00f3kkal. A rendszer jav\u00edtja a nyomtat\u00e1s min\u0151s\u00e9g\u00e9t \u00e9s hat\u00e9konys\u00e1g\u00e1t, t\u00e1mogatja a v\u00edzben old\u00f3d\u00f3 anyagokat a k\u00f6nnyebb ut\u00f3feldolgoz\u00e1s \u00e9rdek\u00e9ben, \u00e9s b\u0151v\u00edti a kreat\u00edv \u00e9s tervez\u00e9si lehet\u0151s\u00e9geket. A Creality bejelentette, hogy a CFS friss\u00edt\u00e9sek a j\u00f6v\u0151ben a K1 \u00e9s az Ender 3 V3 modellekhez is el\u00e9rhet\u0151k lesznek. <\/p>\n<h2><strong>Z\u00e1rt hurk\u00fa motorvez\u00e9rl\u00e9s<\/strong><\/h2>\n<p>A FOC (Field-Oriented Control) z\u00e1rt hurk\u00fa vez\u00e9rl\u00e9s bevezet\u00e9se az \u00faj K2 Plus nyomtat\u00f3 \u00f6sszes motorja sz\u00e1m\u00e1ra jobb vez\u00e9rl\u00e9st biztos\u00edt a motorok, k\u00f6zt\u00fck az extruder sz\u00e1m\u00e1ra. Minden egyes motorfordulatn\u00e1l t\u00f6bb mint 32 000 vez\u00e9relt mikrol\u00e9p\u00e9s van, ami jobb nyomat\u00e9kot, kiv\u00e1l\u00f3 pontoss\u00e1got, alacsony hibaar\u00e1nyt \u00e9s rendk\u00edv\u00fcl nagy sebess\u00e9get biztos\u00edt. <\/p>\n<h2><strong>APUS Direct Drive extruder<\/strong><\/h2>\n<p>Ez az \u00faj k\u00f6zvetlen meghajt\u00e1s a teljes\u00edtm\u00e9nye mellett be\u00e9p\u00edtett kifut\u00e1s\u00e9rz\u00e9kel\u0151t \u00e9s pontos szintez\u00e9si \u00e9rz\u00e9kel\u0151t is tartalmaz. A fogaskerekek edzett ac\u00e9lb\u00f3l k\u00e9sz\u00fclnek, \u00e9s DLC bevonattal vannak ell\u00e1tva, amely v\u00e9delmet \u00e9s stabilit\u00e1st biztos\u00edt az ig\u00e9nyesebb anyagokkal, p\u00e9ld\u00e1ul sz\u00e9nsz\u00e1las filamenttel t\u00f6rt\u00e9n\u0151 nyomtat\u00e1s sor\u00e1n. A forr\u00f3 v\u00e9g 350\u00b0C-ra melegszik fel, \u00e9s jobb \u00e1raml\u00e1ssal rendelkezik az el\u0151z\u0151 modellhez k\u00e9pest.  <\/p>\n<h2><strong>Nagyszer\u0171 gyorsul\u00e1s \u00e9s sebess\u00e9g<\/strong><\/h2>\n<p>A K2 Plus el\u00e9rheti a 600 mm\/s sebess\u00e9get, \u00e9s a gyorsul\u00e1sa el\u00e9ri a 30 000 mm\/s\u00b2-t. \u00cdgy ez a modell jelenleg az egyik leggyorsabb gyors\u00edt\u00e1si lehet\u0151s\u00e9ggel rendelkez\u0151 nyomtat\u00f3, ami k\u00f6vetkez\u00e9sk\u00e9ppen rendk\u00edv\u00fcl gyors nyomtat\u00e1st tesz lehet\u0151v\u00e9. <\/p>\n<h2><strong>Nagy nyomtat\u00e1si form\u00e1tum<\/strong><\/h2>\n<p>A Creality az \u00fcgyfelek visszajelz\u00e9sei ir\u00e1nti elk\u00f6telezetts\u00e9g\u00e9t bizony\u00edtotta azzal, hogy az \u00faj modellbe nagyvonal\u00fa, 350 mm\u00b3-es nyomtat\u00e1si fel\u00fcletet \u00e9p\u00edtett be. Ez a nagy fel\u00fclet leny\u0171g\u00f6z\u0151 egy asztali nyomtat\u00f3 eset\u00e9ben, \u00e9s \u00faj kreat\u00edv lehet\u0151s\u00e9geket nyit meg. <\/p>\n","protected":false},"excerpt":{"rendered":"<p><span style=\"font-weight: 400;\">Pr\u00f3b\u00e1lja ki a Creality K2 Plus Combo-t: T\u00f6bbsz\u00edn\u0171 nyomtat\u00e1s a CFS-rendszerrel, nagy sebess\u00e9g\u0171 teljes\u00edtm\u00e9ny \u00e9s nagy, <sup>350x350x350mm3<\/sup> \u00e9p\u00edt\u00e9si t\u00e9rfogat a kreativit\u00e1s fokoz\u00e1s\u00e1hoz.<\/span><\/p>\n","protected":false},"featured_media":43195,"comment_status":"closed","ping_status":"closed","template":"","meta":{"_acf_changed":false},"product_brand":[],"product_cat":[1677,2251,1679,1678,1680],"product_tag":[],"brand":[],"class_list":{"0":"post-55970","1":"product","2":"type-product","3":"status-publish","4":"has-post-thumbnail","6":"product_cat-3d-nyomtato","7":"product_cat-creality-hu","8":"product_cat-elado","9":"product_cat-fdm-nyomtato","10":"product_cat-minden-3d-nyomtato","12":"first","13":"onbackorder","14":"sale","15":"taxable","16":"shipping-taxable","17":"purchasable","18":"product-type-simple"},"acf":[],"_links":{"self":[{"href":"https:\/\/azurefilm.com\/hu\/wp-json\/wp\/v2\/product\/55970","targetHints":{"allow":["GET"]}}],"collection":[{"href":"https:\/\/azurefilm.com\/hu\/wp-json\/wp\/v2\/product"}],"about":[{"href":"https:\/\/azurefilm.com\/hu\/wp-json\/wp\/v2\/types\/product"}],"replies":[{"embeddable":true,"href":"https:\/\/azurefilm.com\/hu\/wp-json\/wp\/v2\/comments?post=55970"}],"wp:featuredmedia":[{"embeddable":true,"href":"https:\/\/azurefilm.com\/hu\/wp-json\/wp\/v2\/media\/43195"}],"wp:attachment":[{"href":"https:\/\/azurefilm.com\/hu\/wp-json\/wp\/v2\/media?parent=55970"}],"wp:term":[{"taxonomy":"product_brand","embeddable":true,"href":"https:\/\/azurefilm.com\/hu\/wp-json\/wp\/v2\/product_brand?post=55970"},{"taxonomy":"product_cat","embeddable":true,"href":"https:\/\/azurefilm.com\/hu\/wp-json\/wp\/v2\/product_cat?post=55970"},{"taxonomy":"product_tag","embeddable":true,"href":"https:\/\/azurefilm.com\/hu\/wp-json\/wp\/v2\/product_tag?post=55970"},{"taxonomy":"brand","embeddable":true,"href":"https:\/\/azurefilm.com\/hu\/wp-json\/wp\/v2\/brand?post=55970"}],"curies":[{"name":"wp","href":"https:\/\/api.w.org\/{rel}","templated":true}]}}