
{"id":55992,"date":"2024-09-17T11:51:18","date_gmt":"2024-09-17T11:51:18","guid":{"rendered":"https:\/\/azurefilm.com\/product\/creality-k1-max-alaplap\/"},"modified":"2024-09-17T11:51:18","modified_gmt":"2024-09-17T11:51:18","slug":"creality-k1-max-alaplap","status":"publish","type":"product","link":"https:\/\/azurefilm.com\/hu\/termek\/creality-k1-max-alaplap\/","title":{"rendered":"Creality K1 Max alaplap"},"content":{"rendered":"<p><span style=\"font-weight: 400;\">A Creality K1 Max alaplapot \u00fagy tervezt\u00e9k, hogy z\u00f6kken\u0151mentes, hat\u00e9kony \u00e9s pontos 3D nyomtat\u00e1st biztos\u00edtson. A kifejezetten a Creality K1 Max sorozathoz tervezett alaplap kiv\u00e1l\u00f3 vez\u00e9rl\u00e9st biztos\u00edt a nyomtat\u00f3 minden funkci\u00f3ja felett.   <\/span><\/p>\n<p><b>Felel\u0151ss\u00e9gi nyilatkozat:  <\/b><span style=\"font-weight: 400;\">Megrendel\u00e9s el\u0151tt gy\u0151z\u0151dj\u00f6n meg r\u00f3la, hogy a K1 MAX 4248-as kis fogasker\u00e9kmotorokkal van felszerelve. Ez az alaplap-k\u00e9szlet csak 42-48 X\/Y motorokkal m\u0171k\u00f6dik, a 42-60-as motorokkal nem.   <\/span><\/p>\n","protected":false},"excerpt":{"rendered":"<p><span style=\"font-weight: 400;\">Fejleszd a 3D nyomtat\u00e1si j\u00e1t\u00e9kodat ezzel a megb\u00edzhat\u00f3 Creality K1 Max alaplappal.<\/span><\/p>\n","protected":false},"featured_media":44249,"comment_status":"closed","ping_status":"closed","template":"","meta":{"_acf_changed":false},"product_brand":[],"product_cat":[2221,1679,2275,2224],"product_tag":[],"brand":[],"class_list":{"0":"post-55992","1":"product","2":"type-product","3":"status-publish","4":"has-post-thumbnail","6":"product_cat-potalkatreszek","7":"product_cat-elado","8":"product_cat-mainboards-hu","9":"product_cat-minden-potalkatresz","10":"pa_compatible-with-creality-fdm-3d-printers","11":"pa_fits-printer-creality-k1-max","13":"first","14":"instock","15":"sale","16":"taxable","17":"shipping-taxable","18":"purchasable","19":"product-type-simple"},"acf":[],"_links":{"self":[{"href":"https:\/\/azurefilm.com\/hu\/wp-json\/wp\/v2\/product\/55992","targetHints":{"allow":["GET"]}}],"collection":[{"href":"https:\/\/azurefilm.com\/hu\/wp-json\/wp\/v2\/product"}],"about":[{"href":"https:\/\/azurefilm.com\/hu\/wp-json\/wp\/v2\/types\/product"}],"replies":[{"embeddable":true,"href":"https:\/\/azurefilm.com\/hu\/wp-json\/wp\/v2\/comments?post=55992"}],"wp:featuredmedia":[{"embeddable":true,"href":"https:\/\/azurefilm.com\/hu\/wp-json\/wp\/v2\/media\/44249"}],"wp:attachment":[{"href":"https:\/\/azurefilm.com\/hu\/wp-json\/wp\/v2\/media?parent=55992"}],"wp:term":[{"taxonomy":"product_brand","embeddable":true,"href":"https:\/\/azurefilm.com\/hu\/wp-json\/wp\/v2\/product_brand?post=55992"},{"taxonomy":"product_cat","embeddable":true,"href":"https:\/\/azurefilm.com\/hu\/wp-json\/wp\/v2\/product_cat?post=55992"},{"taxonomy":"product_tag","embeddable":true,"href":"https:\/\/azurefilm.com\/hu\/wp-json\/wp\/v2\/product_tag?post=55992"},{"taxonomy":"brand","embeddable":true,"href":"https:\/\/azurefilm.com\/hu\/wp-json\/wp\/v2\/brand?post=55992"}],"curies":[{"name":"wp","href":"https:\/\/api.w.org\/{rel}","templated":true}]}}