
{"id":55993,"date":"2024-09-17T11:53:07","date_gmt":"2024-09-17T11:53:07","guid":{"rendered":"https:\/\/azurefilm.com\/product\/tovabbfejlesztett-keramia-hotend-keszlet-a-k1-k1-max-hoz\/"},"modified":"2024-09-17T11:53:07","modified_gmt":"2024-09-17T11:53:07","slug":"tovabbfejlesztett-keramia-hotend-keszlet-a-k1-k1-max-hoz","status":"publish","type":"product","link":"https:\/\/azurefilm.com\/hu\/termek\/tovabbfejlesztett-keramia-hotend-keszlet-a-k1-k1-max-hoz\/","title":{"rendered":"Tov\u00e1bbfejlesztett ker\u00e1mia hotend k\u00e9szlet a K1\/K1 MAX-hoz"},"content":{"rendered":"<h2><strong>F\u0151bb jellemz\u0151k:<\/strong><\/h2>\n<ul>\n<li style=\"font-weight: 400;\" aria-level=\"1\"><span style=\"font-weight: 400;\">Kompatibilis a Creality K1 \u00e9s K1 MAX k\u00e9sz\u00fcl\u00e9kekkel<\/span><\/li>\n<li style=\"font-weight: 400;\" aria-level=\"1\"><span style=\"font-weight: 400;\">Ker\u00e1mia f\u0171t\u0151blokk<\/span><\/li>\n<li style=\"font-weight: 400;\" aria-level=\"1\"><span style=\"font-weight: 400;\">H\u0151m\u00e9rs\u00e9klet: 300\u00b0C<\/span><\/li>\n<li style=\"font-weight: 400;\" aria-level=\"1\"><span style=\"font-weight: 400;\">F\u00fav\u00f3ka \u00e1tm\u00e9r\u0151: 0.4mm<\/span><\/li>\n<li style=\"font-weight: 400;\" aria-level=\"1\"><span style=\"font-weight: 400;\">Alkalmazhat\u00f3 sz\u00e1lak: PLA, ABS, PETG, TPU, PP, PC, PL A-CF, PA-CF, PET-CF stb.<\/span><\/li>\n<li style=\"font-weight: 400;\" aria-level=\"1\"><span style=\"font-weight: 400;\">Sz\u00e1l \u00e1tm\u00e9r\u0151: 01.75+0.05mm<\/span><\/li>\n<li style=\"font-weight: 400;\" aria-level=\"1\"><span style=\"font-weight: 400;\">F\u0171t\u00e9si teljes\u00edtm\u00e9ny: 60W<\/span><\/li>\n<\/ul>\n","protected":false},"excerpt":{"rendered":"<p><span style=\"font-weight: 400;\">A tov\u00e1bbfejlesztett ker\u00e1mia Hotend k\u00e9szlet a K1\/K1 MAX-hoz magas h\u0151m\u00e9rs\u00e9kletre \u00e9s sz\u00e1mos k\u00fcl\u00f6nb\u00f6z\u0151 sz\u00e1lhoz alkalmas.<\/span><\/p>\n","protected":false},"featured_media":46750,"comment_status":"closed","ping_status":"closed","template":"","meta":{"_acf_changed":false},"product_brand":[],"product_cat":[2221,1679,2223,2222,2249,2224],"product_tag":[],"brand":[],"class_list":{"0":"post-55993","1":"product","2":"type-product","3":"status-publish","4":"has-post-thumbnail","6":"product_cat-potalkatreszek","7":"product_cat-elado","8":"product_cat-extruder-hu","9":"product_cat-extruders-hu","10":"product_cat-hotends-hu","11":"product_cat-minden-potalkatresz","12":"pa_compatible-with-creality-fdm-3d-printers","13":"pa_fits-printer-creality-k1","14":"pa_fits-printer-creality-k1-max","16":"first","17":"instock","18":"sale","19":"taxable","20":"shipping-taxable","21":"purchasable","22":"product-type-simple"},"acf":[],"_links":{"self":[{"href":"https:\/\/azurefilm.com\/hu\/wp-json\/wp\/v2\/product\/55993","targetHints":{"allow":["GET"]}}],"collection":[{"href":"https:\/\/azurefilm.com\/hu\/wp-json\/wp\/v2\/product"}],"about":[{"href":"https:\/\/azurefilm.com\/hu\/wp-json\/wp\/v2\/types\/product"}],"replies":[{"embeddable":true,"href":"https:\/\/azurefilm.com\/hu\/wp-json\/wp\/v2\/comments?post=55993"}],"wp:featuredmedia":[{"embeddable":true,"href":"https:\/\/azurefilm.com\/hu\/wp-json\/wp\/v2\/media\/46750"}],"wp:attachment":[{"href":"https:\/\/azurefilm.com\/hu\/wp-json\/wp\/v2\/media?parent=55993"}],"wp:term":[{"taxonomy":"product_brand","embeddable":true,"href":"https:\/\/azurefilm.com\/hu\/wp-json\/wp\/v2\/product_brand?post=55993"},{"taxonomy":"product_cat","embeddable":true,"href":"https:\/\/azurefilm.com\/hu\/wp-json\/wp\/v2\/product_cat?post=55993"},{"taxonomy":"product_tag","embeddable":true,"href":"https:\/\/azurefilm.com\/hu\/wp-json\/wp\/v2\/product_tag?post=55993"},{"taxonomy":"brand","embeddable":true,"href":"https:\/\/azurefilm.com\/hu\/wp-json\/wp\/v2\/brand?post=55993"}],"curies":[{"name":"wp","href":"https:\/\/api.w.org\/{rel}","templated":true}]}}