
{"id":55994,"date":"2024-09-17T11:51:39","date_gmt":"2024-09-17T11:51:39","guid":{"rendered":"https:\/\/azurefilm.com\/product\/pei-lemez-a-creality-k1-max-hoz\/"},"modified":"2024-09-17T11:51:39","modified_gmt":"2024-09-17T11:51:39","slug":"pei-lemez-a-creality-k1-max-hoz","status":"publish","type":"product","link":"https:\/\/azurefilm.com\/hu\/termek\/pei-lemez-a-creality-k1-max-hoz\/","title":{"rendered":"PEI lemez a Creality K1 MAX-hoz"},"content":{"rendered":"<h2><strong>A PEI+PEO \u00e9p\u00edt\u0151lemez f\u0151 jellemz\u0151i:<\/strong><\/h2>\n<ul>\n<li style=\"font-weight: 400;\" aria-level=\"1\"><span style=\"font-weight: 400;\">M\u00e9retek: 310x315mm  <\/span><\/li>\n<li style=\"font-weight: 400;\" aria-level=\"1\"><span style=\"font-weight: 400;\">PEI+PEO fel\u00fclet<\/span><\/li>\n<li style=\"font-weight: 400;\" aria-level=\"1\"><span style=\"font-weight: 400;\">K\u00e9toldalas<\/span><\/li>\n<li style=\"font-weight: 400;\" aria-level=\"1\"><span style=\"font-weight: 400;\">Alkalmas k\u00fcl\u00f6nb\u00f6z\u0151 sz\u00e1lakhoz: PLA\/TPU\/PETG<\/span><\/li>\n<li style=\"font-weight: 400;\" aria-level=\"1\"><span style=\"font-weight: 400;\">A PEI bevonat j\u00f3 tapad\u00e1st biztos\u00edt a 260\u00b0C feletti nyomtat\u00e1shoz<\/span><\/li>\n<li style=\"font-weight: 400;\" aria-level=\"1\"><span style=\"font-weight: 400;\">A PEO-f\u00f3lia sima fel\u00fclet\u00e9nek k\u00f6sz\u00f6nhet\u0151en a modell jobban tapadhat a platformhoz.<\/span><\/li>\n<\/ul>\n<h2><strong>A PEI+PEI \u00e9p\u00edt\u0151lemez f\u0151 jellemz\u0151i:<\/strong><\/h2>\n<ul>\n<li style=\"font-weight: 400;\" aria-level=\"1\"><span style=\"font-weight: 400;\">M\u00e9retek: 310x315mm  <\/span><\/li>\n<li style=\"font-weight: 400;\" aria-level=\"1\"><span style=\"font-weight: 400;\">PEI+PEI fel\u00fclet<\/span><\/li>\n<li style=\"font-weight: 400;\" aria-level=\"1\"><span style=\"font-weight: 400;\">K\u00e9toldalas<\/span><\/li>\n<li style=\"font-weight: 400;\" aria-level=\"1\"><span style=\"font-weight: 400;\">Alkalmas k\u00fcl\u00f6nb\u00f6z\u0151 sz\u00e1lakhoz: PLA\/TPU\/PETG<\/span><\/li>\n<li style=\"font-weight: 400;\" aria-level=\"1\"><span style=\"font-weight: 400;\">A PEI bevonat j\u00f3 tapad\u00e1st biztos\u00edt a 260\u00b0C feletti nyomtat\u00e1shoz<\/span><\/li>\n<\/ul>\n","protected":false},"excerpt":{"rendered":"<p><span style=\"font-weight: 400;\">A PEI lemez a Creality K1 MAX-hoz egy k\u00e9toldalas nyomtat\u00f3\u00e1gy, amely k\u00fcl\u00f6nb\u00f6z\u0151 sz\u00e1lakhoz alkalmas.<\/span><\/p>\n","protected":false},"featured_media":44482,"comment_status":"closed","ping_status":"closed","template":"","meta":{"_acf_changed":false},"product_brand":[],"product_cat":[2221,1679,2280,2224,2281],"product_tag":[],"brand":[270],"class_list":{"0":"post-55994","1":"product","2":"type-product","3":"status-publish","4":"has-post-thumbnail","6":"product_cat-potalkatreszek","7":"product_cat-elado","8":"product_cat-epitesi-feluletek","9":"product_cat-minden-potalkatresz","10":"product_cat-pei-lemezek","11":"pa_compatible-with-creality-fdm-3d-printers","12":"pa_fits-printer-creality-k1-max","13":"brand-creality","15":"first","16":"instock","17":"sale","18":"taxable","19":"shipping-taxable","20":"purchasable","21":"product-type-variable"},"acf":[],"_links":{"self":[{"href":"https:\/\/azurefilm.com\/hu\/wp-json\/wp\/v2\/product\/55994","targetHints":{"allow":["GET"]}}],"collection":[{"href":"https:\/\/azurefilm.com\/hu\/wp-json\/wp\/v2\/product"}],"about":[{"href":"https:\/\/azurefilm.com\/hu\/wp-json\/wp\/v2\/types\/product"}],"replies":[{"embeddable":true,"href":"https:\/\/azurefilm.com\/hu\/wp-json\/wp\/v2\/comments?post=55994"}],"wp:featuredmedia":[{"embeddable":true,"href":"https:\/\/azurefilm.com\/hu\/wp-json\/wp\/v2\/media\/44482"}],"wp:attachment":[{"href":"https:\/\/azurefilm.com\/hu\/wp-json\/wp\/v2\/media?parent=55994"}],"wp:term":[{"taxonomy":"product_brand","embeddable":true,"href":"https:\/\/azurefilm.com\/hu\/wp-json\/wp\/v2\/product_brand?post=55994"},{"taxonomy":"product_cat","embeddable":true,"href":"https:\/\/azurefilm.com\/hu\/wp-json\/wp\/v2\/product_cat?post=55994"},{"taxonomy":"product_tag","embeddable":true,"href":"https:\/\/azurefilm.com\/hu\/wp-json\/wp\/v2\/product_tag?post=55994"},{"taxonomy":"brand","embeddable":true,"href":"https:\/\/azurefilm.com\/hu\/wp-json\/wp\/v2\/brand?post=55994"}],"curies":[{"name":"wp","href":"https:\/\/api.w.org\/{rel}","templated":true}]}}