
{"id":55995,"date":"2024-09-17T11:53:27","date_gmt":"2024-09-17T11:53:27","guid":{"rendered":"https:\/\/azurefilm.com\/product\/edzett-acel-fuvoka-a-creality-k1-es-k1-max-modellekhez\/"},"modified":"2024-09-17T11:53:27","modified_gmt":"2024-09-17T11:53:27","slug":"edzett-acel-fuvoka-a-creality-k1-es-k1-max-modellekhez","status":"publish","type":"product","link":"https:\/\/azurefilm.com\/hu\/termek\/edzett-acel-fuvoka-a-creality-k1-es-k1-max-modellekhez\/","title":{"rendered":"Edzett ac\u00e9l f\u00fav\u00f3ka a Creality K1 \u00e9s K1 MAX modellekhez"},"content":{"rendered":"<p><span style=\"font-weight: 400;\">Friss\u00edtse fel Creality K1 vagy K1 MAX 3D nyomtat\u00f3j\u00e1t az edzett ac\u00e9l f\u00fav\u00f3k\u00e1val, amelyet a tart\u00f3ss\u00e1g \u00e9s a pontoss\u00e1g \u00e9rdek\u00e9ben terveztek. Ez a f\u00fav\u00f3ka ellen\u00e1ll a magas h\u0151m\u00e9rs\u00e9kletnek \u00e9s a koptat\u00f3 sz\u00e1laknak, \u00edgy m\u00e9g kem\u00e9ny anyagok nyomtat\u00e1sa eset\u00e9n is egyenletes, kiv\u00e1l\u00f3 min\u0151s\u00e9g\u0171 nyomatokat biztos\u00edt. Fokozott kop\u00e1s\u00e1ll\u00f3s\u00e1ga cs\u00f6kkenti a gyakori cser\u00e9k sz\u00fcks\u00e9gess\u00e9g\u00e9t, \u00edgy ide\u00e1lis a hossz\u00fa t\u00e1v\u00fa, nagy teljes\u00edtm\u00e9ny\u0171 nyomtat\u00e1shoz.    <\/span><\/p>\n<h2><strong>F\u0151bb jellemz\u0151k:<\/strong><\/h2>\n<ul>\n<li style=\"font-weight: 400;\" aria-level=\"1\"><span style=\"font-weight: 400;\">Creality K1 \u00e9s K1 MAX k\u00e9sz\u00fcl\u00e9kekhez<\/span><\/li>\n<li style=\"font-weight: 400;\" aria-level=\"1\"><span style=\"font-weight: 400;\">Bemeneti \u00e1tm\u00e9r\u0151: 1.75mm<\/span><\/li>\n<li style=\"font-weight: 400;\" aria-level=\"1\"><span style=\"font-weight: 400;\">Kimeneti \u00e1tm\u00e9r\u0151: 0.4mm, 0.6mm<\/span><\/li>\n<li style=\"font-weight: 400;\" aria-level=\"1\"><span style=\"font-weight: 400;\">M6-os menet<\/span><\/li>\n<li style=\"font-weight: 400;\" aria-level=\"1\"><span style=\"font-weight: 400;\">Megfelel\u0151 sz\u00e1lak: PLA, ABS, PETG, TPE, TPU, PC, PSU, PPSU, PEL \u00e9s m\u00e9g a magas h\u0151m\u00e9rs\u00e9klet\u0171 sz\u00e1lak PEEK, PEKK is.<\/span><\/li>\n<\/ul>\n","protected":false},"excerpt":{"rendered":"<p><span style=\"font-weight: 400;\">Friss\u00edtse fel Creality K1 vagy K1 MAX k\u00e9sz\u00fcl\u00e9k\u00e9t edzett ac\u00e9l f\u00fav\u00f3k\u00e1val a fokozott tart\u00f3ss\u00e1g \u00e9s pontoss\u00e1g \u00e9rdek\u00e9ben. T\u00f6k\u00e9letes a magas h\u0151m\u00e9rs\u00e9klet\u0171 \u00e9s koptat\u00f3sz\u00e1lakhoz, biztos\u00edtva az egyenletes, kiv\u00e1l\u00f3 min\u0151s\u00e9g\u0171 nyomatokat. <\/span><\/p>\n","protected":false},"featured_media":44399,"comment_status":"closed","ping_status":"closed","template":"","meta":{"_acf_changed":false},"product_brand":[],"product_cat":[2221,2243,1679,2226,2224],"product_tag":[],"brand":[270],"class_list":{"0":"post-55995","1":"product","2":"type-product","3":"status-publish","4":"has-post-thumbnail","6":"product_cat-potalkatreszek","7":"product_cat-edzett-es-kopasallo-fuvokak","8":"product_cat-elado","9":"product_cat-fuvoszarnyak","10":"product_cat-minden-potalkatresz","11":"pa_compatible-with-creality-fdm-3d-printers","12":"pa_fits-printer-creality-k1","13":"pa_fits-printer-creality-k1-max","14":"pa_nozzle-diameter-0-4mm","15":"pa_nozzle-diameter-0-6mm","16":"brand-creality","18":"first","19":"instock","20":"sale","21":"taxable","22":"shipping-taxable","23":"purchasable","24":"product-type-variable"},"acf":[],"_links":{"self":[{"href":"https:\/\/azurefilm.com\/hu\/wp-json\/wp\/v2\/product\/55995","targetHints":{"allow":["GET"]}}],"collection":[{"href":"https:\/\/azurefilm.com\/hu\/wp-json\/wp\/v2\/product"}],"about":[{"href":"https:\/\/azurefilm.com\/hu\/wp-json\/wp\/v2\/types\/product"}],"replies":[{"embeddable":true,"href":"https:\/\/azurefilm.com\/hu\/wp-json\/wp\/v2\/comments?post=55995"}],"wp:featuredmedia":[{"embeddable":true,"href":"https:\/\/azurefilm.com\/hu\/wp-json\/wp\/v2\/media\/44399"}],"wp:attachment":[{"href":"https:\/\/azurefilm.com\/hu\/wp-json\/wp\/v2\/media?parent=55995"}],"wp:term":[{"taxonomy":"product_brand","embeddable":true,"href":"https:\/\/azurefilm.com\/hu\/wp-json\/wp\/v2\/product_brand?post=55995"},{"taxonomy":"product_cat","embeddable":true,"href":"https:\/\/azurefilm.com\/hu\/wp-json\/wp\/v2\/product_cat?post=55995"},{"taxonomy":"product_tag","embeddable":true,"href":"https:\/\/azurefilm.com\/hu\/wp-json\/wp\/v2\/product_tag?post=55995"},{"taxonomy":"brand","embeddable":true,"href":"https:\/\/azurefilm.com\/hu\/wp-json\/wp\/v2\/brand?post=55995"}],"curies":[{"name":"wp","href":"https:\/\/api.w.org\/{rel}","templated":true}]}}