
{"id":56000,"date":"2024-09-17T11:53:49","date_gmt":"2024-09-17T11:53:49","guid":{"rendered":"https:\/\/azurefilm.com\/product\/sargarez-fuvoka-a-creality-k1-k1-max-hoz\/"},"modified":"2024-09-17T11:53:49","modified_gmt":"2024-09-17T11:53:49","slug":"sargarez-fuvoka-a-creality-k1-k1-max-hoz","status":"publish","type":"product","link":"https:\/\/azurefilm.com\/hu\/termek\/sargarez-fuvoka-a-creality-k1-k1-max-hoz\/","title":{"rendered":"S\u00e1rgar\u00e9z f\u00fav\u00f3ka a Creality K1 &amp; K1 MAX-hoz"},"content":{"rendered":"<p><span style=\"font-weight: 400;\">Optimaliz\u00e1lja 3D nyomtat\u00e1si folyamat\u00e1t a Creality K1 \u00e9s K1 MAX modellekhez val\u00f3 s\u00e1rgar\u00e9z f\u00fav\u00f3k\u00e1val, amelyet a sima \u00e9s pontos nyomtat\u00e1shoz terveztek. Ez a f\u00fav\u00f3ka ide\u00e1lis a mindennapi haszn\u00e1lathoz, kiv\u00e1l\u00f3 h\u0151vezet\u0151 k\u00e9pess\u00e9ggel rendelkezik, \u00edgy gyors \u00e9s egyenletes felmeleged\u00e9st biztos\u00edt az egyenletes nyomtat\u00e1si min\u0151s\u00e9g \u00e9rdek\u00e9ben. T\u00f6k\u00e9letes az olyan szabv\u00e1nyos filamentumokhoz, mint a PLA, PETG, ASA \u00e9s ABS, a s\u00e1rgar\u00e9z f\u00fav\u00f3ka megb\u00edzhat\u00f3 teljes\u00edtm\u00e9nyt \u00e9s egyszer\u0171 karbantart\u00e1st k\u00edn\u00e1l, \u00edgy a kezd\u0151k \u00e9s a tapasztalt felhaszn\u00e1l\u00f3k sz\u00e1m\u00e1ra egyar\u00e1nt megfelel\u0151 v\u00e1laszt\u00e1s.  <\/span><\/p>\n<h2><strong>F\u0151bb jellemz\u0151k:<\/strong><\/h2>\n<ul>\n<li style=\"font-weight: 400;\" aria-level=\"1\"><span style=\"font-weight: 400;\">Creality K1 \u00e9s K1 MAX k\u00e9sz\u00fcl\u00e9kekhez<\/span><\/li>\n<li style=\"font-weight: 400;\" aria-level=\"1\"><span style=\"font-weight: 400;\">Bemeneti \u00e1tm\u00e9r\u0151: 1.75mm<\/span><\/li>\n<li style=\"font-weight: 400;\" aria-level=\"1\"><span style=\"font-weight: 400;\">Kimeneti \u00e1tm\u00e9r\u0151: 0,4 mm, 0,6 mm<\/span><\/li>\n<li style=\"font-weight: 400;\" aria-level=\"1\"><span style=\"font-weight: 400;\">M6-os menet<\/span><\/li>\n<li style=\"font-weight: 400;\" aria-level=\"1\"><span style=\"font-weight: 400;\">Alkalmas fonalakhoz: PEL, PPSU, PEL \u00e9s m\u00e9g a magas h\u0151m\u00e9rs\u00e9klet\u0171 PEEK, PEKK sz\u00e1lakhoz is.<\/span><\/li>\n<\/ul>\n","protected":false},"excerpt":{"rendered":"<p><span style=\"font-weight: 400;\">A Creality K1 \u00e9s K1 MAX modellekhez val\u00f3 s\u00e1rgar\u00e9z f\u00fav\u00f3k\u00e1val gondoskodhat arr\u00f3l, hogy 3D nyomtat\u00e1si projektje a lehet\u0151 legg\u00f6rd\u00fcl\u00e9kenyebben menjen. T\u00f6k\u00e9letesen haszn\u00e1lhat\u00f3 a szabv\u00e1nyos filamentekkel.   <\/span><\/p>\n","protected":false},"featured_media":44357,"comment_status":"closed","ping_status":"closed","template":"","meta":{"_acf_changed":false},"product_brand":[],"product_cat":[2221,1679,2226,2224,2227],"product_tag":[],"brand":[270],"class_list":{"0":"post-56000","1":"product","2":"type-product","3":"status-publish","4":"has-post-thumbnail","6":"product_cat-potalkatreszek","7":"product_cat-elado","8":"product_cat-fuvoszarnyak","9":"product_cat-minden-potalkatresz","10":"product_cat-rendszeres-fuvokak","11":"pa_compatible-with-creality-fdm-3d-printers","12":"pa_fits-printer-creality-k1","13":"pa_fits-printer-creality-k1-max","14":"pa_nozzle-diameter-0-4mm","15":"pa_nozzle-diameter-0-6mm","16":"brand-creality","18":"first","19":"instock","20":"sale","21":"taxable","22":"shipping-taxable","23":"purchasable","24":"product-type-variable","25":"has-default-attributes"},"acf":[],"_links":{"self":[{"href":"https:\/\/azurefilm.com\/hu\/wp-json\/wp\/v2\/product\/56000","targetHints":{"allow":["GET"]}}],"collection":[{"href":"https:\/\/azurefilm.com\/hu\/wp-json\/wp\/v2\/product"}],"about":[{"href":"https:\/\/azurefilm.com\/hu\/wp-json\/wp\/v2\/types\/product"}],"replies":[{"embeddable":true,"href":"https:\/\/azurefilm.com\/hu\/wp-json\/wp\/v2\/comments?post=56000"}],"wp:featuredmedia":[{"embeddable":true,"href":"https:\/\/azurefilm.com\/hu\/wp-json\/wp\/v2\/media\/44357"}],"wp:attachment":[{"href":"https:\/\/azurefilm.com\/hu\/wp-json\/wp\/v2\/media?parent=56000"}],"wp:term":[{"taxonomy":"product_brand","embeddable":true,"href":"https:\/\/azurefilm.com\/hu\/wp-json\/wp\/v2\/product_brand?post=56000"},{"taxonomy":"product_cat","embeddable":true,"href":"https:\/\/azurefilm.com\/hu\/wp-json\/wp\/v2\/product_cat?post=56000"},{"taxonomy":"product_tag","embeddable":true,"href":"https:\/\/azurefilm.com\/hu\/wp-json\/wp\/v2\/product_tag?post=56000"},{"taxonomy":"brand","embeddable":true,"href":"https:\/\/azurefilm.com\/hu\/wp-json\/wp\/v2\/brand?post=56000"}],"curies":[{"name":"wp","href":"https:\/\/api.w.org\/{rel}","templated":true}]}}