
{"id":56005,"date":"2024-09-17T11:54:11","date_gmt":"2024-09-17T11:54:11","guid":{"rendered":"https:\/\/azurefilm.com\/product\/sargarez-fuvoka-ender-3-v3-se-hez\/"},"modified":"2024-09-17T11:54:11","modified_gmt":"2024-09-17T11:54:11","slug":"sargarez-fuvoka-ender-3-v3-se-hez","status":"publish","type":"product","link":"https:\/\/azurefilm.com\/hu\/termek\/sargarez-fuvoka-ender-3-v3-se-hez\/","title":{"rendered":"S\u00e1rgar\u00e9z f\u00fav\u00f3ka Ender 3 V3 SE-hez"},"content":{"rendered":"<p><span style=\"font-weight: 400;\">Friss\u00edtse fel Ender 3 V3 SE 3D nyomtat\u00f3j\u00e1t a s\u00e1rgar\u00e9z f\u00fav\u00f3k\u00e1val a nagyobb teljes\u00edtm\u00e9ny \u00e9s pontoss\u00e1g \u00e9rdek\u00e9ben. A hat\u00e9kony h\u0151vezet\u00e9sre tervezett f\u00fav\u00f3ka gyors \u00e9s egyenletes felmeleged\u00e9st biztos\u00edt, \u00edgy sima \u00e9s pontos nyomatokat k\u00e9sz\u00edt olyan szabv\u00e1nyos filamentekkel, mint a PLA, PETG, ASA \u00e9s ABS. A k\u00f6nnyen telep\u00edthet\u0151 \u00e9s karbantarthat\u00f3 Brass Nozzle t\u00f6k\u00e9letesen alkalmas a nyomtat\u00e1si \u00e9lm\u00e9ny fokoz\u00e1s\u00e1ra \u00e9s az egyenletes, kiv\u00e1l\u00f3 min\u0151s\u00e9g\u0171 eredm\u00e9nyek el\u00e9r\u00e9s\u00e9re.  <\/span><\/p>\n<h2><strong>F\u0151bb jellemz\u0151k:  <\/strong><\/h2>\n<ul>\n<li style=\"font-weight: 400;\" aria-level=\"1\"><span style=\"font-weight: 400;\">Ender 3 V3 SE eset\u00e9ben<\/span><\/li>\n<li style=\"font-weight: 400;\" aria-level=\"1\"><span style=\"font-weight: 400;\">Bemeneti \u00e1tm\u00e9r\u0151: 1.75mm<\/span><\/li>\n<li style=\"font-weight: 400;\" aria-level=\"1\"><span style=\"font-weight: 400;\">Kimeneti \u00e1tm\u00e9r\u0151: 0,4 mm<\/span><\/li>\n<li style=\"font-weight: 400;\" aria-level=\"1\"><span style=\"font-weight: 400;\">M6-os menet<\/span><\/li>\n<li style=\"font-weight: 400;\" aria-level=\"1\"><span style=\"font-weight: 400;\">Kompatibilis a sz\u00e1lakkal: PLA, ABS, PETG, TPU, PC, PP, Nylon, PEEK.<\/span><\/li>\n<\/ul>\n","protected":false},"excerpt":{"rendered":"<p><span style=\"font-weight: 400;\">Hib\u00e1tlan 3D nyomtat\u00e1sokat \u00e9rhet el az Ender 3 V3 SE-hez val\u00f3 s\u00e1rgar\u00e9z f\u00fav\u00f3k\u00e1val. T\u00f6k\u00e9letes az egyenletes, kiv\u00e1l\u00f3 min\u0151s\u00e9g\u0171 eredm\u00e9nyek el\u00e9r\u00e9s\u00e9hez. <\/span><\/p>\n","protected":false},"featured_media":44339,"comment_status":"closed","ping_status":"closed","template":"","meta":{"_acf_changed":false},"product_brand":[],"product_cat":[2221,1679,2226,2224,2227],"product_tag":[],"brand":[],"class_list":{"0":"post-56005","1":"product","2":"type-product","3":"status-publish","4":"has-post-thumbnail","6":"product_cat-potalkatreszek","7":"product_cat-elado","8":"product_cat-fuvoszarnyak","9":"product_cat-minden-potalkatresz","10":"product_cat-rendszeres-fuvokak","11":"pa_compatible-with-creality-fdm-3d-printers","12":"pa_fits-printer-creality-ender-3-v3-se","13":"pa_nozzle-diameter-0-4mm","15":"first","16":"instock","17":"sale","18":"taxable","19":"shipping-taxable","20":"purchasable","21":"product-type-simple"},"acf":[],"_links":{"self":[{"href":"https:\/\/azurefilm.com\/hu\/wp-json\/wp\/v2\/product\/56005","targetHints":{"allow":["GET"]}}],"collection":[{"href":"https:\/\/azurefilm.com\/hu\/wp-json\/wp\/v2\/product"}],"about":[{"href":"https:\/\/azurefilm.com\/hu\/wp-json\/wp\/v2\/types\/product"}],"replies":[{"embeddable":true,"href":"https:\/\/azurefilm.com\/hu\/wp-json\/wp\/v2\/comments?post=56005"}],"wp:featuredmedia":[{"embeddable":true,"href":"https:\/\/azurefilm.com\/hu\/wp-json\/wp\/v2\/media\/44339"}],"wp:attachment":[{"href":"https:\/\/azurefilm.com\/hu\/wp-json\/wp\/v2\/media?parent=56005"}],"wp:term":[{"taxonomy":"product_brand","embeddable":true,"href":"https:\/\/azurefilm.com\/hu\/wp-json\/wp\/v2\/product_brand?post=56005"},{"taxonomy":"product_cat","embeddable":true,"href":"https:\/\/azurefilm.com\/hu\/wp-json\/wp\/v2\/product_cat?post=56005"},{"taxonomy":"product_tag","embeddable":true,"href":"https:\/\/azurefilm.com\/hu\/wp-json\/wp\/v2\/product_tag?post=56005"},{"taxonomy":"brand","embeddable":true,"href":"https:\/\/azurefilm.com\/hu\/wp-json\/wp\/v2\/brand?post=56005"}],"curies":[{"name":"wp","href":"https:\/\/api.w.org\/{rel}","templated":true}]}}