
{"id":56006,"date":"2024-09-17T11:54:33","date_gmt":"2024-09-17T11:54:33","guid":{"rendered":"https:\/\/azurefilm.com\/product\/edzett-acel-fuvoka-ender-3-v3-se-hez\/"},"modified":"2025-05-03T05:58:24","modified_gmt":"2025-05-03T05:58:24","slug":"edzett-acel-fuvoka-ender-3-v3-se-hez","status":"publish","type":"product","link":"https:\/\/azurefilm.com\/hu\/termek\/edzett-acel-fuvoka-ender-3-v3-se-hez\/","title":{"rendered":"Edzett ac\u00e9l f\u00fav\u00f3ka Ender 3 V3 SE-hez"},"content":{"rendered":"<p><span style=\"font-weight: 400;\">Pr\u00f3b\u00e1lja ki az edzett ac\u00e9l f\u00fav\u00f3k\u00e1t az Ender 3 V3 SE-hez, amely kiv\u00e9teles tart\u00f3ss\u00e1got \u00e9s teljes\u00edtm\u00e9nyt biztos\u00edt. Ezt a f\u00fav\u00f3k\u00e1t \u00fagy tervezt\u00e9k, hogy ellen\u00e1lljon a magas h\u0151m\u00e9rs\u00e9kletnek \u00e9s a koptat\u00f3 anyagoknak, \u00edgy t\u00f6k\u00e9letes a fejlett sz\u00e1lakkal val\u00f3 nyomtat\u00e1shoz. Robusztus fel\u00e9p\u00edt\u00e9se biztos\u00edtja az egyenletes, kiv\u00e1l\u00f3 min\u0151s\u00e9g\u0171 nyomatokat \u00e9s minimaliz\u00e1lja a kop\u00e1st, \u00edgy megb\u00edzhat\u00f3 v\u00e1laszt\u00e1s az ig\u00e9nyes nyomtat\u00e1si projektekhez.  <\/span><\/p>\n<h2><strong>F\u0151bb jellemz\u0151k:<\/strong><\/h2>\n<ul>\n<li style=\"font-weight: 400;\" aria-level=\"1\"><span style=\"font-weight: 400;\">Ender 3 V3 SE eset\u00e9ben  <\/span><\/li>\n<li style=\"font-weight: 400;\" aria-level=\"1\"><span style=\"font-weight: 400;\">Bemeneti \u00e1tm\u00e9r\u0151: 1.75mm<\/span><\/li>\n<li style=\"font-weight: 400;\" aria-level=\"1\"><span style=\"font-weight: 400;\">Kimeneti \u00e1tm\u00e9r\u0151: 0.4mm, 0.6mm<\/span><\/li>\n<li style=\"font-weight: 400;\" aria-level=\"1\"><span style=\"font-weight: 400;\">M6-os menet<\/span><\/li>\n<li style=\"font-weight: 400;\" aria-level=\"1\"><span style=\"font-weight: 400;\">Kompatibilis a sz\u00e1lakkal: PLA, ABS, PETG, TPU, PC, PP, Nylon, PEEK.<\/span><\/li>\n<\/ul>\n","protected":false},"excerpt":{"rendered":"<p><span style=\"font-weight: 400;\">Pr\u00f3b\u00e1lja ki az edzett ac\u00e9l f\u00fav\u00f3k\u00e1t az Ender 3 V3 SE-hez, amelyet nagy tart\u00f3ss\u00e1gra \u00e9s teljes\u00edtm\u00e9nyre terveztek. Ide\u00e1lis csiszol\u00f3sz\u00e1lakhoz. <\/span><\/p>\n","protected":false},"featured_media":44327,"comment_status":"closed","ping_status":"closed","template":"","meta":{"_acf_changed":false},"product_brand":[],"product_cat":[2221,2243,1679,2226],"product_tag":[],"brand":[270],"class_list":{"0":"post-56006","1":"product","2":"type-product","3":"status-publish","4":"has-post-thumbnail","6":"product_cat-potalkatreszek","7":"product_cat-edzett-es-kopasallo-fuvokak","8":"product_cat-elado","9":"product_cat-fuvoszarnyak","10":"pa_compatible-with-creality-fdm-3d-printers","11":"pa_fits-printer-creality-ender-3-v3-se","12":"pa_nozzle-diameter-0-4mm","13":"pa_nozzle-diameter-0-6mm","14":"brand-creality","16":"first","17":"instock","18":"sale","19":"taxable","20":"shipping-taxable","21":"purchasable","22":"product-type-variable","23":"has-default-attributes"},"acf":[],"_links":{"self":[{"href":"https:\/\/azurefilm.com\/hu\/wp-json\/wp\/v2\/product\/56006","targetHints":{"allow":["GET"]}}],"collection":[{"href":"https:\/\/azurefilm.com\/hu\/wp-json\/wp\/v2\/product"}],"about":[{"href":"https:\/\/azurefilm.com\/hu\/wp-json\/wp\/v2\/types\/product"}],"replies":[{"embeddable":true,"href":"https:\/\/azurefilm.com\/hu\/wp-json\/wp\/v2\/comments?post=56006"}],"wp:featuredmedia":[{"embeddable":true,"href":"https:\/\/azurefilm.com\/hu\/wp-json\/wp\/v2\/media\/44327"}],"wp:attachment":[{"href":"https:\/\/azurefilm.com\/hu\/wp-json\/wp\/v2\/media?parent=56006"}],"wp:term":[{"taxonomy":"product_brand","embeddable":true,"href":"https:\/\/azurefilm.com\/hu\/wp-json\/wp\/v2\/product_brand?post=56006"},{"taxonomy":"product_cat","embeddable":true,"href":"https:\/\/azurefilm.com\/hu\/wp-json\/wp\/v2\/product_cat?post=56006"},{"taxonomy":"product_tag","embeddable":true,"href":"https:\/\/azurefilm.com\/hu\/wp-json\/wp\/v2\/product_tag?post=56006"},{"taxonomy":"brand","embeddable":true,"href":"https:\/\/azurefilm.com\/hu\/wp-json\/wp\/v2\/brand?post=56006"}],"curies":[{"name":"wp","href":"https:\/\/api.w.org\/{rel}","templated":true}]}}