
{"id":56011,"date":"2024-09-17T11:54:56","date_gmt":"2024-09-17T11:54:56","guid":{"rendered":"https:\/\/azurefilm.com\/product\/hotend-keszlet-ender-3-v3-se-hez\/"},"modified":"2024-09-17T11:54:56","modified_gmt":"2024-09-17T11:54:56","slug":"hotend-keszlet-ender-3-v3-se-hez","status":"publish","type":"product","link":"https:\/\/azurefilm.com\/hu\/termek\/hotend-keszlet-ender-3-v3-se-hez\/","title":{"rendered":"Hotend k\u00e9szlet Ender 3 V3 SE-hez"},"content":{"rendered":"<h2><strong>Jellemz\u0151k:<\/strong><\/h2>\n<ul>\n<li style=\"font-weight: 400;\" aria-level=\"1\"><span style=\"font-weight: 400;\">24V, 40W-os f\u0171t\u0151test<\/span><\/li>\n<li style=\"font-weight: 400;\" aria-level=\"1\"><span style=\"font-weight: 400;\">Termisztor: 260C\u00b0<\/span><\/li>\n<li style=\"font-weight: 400;\" aria-level=\"1\"><span style=\"font-weight: 400;\">Term\u00e9k sz\u00edne: Fekete<\/span><\/li>\n<li style=\"font-weight: 400;\" aria-level=\"1\"><span style=\"font-weight: 400;\">Term\u00e9k s\u00falya: 3.1g<\/span><\/li>\n<li style=\"font-weight: 400;\" aria-level=\"1\"><span style=\"font-weight: 400;\">Term\u00e9k m\u00e9rete: 23x23x20mm<\/span><\/li>\n<li style=\"font-weight: 400;\" aria-level=\"1\"><span style=\"font-weight: 400;\">Anyag: kiv\u00e1l\u00f3 min\u0151s\u00e9g\u0171 szilikon<\/span><\/li>\n<li style=\"font-weight: 400;\" aria-level=\"1\"><span style=\"font-weight: 400;\">Magas h\u0151m\u00e9rs\u00e9kletnek ellen\u00e1ll\u00f3 szilikon foglalat mell\u00e9kelve<\/span><\/li>\n<\/ul>\n<h2><strong>F\u0151bb jellemz\u0151k:<\/strong><\/h2>\n<ul>\n<li style=\"font-weight: 400;\" aria-level=\"1\"><b>Nagy szigetel\u00e9si teljes\u00edtm\u00e9ny:<\/b><span style=\"font-weight: 400;\"> Biztos\u00edtja az egyenletes \u00e9s egyenletes h\u0151m\u00e9rs\u00e9kletet a jobb nyomtat\u00e1si min\u0151s\u00e9g \u00e9rdek\u00e9ben.<\/span><\/li>\n<li style=\"font-weight: 400;\" aria-level=\"1\"><b>H\u0151m\u00e9rs\u00e9klet\u00e1ll\u00f3s\u00e1g:<\/b><span style=\"font-weight: 400;\"> 300 \u00b0C-ig tart\u00f3 magas h\u0151m\u00e9rs\u00e9kletnek val\u00f3 tart\u00f3s kitetts\u00e9get is k\u00e9pes elviselni.<\/span><\/li>\n<li style=\"font-weight: 400;\" aria-level=\"1\"><b>Tart\u00f3s anyag: <\/b><span style=\"font-weight: 400;\">Kiv\u00e1l\u00f3 min\u0151s\u00e9g\u0171 szilikonb\u00f3l k\u00e9sz\u00fclt, amely nem k\u00f6nnyen lev\u00e1lik, \u00e9s alacsony h\u0151vezet\u0151 k\u00e9pess\u00e9ggel rendelkezik.<\/span><\/li>\n<li style=\"font-weight: 400;\" aria-level=\"1\"><b>V\u00e9delmi:<\/b><span style=\"font-weight: 400;\"> V\u00e9di a f\u0171t\u0151blokkot \u00e9s a f\u00fav\u00f3k\u00e1t, tiszt\u00e1n tartja \u0151ket \u00e9s cs\u00f6kkenti az \u00e9g\u00e9si s\u00e9r\u00fcl\u00e9sek kock\u00e1zat\u00e1t.<\/span><\/li>\n<li style=\"font-weight: 400;\" aria-level=\"1\"><b>K\u00f6nny\u0171 telep\u00edt\u00e9s:<\/b><span style=\"font-weight: 400;\"> Egyszer\u0171en felszerelhet\u0151 \u00e9s elt\u00e1vol\u00edthat\u00f3, \u00edgy a karbantart\u00e1s probl\u00e9mamentes.<\/span><\/li>\n<\/ul>\n","protected":false},"excerpt":{"rendered":"<p><span style=\"font-weight: 400;\">Hotend-k\u00e9szlet az Ender 3 V3 SE-hez &#8211; t\u00f6k\u00e9letes az egyenletes nyomtat\u00e1shoz, m\u00e9g akkor is, ha ak\u00e1r 300\u00b0C-os magas h\u0151m\u00e9rs\u00e9kletnek van kit\u00e9ve.<\/span><\/p>\n","protected":false},"featured_media":44291,"comment_status":"closed","ping_status":"closed","template":"","meta":{"_acf_changed":false},"product_brand":[],"product_cat":[2221,1679,2223,2222,2249,2224],"product_tag":[],"brand":[],"class_list":{"0":"post-56011","1":"product","2":"type-product","3":"status-publish","4":"has-post-thumbnail","6":"product_cat-potalkatreszek","7":"product_cat-elado","8":"product_cat-extruder-hu","9":"product_cat-extruders-hu","10":"product_cat-hotends-hu","11":"product_cat-minden-potalkatresz","12":"pa_compatible-with-creality-fdm-3d-printers","13":"pa_fits-printer-creality-ender-3-v3-se","15":"first","16":"instock","17":"sale","18":"taxable","19":"shipping-taxable","20":"purchasable","21":"product-type-simple"},"acf":[],"_links":{"self":[{"href":"https:\/\/azurefilm.com\/hu\/wp-json\/wp\/v2\/product\/56011","targetHints":{"allow":["GET"]}}],"collection":[{"href":"https:\/\/azurefilm.com\/hu\/wp-json\/wp\/v2\/product"}],"about":[{"href":"https:\/\/azurefilm.com\/hu\/wp-json\/wp\/v2\/types\/product"}],"replies":[{"embeddable":true,"href":"https:\/\/azurefilm.com\/hu\/wp-json\/wp\/v2\/comments?post=56011"}],"wp:featuredmedia":[{"embeddable":true,"href":"https:\/\/azurefilm.com\/hu\/wp-json\/wp\/v2\/media\/44291"}],"wp:attachment":[{"href":"https:\/\/azurefilm.com\/hu\/wp-json\/wp\/v2\/media?parent=56011"}],"wp:term":[{"taxonomy":"product_brand","embeddable":true,"href":"https:\/\/azurefilm.com\/hu\/wp-json\/wp\/v2\/product_brand?post=56011"},{"taxonomy":"product_cat","embeddable":true,"href":"https:\/\/azurefilm.com\/hu\/wp-json\/wp\/v2\/product_cat?post=56011"},{"taxonomy":"product_tag","embeddable":true,"href":"https:\/\/azurefilm.com\/hu\/wp-json\/wp\/v2\/product_tag?post=56011"},{"taxonomy":"brand","embeddable":true,"href":"https:\/\/azurefilm.com\/hu\/wp-json\/wp\/v2\/brand?post=56011"}],"curies":[{"name":"wp","href":"https:\/\/api.w.org\/{rel}","templated":true}]}}