
{"id":56013,"date":"2024-09-17T11:55:17","date_gmt":"2024-09-17T11:55:17","guid":{"rendered":"https:\/\/azurefilm.com\/product\/3d-hatasu-pei-lemez-a-bambu-lab-x1-p1p-keszulekhez\/"},"modified":"2024-09-17T11:55:17","modified_gmt":"2024-09-17T11:55:17","slug":"3d-hatasu-pei-lemez-a-bambu-lab-x1-p1p-keszulekhez","status":"publish","type":"product","link":"https:\/\/azurefilm.com\/hu\/termek\/3d-hatasu-pei-lemez-a-bambu-lab-x1-p1p-keszulekhez\/","title":{"rendered":"3D hat\u00e1s\u00fa PEI lemez a Bambu Lab X1 P1P k\u00e9sz\u00fcl\u00e9khez"},"content":{"rendered":"<p><span style=\"font-weight: 400;\">Szeretne egy kis hangulatot vinni a 3D nyomatokba? A Bambu 3D hat\u00e1s\u00fa PEI-lemeze egyedi fel\u00fcleti text\u00far\u00e1kat adhat projektjeidnek. Ez a k\u00e9szlet k\u00fcl\u00f6n\u00e1ll\u00f3 mint\u00e1kat tartalmaz: Csillagok, gy\u00e9m\u00e1nt \u00e9s sz\u00e9nsz\u00e1lak. Dobja fel nyomat\u00e1t ezekkel a lemezekkel, \u00e9s fedezzen fel \u00faj textur\u00e1lis dimenzi\u00f3kat.   <\/span><\/p>\n<h2><strong>Csillagos felsz\u00edni lemez  <\/strong><\/h2>\n<p><span style=\"font-weight: 400;\">A Bambu Starry Surface lemez leny\u0171g\u00f6z\u0151, sziv\u00e1rv\u00e1nyszer\u0171, csillagszer\u0171 hat\u00e1st k\u00f6lcs\u00f6n\u00f6z a nyomtat\u00e1s els\u0151 r\u00e9teg\u00e9nek, amely a l\u00e1t\u00f3sz\u00f6gt\u0151l f\u00fcgg\u0151en csillog \u00e9s v\u00e1ltogatja a sz\u00edneket. Ez a hat\u00e1s k\u00fcl\u00f6n\u00f6sen felt\u0171n\u0151, ha selyem vagy f\u00e9nyes sz\u00e1lakkal p\u00e1ros\u00edtjuk, ami kiemeli a bonyolult mint\u00e1zatot. <\/span><\/p>\n<h3><strong>F\u0151bb jellemz\u0151k:<\/strong><\/h3>\n<ul>\n<li style=\"font-weight: 400;\" aria-level=\"1\"><span style=\"font-weight: 400;\">PEI+PEY \u00e9p\u00edt\u0151lemez<\/span><\/li>\n<li style=\"font-weight: 400;\" aria-level=\"1\"><span style=\"font-weight: 400;\">K\u00e9toldalas<\/span><\/li>\n<li style=\"font-weight: 400;\" aria-level=\"1\"><span style=\"font-weight: 400;\">Alkalmas k\u00fcl\u00f6nb\u00f6z\u0151 sz\u00e1lakhoz: PLA\/TPU\/PETG<\/span><\/li>\n<li style=\"font-weight: 400;\" aria-level=\"1\"><span style=\"font-weight: 400;\">A PEI bevonat j\u00f3 tapad\u00e1st biztos\u00edt a 260\u00b0C feletti nyomtat\u00e1shoz<\/span><\/li>\n<li style=\"font-weight: 400;\" aria-level=\"1\"><span style=\"font-weight: 400;\">A sima PEY lapon csillagok \u00e9s pontok mint\u00e1zata tal\u00e1lhat\u00f3, amelyek f\u00e9nyesen ragyognak.  <\/span><\/li>\n<li style=\"font-weight: 400;\" aria-level=\"1\"><span style=\"font-weight: 400;\">A k\u00fcl\u00f6nb\u00f6z\u0151 sz\u00ednek k\u00fcl\u00f6nb\u00f6z\u0151 sz\u00f6gekb\u0151l jelennek meg. R\u00e1ad\u00e1sul a nyomtat\u00e1si modellen k\u00fcl\u00f6nb\u00f6z\u0151 sz\u00ednek maradnak. <\/span><\/li>\n<\/ul>\n<h2><strong>Gy\u00e9m\u00e1nt fel\u00fcleti lemez<\/strong><\/h2>\n<p><span style=\"font-weight: 400;\">A Bambu Diamond Surface lemez egy gy\u00e9m\u00e1ntmint\u00e1s els\u0151 r\u00e9teget hoz l\u00e9tre f\u00e9nyes \u00e9s matt fel\u00fclet kombin\u00e1ci\u00f3j\u00e1val. Selyem vagy f\u00e9nyes sz\u00e1lakkal a leghat\u00e9konyabb, kihozza a text\u00far\u00e1ban rejl\u0151 teljes potenci\u00e1lt. <\/span><\/p>\n<h3><strong>F\u0151bb jellemz\u0151k:  <\/strong><\/h3>\n<ul>\n<li style=\"font-weight: 400;\" aria-level=\"1\"><span style=\"font-weight: 400;\">PEI+PEO \u00e9p\u00edt\u0151lemez  <\/span><\/li>\n<li style=\"font-weight: 400;\" aria-level=\"1\"><span style=\"font-weight: 400;\">K\u00e9toldalas<\/span><\/li>\n<li style=\"font-weight: 400;\" aria-level=\"1\"><span style=\"font-weight: 400;\">Alkalmas k\u00fcl\u00f6nb\u00f6z\u0151 sz\u00e1lakhoz: PLA\/TPU\/PETG<\/span><\/li>\n<li style=\"font-weight: 400;\" aria-level=\"1\"><span style=\"font-weight: 400;\">A PEI bevonat j\u00f3 tapad\u00e1st biztos\u00edt a 260\u00b0C feletti nyomtat\u00e1shoz<\/span><\/li>\n<li style=\"font-weight: 400;\" aria-level=\"1\"><span style=\"font-weight: 400;\">A PEO-f\u00f3lia sima fel\u00fclet\u00e9nek k\u00f6sz\u00f6nhet\u0151en a modell jobban tapadhat a platformhoz.<\/span><\/li>\n<\/ul>\n<h2><strong>Sz\u00e9nsz\u00e1las fel\u00fcleti lemez<\/strong><\/h2>\n<p><span style=\"font-weight: 400;\">A Bambu Carbon Fiber lemez a val\u00f3di sz\u00e9nsz\u00e1lak finom text\u00far\u00e1j\u00e1t ut\u00e1nozza. Felhelyez\u00e9skor ezt a mint\u00e1zatot \u00e1tviszi a nyomtat\u00e1s els\u0151 r\u00e9teg\u00e9re, \u00edgy egy hat\u00e1rozott 3D text\u00far\u00e1t hoz l\u00e9tre, k\u00fcl\u00f6n\u00f6sen sz\u00fcrke sz\u00e9nsz\u00e1l haszn\u00e1lata eset\u00e9n. <\/span><\/p>\n<h3><strong>F\u0151bb jellemz\u0151k:<\/strong><\/h3>\n<ul>\n<li style=\"font-weight: 400;\" aria-level=\"1\"><span style=\"font-weight: 400;\">PET+PEO \u00e9p\u00edt\u0151lemez  <\/span><\/li>\n<li style=\"font-weight: 400;\" aria-level=\"1\"><span style=\"font-weight: 400;\">A PEO-f\u00f3lia sima fel\u00fclet\u00e9nek k\u00f6sz\u00f6nhet\u0151en a modell jobban tapadhat a platformhoz.<\/span><\/li>\n<li style=\"font-weight: 400;\" aria-level=\"1\"><span style=\"font-weight: 400;\">PET fel\u00fclet ellen\u00e1ll a magas 120 \u2103 h\u0151m\u00e9rs\u00e9kletnek, javasoljuk, hogy a PLA sz\u00e1l csak erre a fel\u00fcletre val\u00f3.<\/span><\/li>\n<li style=\"font-weight: 400;\" aria-level=\"1\"><span style=\"font-weight: 400;\">A PET m\u0171sz\u00e1las sz\u00e9nsz\u00e1las fel\u00fcletet mutat, amely k\u00fcl\u00f6nleges vizu\u00e1lis megjelen\u00e9st biztos\u00edt.<\/span><\/li>\n<\/ul>\n<h2><strong>Telep\u00edt\u00e9s<\/strong><\/h2>\n<p><span style=\"font-weight: 400;\">A 3D hat\u00e1s\u00fa PEI lemezeket k\u00e9zzel kell felhelyezni az ac\u00e9llemezre; nem el\u0151re telep\u00edtettek. Az optim\u00e1lis eredm\u00e9ny \u00e9rdek\u00e9ben csak a hivatalos Bambu Lab ac\u00e9llemezt haszn\u00e1lja. Ha a lemezt m\u00e1r megl\u00e9v\u0151 lemezre alkalmazza, gy\u0151z\u0151dj\u00f6n meg r\u00f3la, hogy a r\u00e9gi lemezt teljesen elt\u00e1vol\u00edtotta, a fel\u00fcletet pedig alaposan megtiszt\u00edtotta \u00e9s megsz\u00e1r\u00edtotta. A legjobb text\u00fara\u00e1tvitel \u00e9rdek\u00e9ben gondosan k\u00f6vesse az aj\u00e1nlott h\u0151\u00e1gybe\u00e1ll\u00edt\u00e1sokat. Ne feledje, hogy a tiszta fel\u00fclet elengedhetetlen a 3D effektek l\u00e1that\u00f3s\u00e1g\u00e1nak meg\u0151rz\u00e9s\u00e9hez; a zs\u00edrosod\u00e1s ronthatja a mint\u00e1kat. Tiszt\u00edtsa forr\u00f3 v\u00edzzel \u00e9s mos\u00f3szerrel, \u00e9s ker\u00fclje a fel\u00fclet k\u00f6zvetlen \u00e9rint\u00e9s\u00e9t.     <\/span><\/p>\n<h3><strong>Tov\u00e1bbi megfontol\u00e1sok  <\/strong><\/h3>\n<p><span style=\"font-weight: 400;\">Mivel a 3D hat\u00e1s\u00fa PEI lemezek visszaverik a f\u00e9nyt, a LIDAR-kalibr\u00e1ci\u00f3 nem felt\u00e9tlen\u00fcl m\u0171k\u00f6dik a v\u00e1rt m\u00f3don. Aj\u00e1nlatos kihagyni a LIDAR-kalibr\u00e1l\u00e1si szekvenci\u00e1t, vagy egy hagyom\u00e1nyos lemezt haszn\u00e1lni a kalibr\u00e1l\u00e1shoz. Ne feledje, hogy ezek a lapok fogy\u00f3eszk\u00f6z\u00f6k, ez\u00e9rt \u00e9lettartamuk meghosszabb\u00edt\u00e1sa \u00e9rdek\u00e9ben pr\u00f3b\u00e1lja meg vari\u00e1lni a nyomatok elhelyez\u00e9s\u00e9t a lapon. Ker\u00fclje a ragaszt\u00f3 felhord\u00e1s\u00e1t a lemez fel\u00fclet\u00e9re, \u00e9s legyen \u00f3vatos, ha kapar\u00f3t haszn\u00e1l, hogy elker\u00fclje a s\u00e9r\u00fcl\u00e9seket.   <\/span><\/p>\n<h3><strong>Aj\u00e1nlott be\u00e1ll\u00edt\u00e1sok<\/strong><\/h3>\n<p><span style=\"font-weight: 400;\">A nyomtat\u00e1shoz PLA vagy TPU sz\u00e1lakat javasolunk. A modellt\u0151l \u00e9s a sz\u00e1lakt\u00f3l f\u00fcgg\u0151en sz\u00fcks\u00e9g lehet a szeletel\u0151 be\u00e1ll\u00edt\u00e1sainak m\u00f3dos\u00edt\u00e1s\u00e1ra.   <\/span><\/p>\n","protected":false},"excerpt":{"rendered":"<p><span style=\"font-weight: 400;\">Pr\u00f3b\u00e1lja ki a 3D hat\u00e1s\u00fa PEI lemezt a Bambu Lab X1 P1P-hez csillag-, gy\u00e9m\u00e1nt- vagy sz\u00e9nsz\u00e1las szerkezetben, \u00e9s alak\u00edtsa \u00e1t nyomat\u00e1t pattog\u00f3 text\u00far\u00e1kkal.<\/span><\/p>\n","protected":false},"featured_media":44188,"comment_status":"closed","ping_status":"closed","template":"","meta":{"_acf_changed":false},"product_brand":[],"product_cat":[2221,2280,2224,2281],"product_tag":[],"brand":[268],"class_list":{"0":"post-56013","1":"product","2":"type-product","3":"status-publish","4":"has-post-thumbnail","6":"product_cat-potalkatreszek","7":"product_cat-epitesi-feluletek","8":"product_cat-minden-potalkatresz","9":"product_cat-pei-lemezek","10":"pa_compatible-with-bambulab-fdm-3d-printers","11":"pa_fits-printer-all-bambu-lab-x1-series-p1-series","12":"brand-bambu-lab","14":"first","15":"instock","16":"taxable","17":"shipping-taxable","18":"purchasable","19":"product-type-variable"},"acf":[],"_links":{"self":[{"href":"https:\/\/azurefilm.com\/hu\/wp-json\/wp\/v2\/product\/56013","targetHints":{"allow":["GET"]}}],"collection":[{"href":"https:\/\/azurefilm.com\/hu\/wp-json\/wp\/v2\/product"}],"about":[{"href":"https:\/\/azurefilm.com\/hu\/wp-json\/wp\/v2\/types\/product"}],"replies":[{"embeddable":true,"href":"https:\/\/azurefilm.com\/hu\/wp-json\/wp\/v2\/comments?post=56013"}],"wp:featuredmedia":[{"embeddable":true,"href":"https:\/\/azurefilm.com\/hu\/wp-json\/wp\/v2\/media\/44188"}],"wp:attachment":[{"href":"https:\/\/azurefilm.com\/hu\/wp-json\/wp\/v2\/media?parent=56013"}],"wp:term":[{"taxonomy":"product_brand","embeddable":true,"href":"https:\/\/azurefilm.com\/hu\/wp-json\/wp\/v2\/product_brand?post=56013"},{"taxonomy":"product_cat","embeddable":true,"href":"https:\/\/azurefilm.com\/hu\/wp-json\/wp\/v2\/product_cat?post=56013"},{"taxonomy":"product_tag","embeddable":true,"href":"https:\/\/azurefilm.com\/hu\/wp-json\/wp\/v2\/product_tag?post=56013"},{"taxonomy":"brand","embeddable":true,"href":"https:\/\/azurefilm.com\/hu\/wp-json\/wp\/v2\/brand?post=56013"}],"curies":[{"name":"wp","href":"https:\/\/api.w.org\/{rel}","templated":true}]}}