
{"id":56018,"date":"2024-09-20T08:41:24","date_gmt":"2024-09-20T08:41:24","guid":{"rendered":"https:\/\/azurefilm.com\/product\/creality-k1-se\/"},"modified":"2025-04-11T08:03:25","modified_gmt":"2025-04-11T08:03:25","slug":"creality-k1-se","status":"publish","type":"product","link":"https:\/\/azurefilm.com\/hu\/termek\/creality-k1-se\/","title":{"rendered":"Creality K1 SE"},"content":{"rendered":"<p><span style=\"font-weight: 400;\">A<\/span><b> Creality K1 SE<\/b><span style=\"font-weight: 400;\"> 3D<\/span> <span style=\"font-weight: 400;\">nyomtat\u00f3 az intelligens tervez\u00e9st nagy sebess\u00e9ggel, pontoss\u00e1ggal \u00e9s megb\u00edzhat\u00f3s\u00e1ggal \u00f6tv\u00f6zi, hogy az \u00f6tleteket figyelemre m\u00e9lt\u00f3 hat\u00e9konys\u00e1ggal val\u00f3s\u00edtsa meg. A z\u00f6kken\u0151mentes felhaszn\u00e1l\u00f3i \u00e9lm\u00e9nyt ny\u00fajt\u00f3 3D nyomtat\u00f3t \u00fagy tervezt\u00e9k, hogy r\u00f6vid id\u0151 alatt kiemelked\u0151 eredm\u00e9nyeket \u00e9rjen el, \u00edgy ide\u00e1lis a szakemberek \u00e9s a hobbist\u00e1k sz\u00e1m\u00e1ra egyar\u00e1nt. <\/span><\/p>\n<h2><strong>Robusztus kialak\u00edt\u00e1s a stabilit\u00e1s \u00e9s tart\u00f3ss\u00e1g \u00e9rdek\u00e9ben<\/strong><\/h2>\n<p><span style=\"font-weight: 400;\">A Creality K1 SE massz\u00edv v\u00e1za integr\u00e1lt, \u00f6nt\u00f6tt alum\u00ednium\u00f6tv\u00f6zetb\u0151l k\u00e9sz\u00fclt alkatr\u00e9szekb\u0151l \u00e1ll, amelyek z\u00f6kken\u0151mentesen illeszkednek egym\u00e1sba, hogy fokozz\u00e1k a g\u00e9p stabilit\u00e1s\u00e1t. E stabilit\u00e1s tov\u00e1bbi t\u00e1mogat\u00e1sa \u00e9rdek\u00e9ben a nagy sebess\u00e9g\u0171 rezg\u00e9sek sor\u00e1n a v\u00e1zat sarokcsukl\u00f3kkal \u00e9s robusztus keresztgerend\u00e1kkal er\u0151s\u00edtett\u00e9k meg. Ez a tart\u00f3s kialak\u00edt\u00e1s m\u00e9g intenz\u00edv \u00fczemi k\u00f6r\u00fclm\u00e9nyek k\u00f6z\u00f6tt is megb\u00edzhat\u00f3 \u00e9s egyenletes nyomtat\u00e1st biztos\u00edt.  <\/span><\/p>\n<h2><strong>CoreXY szerkezet az ultra-nagysebess\u00e9g\u0171 nyomtat\u00e1shoz<\/strong><\/h2>\n<p><span style=\"font-weight: 400;\">A K1 SE egyik kiemelked\u0151 jellemz\u0151je a dinamikus CoreXY szerkezet, amelyet nagy sebess\u00e9g\u0171 nyomtat\u00e1sra terveztek a nyomtat\u00e1si min\u0151s\u00e9g roml\u00e1sa n\u00e9lk\u00fcl. Ez a fejlett szerkezet lehet\u0151v\u00e9 teszi, hogy a nyomtat\u00f3 600 mm\/s maxim\u00e1lis nyomtat\u00e1si sebess\u00e9get \u00e9s ak\u00e1r 20.000 mm\/s\u00b2 gyorsul\u00e1st \u00e9rjen el, ami a precizit\u00e1s meg\u0151rz\u00e9se mellett gyorsabb projektv\u00e9grehajt\u00e1st tesz lehet\u0151v\u00e9. <\/span><\/p>\n<h2><strong>Kett\u0151s fogaskerekes, teljesen f\u00e9m extruder<\/strong><\/h2>\n<p><span style=\"font-weight: 400;\">A K1 SE k\u00e9tfogasker\u00e9kes, teljesen f\u00e9mb\u0151l k\u00e9sz\u00fclt extruder rendszerrel van felszerelve, amely egy t\u00e1maszt\u00f3 rug\u00f3t \u00e9s egy goly\u00f3s dugatty\u00fat tartalmaz, hogy a filamentet szil\u00e1rdan r\u00f6gz\u00edtse nyomtat\u00e1s k\u00f6zben. Ez a rendszer megb\u00edzhat\u00f3 sz\u00e1ltart\u00e1st biztos\u00edt, \u00e9s \u00fagy tervezt\u00e9k, hogy sz\u00e1mos sz\u00e1lt\u00edpussal m\u0171k\u00f6dj\u00f6n, bele\u00e9rtve az olyan rugalmas anyagokat is, mint a TPU. Emellett az extruder dugul\u00e1smentes kialak\u00edt\u00e1sa z\u00f6kken\u0151mentes m\u0171k\u00f6d\u00e9st biztos\u00edt m\u00e9g \u00f6sszetettebb anyagok nyomtat\u00e1sa eset\u00e9n is. ABS nyomtat\u00e1shoz v\u00e9d\u0151burkolat haszn\u00e1lata aj\u00e1nlott.   <\/span><\/p>\n<h2><strong>Gyorsf\u0171t\u00e9ses hotend  <\/strong><\/h2>\n<p><span style=\"font-weight: 400;\">A Creality K1 SE forr\u00f3v\u00e9g\u00e9t a sebess\u00e9g \u00e9s a hat\u00e9konys\u00e1g \u00e9rdek\u00e9ben tervezt\u00e9k. A 60 W-os ker\u00e1mia f\u0171t\u0151berendez\u00e9ssel felszerelt k\u00e9sz\u00fcl\u00e9k gyorsan, mind\u00f6ssze 75 m\u00e1sodperc alatt 0 \u00e9s 300 \u00b0C k\u00f6z\u00f6tt felmelegszik, teljesen megolvasztva a filamentet, \u00edgy t\u00e1mogatva az ultragyors nyomtat\u00e1st. Ez minim\u00e1lis \u00e1ll\u00e1sid\u0151t biztos\u00edt, \u00e9s lehet\u0151v\u00e9 teszi a folyamatos nyomtat\u00e1st optim\u00e1lis sebess\u00e9ggel.  <\/span><\/p>\n<h2><strong>Tart\u00f3s h\u00e1romf\u00e9m f\u00fav\u00f3ka  <\/strong><\/h2>\n<p><span style=\"font-weight: 400;\">A K1 SE h\u00e1romf\u00e9m f\u00fav\u00f3k\u00e1t tartalmaz r\u00e9z alapb\u00f3l, ac\u00e9l hegyb\u0151l \u00e9s tit\u00e1n \u00f6tv\u00f6zetb\u0151l k\u00e9sz\u00fclt h\u0151t\u00f6r\u0151vel. Ezt a konstrukci\u00f3t \u00fagy tervezt\u00e9k, hogy megakad\u00e1lyozza a h\u0151felhalmoz\u00f3d\u00e1st, ami hozz\u00e1j\u00e1rul a tart\u00f3ss\u00e1g\u00e1hoz. A f\u00fav\u00f3ka is k\u00f6nnyen cser\u00e9lhet\u0151, ami z\u00f6kken\u0151mentes karbantart\u00e1st \u00e9s hossz\u00fa t\u00e1v\u00fa haszn\u00e1latot biztos\u00edt.  <\/span><\/p>\n<h2><strong>Intelligens algoritmusok az optimaliz\u00e1lt nyomtat\u00e1shoz<\/strong><\/h2>\n<p><span style=\"font-weight: 400;\">A Creality K1 SE intelligens algoritmusokat haszn\u00e1l a nyomtat\u00e1s min\u0151s\u00e9g\u00e9nek \u00e9s hat\u00e9konys\u00e1g\u00e1nak biztos\u00edt\u00e1sa \u00e9rdek\u00e9ben:<\/span><\/p>\n<ul>\n<li style=\"font-weight: 400;\" aria-level=\"1\"><b>Bemeneti alak\u00edt\u00e1s:<\/b><span style=\"font-weight: 400;\"> A G-\u00e9rz\u00e9kel\u0151 azonos\u00edtja a rezonanci\u00e1t okoz\u00f3 sebess\u00e9geket, \u00e9s be\u00e1ll\u00edtja a motor m\u0171k\u00f6d\u00e9s\u00e9t a potenci\u00e1lis rezg\u00e9sek m\u00e9rs\u00e9kl\u00e9s\u00e9re, \u00edgy biztos\u00edtva a sima \u00e9s pontos nyomatokat.<\/span><\/li>\n<li style=\"font-weight: 400;\" aria-level=\"1\"><b>Kiegyens\u00falyozott komponens\u0171 ventil\u00e1tor: <\/b><span style=\"font-weight: 400;\">A nyomtat\u00f3fej komponensventil\u00e1tora dinamikusan kiegyens\u00falyozott, ami cs\u00f6kkenti a nagy sebess\u00e9g\u0171 m\u0171veletek sor\u00e1n fell\u00e9p\u0151 imbolyg\u00e1st.<\/span><\/li>\n<\/ul>\n<h2><strong>Felhaszn\u00e1l\u00f3bar\u00e1t funkci\u00f3k<\/strong><\/h2>\n<p><span style=\"font-weight: 400;\">A K1 SE sz\u00e1mos automatiz\u00e1lt \u00e9s felhaszn\u00e1l\u00f3bar\u00e1t funkci\u00f3t k\u00edn\u00e1l a nyomtat\u00e1si folyamat egyszer\u0171s\u00edt\u00e9se \u00e9rdek\u00e9ben:<\/span><\/p>\n<ul>\n<li style=\"font-weight: 400;\" aria-level=\"1\"><b>Plug-and-play be\u00e1ll\u00edt\u00e1s: <\/b><span style=\"font-weight: 400;\">A nyomtat\u00f3 mind\u00f6ssze 3 perc alatt kicsomagolhat\u00f3 \u00e9s \u00fczemk\u00e9pes.<\/span><\/li>\n<li style=\"font-weight: 400;\" aria-level=\"1\"><b>Automatikus kalibr\u00e1l\u00e1s:<\/b><span style=\"font-weight: 400;\"> Az olyan funkci\u00f3k, mint az automatikus Z-eltol\u00e1s, a szintez\u00e9s \u00e9s a bemeneti alak\u00edt\u00e1si tesztek biztos\u00edtj\u00e1k, hogy a nyomtat\u00f3 minim\u00e1lis k\u00e9zi beavatkoz\u00e1ssal pontos eredm\u00e9nyeket tudjon szolg\u00e1ltatni.<\/span><\/li>\n<li style=\"font-weight: 400;\" aria-level=\"1\"><b>R\u00e9szleges t\u00e9teles hibakezel\u00e9s:<\/b><span style=\"font-weight: 400;\"> A K1 SE lehet\u0151v\u00e9 teszi a felhaszn\u00e1l\u00f3k sz\u00e1m\u00e1ra, hogy r\u00e9szleges nyomtat\u00e1si hiba eset\u00e9n kiz\u00e1rj\u00e1k a hib\u00e1s nyomatokat, \u00e9s z\u00f6kken\u0151mentesen folytass\u00e1k a t\u00e9tel t\u00f6bbi r\u00e9sz\u00e9nek nyomtat\u00e1s\u00e1t.<\/span><\/li>\n<\/ul>\n<h2><strong>Ny\u00edlt forr\u00e1sk\u00f3d\u00fa rugalmass\u00e1g \u00e9s testreszabhat\u00f3s\u00e1g<\/strong><\/h2>\n<p><span style=\"font-weight: 400;\">A K1 SE ny\u00edlt forr\u00e1sk\u00f3d\u00fa szoftverrel rendelkezik, \u00edgy a felhaszn\u00e1l\u00f3k k\u00f6nnyen m\u00f3dos\u00edthatj\u00e1k. T\u00e1mogatja a Creality OS-t, a Creality Print 5.0-t \u00e9s a Creality Cloudot a rugalmas szeletel\u00e9si lehet\u0151s\u00e9gekhez, \u00edgy a felhaszn\u00e1l\u00f3k szabadon alak\u00edthatj\u00e1k a nyomtat\u00e1si \u00e9lm\u00e9nyt saj\u00e1t ig\u00e9nyeikhez. Emellett a rugalmas PEI \u00e9p\u00edt\u0151lemez biztos\u00edtja az elk\u00e9sz\u00fclt nyomatok k\u00f6nny\u0171 elt\u00e1vol\u00edt\u00e1s\u00e1t.  <\/span><\/p>\n<h2><strong>Tov\u00e1bbi jellemz\u0151k<\/strong><\/h2>\n<p><span style=\"font-weight: 400;\">A Creality K1 SE sz\u00e1mos tov\u00e1bbi funkci\u00f3t tartalmaz a teljes\u00edtm\u00e9ny optimaliz\u00e1l\u00e1sa \u00e9rdek\u00e9ben:<\/span><\/p>\n<ul>\n<li style=\"font-weight: 400;\" aria-level=\"1\"><span style=\"font-weight: 400;\">El\u0151re beszerelt csillap\u00edt\u00f3bet\u00e9tek a zajcs\u00f6kkent\u00e9s \u00e9s a stabilit\u00e1s \u00e9rdek\u00e9ben.<\/span><\/li>\n<li style=\"font-weight: 400;\" aria-level=\"1\"><span style=\"font-weight: 400;\">Szilikon t\u00f6rl\u0151cs\u00edkok a f\u00fav\u00f3kahegyek tiszt\u00e1n tart\u00e1s\u00e1hoz.<\/span><\/li>\n<li style=\"font-weight: 400;\" aria-level=\"1\"><span style=\"font-weight: 400;\">K\u00e9z n\u00e9lk\u00fcli automatikus szintez\u00e9s a probl\u00e9mamentes be\u00e1ll\u00edt\u00e1s\u00e9rt \u00e9s pontoss\u00e1g\u00e9rt.<\/span><\/li>\n<li style=\"font-weight: 400;\" aria-level=\"1\"><span style=\"font-weight: 400;\">Rugalmas PEI rug\u00f3ac\u00e9l lemez az alkatr\u00e9szek k\u00f6nny\u0171 elt\u00e1vol\u00edt\u00e1s\u00e1hoz.<\/span><\/li>\n<\/ul>\n","protected":false},"excerpt":{"rendered":"<p><span style=\"font-weight: 400;\">Creality K1 SE &#8211; a sebess\u00e9g, a megb\u00edzhat\u00f3s\u00e1g \u00e9s a fejlett funkci\u00f3k t\u00f6k\u00e9letes kombin\u00e1ci\u00f3ja, kiv\u00e1l\u00f3an alkalmas a kiv\u00e1l\u00f3 min\u0151s\u00e9g\u0171 nyomatok hat\u00e9kony el\u0151\u00e1ll\u00edt\u00e1s\u00e1ra t\u00f6rekv\u0151 alkot\u00f3k sz\u00e1m\u00e1ra.<\/span><\/p>\n","protected":false},"featured_media":44653,"comment_status":"closed","ping_status":"closed","template":"","meta":{"_acf_changed":false},"product_brand":[],"product_cat":[1677,2251,1679,1678,1680],"product_tag":[],"brand":[],"class_list":{"0":"post-56018","1":"product","2":"type-product","3":"status-publish","4":"has-post-thumbnail","6":"product_cat-3d-nyomtato","7":"product_cat-creality-hu","8":"product_cat-elado","9":"product_cat-fdm-nyomtato","10":"product_cat-minden-3d-nyomtato","12":"first","13":"instock","14":"sale","15":"taxable","16":"shipping-taxable","17":"purchasable","18":"product-type-simple"},"acf":[],"_links":{"self":[{"href":"https:\/\/azurefilm.com\/hu\/wp-json\/wp\/v2\/product\/56018","targetHints":{"allow":["GET"]}}],"collection":[{"href":"https:\/\/azurefilm.com\/hu\/wp-json\/wp\/v2\/product"}],"about":[{"href":"https:\/\/azurefilm.com\/hu\/wp-json\/wp\/v2\/types\/product"}],"replies":[{"embeddable":true,"href":"https:\/\/azurefilm.com\/hu\/wp-json\/wp\/v2\/comments?post=56018"}],"wp:featuredmedia":[{"embeddable":true,"href":"https:\/\/azurefilm.com\/hu\/wp-json\/wp\/v2\/media\/44653"}],"wp:attachment":[{"href":"https:\/\/azurefilm.com\/hu\/wp-json\/wp\/v2\/media?parent=56018"}],"wp:term":[{"taxonomy":"product_brand","embeddable":true,"href":"https:\/\/azurefilm.com\/hu\/wp-json\/wp\/v2\/product_brand?post=56018"},{"taxonomy":"product_cat","embeddable":true,"href":"https:\/\/azurefilm.com\/hu\/wp-json\/wp\/v2\/product_cat?post=56018"},{"taxonomy":"product_tag","embeddable":true,"href":"https:\/\/azurefilm.com\/hu\/wp-json\/wp\/v2\/product_tag?post=56018"},{"taxonomy":"brand","embeddable":true,"href":"https:\/\/azurefilm.com\/hu\/wp-json\/wp\/v2\/brand?post=56018"}],"curies":[{"name":"wp","href":"https:\/\/api.w.org\/{rel}","templated":true}]}}