
{"id":56021,"date":"2024-09-20T08:41:46","date_gmt":"2024-09-20T08:41:46","guid":{"rendered":"https:\/\/azurefilm.com\/product\/creality-ender-3-v3-plus\/"},"modified":"2025-04-11T07:46:21","modified_gmt":"2025-04-11T07:46:21","slug":"creality-ender-3-v3-plus","status":"publish","type":"product","link":"https:\/\/azurefilm.com\/hu\/termek\/creality-ender-3-v3-plus\/","title":{"rendered":"Creality Ender 3 V3 Plus"},"content":{"rendered":"<p><span style=\"font-weight: 400;\">A <\/span><b>Ender 3 V3 Plus<\/b><span style=\"font-weight: 400;\">  a Crealityt\u0151l m\u00e9g a legambici\u00f3zusabb elk\u00e9pzel\u00e9seknek is helyet biztos\u00edt, 300x300x330 mm-es leny\u0171g\u00f6z\u0151 \u00e9p\u00edt\u00e9si t\u00e9rfogat\u00e1val. Ez a nagy \u00e9p\u00edt\u00e9si ter\u00fclet lehet\u0151v\u00e9 teszi a felhaszn\u00e1l\u00f3k sz\u00e1m\u00e1ra, hogy nagyobb t\u00e1rgyakat vagy t\u00f6bb alkatr\u00e9szt nyomtassanak egyetlen munk\u00e1val, \u00edgy ide\u00e1lis a tervez\u0151k \u00e9s alkot\u00f3k sz\u00e1m\u00e1ra, akik nagyobb l\u00e9pt\u00e9kben szeretn\u00e9k megval\u00f3s\u00edtani \u00f6tleteiket. <\/span><\/p>\n<h2><strong>Robusztus \u00e9s stabil fel\u00e9p\u00edt\u00e9s<\/strong><\/h2>\n<p><span style=\"font-weight: 400;\">A nyomtat\u00f3 gantry \u00e9s az alap egyetlen alum\u00ednium\u00f6tv\u00f6zetb\u0151l \u00f6nt\u00f6tt alkatr\u00e9szb\u0151l k\u00e9sz\u00fclt, amely robusztus h\u00e1romsz\u00f6g alak\u00fa szerkezetet alkot. Ezt a stabil konstrukci\u00f3t k\u00e9t tov\u00e1bbi t\u00e1maszt\u00f3 r\u00fad tov\u00e1bb er\u0151s\u00edti, amelyek n\u00f6velik a Z-tengely stabilit\u00e1s\u00e1t, \u00e9s jelent\u0151sen cs\u00f6kkentik a nyomtat\u00e1s k\u00f6zbeni imbolyg\u00e1st. A kevesebb csavarral \u00e9s lekerek\u00edtett sarkokkal az Ender 3 V3 Plus nemcsak megb\u00edzhat\u00f3 teljes\u00edtm\u00e9nyt ny\u00fajt, hanem eleg\u00e1ns, modern megjelen\u00e9ssel is b\u00fcszk\u00e9lkedhet.  <\/span><\/p>\n<h2><strong>CoreXZ mozg\u00e1srendszer<\/strong><\/h2>\n<p><span style=\"font-weight: 400;\">A fejlett CoreXZ mozg\u00e1srendszerrel m\u0171k\u00f6d\u0151 Ender 3 V3 Plus az X \u00e9s Z tengelyt kombin\u00e1lja a stabil, nagy sebess\u00e9g\u0171 nyomtat\u00e1s \u00e9rdek\u00e9ben. A mozg\u00e1srendszert k\u00e9t nagy teljes\u00edtm\u00e9ny\u0171 motor t\u00e1mogatja, biztos\u00edtva a tengelyek \u00f6sszehangolt \u00e9s egyenletes mozg\u00e1s\u00e1t.   <\/span><\/p>\n<p><span style=\"font-weight: 400;\">Az eredm\u00e9ny a leny\u0171g\u00f6z\u0151 600 mm\/s v\u00e9gsebess\u00e9g \u00e9s a 20.000 mm\/s\u00b2 maxim\u00e1lis gyorsul\u00e1s, amely 12-szer gyorsabb nyomtat\u00e1si \u00e9lm\u00e9nyt ny\u00fajt a pontoss\u00e1g fel\u00e1ldoz\u00e1sa n\u00e9lk\u00fcl. Az Y-tengelyt k\u00e9t nagy teljes\u00edtm\u00e9ny\u0171 motorral is felszerelt\u00e9k, amelyek 1000 Nm cs\u00facsnyomat\u00e9kot termelnek, lehet\u0151v\u00e9 t\u00e9ve a nyomtat\u00f3\u00e1gy egyenletes \u00e9s pontos mozg\u00e1s\u00e1t a line\u00e1ris vezet\u0151 rudak ment\u00e9n. <\/span><\/p>\n<h2><strong>Optimaliz\u00e1lt k\u00f6zvetlen meghajt\u00e1s\u00fa extruder \u00e9s hat\u00e9kony f\u0171t\u00e9s<\/strong><\/h2>\n<p><span style=\"font-weight: 400;\">Az Ender 3 V3 Plus optimaliz\u00e1lt, k\u00f6zvetlen meghajt\u00e1s\u00fa extruderrel rendelkezik, amely t\u00e1maszt\u00f3rug\u00f3val \u00e9s goly\u00f3s g\u00f6rg\u0151vel van felszerelve az er\u0151s sz\u00e1lmegfog\u00e1s \u00e9s az elt\u00f6m\u0151d\u00e9smentes extrud\u00e1l\u00e1s biztos\u00edt\u00e1sa \u00e9rdek\u00e9ben. A teljes\u00edtm\u00e9ny tov\u00e1bbi fokoz\u00e1sa \u00e9rdek\u00e9ben a nyomtat\u00f3 60 wattos ker\u00e1mia f\u0171t\u0151elemet tartalmaz, amely mind\u00f6ssze 75 m\u00e1sodperc alatt 300 \u00b0C-ra melegszik fel. Ez a gyors, magas h\u0151m\u00e9rs\u00e9klet\u0171 k\u00e9pess\u00e9g lehet\u0151v\u00e9 teszi a megb\u00edzhat\u00f3 filamentolvaszt\u00e1st m\u00e9g nagy sebess\u00e9g\u0171 nyomtat\u00e1s sor\u00e1n is, \u00edgy biztos\u00edtva a k\u00f6vetkezetes kimenetet.  <\/span><\/p>\n<h2><span style=\"font-weight: 400;\"><strong>H\u00e1romf\u00e9m f\u00fav\u00f3ka<\/strong> <\/span><\/h2>\n<p><span style=\"font-weight: 400;\">Az Ender 3 V3 Plus k\u00f6zponti eleme egy Unicorn h\u00e1romf\u00e9m f\u00fav\u00f3ka. Ez a f\u00fav\u00f3ka egy r\u00e9z alapot, egy ac\u00e9l hegyet \u00e9s egy tit\u00e1n\u00f6tv\u00f6zetb\u0151l k\u00e9sz\u00fclt h\u0151t\u00f6r\u00e9st integr\u00e1l. Az eredm\u00e9ny egy tart\u00f3s f\u00fav\u00f3ka, amely hat\u00e9konyan blokkolja a t\u00falzott h\u0151fejl\u0151d\u00e9st, \u00edgy hossz\u00fa id\u0151n kereszt\u00fcl prec\u00edz nyomtat\u00e1st tesz lehet\u0151v\u00e9. A f\u00fav\u00f3k\u00e1t emellett \u00fagy tervezt\u00e9k, hogy k\u00f6nnyen cser\u00e9lhet\u0151 legyen, \u00edgy a karbantart\u00e1s egyszer\u0171v\u00e9 v\u00e1lik.   <\/span><\/p>\n<p><b>Megjegyz\u00e9s: <\/b><span style=\"font-weight: 400;\">A s\u00e9r\u00fcl\u00e9sek elker\u00fcl\u00e9se \u00e9rdek\u00e9ben gy\u0151z\u0151dj\u00f6n meg r\u00f3la, hogy a f\u00fav\u00f3ka h\u0171v\u00f6s, miel\u0151tt kezeli.<\/span><\/p>\n<h2><strong>Hat\u00e9kony h\u0171t\u0151ventil\u00e1torok<\/strong><\/h2>\n<p><span style=\"font-weight: 400;\">Az Ender 3 V3 Plus hat\u00e9kony h\u0171t\u0151ventil\u00e1torokkal van felszerelve, amelyek a nyomtat\u00f3fej elej\u00e9n \u00e9s h\u00e1tulj\u00e1n tal\u00e1lhat\u00f3k. Ezek a ventil\u00e1torok biztos\u00edtj\u00e1k a frissen nyomtatott r\u00e9tegek gyors \u00e9s egyenletes h\u0171t\u00e9s\u00e9t, ami jav\u00edtja a nyomtat\u00e1s \u00e1ltal\u00e1nos min\u0151s\u00e9g\u00e9t, \u00e9s cs\u00f6kkenti a v\u00e9gs\u0151 modellben a torzul\u00e1s vagy deform\u00e1ci\u00f3 kock\u00e1zat\u00e1t. <\/span><\/p>\n<h2><strong>Tov\u00e1bbi jellemz\u0151k<\/strong><\/h2>\n<p><span style=\"font-weight: 400;\">Az Ender 3 V3 Plus sz\u00e1mos tov\u00e1bbi funkci\u00f3t k\u00edn\u00e1l, amelyek jav\u00edtj\u00e1k a haszn\u00e1lhat\u00f3s\u00e1got \u00e9s a teljes\u00edtm\u00e9nyt.<\/span><\/p>\n<ul>\n<li style=\"font-weight: 400;\" aria-level=\"1\"><span style=\"font-weight: 400;\">El\u0151re \u00f6sszeszerelt modulok a gyors \u00e9s egyszer\u0171 telep\u00edt\u00e9shez.<\/span><\/li>\n<li style=\"font-weight: 400;\" aria-level=\"1\"><span style=\"font-weight: 400;\">Csendes \u00fczemm\u00f3d, \u2264 55dB zajszint.<\/span><\/li>\n<li style=\"font-weight: 400;\" aria-level=\"1\"><span style=\"font-weight: 400;\">Automatikus kalibr\u00e1l\u00e1s egycsapos szintez\u00e9ssel, Z eltol\u00e1ssal \u00e9s bemeneti alak\u00edt\u00e1si tesztekkel.<\/span><\/li>\n<li style=\"font-weight: 400;\" aria-level=\"1\"><span style=\"font-weight: 400;\">Az XZ-sz\u00edj teljesen automatiz\u00e1lt fesz\u00edt\u00e9se.<\/span><\/li>\n<li style=\"font-weight: 400;\" aria-level=\"1\"><span style=\"font-weight: 400;\">Ide\u00e1lis t\u00f6bb nyomtat\u00f3val rendelkez\u0151 nyomtat\u00f3farmok l\u00e9trehoz\u00e1s\u00e1hoz.<\/span><\/li>\n<li style=\"font-weight: 400;\" aria-level=\"1\"><span style=\"font-weight: 400;\">Ny\u00edlt forr\u00e1sk\u00f3d\u00fa Creality OS, kompatibilis a Creality Print Slicerrel \u00e9s a Creality Cloud App alkalmaz\u00e1ssal a z\u00f6kken\u0151mentes munkafolyamat-integr\u00e1ci\u00f3 \u00e9rdek\u00e9ben.<\/span><\/li>\n<\/ul>\n","protected":false},"excerpt":{"rendered":"<p><span style=\"font-weight: 400;\">Creality Ender 3 V3 Plus &#8211; nagy teljes\u00edtm\u00e9ny\u0171, felhaszn\u00e1l\u00f3bar\u00e1t \u00e9s hat\u00e9kony 3D nyomtat\u00f3 300x300x330 mm-es \u00e9p\u00edt\u00e9si t\u00e9rfogattal.  <\/span><\/p>\n","protected":false},"featured_media":44703,"comment_status":"closed","ping_status":"closed","template":"","meta":{"_acf_changed":false},"product_brand":[],"product_cat":[1677,2251,1679,1678,1680],"product_tag":[],"brand":[],"class_list":{"0":"post-56021","1":"product","2":"type-product","3":"status-publish","4":"has-post-thumbnail","6":"product_cat-3d-nyomtato","7":"product_cat-creality-hu","8":"product_cat-elado","9":"product_cat-fdm-nyomtato","10":"product_cat-minden-3d-nyomtato","12":"first","13":"outofstock","14":"sale","15":"taxable","16":"shipping-taxable","17":"purchasable","18":"product-type-simple"},"acf":[],"_links":{"self":[{"href":"https:\/\/azurefilm.com\/hu\/wp-json\/wp\/v2\/product\/56021","targetHints":{"allow":["GET"]}}],"collection":[{"href":"https:\/\/azurefilm.com\/hu\/wp-json\/wp\/v2\/product"}],"about":[{"href":"https:\/\/azurefilm.com\/hu\/wp-json\/wp\/v2\/types\/product"}],"replies":[{"embeddable":true,"href":"https:\/\/azurefilm.com\/hu\/wp-json\/wp\/v2\/comments?post=56021"}],"wp:featuredmedia":[{"embeddable":true,"href":"https:\/\/azurefilm.com\/hu\/wp-json\/wp\/v2\/media\/44703"}],"wp:attachment":[{"href":"https:\/\/azurefilm.com\/hu\/wp-json\/wp\/v2\/media?parent=56021"}],"wp:term":[{"taxonomy":"product_brand","embeddable":true,"href":"https:\/\/azurefilm.com\/hu\/wp-json\/wp\/v2\/product_brand?post=56021"},{"taxonomy":"product_cat","embeddable":true,"href":"https:\/\/azurefilm.com\/hu\/wp-json\/wp\/v2\/product_cat?post=56021"},{"taxonomy":"product_tag","embeddable":true,"href":"https:\/\/azurefilm.com\/hu\/wp-json\/wp\/v2\/product_tag?post=56021"},{"taxonomy":"brand","embeddable":true,"href":"https:\/\/azurefilm.com\/hu\/wp-json\/wp\/v2\/brand?post=56021"}],"curies":[{"name":"wp","href":"https:\/\/api.w.org\/{rel}","templated":true}]}}