
{"id":56027,"date":"2024-10-14T11:32:20","date_gmt":"2024-10-14T11:32:20","guid":{"rendered":"https:\/\/azurefilm.com\/product\/creality-fuvokakeszlet-k1-hez\/"},"modified":"2024-10-14T11:32:20","modified_gmt":"2024-10-14T11:32:20","slug":"creality-fuvokakeszlet-k1-hez","status":"publish","type":"product","link":"https:\/\/azurefilm.com\/hu\/termek\/creality-fuvokakeszlet-k1-hez\/","title":{"rendered":"Creality f\u00fav\u00f3kak\u00e9szlet K1-hez"},"content":{"rendered":"<p><span style=\"font-weight: 400;\">Ezt a f\u00fav\u00f3kak\u00e9szletet kifejezetten a Creality K1 3D nyomtat\u00f3khoz tervezt\u00e9k, \u00edgy biztos\u00edtva az optim\u00e1lis teljes\u00edtm\u00e9nyt \u00e9s pontoss\u00e1got.<\/span><\/p>\n<p><strong>A csomag tartalmazza:<\/strong><\/p>\n<ul>\n<li style=\"font-weight: 400;\" aria-level=\"1\"><span style=\"font-weight: 400;\">1 x s\u00e1rgar\u00e9z f\u00fav\u00f3ka<\/span><\/li>\n<li style=\"font-weight: 400;\" aria-level=\"1\"><span style=\"font-weight: 400;\">1 x edzett ac\u00e9l f\u00fav\u00f3ka<\/span><\/li>\n<\/ul>\n","protected":false},"excerpt":{"rendered":"<p><span style=\"font-weight: 400;\">Creality f\u00fav\u00f3kak\u00e9szlet K1-hez &#8211; kifejezetten a Creality K1 3D nyomtat\u00f3hoz tervezve.<\/span><\/p>\n","protected":false},"featured_media":47537,"comment_status":"closed","ping_status":"closed","template":"","meta":{"_acf_changed":false},"product_brand":[],"product_cat":[2221,2243,1679,2226,2224,2227],"product_tag":[],"brand":[],"class_list":{"0":"post-56027","1":"product","2":"type-product","3":"status-publish","4":"has-post-thumbnail","6":"product_cat-potalkatreszek","7":"product_cat-edzett-es-kopasallo-fuvokak","8":"product_cat-elado","9":"product_cat-fuvoszarnyak","10":"product_cat-minden-potalkatresz","11":"product_cat-rendszeres-fuvokak","12":"pa_compatible-with-creality-fdm-3d-printers","13":"pa_fits-printer-creality-k1","15":"first","16":"instock","17":"sale","18":"taxable","19":"shipping-taxable","20":"purchasable","21":"product-type-simple"},"acf":[],"_links":{"self":[{"href":"https:\/\/azurefilm.com\/hu\/wp-json\/wp\/v2\/product\/56027","targetHints":{"allow":["GET"]}}],"collection":[{"href":"https:\/\/azurefilm.com\/hu\/wp-json\/wp\/v2\/product"}],"about":[{"href":"https:\/\/azurefilm.com\/hu\/wp-json\/wp\/v2\/types\/product"}],"replies":[{"embeddable":true,"href":"https:\/\/azurefilm.com\/hu\/wp-json\/wp\/v2\/comments?post=56027"}],"wp:featuredmedia":[{"embeddable":true,"href":"https:\/\/azurefilm.com\/hu\/wp-json\/wp\/v2\/media\/47537"}],"wp:attachment":[{"href":"https:\/\/azurefilm.com\/hu\/wp-json\/wp\/v2\/media?parent=56027"}],"wp:term":[{"taxonomy":"product_brand","embeddable":true,"href":"https:\/\/azurefilm.com\/hu\/wp-json\/wp\/v2\/product_brand?post=56027"},{"taxonomy":"product_cat","embeddable":true,"href":"https:\/\/azurefilm.com\/hu\/wp-json\/wp\/v2\/product_cat?post=56027"},{"taxonomy":"product_tag","embeddable":true,"href":"https:\/\/azurefilm.com\/hu\/wp-json\/wp\/v2\/product_tag?post=56027"},{"taxonomy":"brand","embeddable":true,"href":"https:\/\/azurefilm.com\/hu\/wp-json\/wp\/v2\/brand?post=56027"}],"curies":[{"name":"wp","href":"https:\/\/api.w.org\/{rel}","templated":true}]}}