
{"id":56029,"date":"2024-10-14T11:32:40","date_gmt":"2024-10-14T11:32:40","guid":{"rendered":"https:\/\/azurefilm.com\/product\/creality-unicorn-gyors-cserelheto-fuvokakeszlet-k1c-hez\/"},"modified":"2024-10-14T11:32:40","modified_gmt":"2024-10-14T11:32:40","slug":"creality-unicorn-gyors-cserelheto-fuvokakeszlet-k1c-hez","status":"publish","type":"product","link":"https:\/\/azurefilm.com\/hu\/termek\/creality-unicorn-gyors-cserelheto-fuvokakeszlet-k1c-hez\/","title":{"rendered":"Creality Unicorn gyors cser\u00e9lhet\u0151 f\u00fav\u00f3kak\u00e9szlet K1C-hez"},"content":{"rendered":"<p><span style=\"font-weight: 400;\">A Creality Unicorn Quick Swap Nozzle Kit for K1C a gyors f\u00fav\u00f3kacser\u00e9khez k\u00e9sz\u00fclt, robusztus h\u00e1romf\u00e9mszerkezet\u0171, a hat\u00e9kony \u00f6sszeszerel\u00e9s \u00e9s sz\u00e9tszerel\u00e9s \u00e9rdek\u00e9ben f\u00fav\u00f3k\u00e1t \u00e9s h\u0151szigetel\u0151t is tartalmaz\u00f3 k\u00e9szlet.<\/span><\/p>\n<h2><strong>Nagy \u00e1raml\u00e1s a nagy sebess\u00e9g\u0171 nyomtat\u00e1shoz<\/strong><\/h2>\n<p><span style=\"font-weight: 400;\">A megn\u00f6velt f\u00fav\u00f3kakamr\u00e1nak k\u00f6sz\u00f6nhet\u0151en az Unicorn f\u00fav\u00f3ka ak\u00e1r 30 mm\u00b3\/s maxim\u00e1lis \u00e1raml\u00e1si sebess\u00e9get is el\u00e9r. Teljesen f\u00e9mb\u0151l k\u00e9sz\u00fclt szerkezete t\u00e1mogatja a nagy sebess\u00e9g\u0171 nyomtat\u00e1st ak\u00e1r 600 mm\/s sebess\u00e9ggel, \u00edgy kiv\u00e1l\u00f3 teljes\u00edtm\u00e9nyt biztos\u00edt az ig\u00e9nyes alkalmaz\u00e1sokban. <\/span><\/p>\n<h2><strong>Tart\u00f3s, teljesen f\u00e9mszerkezet\u0171 szerkezet<\/strong><\/h2>\n<p><span style=\"font-weight: 400;\">A h\u0151v\u00e1g\u00f3 tart\u00f3s tit\u00e1n\u00f6tv\u00f6zetb\u0151l k\u00e9sz\u00fclt, amely minimaliz\u00e1lja a h\u0151\u00e1tad\u00e1st, m\u00edg a f\u00fav\u00f3ka r\u00e9z\u00f6tv\u00f6zetb\u0151l k\u00e9sz\u00fclt, amely leny\u0171g\u00f6z\u0151, 330 W\/mK h\u0151vezet\u00e9si egy\u00fctthat\u00f3val rendelkezik. A 7,8 Mohs-kem\u00e9nys\u00e9g\u0171, edzett ac\u00e9lb\u00f3l k\u00e9sz\u00fclt f\u00fav\u00f3kahegy tov\u00e1bb n\u00f6veli a tart\u00f3ss\u00e1got. Ez a tov\u00e1bbfejlesztett anyag\u00f6sszet\u00e9tel lehet\u0151v\u00e9 teszi a kompatibilit\u00e1st a sz\u00e1lak sz\u00e9les sk\u00e1l\u00e1j\u00e1val, bele\u00e9rtve a PLA, ABS, PETG, TPU, PP, PC, PLA-CF, PA-CF \u00e9s PET-CF sz\u00e1lakat.  <\/span><\/p>\n<h2><strong>K\u00fcl\u00f6nb\u00f6z\u0151 f\u00fav\u00f3ka\u00e1tm\u00e9r\u0151k<\/strong><\/h2>\n<p><span style=\"font-weight: 400;\">A k\u00e9szlet h\u00e1rom f\u00fav\u00f3ka\u00e1tm\u00e9r\u0151t tartalmaz (0,4 mm, 0,6 mm, 0,8 mm), amelyek rugalmass\u00e1got biztos\u00edtanak a k\u00fcl\u00f6nb\u00f6z\u0151 nyomtat\u00e1si ig\u00e9nyek kiel\u00e9g\u00edt\u00e9s\u00e9hez, a r\u00e9szletgazdags\u00e1gt\u00f3l a gyorsabb, robusztusabb nyomatokig.<\/span><\/p>\n<ul>\n<li style=\"font-weight: 400;\" aria-level=\"1\"><span style=\"font-weight: 400;\">2 x 0,4 mm-es Unicorn f\u00fav\u00f3k\u00e1k<\/span><\/li>\n<li style=\"font-weight: 400;\" aria-level=\"1\"><span style=\"font-weight: 400;\">1 x 0,6 mm-es Unicorn f\u00fav\u00f3ka<\/span><\/li>\n<li style=\"font-weight: 400;\" aria-level=\"1\"><span style=\"font-weight: 400;\">1 x 0,8 mm-es Unicorn f\u00fav\u00f3ka<\/span><\/li>\n<\/ul>\n","protected":false},"excerpt":{"rendered":"<p><span style=\"font-weight: 400;\">V\u00e1s\u00e1roljon Creality Unicorn Quick Swap Nozzle Kit-et a K1C-hez a gyors f\u00fav\u00f3kacser\u00e9hez, \u00e9s szerezzen be h\u00e1rom k\u00fcl\u00f6nb\u00f6z\u0151 \u00e1tm\u00e9r\u0151j\u0171 f\u00fav\u00f3k\u00e1t.<\/span><\/p>\n","protected":false},"featured_media":47524,"comment_status":"closed","ping_status":"closed","template":"","meta":{"_acf_changed":false},"product_brand":[],"product_cat":[2221,2226,2224,2227],"product_tag":[],"brand":[],"class_list":{"0":"post-56029","1":"product","2":"type-product","3":"status-publish","4":"has-post-thumbnail","6":"product_cat-potalkatreszek","7":"product_cat-fuvoszarnyak","8":"product_cat-minden-potalkatresz","9":"product_cat-rendszeres-fuvokak","10":"pa_compatible-with-creality-fdm-3d-printers","11":"pa_fits-printer-creality-k1c","13":"first","14":"outofstock","15":"taxable","16":"shipping-taxable","17":"purchasable","18":"product-type-simple"},"acf":[],"_links":{"self":[{"href":"https:\/\/azurefilm.com\/hu\/wp-json\/wp\/v2\/product\/56029","targetHints":{"allow":["GET"]}}],"collection":[{"href":"https:\/\/azurefilm.com\/hu\/wp-json\/wp\/v2\/product"}],"about":[{"href":"https:\/\/azurefilm.com\/hu\/wp-json\/wp\/v2\/types\/product"}],"replies":[{"embeddable":true,"href":"https:\/\/azurefilm.com\/hu\/wp-json\/wp\/v2\/comments?post=56029"}],"wp:featuredmedia":[{"embeddable":true,"href":"https:\/\/azurefilm.com\/hu\/wp-json\/wp\/v2\/media\/47524"}],"wp:attachment":[{"href":"https:\/\/azurefilm.com\/hu\/wp-json\/wp\/v2\/media?parent=56029"}],"wp:term":[{"taxonomy":"product_brand","embeddable":true,"href":"https:\/\/azurefilm.com\/hu\/wp-json\/wp\/v2\/product_brand?post=56029"},{"taxonomy":"product_cat","embeddable":true,"href":"https:\/\/azurefilm.com\/hu\/wp-json\/wp\/v2\/product_cat?post=56029"},{"taxonomy":"product_tag","embeddable":true,"href":"https:\/\/azurefilm.com\/hu\/wp-json\/wp\/v2\/product_tag?post=56029"},{"taxonomy":"brand","embeddable":true,"href":"https:\/\/azurefilm.com\/hu\/wp-json\/wp\/v2\/brand?post=56029"}],"curies":[{"name":"wp","href":"https:\/\/api.w.org\/{rel}","templated":true}]}}