
{"id":56030,"date":"2024-10-14T11:33:00","date_gmt":"2024-10-14T11:33:00","guid":{"rendered":"https:\/\/azurefilm.com\/product\/creality-tapegyseg-a-k1-max-hoz\/"},"modified":"2024-10-14T11:33:00","modified_gmt":"2024-10-14T11:33:00","slug":"creality-tapegyseg-a-k1-max-hoz","status":"publish","type":"product","link":"https:\/\/azurefilm.com\/hu\/termek\/creality-tapegyseg-a-k1-max-hoz\/","title":{"rendered":"Creality t\u00e1pegys\u00e9g a K1 Max-hoz"},"content":{"rendered":"<p><span style=\"font-weight: 400;\">A Creality t\u00e1pegys\u00e9g a K1 Max-hoz megb\u00edzhat\u00f3 \u00e9s egyenletes \u00e1ramell\u00e1t\u00e1st biztos\u00edt 3D nyomtat\u00f3j\u00e1nak, stabil m\u0171k\u00f6d\u00e9st \u00e9s hat\u00e9kony teljes\u00edtm\u00e9nyt biztos\u00edtva a kiv\u00e1l\u00f3 min\u0151s\u00e9g\u0171, megszak\u00edt\u00e1s n\u00e9lk\u00fcli nyomtat\u00e1shoz.<\/span><\/p>\n","protected":false},"excerpt":{"rendered":"<p><span style=\"font-weight: 400;\">Creality t\u00e1pegys\u00e9g a K1 Max-hoz a megb\u00edzhat\u00f3 \u00e9s egyenletes \u00e1ramell\u00e1t\u00e1s\u00e9rt a 3D nyomtat\u00f3hoz, biztos\u00edtva a stabil m\u0171k\u00f6d\u00e9st.  <\/span><\/p>\n","protected":false},"featured_media":47512,"comment_status":"closed","ping_status":"closed","template":"","meta":{"_acf_changed":false},"product_brand":[],"product_cat":[2221,1679,2291,2224],"product_tag":[],"brand":[],"class_list":{"0":"post-56030","1":"product","2":"type-product","3":"status-publish","4":"has-post-thumbnail","6":"product_cat-potalkatreszek","7":"product_cat-elado","8":"product_cat-elektronika-hu","9":"product_cat-minden-potalkatresz","10":"pa_compatible-with-creality-fdm-3d-printers","11":"pa_fits-printer-creality-k1-max","13":"first","14":"instock","15":"sale","16":"taxable","17":"shipping-taxable","18":"purchasable","19":"product-type-simple"},"acf":[],"_links":{"self":[{"href":"https:\/\/azurefilm.com\/hu\/wp-json\/wp\/v2\/product\/56030","targetHints":{"allow":["GET"]}}],"collection":[{"href":"https:\/\/azurefilm.com\/hu\/wp-json\/wp\/v2\/product"}],"about":[{"href":"https:\/\/azurefilm.com\/hu\/wp-json\/wp\/v2\/types\/product"}],"replies":[{"embeddable":true,"href":"https:\/\/azurefilm.com\/hu\/wp-json\/wp\/v2\/comments?post=56030"}],"wp:featuredmedia":[{"embeddable":true,"href":"https:\/\/azurefilm.com\/hu\/wp-json\/wp\/v2\/media\/47512"}],"wp:attachment":[{"href":"https:\/\/azurefilm.com\/hu\/wp-json\/wp\/v2\/media?parent=56030"}],"wp:term":[{"taxonomy":"product_brand","embeddable":true,"href":"https:\/\/azurefilm.com\/hu\/wp-json\/wp\/v2\/product_brand?post=56030"},{"taxonomy":"product_cat","embeddable":true,"href":"https:\/\/azurefilm.com\/hu\/wp-json\/wp\/v2\/product_cat?post=56030"},{"taxonomy":"product_tag","embeddable":true,"href":"https:\/\/azurefilm.com\/hu\/wp-json\/wp\/v2\/product_tag?post=56030"},{"taxonomy":"brand","embeddable":true,"href":"https:\/\/azurefilm.com\/hu\/wp-json\/wp\/v2\/brand?post=56030"}],"curies":[{"name":"wp","href":"https:\/\/api.w.org\/{rel}","templated":true}]}}