
{"id":56033,"date":"2024-10-14T11:33:21","date_gmt":"2024-10-14T11:33:21","guid":{"rendered":"https:\/\/azurefilm.com\/product\/creality-alkatresz-hutoventilator-a-k1-k1c-k1-max-hoz\/"},"modified":"2024-10-14T11:33:21","modified_gmt":"2024-10-14T11:33:21","slug":"creality-alkatresz-hutoventilator-a-k1-k1c-k1-max-hoz","status":"publish","type":"product","link":"https:\/\/azurefilm.com\/hu\/termek\/creality-alkatresz-hutoventilator-a-k1-k1c-k1-max-hoz\/","title":{"rendered":"Creality alkatr\u00e9sz h\u0171t\u0151ventil\u00e1tor a K1\/K1C\/K1 Max-hoz"},"content":{"rendered":"<p><span style=\"font-weight: 400;\">A Creality Part Cooling Fan for K1\/K1C\/K1 Max n\u00f6veli a 3D nyomatok min\u0151s\u00e9g\u00e9t az\u00e1ltal, hogy gyorsan \u00e9s egyenletesen h\u0171ti a nyomtatott anyagot, jav\u00edtja a r\u00e9tegek tapad\u00e1s\u00e1t \u00e9s cs\u00f6kkenti a vetemed\u00e9st a sim\u00e1bb, pontosabb eredm\u00e9nyek \u00e9rdek\u00e9ben.<\/span><\/p>\n","protected":false},"excerpt":{"rendered":"<p><span style=\"font-weight: 400;\">A Creality Part Cooling Fan for K1\/K1C\/K1 Max ventil\u00e1tor a nyomtatott anyag gyors \u00e9s egyenletes h\u0171t\u00e9s\u00e9re szolg\u00e1l.  <\/span><\/p>\n","protected":false},"featured_media":47506,"comment_status":"closed","ping_status":"closed","template":"","meta":{"_acf_changed":false},"product_brand":[],"product_cat":[2221,1679,2229,2224],"product_tag":[],"brand":[],"class_list":{"0":"post-56033","1":"product","2":"type-product","3":"status-publish","4":"has-post-thumbnail","6":"product_cat-potalkatreszek","7":"product_cat-elado","8":"product_cat-fans-hu","9":"product_cat-minden-potalkatresz","10":"pa_compatible-with-creality-fdm-3d-printers","11":"pa_fits-printer-creality-k1","12":"pa_fits-printer-creality-k1-max","13":"pa_fits-printer-creality-k1c","15":"first","16":"instock","17":"sale","18":"taxable","19":"shipping-taxable","20":"purchasable","21":"product-type-simple"},"acf":[],"_links":{"self":[{"href":"https:\/\/azurefilm.com\/hu\/wp-json\/wp\/v2\/product\/56033","targetHints":{"allow":["GET"]}}],"collection":[{"href":"https:\/\/azurefilm.com\/hu\/wp-json\/wp\/v2\/product"}],"about":[{"href":"https:\/\/azurefilm.com\/hu\/wp-json\/wp\/v2\/types\/product"}],"replies":[{"embeddable":true,"href":"https:\/\/azurefilm.com\/hu\/wp-json\/wp\/v2\/comments?post=56033"}],"wp:featuredmedia":[{"embeddable":true,"href":"https:\/\/azurefilm.com\/hu\/wp-json\/wp\/v2\/media\/47506"}],"wp:attachment":[{"href":"https:\/\/azurefilm.com\/hu\/wp-json\/wp\/v2\/media?parent=56033"}],"wp:term":[{"taxonomy":"product_brand","embeddable":true,"href":"https:\/\/azurefilm.com\/hu\/wp-json\/wp\/v2\/product_brand?post=56033"},{"taxonomy":"product_cat","embeddable":true,"href":"https:\/\/azurefilm.com\/hu\/wp-json\/wp\/v2\/product_cat?post=56033"},{"taxonomy":"product_tag","embeddable":true,"href":"https:\/\/azurefilm.com\/hu\/wp-json\/wp\/v2\/product_tag?post=56033"},{"taxonomy":"brand","embeddable":true,"href":"https:\/\/azurefilm.com\/hu\/wp-json\/wp\/v2\/brand?post=56033"}],"curies":[{"name":"wp","href":"https:\/\/api.w.org\/{rel}","templated":true}]}}