
{"id":56039,"date":"2024-10-14T11:35:27","date_gmt":"2024-10-14T11:35:27","guid":{"rendered":"https:\/\/azurefilm.com\/product\/creality-alkatresz-hutoventilator-ender-3-v3-se-hez\/"},"modified":"2024-10-14T11:35:27","modified_gmt":"2024-10-14T11:35:27","slug":"creality-alkatresz-hutoventilator-ender-3-v3-se-hez","status":"publish","type":"product","link":"https:\/\/azurefilm.com\/hu\/termek\/creality-alkatresz-hutoventilator-ender-3-v3-se-hez\/","title":{"rendered":"Creality alkatr\u00e9sz h\u0171t\u0151ventil\u00e1tor Ender 3 V3 SE-hez"},"content":{"rendered":"<p><span style=\"font-weight: 400;\">A Creality Part Cooling Fan for Ender 3 V3 SE n\u00f6veli a 3D nyomtat\u00e1sok min\u0151s\u00e9g\u00e9t az\u00e1ltal, hogy gyorsan \u00e9s egyenletesen leh\u0171ti a nyomtatott anyagot, jav\u00edtja a r\u00e9tegek tapad\u00e1s\u00e1t \u00e9s cs\u00f6kkenti a vetemed\u00e9st a sim\u00e1bb, pontosabb eredm\u00e9nyek \u00e9rdek\u00e9ben.<\/span><\/p>\n","protected":false},"excerpt":{"rendered":"<p><span style=\"font-weight: 400;\">A Creality Part Cooling Fan for Ender 3 V3 SE ventil\u00e1tort a nyomtatott anyag gyors \u00e9s egyenletes h\u0171t\u00e9s\u00e9re tervezt\u00e9k.  <\/span><\/p>\n","protected":false},"featured_media":47402,"comment_status":"closed","ping_status":"closed","template":"","meta":{"_acf_changed":false},"product_brand":[],"product_cat":[2221,1679,2229,2224],"product_tag":[],"brand":[],"class_list":{"0":"post-56039","1":"product","2":"type-product","3":"status-publish","4":"has-post-thumbnail","6":"product_cat-potalkatreszek","7":"product_cat-elado","8":"product_cat-fans-hu","9":"product_cat-minden-potalkatresz","10":"pa_compatible-with-creality-fdm-3d-printers","11":"pa_fits-printer-creality-ender-3-v3-se","13":"first","14":"instock","15":"sale","16":"taxable","17":"shipping-taxable","18":"purchasable","19":"product-type-simple"},"acf":[],"_links":{"self":[{"href":"https:\/\/azurefilm.com\/hu\/wp-json\/wp\/v2\/product\/56039","targetHints":{"allow":["GET"]}}],"collection":[{"href":"https:\/\/azurefilm.com\/hu\/wp-json\/wp\/v2\/product"}],"about":[{"href":"https:\/\/azurefilm.com\/hu\/wp-json\/wp\/v2\/types\/product"}],"replies":[{"embeddable":true,"href":"https:\/\/azurefilm.com\/hu\/wp-json\/wp\/v2\/comments?post=56039"}],"wp:featuredmedia":[{"embeddable":true,"href":"https:\/\/azurefilm.com\/hu\/wp-json\/wp\/v2\/media\/47402"}],"wp:attachment":[{"href":"https:\/\/azurefilm.com\/hu\/wp-json\/wp\/v2\/media?parent=56039"}],"wp:term":[{"taxonomy":"product_brand","embeddable":true,"href":"https:\/\/azurefilm.com\/hu\/wp-json\/wp\/v2\/product_brand?post=56039"},{"taxonomy":"product_cat","embeddable":true,"href":"https:\/\/azurefilm.com\/hu\/wp-json\/wp\/v2\/product_cat?post=56039"},{"taxonomy":"product_tag","embeddable":true,"href":"https:\/\/azurefilm.com\/hu\/wp-json\/wp\/v2\/product_tag?post=56039"},{"taxonomy":"brand","embeddable":true,"href":"https:\/\/azurefilm.com\/hu\/wp-json\/wp\/v2\/brand?post=56039"}],"curies":[{"name":"wp","href":"https:\/\/api.w.org\/{rel}","templated":true}]}}