
{"id":56047,"date":"2024-10-25T08:45:04","date_gmt":"2024-10-25T08:45:04","guid":{"rendered":"https:\/\/azurefilm.com\/?post_type=product&#038;p=56047"},"modified":"2024-10-25T08:45:06","modified_gmt":"2024-10-25T08:45:06","slug":"magigoo-3d-nyomtatasi-ragaszto","status":"publish","type":"product","link":"https:\/\/azurefilm.com\/hu\/termek\/magigoo-3d-nyomtatasi-ragaszto\/","title":{"rendered":"Magigoo 3D nyomtat\u00e1si ragaszt\u00f3"},"content":{"rendered":"<p><strong>Magigoo 3D nyomtat\u00e1si ragaszt\u00f3<\/strong><\/p>\n<p>Ak\u00e1r hobbist\u00e1k, ak\u00e1r profik, nincs nagyobb \u00f6r\u00f6m, mint l\u00e1tni, hogy egy t\u00f6bb\u00f3r\u00e1s nyomtat\u00e1s megvetemed\u00e9s n\u00e9lk\u00fcl k\u00e9sz\u00fcl el, \u00e9s egy ujjmozdulattal el lehet t\u00e1vol\u00edtani.<\/p>\n<p><strong>Legfontosabb el\u0151ny\u00f6k:<\/strong><\/p>\n<ul>\n<li>T\u00f6bb sz\u00e1lb\u00f3l \u00e1ll\u00f3 sz\u00e1lakkal m\u0171k\u00f6dik: CS\u00cdP\u0150, ASA, ASA, TPU<\/li>\n<li>K\u00f6nny\u0171 felhord\u00e1s: csak felr\u00e1zza, megnyomja \u00e9s felhordja az akt\u00edv nyomtat\u00e1si ter\u00fcletre &#8211; nem kell az eg\u00e9sz lemezt bevonni.<\/li>\n<li>Gondtalan elt\u00e1vol\u00edt\u00e1s: a nyomatok sim\u00e1n leold\u00f3dnak, amikor a lemez leh\u0171l<\/li>\n<li>K\u00f6nnyen tiszt\u00edthat\u00f3: egyszer\u0171en \u00f6bl\u00edtse le v\u00edzzel<\/li>\n<li>Hossz\u00fa \u00e9lettartam: t\u00f6bb mint 100 haszn\u00e1lat egy \u00fcvegben<\/li>\n<li>Szagtalan \u00e9s biztons\u00e1gos a haszn\u00e1lata, ak\u00e1r tantermekben vagy m\u0171helyekben is.<\/li>\n<li>A felhelyez\u00e9shez vagy elt\u00e1vol\u00edt\u00e1shoz nincs sz\u00fcks\u00e9g szersz\u00e1mokra<\/li>\n<\/ul>\n<p>A Magigoo hordozhat\u00f3, nem m\u00e9rgez\u0151, \u00e9s biztos\u00edtja, hogy a nyomatok minden alkalommal \u00e9lesek legyenek. <strong>El\u00e9rhet\u0151 a k\u00f6vetkez\u0151 sz\u00ednekben:<\/strong> 50ml \u00e9s 120ml. <b>Fontos megjegyz\u00e9s: <\/b>Az applik\u00e1tor akt\u00edv rug\u00f3s szeleppel rendelkezik, amely akkor aktiv\u00e1l\u00f3dik, amikor az applik\u00e1tort az \u00e9p\u00edt\u0151lemezhez nyomja. K\u00e9rj\u00fck, ne nyomja a palackot &#8220;ketchupos \u00fcvegk\u00e9nt&#8221;, k\u00fcl\u00f6nben az applik\u00e1tor kipattanhat. A flakon enyh\u00e9n \u00f6sszenyomhat\u00f3, csak akkor, amikor a tollat az \u00e1gyhoz nyomja, \u00e9s erre csak akkor lehet sz\u00fcks\u00e9g, ha nagyobb \u00e1raml\u00e1sra van sz\u00fcks\u00e9g. A palackot m\u00e1skor nem szabad \u00f6sszenyomni, amikor a kupak le van h\u00fazva, mert ez a ragaszt\u00f3 kipukkan\u00e1s\u00e1t eredm\u00e9nyezheti.<\/p>\n<p><img loading=\"lazy\" decoding=\"async\" class=\"alignnone wp-image-48244\" src=\"https:\/\/azurefilm.com\/wp-content\/uploads\/2024\/10\/Magigoo-banner-800x800px-1-300x300.png\" alt=\"3D ragaszt\u00f3 toll\" width=\"808\" height=\"808\" title=\"\" srcset=\"https:\/\/azurefilm.com\/wp-content\/uploads\/2024\/10\/Magigoo-banner-800x800px-1-300x300.png 300w, https:\/\/azurefilm.com\/wp-content\/uploads\/2024\/10\/Magigoo-banner-800x800px-1-scaled-274x274.png 274w, https:\/\/azurefilm.com\/wp-content\/uploads\/2024\/10\/Magigoo-banner-800x800px-1-scaled-100x100.png 100w, https:\/\/azurefilm.com\/wp-content\/uploads\/2024\/10\/Magigoo-banner-800x800px-1-scaled-510x510.png 510w, https:\/\/azurefilm.com\/wp-content\/uploads\/2024\/10\/Magigoo-banner-800x800px-1-1024x1024.png 1024w, https:\/\/azurefilm.com\/wp-content\/uploads\/2024\/10\/Magigoo-banner-800x800px-1-150x150.png 150w, https:\/\/azurefilm.com\/wp-content\/uploads\/2024\/10\/Magigoo-banner-800x800px-1-768x768.png 768w, https:\/\/azurefilm.com\/wp-content\/uploads\/2024\/10\/Magigoo-banner-800x800px-1-1536x1536.png 1536w, https:\/\/azurefilm.com\/wp-content\/uploads\/2024\/10\/Magigoo-banner-800x800px-1-2048x2048.png 2048w\" sizes=\"auto, (max-width: 808px) 100vw, 808px\" \/><\/p>\n<p><img loading=\"lazy\" decoding=\"async\" class=\"alignnone wp-image-48250\" src=\"https:\/\/azurefilm.com\/wp-content\/uploads\/2024\/10\/Magigoo-banner-800x800px-2-300x300.png\" alt=\"J\u00f3 3D megjelen\u00edt\u00e9s\" width=\"808\" height=\"808\" title=\"\" srcset=\"https:\/\/azurefilm.com\/wp-content\/uploads\/2024\/10\/Magigoo-banner-800x800px-2-300x300.png 300w, https:\/\/azurefilm.com\/wp-content\/uploads\/2024\/10\/Magigoo-banner-800x800px-2-scaled-274x274.png 274w, https:\/\/azurefilm.com\/wp-content\/uploads\/2024\/10\/Magigoo-banner-800x800px-2-scaled-100x100.png 100w, https:\/\/azurefilm.com\/wp-content\/uploads\/2024\/10\/Magigoo-banner-800x800px-2-scaled-510x510.png 510w, https:\/\/azurefilm.com\/wp-content\/uploads\/2024\/10\/Magigoo-banner-800x800px-2-1024x1024.png 1024w, https:\/\/azurefilm.com\/wp-content\/uploads\/2024\/10\/Magigoo-banner-800x800px-2-150x150.png 150w, https:\/\/azurefilm.com\/wp-content\/uploads\/2024\/10\/Magigoo-banner-800x800px-2-768x768.png 768w, https:\/\/azurefilm.com\/wp-content\/uploads\/2024\/10\/Magigoo-banner-800x800px-2-1536x1536.png 1536w, https:\/\/azurefilm.com\/wp-content\/uploads\/2024\/10\/Magigoo-banner-800x800px-2-2048x2048.png 2048w\" sizes=\"auto, (max-width: 808px) 100vw, 808px\" \/><\/p>\n<p><img loading=\"lazy\" decoding=\"async\" class=\"alignnone wp-image-48238\" src=\"https:\/\/azurefilm.com\/wp-content\/uploads\/2024\/10\/Magigoo-banner-800x800px-3-300x300.png\" alt=\"\" width=\"809\" height=\"809\" title=\"\" srcset=\"https:\/\/azurefilm.com\/wp-content\/uploads\/2024\/10\/Magigoo-banner-800x800px-3-300x300.png 300w, https:\/\/azurefilm.com\/wp-content\/uploads\/2024\/10\/Magigoo-banner-800x800px-3-scaled-274x274.png 274w, https:\/\/azurefilm.com\/wp-content\/uploads\/2024\/10\/Magigoo-banner-800x800px-3-scaled-100x100.png 100w, https:\/\/azurefilm.com\/wp-content\/uploads\/2024\/10\/Magigoo-banner-800x800px-3-scaled-510x510.png 510w, https:\/\/azurefilm.com\/wp-content\/uploads\/2024\/10\/Magigoo-banner-800x800px-3-1024x1024.png 1024w, https:\/\/azurefilm.com\/wp-content\/uploads\/2024\/10\/Magigoo-banner-800x800px-3-150x150.png 150w, https:\/\/azurefilm.com\/wp-content\/uploads\/2024\/10\/Magigoo-banner-800x800px-3-768x768.png 768w, https:\/\/azurefilm.com\/wp-content\/uploads\/2024\/10\/Magigoo-banner-800x800px-3-1536x1536.png 1536w, https:\/\/azurefilm.com\/wp-content\/uploads\/2024\/10\/Magigoo-banner-800x800px-3-2048x2048.png 2048w\" sizes=\"auto, (max-width: 809px) 100vw, 809px\" \/><\/p>\n","protected":false},"excerpt":{"rendered":"<p>Mondjon b\u00facs\u00fat az els\u0151 r\u00e9teg tapad\u00e1si probl\u00e9m\u00e1inak a Magigoo seg\u00edts\u00e9g\u00e9vel, amely a legmegfelel\u0151bb megold\u00e1s a 3D nyomatok biztons\u00e1gos tapad\u00e1s\u00e1nak biztos\u00edt\u00e1s\u00e1hoz az \u00e9p\u00edt\u0151lemezhez. Haszn\u00e1lata egyszer\u0171 &#8211; csak vigye fel a felmeleg\u00edtett fel\u00fcletre, \u00e9s a nyomtat\u00e1s sor\u00e1n v\u00e9gig szil\u00e1rd k\u00f6t\u00e9st biztos\u00edt. De most j\u00f6n a legjobb r\u00e9sz: amint a lemez leh\u0171l, a nyomat k\u00f6nnyed\u00e9n leold\u00f3dik, nincs sz\u00fcks\u00e9g kapar\u00e1sra vagy piszk\u00e1l\u00e1sra! R\u00e1ad\u00e1sul a Magigoo seg\u00edt megel\u0151zni az elhajl\u00e1ssal j\u00e1r\u00f3, frusztr\u00e1l\u00f3 probl\u00e9m\u00e1t, \u00edgy m\u00e9g a hossz\u00fa nyomatok is t\u00f6k\u00e9letesen elk\u00e9sz\u00fclnek.   <\/p>\n","protected":false},"featured_media":48235,"comment_status":"closed","ping_status":"closed","template":"","meta":{"_acf_changed":false},"product_brand":[],"product_cat":[2221,2305,1679,2224],"product_tag":[],"brand":[2598],"class_list":{"0":"post-56047","1":"product","2":"type-product","3":"status-publish","4":"has-post-thumbnail","6":"product_cat-potalkatreszek","7":"product_cat-agy-adhesion","8":"product_cat-elado","9":"product_cat-minden-potalkatresz","10":"brand-magigoo","12":"first","13":"outofstock","14":"sale","15":"taxable","16":"shipping-taxable","17":"purchasable","18":"product-type-variable"},"acf":[],"_links":{"self":[{"href":"https:\/\/azurefilm.com\/hu\/wp-json\/wp\/v2\/product\/56047","targetHints":{"allow":["GET"]}}],"collection":[{"href":"https:\/\/azurefilm.com\/hu\/wp-json\/wp\/v2\/product"}],"about":[{"href":"https:\/\/azurefilm.com\/hu\/wp-json\/wp\/v2\/types\/product"}],"replies":[{"embeddable":true,"href":"https:\/\/azurefilm.com\/hu\/wp-json\/wp\/v2\/comments?post=56047"}],"wp:featuredmedia":[{"embeddable":true,"href":"https:\/\/azurefilm.com\/hu\/wp-json\/wp\/v2\/media\/48235"}],"wp:attachment":[{"href":"https:\/\/azurefilm.com\/hu\/wp-json\/wp\/v2\/media?parent=56047"}],"wp:term":[{"taxonomy":"product_brand","embeddable":true,"href":"https:\/\/azurefilm.com\/hu\/wp-json\/wp\/v2\/product_brand?post=56047"},{"taxonomy":"product_cat","embeddable":true,"href":"https:\/\/azurefilm.com\/hu\/wp-json\/wp\/v2\/product_cat?post=56047"},{"taxonomy":"product_tag","embeddable":true,"href":"https:\/\/azurefilm.com\/hu\/wp-json\/wp\/v2\/product_tag?post=56047"},{"taxonomy":"brand","embeddable":true,"href":"https:\/\/azurefilm.com\/hu\/wp-json\/wp\/v2\/brand?post=56047"}],"curies":[{"name":"wp","href":"https:\/\/api.w.org\/{rel}","templated":true}]}}