
{"id":56054,"date":"2024-10-23T08:01:06","date_gmt":"2024-10-23T08:01:06","guid":{"rendered":"https:\/\/azurefilm.com\/product\/ujratoltes-lumberlay-white-wood\/"},"modified":"2025-09-01T14:09:53","modified_gmt":"2025-09-01T14:09:53","slug":"ujratoltes-lumberlay-white-wood","status":"publish","type":"product","link":"https:\/\/azurefilm.com\/hu\/termek\/ujratoltes-lumberlay-white-wood\/","title":{"rendered":"\u00dajrat\u00f6lt\u00e9s LumberLay White Wood"},"content":{"rendered":"<h2><b>\u00dajrat\u00f6lt\u00e9s LumberLay<\/b><\/h2>\n<p><span style=\"font-weight: 400;\">Ismerje meg a Refill LumberLay sz\u00e1lakat &#8211; egy egyed\u00fcl\u00e1ll\u00f3 anyagot, amely rendelkezik a <\/span><b>val\u00f3di fa kin\u00e9zete \u00e9s tapint\u00e1sa<\/b><span style=\"font-weight: 400;\">. <\/span> <span style=\"font-weight: 400;\">A Refill LumberLay filamenteket \u00fagy tervezt\u00e9k, hogy a k\u00f6vetkez\u0151 anyagokkal lehessen haszn\u00e1lni <\/span><b>Master ors\u00f3<\/b><\/p>\n<p><span style=\"font-weight: 400;\"> a hullad\u00e9kcs\u00f6kkent\u00e9s \u00e9s a fenntarthat\u00f3 3D nyomtat\u00e1si gyakorlatok jav\u00edt\u00e1sa \u00e9rdek\u00e9ben. Ezen t\u00falmen\u0151en kombin\u00e1lj\u00e1k <\/span><b>40% \u00fajrahasznos\u00edtott fa<\/b><span style=\"font-weight: 400;\"> \u00e9s 60% PLA sz\u00e1l. Ennek a kever\u00e9knek k\u00f6sz\u00f6nhet\u0151en a nyomatok a k\u00f6vetkez\u0151 tulajdons\u00e1gokkal rendelkeznek majd <\/span><b>a term\u00e9szetes fa megjelen\u00e9se<\/b><span style=\"font-weight: 400;\">, \u00e9s a term\u00e9k fizikai tulajdons\u00e1gai rendk\u00edv\u00fcl hasonl\u00f3ak lesznek a term\u00e9szetes f\u00e1hoz. <\/span><\/p>\n<p><span style=\"font-weight: 400;\">Ut\u00e1nt\u00f6lt\u0151ink a Bambu Lab \u00fajrafelhaszn\u00e1lhat\u00f3 ors\u00f3val is haszn\u00e1lhat\u00f3k. <\/span><\/p>\n<p><b>K\u00e9rj\u00fck, vegye figyelembe: <\/b><span style=\"font-weight: 400;\">Javasoljuk, hogy legal\u00e1bb egy <\/span><b>0,6 mm-es kop\u00e1s\u00e1ll\u00f3 f\u00fav\u00f3k\u00e1t.<\/b><\/p>\n<p><img loading=\"lazy\" decoding=\"async\" class=\"aligncenter wp-image-48268 size-full\" src=\"https:\/\/azurefilm.com\/wp-content\/uploads\/2024\/10\/LumberLay_BLOG_cover.jpg\" alt=\"\" width=\"2560\" height=\"960\" title=\"\" srcset=\"https:\/\/azurefilm.com\/wp-content\/uploads\/2024\/10\/LumberLay_BLOG_cover.jpg 2560w, https:\/\/azurefilm.com\/wp-content\/uploads\/2024\/10\/LumberLay_BLOG_cover-510x191.jpg 510w, https:\/\/azurefilm.com\/wp-content\/uploads\/2024\/10\/LumberLay_BLOG_cover-300x113.jpg 300w, https:\/\/azurefilm.com\/wp-content\/uploads\/2024\/10\/LumberLay_BLOG_cover-1024x384.jpg 1024w, https:\/\/azurefilm.com\/wp-content\/uploads\/2024\/10\/LumberLay_BLOG_cover-768x288.jpg 768w, https:\/\/azurefilm.com\/wp-content\/uploads\/2024\/10\/LumberLay_BLOG_cover-1536x576.jpg 1536w, https:\/\/azurefilm.com\/wp-content\/uploads\/2024\/10\/LumberLay_BLOG_cover-2048x768.jpg 2048w\" sizes=\"auto, (max-width: 2560px) 100vw, 2560px\" \/><\/p>\n\n\t<section class=\"section\" id=\"section_1300602584\">\n\t\t<div class=\"section-bg fill\" >\n\t\t\t\t\t\t\t\t\t<div class=\"section-bg-overlay absolute fill\"><\/div>\n\t\t\t\n\n\t\t<\/div>\n\n\t\t\n\n\t\t<div class=\"section-content relative\">\n\t\t\t\n<div class=\"row row-large align-middle pb-0\"  id=\"row-1611393262\">\n\n\t<div id=\"col-2047468614\" class=\"col medium-8 small-12 large-8\"  >\n\t\t\t\t<div class=\"col-inner text-left\"  >\n\t\t\t\n\t\t\t\n<h3><strong>Nyomtat\u00e1si aj\u00e1nl\u00e1sok:<\/strong><\/h3>\n<ul>\n<li style=\"font-weight: 400;\" aria-level=\"1\"><span style=\"font-weight: 400;\">A legjobb eredm\u00e9ny \u00e9rdek\u00e9ben 200-230\u00b0C-on nyomtasson. <\/span><\/li>\n<li style=\"font-weight: 400;\" aria-level=\"1\"><span style=\"font-weight: 400;\">A nyomtat\u00f3asztal aj\u00e1nlott h\u0151m\u00e9rs\u00e9klete 60\u00b0C.<\/span><\/li>\n<li style=\"font-weight: 400;\" aria-level=\"1\"><span style=\"font-weight: 400;\">Haszn\u00e1ljon \u00fcveg\u00e1gyat, PEI lapot, Kapton vagy k\u00e9k szalagot az \u00e9p\u00edt\u00e9si platformhoz 3Dlac spray-vel.<\/span><\/li>\n<li style=\"font-weight: 400;\" aria-level=\"1\"><strong>Az elt\u00f6m\u0151d\u00e9s elker\u00fcl\u00e9se \u00e9rdek\u00e9ben legal\u00e1bb 0,6 mm-es f\u00fav\u00f3k\u00e1t javasolunk haszn\u00e1lni<i>.<\/i><\/strong><\/li>\n<\/ul>\n<p><i><span style=\"font-weight: 400;\">*A k\u00fcl\u00f6nb\u00f6z\u0151 nyomtat\u00f3k haszn\u00e1lata eset\u00e9n az ide\u00e1lis h\u0151m\u00e9rs\u00e9klet elt\u00e9r\u0151 lehet.<\/span><\/i><\/p>\n\t\t<\/div>\n\t\t\t\t\t<\/div>\n\n\t\n\n\t<div id=\"col-474512471\" class=\"col medium-4 small-12 large-4\"  >\n\t\t\t\t<div class=\"col-inner\"  >\n\t\t\t\n\t\t\t\n\t<div class=\"img has-hover x md-x lg-x y md-y lg-y\" id=\"image_542973092\">\n\t\t\t\t\t\t\t\t<div class=\"img-inner dark\" style=\"margin:20px 0px 0px 0px;\">\n\t\t\t<img loading=\"lazy\" decoding=\"async\" width=\"1020\" height=\"1020\" src=\"https:\/\/azurefilm.com\/wp-content\/uploads\/2024\/10\/P1388925-1024x1024.jpg\" class=\"attachment-large size-large\" alt=\"\" srcset=\"https:\/\/azurefilm.com\/wp-content\/uploads\/2024\/10\/P1388925-1024x1024.jpg 1024w, https:\/\/azurefilm.com\/wp-content\/uploads\/2024\/10\/P1388925-scaled-274x274.jpg 274w, https:\/\/azurefilm.com\/wp-content\/uploads\/2024\/10\/P1388925-scaled-100x100.jpg 100w, https:\/\/azurefilm.com\/wp-content\/uploads\/2024\/10\/P1388925-scaled-510x510.jpg 510w, https:\/\/azurefilm.com\/wp-content\/uploads\/2024\/10\/P1388925-300x300.jpg 300w, https:\/\/azurefilm.com\/wp-content\/uploads\/2024\/10\/P1388925-150x150.jpg 150w, https:\/\/azurefilm.com\/wp-content\/uploads\/2024\/10\/P1388925-768x768.jpg 768w, https:\/\/azurefilm.com\/wp-content\/uploads\/2024\/10\/P1388925-1536x1536.jpg 1536w, https:\/\/azurefilm.com\/wp-content\/uploads\/2024\/10\/P1388925-2048x2048.jpg 2048w\" sizes=\"auto, (max-width: 1020px) 100vw, 1020px\" title=\"\">\t\t\t\t\t\t\n\t\t\t\t\t<\/div>\n\t\t\t\t\t\t\t\t\n<style>\n#image_542973092 {\n  width: 100%;\n}\n<\/style>\n\t<\/div>\n\t\n\t\t<\/div>\n\t\t\t\t\t<\/div>\n\n\t\n<\/div>\n\t\t<\/div>\n\n\t\t\n<style>\n#section_1300602584 {\n  padding-top: 30px;\n  padding-bottom: 30px;\n  background-color: rgb(242, 215, 182);\n}\n#section_1300602584 .section-bg-overlay {\n  background-color: rgba(255, 255, 255, 0.85);\n}\n<\/style>\n\t<\/section>\n\t\n\n\t<section class=\"section\" id=\"section_1020816285\">\n\t\t<div class=\"section-bg fill\" >\n\t\t\t\t\t\t\t\t\t<div class=\"section-bg-overlay absolute fill\"><\/div>\n\t\t\t\n\n\t\t<\/div>\n\n\t\t\n\n\t\t<div class=\"section-content relative\">\n\t\t\t\n<div class=\"row row-large align-middle pb-0\"  id=\"row-290942953\">\n\n\t<div id=\"col-123191147\" class=\"col medium-8 small-12 large-8\"  >\n\t\t\t\t<div class=\"col-inner text-left\"  >\n\t\t\t\n\t\t\t\n<h3><b>Mi\u00e9rt v\u00e1lassza az AzureFilm ut\u00e1nt\u00f6lt\u0151 sz\u00e1lakat?<\/b><\/h3>\n<ul>\n<li><span style=\"font-weight: 400;\">Elt\u00e1vol\u00edtottuk a m\u0171anyag cipz\u00e1rakat, \u00e9s egy jobb lehet\u0151s\u00e9ggel helyettes\u00edtett\u00fck \u0151ket, hogy megk\u00f6nny\u00edts\u00fck a kicsomagol\u00e1st.<\/span><\/li>\n<li><span style=\"font-weight: 400;\">A fonal farka most m\u00e1r teljesen egyenes. Ez megakad\u00e1lyozza, hogy beszoruljon az ors\u00f3ba, \u00e9s t\u00f6nkretegye a nyomtat\u00e1st, amikor a sz\u00e1l kifogy. <\/span><\/li>\n<li><b>T\u00f6k\u00e9letes kompatibilit\u00e1s az AzureFilm \u00e9s a Bambu Lab ors\u00f3kkal.<\/b><\/li>\n<\/ul>\n<h3><\/h3>\n\t\t<\/div>\n\t\t\t\t\t<\/div>\n\n\t\n\n\t<div id=\"col-1631481307\" class=\"col medium-4 small-12 large-4\"  >\n\t\t\t\t<div class=\"col-inner\"  >\n\t\t\t\n\t\t\t\n\t<div class=\"img has-hover x md-x lg-x y md-y lg-y\" id=\"image_1923417046\">\n\t\t\t\t\t\t\t\t<div class=\"img-inner dark\" >\n\t\t\t<img loading=\"lazy\" decoding=\"async\" width=\"1020\" height=\"1020\" src=\"https:\/\/azurefilm.com\/wp-content\/uploads\/2024\/10\/P1388736-1-1024x1024.jpg\" class=\"attachment-large size-large\" alt=\"\" srcset=\"https:\/\/azurefilm.com\/wp-content\/uploads\/2024\/10\/P1388736-1-1024x1024.jpg 1024w, https:\/\/azurefilm.com\/wp-content\/uploads\/2024\/10\/P1388736-1-scaled-274x274.jpg 274w, https:\/\/azurefilm.com\/wp-content\/uploads\/2024\/10\/P1388736-1-scaled-100x100.jpg 100w, https:\/\/azurefilm.com\/wp-content\/uploads\/2024\/10\/P1388736-1-scaled-510x510.jpg 510w, https:\/\/azurefilm.com\/wp-content\/uploads\/2024\/10\/P1388736-1-300x300.jpg 300w, https:\/\/azurefilm.com\/wp-content\/uploads\/2024\/10\/P1388736-1-150x150.jpg 150w, https:\/\/azurefilm.com\/wp-content\/uploads\/2024\/10\/P1388736-1-768x768.jpg 768w, https:\/\/azurefilm.com\/wp-content\/uploads\/2024\/10\/P1388736-1-1536x1536.jpg 1536w, https:\/\/azurefilm.com\/wp-content\/uploads\/2024\/10\/P1388736-1-2048x2048.jpg 2048w\" sizes=\"auto, (max-width: 1020px) 100vw, 1020px\" title=\"\">\t\t\t\t\t\t\n\t\t\t\t\t<\/div>\n\t\t\t\t\t\t\t\t\n<style>\n#image_1923417046 {\n  width: 100%;\n}\n<\/style>\n\t<\/div>\n\t\n\t\t<\/div>\n\t\t\t\t\t<\/div>\n\n\t\n<\/div>\n\t\t<\/div>\n\n\t\t\n<style>\n#section_1020816285 {\n  padding-top: 30px;\n  padding-bottom: 30px;\n  background-color: rgb(242, 215, 182);\n}\n#section_1020816285 .section-bg-overlay {\n  background-color: rgba(255, 255, 255, 0.85);\n}\n<\/style>\n\t<\/section>\n\t\n<div class=\"is-divider divider clearfix\" style=\"max-width:100%;height:1px;background-color:rgb(17, 107, 168);\"><\/div>\n<p><span style=\"font-weight: 400;\">A Refill PLA Lumberlay filamentek t\u00f6k\u00e9letesen kompatibilisek a <\/span><a href=\"https:\/\/azurefilm.com\/product\/azurefilm-master-spool-11-gratis\/\" target=\"_blank\" rel=\"noopener\"><b>AzureFilm Master Spool<\/b><\/a><b> &#8211; az egyetlen ors\u00f3, amire valaha is sz\u00fcks\u00e9ge lesz<\/b><span style=\"font-weight: 400;\">. By using this reusable spool, you can join us in reducing waste and minimising environmental impact. <\/span><\/p>\n<p><span style=\"font-weight: 400;\">Az AzureFilm Master Spool a mi <\/span><b>\u00fajrafelhaszn\u00e1lhat\u00f3 ors\u00f3<\/b><span style=\"font-weight: 400;\">, amely biztos\u00edtja a <\/span><b>fenntarthat\u00f3 \u00e9s k\u00f6lts\u00e9ghat\u00e9kony megold\u00e1st k\u00edn\u00e1l<\/b><span style=\"font-weight: 400;\"> 3D nyomtat\u00e1shoz. Az ors\u00f3 egy <\/span><b>k\u00e9t \u00fajrafelhaszn\u00e1lhat\u00f3, fr\u00f6ccs\u00f6nt\u00f6tt korongb\u00f3l \u00e1ll\u00f3 k\u00e9szlet<\/b><span style=\"font-weight: 400;\">. This ensures the high durability and precision of the spool. <\/span><\/p>\n<p><span style=\"font-weight: 400;\">A Master Spool term\u00e9k\u00fcnk megv\u00e1s\u00e1rl\u00e1s\u00e1val \u00e9s \u00fajrafelhaszn\u00e1l\u00e1s\u00e1val hozz\u00e1j\u00e1rul a k\u00f6rnyezet tisztas\u00e1g\u00e1hoz, mik\u00f6zben egy megb\u00edzhat\u00f3 \u00e9s k\u00f6nnyen haszn\u00e1lhat\u00f3, a legt\u00f6bb 3D nyomtat\u00f3val kompatibilis term\u00e9ket \u00e9lvezhet.<\/span><\/p>\n<p><span style=\"font-weight: 400;\">Ut\u00e1nt\u00f6lt\u0151ink a Bambu Lab \u00fajrafelhaszn\u00e1lhat\u00f3 ors\u00f3val is haszn\u00e1lhat\u00f3k. <\/span><\/p>\n<div style=\"padding: 56.25% 0 0 0; position: relative;\"><iframe style=\"position: absolute; top: 0; left: 0; width: 100%; height: 100%;\" title=\"AzureFilm mester ors\u00f3\" src=\"https:\/\/player.vimeo.com\/video\/954356184?badge=0&amp;autopause=0&amp;player_id=0&amp;app_id=58479\" frameborder=\"0\"><\/iframe><\/div>\n<p><script src=\"https:\/\/player.vimeo.com\/api\/player.js\"><\/script><\/p>\n<div class=\"is-divider divider clearfix\" style=\"max-width:100%;height:1px;background-color:rgb(17, 107, 168);\"><\/div>\n<h2><b>Jellemz\u0151k \u00e9s tulajdons\u00e1gok<\/b><\/h2>\n<table>\n<thead>\n<tr>\n<th><b>Jellemz\u0151<\/b><\/th>\n<th><b>\u00c9rt\u00e9k<\/b><\/th>\n<\/tr>\n<tr>\n<td><span style=\"font-weight: 400;\"> Rugalmass\u00e1g<\/span><\/td>\n<td><span style=\"font-weight: 400;\">Alacsony<\/span><\/td>\n<\/tr>\n<tr>\n<td><span style=\"font-weight: 400;\"> Er\u0151ss\u00e9g<\/span><\/td>\n<td><span style=\"font-weight: 400;\">K\u00f6zepes<\/span><\/td>\n<\/tr>\n<tr>\n<td><span style=\"font-weight: 400;\"> Tart\u00f3ss\u00e1g<\/span><\/td>\n<td><span style=\"font-weight: 400;\">K\u00f6zepes<\/span><\/td>\n<\/tr>\n<tr>\n<td><span style=\"font-weight: 400;\"> A haszn\u00e1lat neh\u00e9zs\u00e9gei<\/span><\/td>\n<td><span style=\"font-weight: 400;\">Alacsony<\/span><\/td>\n<\/tr>\n<tr>\n<td><span style=\"font-weight: 400;\"> Zsugorod\u00e1s \/ vetemed\u00e9s<\/span><\/td>\n<td><span style=\"font-weight: 400;\">Minim\u00e1lis<\/span><\/td>\n<\/tr>\n<tr>\n<td><span style=\"font-weight: 400;\"> Oldhat\u00f3<\/span><\/td>\n<td><span style=\"font-weight: 400;\">Nincs<\/span><\/td>\n<\/tr>\n<tr>\n<td><span style=\"font-weight: 400;\"> El\u00e9rhet\u0151 \u00e1tm\u00e9r\u0151<\/span><\/td>\n<td><span style=\"font-weight: 400;\">1.75mm<\/span><\/td>\n<\/tr>\n<tr>\n<td><span style=\"font-weight: 400;\"> Gy\u00e1rt\u00f3<\/span><\/td>\n<td><span style=\"font-weight: 400;\">AzureFilm<\/span><\/td>\n<\/tr>\n<\/thead>\n<\/table>\n<p><span style=\"font-weight: 400;\">Ha t\u00f6bbet szeretne megtudni a Lumberlay sz\u00e1lakr\u00f3l, olvassa el a <a href=\"https:\/\/azurefilm.com\/hu\/2024\/10\/24\/ismerje-meg-a-lumberlay-kollekciot\/\" target=\"_blank\" rel=\"noopener\"><strong>blogot.<\/strong><\/a>. <\/span><\/p>\n<p><span style=\"font-weight: 400;\">Hozz\u00e1f\u00e9rhet a <\/span><b>M\u0171szaki adatlap<\/b><span style=\"font-weight: 400;\"><a href=\"https:\/\/azurefilm.com\/hu\/technical-data-sheets\/\" target=\"_blank\" rel=\"noopener\"><strong> itt<\/strong><\/a>.<\/span><\/p>\n","protected":false},"excerpt":{"rendered":"<p><span style=\"font-weight: 400;\">V\u00e1s\u00e1rolja meg a Refill LumberLay White Wood 3D nyomatokat, amelyek illata, tapint\u00e1sa \u00e9s kin\u00e9zete olyan, mint a val\u00f3di fa. 40%-ban \u00fajrahasznos\u00edtott f\u00e1b\u00f3l k\u00e9sz\u00fclt. <\/span><\/p>\n","protected":false},"featured_media":113224,"comment_status":"closed","ping_status":"closed","template":"","meta":{"_acf_changed":false},"product_brand":[],"product_cat":[2300,1686,2299,1688,2209],"product_tag":[2212],"brand":[],"class_list":{"0":"post-56054","1":"product","2":"type-product","3":"status-publish","4":"has-post-thumbnail","6":"product_cat-ujratoltes-lumberlay","7":"product_cat-3d-filmek","8":"product_cat-lumberlay-szalak","9":"product_cat-minden-film","10":"product_cat-refill-szalak","11":"product_tag-oko-hu","12":"pa_colour-white","13":"pa_filament-diameter-1-75mm","14":"pa_filament-weight-750g","16":"first","17":"instock","18":"taxable","19":"shipping-taxable","20":"purchasable","21":"product-type-variable"},"acf":[],"_links":{"self":[{"href":"https:\/\/azurefilm.com\/hu\/wp-json\/wp\/v2\/product\/56054","targetHints":{"allow":["GET"]}}],"collection":[{"href":"https:\/\/azurefilm.com\/hu\/wp-json\/wp\/v2\/product"}],"about":[{"href":"https:\/\/azurefilm.com\/hu\/wp-json\/wp\/v2\/types\/product"}],"replies":[{"embeddable":true,"href":"https:\/\/azurefilm.com\/hu\/wp-json\/wp\/v2\/comments?post=56054"}],"wp:featuredmedia":[{"embeddable":true,"href":"https:\/\/azurefilm.com\/hu\/wp-json\/wp\/v2\/media\/113224"}],"wp:attachment":[{"href":"https:\/\/azurefilm.com\/hu\/wp-json\/wp\/v2\/media?parent=56054"}],"wp:term":[{"taxonomy":"product_brand","embeddable":true,"href":"https:\/\/azurefilm.com\/hu\/wp-json\/wp\/v2\/product_brand?post=56054"},{"taxonomy":"product_cat","embeddable":true,"href":"https:\/\/azurefilm.com\/hu\/wp-json\/wp\/v2\/product_cat?post=56054"},{"taxonomy":"product_tag","embeddable":true,"href":"https:\/\/azurefilm.com\/hu\/wp-json\/wp\/v2\/product_tag?post=56054"},{"taxonomy":"brand","embeddable":true,"href":"https:\/\/azurefilm.com\/hu\/wp-json\/wp\/v2\/brand?post=56054"}],"curies":[{"name":"wp","href":"https:\/\/api.w.org\/{rel}","templated":true}]}}