
{"id":56058,"date":"2024-10-24T06:37:07","date_gmt":"2024-10-24T06:37:07","guid":{"rendered":"https:\/\/azurefilm.com\/product\/refill-lumberlay-pine\/"},"modified":"2025-11-13T09:07:21","modified_gmt":"2025-11-13T09:07:21","slug":"refill-lumberlay-pine","status":"publish","type":"product","link":"https:\/\/azurefilm.com\/hu\/termek\/refill-lumberlay-pine\/","title":{"rendered":"Refill LumberLay Pine"},"content":{"rendered":"<h2><b>Refill LumberLay<\/b><\/h2>\n<p><span style=\"font-weight: 400;\">Meet our Refill LumberLay filaments &#8211; a unique material that has the <\/span><b>look and feel of real wood<\/b><span style=\"font-weight: 400;\">.\u00a0<\/span><\/p>\n<p><span style=\"font-weight: 400;\">Refill LumberLay filaments were designed to be used with <\/span><b>a Master Spool<\/b><span style=\"font-weight: 400;\"> to help reduce waste and improve sustainable 3D printing practices. Moreover, they combine <\/span><b>40% of recycled wood<\/b><span style=\"font-weight: 400;\"> and 60% of PLA filament. Because of this mix, your prints will have the <\/span><b>appearance of natural wood<\/b><span style=\"font-weight: 400;\">, and the physical properties of the product will be extremely similar to natural wood.\u00a0<\/span><\/p>\n<p><span style=\"font-weight: 400;\">Our Refills can also be used with Bambu Lab Reusable Spool.\u00a0<\/span><\/p>\n<p><b>Please note: <\/b><span style=\"font-weight: 400;\">The LumberLay filaments must be dried before use (8 hours at 55\u00b0C) and are not compatible with a 0.2 mm nozzle.<\/span><\/p>\n<p><img loading=\"lazy\" decoding=\"async\" class=\"aligncenter wp-image-48268 size-full\" src=\"https:\/\/azurefilm.com\/wp-content\/uploads\/2024\/10\/LumberLay_BLOG_cover.jpg\" alt=\"\" width=\"2560\" height=\"960\" title=\"\" srcset=\"https:\/\/azurefilm.com\/wp-content\/uploads\/2024\/10\/LumberLay_BLOG_cover.jpg 2560w, https:\/\/azurefilm.com\/wp-content\/uploads\/2024\/10\/LumberLay_BLOG_cover-510x191.jpg 510w, https:\/\/azurefilm.com\/wp-content\/uploads\/2024\/10\/LumberLay_BLOG_cover-300x113.jpg 300w, https:\/\/azurefilm.com\/wp-content\/uploads\/2024\/10\/LumberLay_BLOG_cover-1024x384.jpg 1024w, https:\/\/azurefilm.com\/wp-content\/uploads\/2024\/10\/LumberLay_BLOG_cover-768x288.jpg 768w, https:\/\/azurefilm.com\/wp-content\/uploads\/2024\/10\/LumberLay_BLOG_cover-1536x576.jpg 1536w, https:\/\/azurefilm.com\/wp-content\/uploads\/2024\/10\/LumberLay_BLOG_cover-2048x768.jpg 2048w\" sizes=\"auto, (max-width: 2560px) 100vw, 2560px\" \/><\/p>\n\n\t<section class=\"section\" id=\"section_243914436\">\n\t\t<div class=\"section-bg fill\" >\n\t\t\t\t\t\t\t\t\t<div class=\"section-bg-overlay absolute fill\"><\/div>\n\t\t\t\n\n\t\t<\/div>\n\n\t\t\n\n\t\t<div class=\"section-content relative\">\n\t\t\t\n<div class=\"row row-large align-middle pb-0\"  id=\"row-2063014526\">\n\n\t<div id=\"col-1989564151\" class=\"col medium-8 small-12 large-8\"  >\n\t\t\t\t<div class=\"col-inner text-left\"  >\n\t\t\t\n\t\t\t\n<h3><strong>Printing recommendations:<\/strong><\/h3>\n<ul>\n<li><strong>The filament must be dried before use (8 hours at 55\u00b0C).<\/strong><\/li>\n<li><strong>LumberLay filaments are not compatible with a 0.2 mm nozzle.<\/strong><\/li>\n<li><span style=\"font-weight: 400;\">For the best results, print at 200\u2013230\u00b0C.\u00a0<\/span><\/li>\n<li><span style=\"font-weight: 400;\">Recommended printing table temperature is 60\u00b0C.<\/span><\/li>\n<li><span style=\"font-weight: 400;\">Use a glass bed, PEI sheet, Kapton, or Blue tape for the build platform with 3Dlac spray.<\/span><\/li>\n<\/ul>\n<p><i><span style=\"font-weight: 400;\">*Ideal temperature may vary when using different printers.<\/span><\/i><\/p>\n\t\t<\/div>\n\t\t\t\t\t<\/div>\n\n\t\n\n\t<div id=\"col-2120653871\" class=\"col medium-4 small-12 large-4\"  >\n\t\t\t\t<div class=\"col-inner\"  >\n\t\t\t\n\t\t\t\n\t<div class=\"img has-hover x md-x lg-x y md-y lg-y\" id=\"image_1234509790\">\n\t\t\t\t\t\t\t\t<div class=\"img-inner dark\" style=\"margin:20px 0px 0px 0px;\">\n\t\t\t<img loading=\"lazy\" decoding=\"async\" width=\"1020\" height=\"1020\" src=\"https:\/\/azurefilm.com\/wp-content\/uploads\/2024\/10\/P1388921-1024x1024.jpg\" class=\"attachment-large size-large\" alt=\"\" srcset=\"https:\/\/azurefilm.com\/wp-content\/uploads\/2024\/10\/P1388921-1024x1024.jpg 1024w, https:\/\/azurefilm.com\/wp-content\/uploads\/2024\/10\/P1388921-scaled-274x274.jpg 274w, https:\/\/azurefilm.com\/wp-content\/uploads\/2024\/10\/P1388921-scaled-100x100.jpg 100w, https:\/\/azurefilm.com\/wp-content\/uploads\/2024\/10\/P1388921-scaled-510x510.jpg 510w, https:\/\/azurefilm.com\/wp-content\/uploads\/2024\/10\/P1388921-300x300.jpg 300w, https:\/\/azurefilm.com\/wp-content\/uploads\/2024\/10\/P1388921-150x150.jpg 150w, https:\/\/azurefilm.com\/wp-content\/uploads\/2024\/10\/P1388921-768x768.jpg 768w, https:\/\/azurefilm.com\/wp-content\/uploads\/2024\/10\/P1388921-1536x1536.jpg 1536w, https:\/\/azurefilm.com\/wp-content\/uploads\/2024\/10\/P1388921-2048x2048.jpg 2048w\" sizes=\"auto, (max-width: 1020px) 100vw, 1020px\" title=\"\">\t\t\t\t\t\t\n\t\t\t\t\t<\/div>\n\t\t\t\t\t\t\t\t\n<style>\n#image_1234509790 {\n  width: 100%;\n}\n<\/style>\n\t<\/div>\n\t\n\t\t<\/div>\n\t\t\t\t\t<\/div>\n\n\t\n<\/div>\n\t\t<\/div>\n\n\t\t\n<style>\n#section_243914436 {\n  padding-top: 30px;\n  padding-bottom: 30px;\n  background-color: rgb(242, 215, 182);\n}\n#section_243914436 .section-bg-overlay {\n  background-color: rgba(255, 255, 255, 0.85);\n}\n<\/style>\n\t<\/section>\n\t\n\n\t<section class=\"section\" id=\"section_304007374\">\n\t\t<div class=\"section-bg fill\" >\n\t\t\t\t\t\t\t\t\t<div class=\"section-bg-overlay absolute fill\"><\/div>\n\t\t\t\n\n\t\t<\/div>\n\n\t\t\n\n\t\t<div class=\"section-content relative\">\n\t\t\t\n<div class=\"row row-large align-middle pb-0\"  id=\"row-1598800968\">\n\n\t<div id=\"col-1675296002\" class=\"col medium-8 small-12 large-8\"  >\n\t\t\t\t<div class=\"col-inner text-left\"  >\n\t\t\t\n\t\t\t\n<h3><b>Why choose AzureFilm Refill filaments?<\/b><\/h3>\n<ul>\n<li><span style=\"font-weight: 400;\">We removed the plastic zip ties and replaced them with a better option to make unpacking easier.<\/span><\/li>\n<li><span style=\"font-weight: 400;\">The filament tail is now completely straight. That prevents it from getting stuck in the spool and ruining your print when the filament runs out.<\/span><\/li>\n<li><b>Perfect compatibility with AzureFilm and Bambu Lab spools.<\/b><\/li>\n<\/ul>\n<h3><\/h3>\n\t\t<\/div>\n\t\t\t\t\t<\/div>\n\n\t\n\n\t<div id=\"col-1129485240\" class=\"col medium-4 small-12 large-4\"  >\n\t\t\t\t<div class=\"col-inner\"  >\n\t\t\t\n\t\t\t\n\t<div class=\"img has-hover x md-x lg-x y md-y lg-y\" id=\"image_555996430\">\n\t\t\t\t\t\t\t\t<div class=\"img-inner dark\" >\n\t\t\t<img loading=\"lazy\" decoding=\"async\" width=\"1020\" height=\"1020\" src=\"https:\/\/azurefilm.com\/wp-content\/uploads\/2024\/10\/P1388736-1-1024x1024.jpg\" class=\"attachment-large size-large\" alt=\"\" srcset=\"https:\/\/azurefilm.com\/wp-content\/uploads\/2024\/10\/P1388736-1-1024x1024.jpg 1024w, https:\/\/azurefilm.com\/wp-content\/uploads\/2024\/10\/P1388736-1-scaled-274x274.jpg 274w, https:\/\/azurefilm.com\/wp-content\/uploads\/2024\/10\/P1388736-1-scaled-100x100.jpg 100w, https:\/\/azurefilm.com\/wp-content\/uploads\/2024\/10\/P1388736-1-scaled-510x510.jpg 510w, https:\/\/azurefilm.com\/wp-content\/uploads\/2024\/10\/P1388736-1-300x300.jpg 300w, https:\/\/azurefilm.com\/wp-content\/uploads\/2024\/10\/P1388736-1-150x150.jpg 150w, https:\/\/azurefilm.com\/wp-content\/uploads\/2024\/10\/P1388736-1-768x768.jpg 768w, https:\/\/azurefilm.com\/wp-content\/uploads\/2024\/10\/P1388736-1-1536x1536.jpg 1536w, https:\/\/azurefilm.com\/wp-content\/uploads\/2024\/10\/P1388736-1-2048x2048.jpg 2048w\" sizes=\"auto, (max-width: 1020px) 100vw, 1020px\" title=\"\">\t\t\t\t\t\t\n\t\t\t\t\t<\/div>\n\t\t\t\t\t\t\t\t\n<style>\n#image_555996430 {\n  width: 100%;\n}\n<\/style>\n\t<\/div>\n\t\n\t\t<\/div>\n\t\t\t\t\t<\/div>\n\n\t\n<\/div>\n\t\t<\/div>\n\n\t\t\n<style>\n#section_304007374 {\n  padding-top: 30px;\n  padding-bottom: 30px;\n  background-color: rgb(242, 215, 182);\n}\n#section_304007374 .section-bg-overlay {\n  background-color: rgba(255, 255, 255, 0.85);\n}\n<\/style>\n\t<\/section>\n\t\n<div class=\"is-divider divider clearfix\" style=\"max-width:100%;height:1px;background-color:rgb(17, 107, 168);\"><\/div>\n<p><span style=\"font-weight: 400;\">Our Refill PLA Lumberlay filaments are perfectly compatible with the <\/span><a href=\"https:\/\/azurefilm.com\/product\/azurefilm-master-spool-11-gratis\/\" target=\"_blank\" rel=\"noopener\"><b>AzureFilm Master Spool<\/b><\/a><b> \u2013 the only spool you\u2019ll ever need<\/b><span style=\"font-weight: 400;\">. By using this reusable spool, you can join us in reducing waste and minimising environmental impact.<\/span><\/p>\n<p><span style=\"font-weight: 400;\">AzureFilm Master Spool is our <\/span><b>reusable spool<\/b><span style=\"font-weight: 400;\">, which provides a <\/span><b>sustainable and cost-effective solution<\/b><span style=\"font-weight: 400;\"> for 3D printing. The spool is a <\/span><b>set of two reusable, injection-molded discs<\/b><span style=\"font-weight: 400;\">. This ensures the high durability and precision of the spool.<\/span><\/p>\n<p><span style=\"font-weight: 400;\">By purchasing and reusing our Master Spool you contribute to a cleaner environment while enjoying a reliable and easy-to-use product, compatible with most 3D printers.<\/span><\/p>\n<p><span style=\"font-weight: 400;\">Our Refills can also be used with Bambu Lab Reusable Spool. <\/span><\/p>\n<div style=\"padding: 56.25% 0 0 0; position: relative;\"><iframe style=\"position: absolute; top: 0; left: 0; width: 100%; height: 100%;\" title=\"AzureFilm Master Spool\" src=\"https:\/\/player.vimeo.com\/video\/954356184?badge=0&amp;autopause=0&amp;player_id=0&amp;app_id=58479\" frameborder=\"0\"><\/iframe><\/div>\n<p><script src=\"https:\/\/player.vimeo.com\/api\/player.js\"><\/script><\/p>\n<div class=\"is-divider divider clearfix\" style=\"max-width:100%;height:1px;background-color:rgb(17, 107, 168);\"><\/div>\n<h2><b>Features and properties<\/b><\/h2>\n<table>\n<thead>\n<tr>\n<th><b>Feature<\/b><\/th>\n<th><b>Value<\/b><\/th>\n<\/tr>\n<tr>\n<td><span style=\"font-weight: 400;\">\u00a0Flexibility<\/span><\/td>\n<td><span style=\"font-weight: 400;\">Low<\/span><\/td>\n<\/tr>\n<tr>\n<td><span style=\"font-weight: 400;\">\u00a0Strength<\/span><\/td>\n<td><span style=\"font-weight: 400;\">Medium<\/span><\/td>\n<\/tr>\n<tr>\n<td><span style=\"font-weight: 400;\">\u00a0Durability<\/span><\/td>\n<td><span style=\"font-weight: 400;\">Medium<\/span><\/td>\n<\/tr>\n<tr>\n<td><span style=\"font-weight: 400;\">\u00a0Difficulty to use<\/span><\/td>\n<td><span style=\"font-weight: 400;\">Low<\/span><\/td>\n<\/tr>\n<tr>\n<td><span style=\"font-weight: 400;\">\u00a0Shrinkage \/ Warping<\/span><\/td>\n<td><span style=\"font-weight: 400;\">Minimal<\/span><\/td>\n<\/tr>\n<tr>\n<td><span style=\"font-weight: 400;\">\u00a0Soluble<\/span><\/td>\n<td><span style=\"font-weight: 400;\">No<\/span><\/td>\n<\/tr>\n<tr>\n<td><span style=\"font-weight: 400;\">\u00a0Diameter available<\/span><\/td>\n<td><span style=\"font-weight: 400;\">1.75mm<\/span><\/td>\n<\/tr>\n<tr>\n<td><span style=\"font-weight: 400;\">\u00a0Manufacturer<\/span><\/td>\n<td><span style=\"font-weight: 400;\">AzureFilm<\/span><\/td>\n<\/tr>\n<\/thead>\n<\/table>\n<p><span style=\"font-weight: 400;\">To know more about Lumberlay filaments, read our <a href=\"https:\/\/azurefilm.com\/2024\/10\/24\/meet-our-lumberlay-collection\/\" target=\"_blank\" rel=\"noopener\"><strong>blog<\/strong><\/a>.\u00a0<\/span><\/p>\n<p><span style=\"font-weight: 400;\">You can access the <\/span><b>Technical Data Sheet<\/b><span style=\"font-weight: 400;\"><a href=\"https:\/\/azurefilm.com\/technical-data-sheets\/\" target=\"_blank\" rel=\"noopener\"><strong> here<\/strong><\/a>.<\/span><\/p>\n\n  \n    <div class=\"row large-columns-4 medium-columns-3 small-columns-2\" >\n  <div class=\"gallery-col col\" >\n          <div class=\"col-inner\">\n            <a class=\"image-lightbox lightbox-gallery\" href=\"https:\/\/azurefilm.com\/wp-content\/uploads\/3-9-1024x1024.jpg\" title=\"\">            <div class=\"box has-hover gallery-box box-overlay dark\">\n              <div class=\"box-image\" >\n                <img loading=\"lazy\" decoding=\"async\" width=\"300\" height=\"300\" src=\"https:\/\/azurefilm.com\/wp-content\/uploads\/3-9-300x300.jpg\" class=\"attachment-medium size-medium\" alt=\"\" ids=\"73773,73791,73797,73803,73767,73785,73779,73676\" srcset=\"https:\/\/azurefilm.com\/wp-content\/uploads\/3-9-300x300.jpg 300w, https:\/\/azurefilm.com\/wp-content\/uploads\/3-9-274x274.jpg 274w, https:\/\/azurefilm.com\/wp-content\/uploads\/3-9-100x100.jpg 100w, https:\/\/azurefilm.com\/wp-content\/uploads\/3-9-510x510.jpg 510w, https:\/\/azurefilm.com\/wp-content\/uploads\/3-9-1024x1024.jpg 1024w, https:\/\/azurefilm.com\/wp-content\/uploads\/3-9-150x150.jpg 150w, https:\/\/azurefilm.com\/wp-content\/uploads\/3-9-768x768.jpg 768w, https:\/\/azurefilm.com\/wp-content\/uploads\/3-9.jpg 1200w\" sizes=\"auto, (max-width: 300px) 100vw, 300px\" title=\"\">                                  <div class=\"overlay fill\"\n                      style=\"background-color: rgba(0,0,0,.15)\">\n                  <\/div>\n                                                              <\/div>\n              <div class=\"box-text text-left\" >\n                 <p><\/p>\n              <\/div>\n            <\/div>\n            <\/a>          <\/div>\n         <\/div><div class=\"gallery-col col\" >\n          <div class=\"col-inner\">\n            <a class=\"image-lightbox lightbox-gallery\" href=\"https:\/\/azurefilm.com\/wp-content\/uploads\/6-8-1024x1024.jpg\" title=\"\">            <div class=\"box has-hover gallery-box box-overlay dark\">\n              <div class=\"box-image\" >\n                <img loading=\"lazy\" decoding=\"async\" width=\"300\" height=\"300\" src=\"https:\/\/azurefilm.com\/wp-content\/uploads\/6-8-300x300.jpg\" class=\"attachment-medium size-medium\" alt=\"\" ids=\"73773,73791,73797,73803,73767,73785,73779,73676\" srcset=\"https:\/\/azurefilm.com\/wp-content\/uploads\/6-8-300x300.jpg 300w, https:\/\/azurefilm.com\/wp-content\/uploads\/6-8-274x274.jpg 274w, https:\/\/azurefilm.com\/wp-content\/uploads\/6-8-100x100.jpg 100w, https:\/\/azurefilm.com\/wp-content\/uploads\/6-8-510x510.jpg 510w, https:\/\/azurefilm.com\/wp-content\/uploads\/6-8-1024x1024.jpg 1024w, https:\/\/azurefilm.com\/wp-content\/uploads\/6-8-150x150.jpg 150w, https:\/\/azurefilm.com\/wp-content\/uploads\/6-8-768x768.jpg 768w, https:\/\/azurefilm.com\/wp-content\/uploads\/6-8.jpg 1200w\" sizes=\"auto, (max-width: 300px) 100vw, 300px\" title=\"\">                                  <div class=\"overlay fill\"\n                      style=\"background-color: rgba(0,0,0,.15)\">\n                  <\/div>\n                                                              <\/div>\n              <div class=\"box-text text-left\" >\n                 <p><\/p>\n              <\/div>\n            <\/div>\n            <\/a>          <\/div>\n         <\/div><div class=\"gallery-col col\" >\n          <div class=\"col-inner\">\n            <a class=\"image-lightbox lightbox-gallery\" href=\"https:\/\/azurefilm.com\/wp-content\/uploads\/9-8-1024x1024.jpg\" title=\"\">            <div class=\"box has-hover gallery-box box-overlay dark\">\n              <div class=\"box-image\" >\n                <img loading=\"lazy\" decoding=\"async\" width=\"300\" height=\"300\" src=\"https:\/\/azurefilm.com\/wp-content\/uploads\/9-8-300x300.jpg\" class=\"attachment-medium size-medium\" alt=\"\" ids=\"73773,73791,73797,73803,73767,73785,73779,73676\" srcset=\"https:\/\/azurefilm.com\/wp-content\/uploads\/9-8-300x300.jpg 300w, https:\/\/azurefilm.com\/wp-content\/uploads\/9-8-274x274.jpg 274w, https:\/\/azurefilm.com\/wp-content\/uploads\/9-8-100x100.jpg 100w, https:\/\/azurefilm.com\/wp-content\/uploads\/9-8-510x510.jpg 510w, https:\/\/azurefilm.com\/wp-content\/uploads\/9-8-1024x1024.jpg 1024w, https:\/\/azurefilm.com\/wp-content\/uploads\/9-8-150x150.jpg 150w, https:\/\/azurefilm.com\/wp-content\/uploads\/9-8-768x768.jpg 768w, https:\/\/azurefilm.com\/wp-content\/uploads\/9-8.jpg 1200w\" sizes=\"auto, (max-width: 300px) 100vw, 300px\" title=\"\">                                  <div class=\"overlay fill\"\n                      style=\"background-color: rgba(0,0,0,.15)\">\n                  <\/div>\n                                                              <\/div>\n              <div class=\"box-text text-left\" >\n                 <p><\/p>\n              <\/div>\n            <\/div>\n            <\/a>          <\/div>\n         <\/div><div class=\"gallery-col col\" >\n          <div class=\"col-inner\">\n            <a class=\"image-lightbox lightbox-gallery\" href=\"https:\/\/azurefilm.com\/wp-content\/uploads\/10-8-1024x1024.jpg\" title=\"\">            <div class=\"box has-hover gallery-box box-overlay dark\">\n              <div class=\"box-image\" >\n                <img loading=\"lazy\" decoding=\"async\" width=\"300\" height=\"300\" src=\"https:\/\/azurefilm.com\/wp-content\/uploads\/10-8-300x300.jpg\" class=\"attachment-medium size-medium\" alt=\"\" ids=\"73773,73791,73797,73803,73767,73785,73779,73676\" srcset=\"https:\/\/azurefilm.com\/wp-content\/uploads\/10-8-300x300.jpg 300w, https:\/\/azurefilm.com\/wp-content\/uploads\/10-8-274x274.jpg 274w, https:\/\/azurefilm.com\/wp-content\/uploads\/10-8-100x100.jpg 100w, https:\/\/azurefilm.com\/wp-content\/uploads\/10-8-510x510.jpg 510w, https:\/\/azurefilm.com\/wp-content\/uploads\/10-8-1024x1024.jpg 1024w, https:\/\/azurefilm.com\/wp-content\/uploads\/10-8-150x150.jpg 150w, https:\/\/azurefilm.com\/wp-content\/uploads\/10-8-768x768.jpg 768w, https:\/\/azurefilm.com\/wp-content\/uploads\/10-8.jpg 1200w\" sizes=\"auto, (max-width: 300px) 100vw, 300px\" title=\"\">                                  <div class=\"overlay fill\"\n                      style=\"background-color: rgba(0,0,0,.15)\">\n                  <\/div>\n                                                              <\/div>\n              <div class=\"box-text text-left\" >\n                 <p><\/p>\n              <\/div>\n            <\/div>\n            <\/a>          <\/div>\n         <\/div><div class=\"gallery-col col\" >\n          <div class=\"col-inner\">\n            <a class=\"image-lightbox lightbox-gallery\" href=\"https:\/\/azurefilm.com\/wp-content\/uploads\/1-4-1024x1024.jpg\" title=\"\">            <div class=\"box has-hover gallery-box box-overlay dark\">\n              <div class=\"box-image\" >\n                <img loading=\"lazy\" decoding=\"async\" width=\"300\" height=\"300\" src=\"https:\/\/azurefilm.com\/wp-content\/uploads\/1-4-300x300.jpg\" class=\"attachment-medium size-medium\" alt=\"\" ids=\"73773,73791,73797,73803,73767,73785,73779,73676\" srcset=\"https:\/\/azurefilm.com\/wp-content\/uploads\/1-4-300x300.jpg 300w, https:\/\/azurefilm.com\/wp-content\/uploads\/1-4-274x274.jpg 274w, https:\/\/azurefilm.com\/wp-content\/uploads\/1-4-100x100.jpg 100w, https:\/\/azurefilm.com\/wp-content\/uploads\/1-4-510x510.jpg 510w, https:\/\/azurefilm.com\/wp-content\/uploads\/1-4-1024x1024.jpg 1024w, https:\/\/azurefilm.com\/wp-content\/uploads\/1-4-150x150.jpg 150w, https:\/\/azurefilm.com\/wp-content\/uploads\/1-4-768x768.jpg 768w, https:\/\/azurefilm.com\/wp-content\/uploads\/1-4.jpg 1200w\" sizes=\"auto, (max-width: 300px) 100vw, 300px\" title=\"\">                                  <div class=\"overlay fill\"\n                      style=\"background-color: rgba(0,0,0,.15)\">\n                  <\/div>\n                                                              <\/div>\n              <div class=\"box-text text-left\" >\n                 <p><\/p>\n              <\/div>\n            <\/div>\n            <\/a>          <\/div>\n         <\/div><div class=\"gallery-col col\" >\n          <div class=\"col-inner\">\n            <a class=\"image-lightbox lightbox-gallery\" href=\"https:\/\/azurefilm.com\/wp-content\/uploads\/5-9-1024x1024.jpg\" title=\"\">            <div class=\"box has-hover gallery-box box-overlay dark\">\n              <div class=\"box-image\" >\n                <img loading=\"lazy\" decoding=\"async\" width=\"300\" height=\"300\" src=\"https:\/\/azurefilm.com\/wp-content\/uploads\/5-9-300x300.jpg\" class=\"attachment-medium size-medium\" alt=\"\" ids=\"73773,73791,73797,73803,73767,73785,73779,73676\" srcset=\"https:\/\/azurefilm.com\/wp-content\/uploads\/5-9-300x300.jpg 300w, https:\/\/azurefilm.com\/wp-content\/uploads\/5-9-274x274.jpg 274w, https:\/\/azurefilm.com\/wp-content\/uploads\/5-9-100x100.jpg 100w, https:\/\/azurefilm.com\/wp-content\/uploads\/5-9-510x510.jpg 510w, https:\/\/azurefilm.com\/wp-content\/uploads\/5-9-1024x1024.jpg 1024w, https:\/\/azurefilm.com\/wp-content\/uploads\/5-9-150x150.jpg 150w, https:\/\/azurefilm.com\/wp-content\/uploads\/5-9-768x768.jpg 768w, https:\/\/azurefilm.com\/wp-content\/uploads\/5-9.jpg 1200w\" sizes=\"auto, (max-width: 300px) 100vw, 300px\" title=\"\">                                  <div class=\"overlay fill\"\n                      style=\"background-color: rgba(0,0,0,.15)\">\n                  <\/div>\n                                                              <\/div>\n              <div class=\"box-text text-left\" >\n                 <p><\/p>\n              <\/div>\n            <\/div>\n            <\/a>          <\/div>\n         <\/div><div class=\"gallery-col col\" >\n          <div class=\"col-inner\">\n            <a class=\"image-lightbox lightbox-gallery\" href=\"https:\/\/azurefilm.com\/wp-content\/uploads\/4-9-1024x1024.jpg\" title=\"\">            <div class=\"box has-hover gallery-box box-overlay dark\">\n              <div class=\"box-image\" >\n                <img loading=\"lazy\" decoding=\"async\" width=\"300\" height=\"300\" src=\"https:\/\/azurefilm.com\/wp-content\/uploads\/4-9-300x300.jpg\" class=\"attachment-medium size-medium\" alt=\"\" ids=\"73773,73791,73797,73803,73767,73785,73779,73676\" srcset=\"https:\/\/azurefilm.com\/wp-content\/uploads\/4-9-300x300.jpg 300w, https:\/\/azurefilm.com\/wp-content\/uploads\/4-9-274x274.jpg 274w, https:\/\/azurefilm.com\/wp-content\/uploads\/4-9-100x100.jpg 100w, https:\/\/azurefilm.com\/wp-content\/uploads\/4-9-510x510.jpg 510w, https:\/\/azurefilm.com\/wp-content\/uploads\/4-9-1024x1024.jpg 1024w, https:\/\/azurefilm.com\/wp-content\/uploads\/4-9-150x150.jpg 150w, https:\/\/azurefilm.com\/wp-content\/uploads\/4-9-768x768.jpg 768w, https:\/\/azurefilm.com\/wp-content\/uploads\/4-9.jpg 1200w\" sizes=\"auto, (max-width: 300px) 100vw, 300px\" title=\"\">                                  <div class=\"overlay fill\"\n                      style=\"background-color: rgba(0,0,0,.15)\">\n                  <\/div>\n                                                              <\/div>\n              <div class=\"box-text text-left\" >\n                 <p><\/p>\n              <\/div>\n            <\/div>\n            <\/a>          <\/div>\n         <\/div><div class=\"gallery-col col\" >\n          <div class=\"col-inner\">\n            <a class=\"image-lightbox lightbox-gallery\" href=\"https:\/\/azurefilm.com\/wp-content\/uploads\/2-4-1024x1024.jpg\" title=\"\">            <div class=\"box has-hover gallery-box box-overlay dark\">\n              <div class=\"box-image\" >\n                <img loading=\"lazy\" decoding=\"async\" width=\"300\" height=\"300\" src=\"https:\/\/azurefilm.com\/wp-content\/uploads\/2-4-300x300.jpg\" class=\"attachment-medium size-medium\" alt=\"\" ids=\"73773,73791,73797,73803,73767,73785,73779,73676\" srcset=\"https:\/\/azurefilm.com\/wp-content\/uploads\/2-4-300x300.jpg 300w, https:\/\/azurefilm.com\/wp-content\/uploads\/2-4-274x274.jpg 274w, https:\/\/azurefilm.com\/wp-content\/uploads\/2-4-100x100.jpg 100w, https:\/\/azurefilm.com\/wp-content\/uploads\/2-4-510x510.jpg 510w, https:\/\/azurefilm.com\/wp-content\/uploads\/2-4-1024x1024.jpg 1024w, https:\/\/azurefilm.com\/wp-content\/uploads\/2-4-150x150.jpg 150w, https:\/\/azurefilm.com\/wp-content\/uploads\/2-4-768x768.jpg 768w, https:\/\/azurefilm.com\/wp-content\/uploads\/2-4.jpg 1200w\" sizes=\"auto, (max-width: 300px) 100vw, 300px\" title=\"\">                                  <div class=\"overlay fill\"\n                      style=\"background-color: rgba(0,0,0,.15)\">\n                  <\/div>\n                                                              <\/div>\n              <div class=\"box-text text-left\" >\n                 <p><\/p>\n              <\/div>\n            <\/div>\n            <\/a>          <\/div>\n         <\/div><\/div>\n","protected":false},"excerpt":{"rendered":"<p><span style=\"font-weight: 400;\">A Refill LumberLay Pine boltban olyan 3D-nyomatokat v\u00e1s\u00e1rolhat, amelyek illat\u00e1ban, \u00e9rz\u00e9s\u00e9ben \u00e9s kin\u00e9zet\u00e9ben olyanok, mint a val\u00f3di fa. 40%-ban \u00fajrahasznos\u00edtott f\u00e1b\u00f3l k\u00e9sz\u00fclt. <\/span><\/p>\n","protected":false},"featured_media":113200,"comment_status":"closed","ping_status":"closed","template":"","meta":{"_acf_changed":false},"product_brand":[],"product_cat":[2300,1686,2299,1688,2209],"product_tag":[2212],"brand":[],"class_list":{"0":"post-56058","1":"product","2":"type-product","3":"status-publish","4":"has-post-thumbnail","6":"product_cat-ujratoltes-lumberlay","7":"product_cat-3d-filmek","8":"product_cat-lumberlay-szalak","9":"product_cat-minden-film","10":"product_cat-refill-szalak","11":"product_tag-oko-hu","12":"pa_colour-brown","13":"pa_filament-diameter-1-75mm","14":"pa_filament-weight-750g","16":"first","17":"instock","18":"taxable","19":"shipping-taxable","20":"purchasable","21":"product-type-variable"},"acf":[],"_links":{"self":[{"href":"https:\/\/azurefilm.com\/hu\/wp-json\/wp\/v2\/product\/56058","targetHints":{"allow":["GET"]}}],"collection":[{"href":"https:\/\/azurefilm.com\/hu\/wp-json\/wp\/v2\/product"}],"about":[{"href":"https:\/\/azurefilm.com\/hu\/wp-json\/wp\/v2\/types\/product"}],"replies":[{"embeddable":true,"href":"https:\/\/azurefilm.com\/hu\/wp-json\/wp\/v2\/comments?post=56058"}],"wp:featuredmedia":[{"embeddable":true,"href":"https:\/\/azurefilm.com\/hu\/wp-json\/wp\/v2\/media\/113200"}],"wp:attachment":[{"href":"https:\/\/azurefilm.com\/hu\/wp-json\/wp\/v2\/media?parent=56058"}],"wp:term":[{"taxonomy":"product_brand","embeddable":true,"href":"https:\/\/azurefilm.com\/hu\/wp-json\/wp\/v2\/product_brand?post=56058"},{"taxonomy":"product_cat","embeddable":true,"href":"https:\/\/azurefilm.com\/hu\/wp-json\/wp\/v2\/product_cat?post=56058"},{"taxonomy":"product_tag","embeddable":true,"href":"https:\/\/azurefilm.com\/hu\/wp-json\/wp\/v2\/product_tag?post=56058"},{"taxonomy":"brand","embeddable":true,"href":"https:\/\/azurefilm.com\/hu\/wp-json\/wp\/v2\/brand?post=56058"}],"curies":[{"name":"wp","href":"https:\/\/api.w.org\/{rel}","templated":true}]}}