
{"id":56084,"date":"2024-05-13T11:33:41","date_gmt":"2024-05-13T11:33:41","guid":{"rendered":"https:\/\/azurefilm.com\/product\/creality-mk8-sargarez-fuvoka-5-csomag\/"},"modified":"2024-05-13T11:33:41","modified_gmt":"2024-05-13T11:33:41","slug":"creality-mk8-sargarez-fuvoka-5-csomag","status":"publish","type":"product","link":"https:\/\/azurefilm.com\/hu\/termek\/creality-mk8-sargarez-fuvoka-5-csomag\/","title":{"rendered":"Creality MK8 s\u00e1rgar\u00e9z f\u00fav\u00f3ka (5 csomag)"},"content":{"rendered":"<h2><span style=\"font-weight: 400;\">F\u0151bb jellemz\u0151k<\/span><\/h2>\n<p><span style=\"font-weight: 400;\">A Creality MK8 s\u00e1rgar\u00e9z f\u00fav\u00f3ka 5 csomagban tartalmazza:<\/span><\/p>\n<ul>\n<li style=\"font-weight: 400;\" aria-level=\"1\"><span style=\"font-weight: 400;\">1x 0,25 mm-es s\u00e1rgar\u00e9z f\u00fav\u00f3ka<\/span><\/li>\n<li style=\"font-weight: 400;\" aria-level=\"1\"><span style=\"font-weight: 400;\">2x 0,40 mm-es s\u00e1rgar\u00e9z f\u00fav\u00f3ka<\/span><\/li>\n<li style=\"font-weight: 400;\" aria-level=\"1\"><span style=\"font-weight: 400;\">1x 0,60 mm-es s\u00e1rgar\u00e9z f\u00fav\u00f3ka<\/span><\/li>\n<li style=\"font-weight: 400;\" aria-level=\"1\"><span style=\"font-weight: 400;\">1x 0,80 mm-es s\u00e1rgar\u00e9z f\u00fav\u00f3ka<\/span><\/li>\n<\/ul>\n<p><span style=\"font-weight: 400;\">Mindegyik f\u00fav\u00f3k\u00e1nak m\u00e1s-m\u00e1s a ny\u00edl\u00e1s\u00e1tm\u00e9r\u0151je, ami befoly\u00e1solja a sz\u00e1lbevonat vastags\u00e1g\u00e1t a nyomtat\u00e1s sor\u00e1n. \u00c1ltal\u00e1ban a kisebb f\u00fav\u00f3k\u00e1k pontosabb \u00e9s r\u00e9szletesebb nyomtat\u00e1st tesznek lehet\u0151v\u00e9, m\u00edg a nagyobb f\u00fav\u00f3k\u00e1k felgyors\u00edtj\u00e1k a nyomtat\u00e1si folyamatot, de valamivel kisebb pontoss\u00e1ggal. <\/span><\/p>\n<p><span style=\"font-weight: 400;\">\u00daj f\u00fav\u00f3ka haszn\u00e1lata el\u0151tt aj\u00e1nlott ellen\u0151rizni \u00e9s a kiv\u00e1lasztott f\u00fav\u00f3ka m\u00e9ret\u00e9nek megfelel\u0151en be\u00e1ll\u00edtani a nyomtat\u00f3 be\u00e1ll\u00edt\u00e1sait. Emellett mindig j\u00f3 \u00f6tlet tartal\u00e9k f\u00fav\u00f3k\u00e1kat tartani arra az esetre, ha azok elhaszn\u00e1l\u00f3dn\u00e1nak vagy megs\u00e9r\u00fcln\u00e9nek nyomtat\u00e1s k\u00f6zben. <\/span><\/p>\n","protected":false},"excerpt":{"rendered":"<p><span style=\"font-weight: 400;\">A Creality MK8 s\u00e1rgar\u00e9z f\u00fav\u00f3k\u00e1k (5 csomag) minden egyes f\u00fav\u00f3k\u00e1ja k\u00fcl\u00f6nb\u00f6z\u0151 \u00e1tm\u00e9r\u0151j\u0171, \u00edgy a felhaszn\u00e1l\u00f3 a k\u00edv\u00e1nt m\u00e9retet az adott nyomtat\u00e1si k\u00f6vetelm\u00e9nyeknek megfelel\u0151en v\u00e1laszthatja ki.<\/span><\/p>\n","protected":false},"featured_media":56086,"comment_status":"closed","ping_status":"closed","template":"","meta":{"_acf_changed":false},"product_brand":[],"product_cat":[2221,2243,1679,2226,2224],"product_tag":[],"brand":[],"class_list":{"0":"post-56084","1":"product","2":"type-product","3":"status-publish","4":"has-post-thumbnail","6":"product_cat-potalkatreszek","7":"product_cat-edzett-es-kopasallo-fuvokak","8":"product_cat-elado","9":"product_cat-fuvoszarnyak","10":"product_cat-minden-potalkatresz","12":"first","13":"instock","14":"sale","15":"taxable","16":"shipping-taxable","17":"purchasable","18":"product-type-simple"},"acf":[],"_links":{"self":[{"href":"https:\/\/azurefilm.com\/hu\/wp-json\/wp\/v2\/product\/56084","targetHints":{"allow":["GET"]}}],"collection":[{"href":"https:\/\/azurefilm.com\/hu\/wp-json\/wp\/v2\/product"}],"about":[{"href":"https:\/\/azurefilm.com\/hu\/wp-json\/wp\/v2\/types\/product"}],"replies":[{"embeddable":true,"href":"https:\/\/azurefilm.com\/hu\/wp-json\/wp\/v2\/comments?post=56084"}],"wp:featuredmedia":[{"embeddable":true,"href":"https:\/\/azurefilm.com\/hu\/wp-json\/wp\/v2\/media\/56086"}],"wp:attachment":[{"href":"https:\/\/azurefilm.com\/hu\/wp-json\/wp\/v2\/media?parent=56084"}],"wp:term":[{"taxonomy":"product_brand","embeddable":true,"href":"https:\/\/azurefilm.com\/hu\/wp-json\/wp\/v2\/product_brand?post=56084"},{"taxonomy":"product_cat","embeddable":true,"href":"https:\/\/azurefilm.com\/hu\/wp-json\/wp\/v2\/product_cat?post=56084"},{"taxonomy":"product_tag","embeddable":true,"href":"https:\/\/azurefilm.com\/hu\/wp-json\/wp\/v2\/product_tag?post=56084"},{"taxonomy":"brand","embeddable":true,"href":"https:\/\/azurefilm.com\/hu\/wp-json\/wp\/v2\/brand?post=56084"}],"curies":[{"name":"wp","href":"https:\/\/api.w.org\/{rel}","templated":true}]}}