
{"id":56289,"date":"2024-06-18T07:53:17","date_gmt":"2024-06-18T07:53:17","guid":{"rendered":"https:\/\/azurefilm.com\/product\/elulso-hazegyseg-x1-sorozat\/"},"modified":"2024-06-18T07:53:17","modified_gmt":"2024-06-18T07:53:17","slug":"elulso-hazegyseg-x1-sorozat","status":"publish","type":"product","link":"https:\/\/azurefilm.com\/hu\/termek\/elulso-hazegyseg-x1-sorozat\/","title":{"rendered":"El\u00fcls\u0151 h\u00e1zegys\u00e9g &#8211; X1 sorozat"},"content":{"rendered":"<h2><strong>F\u0151bb jellemz\u0151k<\/strong><\/h2>\n<p><span style=\"font-weight: 400;\">Az el\u00fcls\u0151 h\u00e1zegys\u00e9g &#8211; X1 sorozat a k\u00f6vetkez\u0151kh\u00f6z haszn\u00e1latos <\/span><b>a 3D nyomtatott alkatr\u00e9sz h\u0171t\u00e9s\u00e9re<\/b><span style=\"font-weight: 400;\"> \u00e9s biztos\u00edtja, hogy <\/span><b>alak\u00edthat\u00f3<\/b><span style=\"font-weight: 400;\">.<\/span> <b>Felel\u0151ss\u00e9gi nyilatkozat:<\/b><span style=\"font-weight: 400;\"> K\u00e9rj\u00fck, v\u00e1s\u00e1rl\u00e1s el\u0151tt er\u0151s\u00edtse meg a nyomtat\u00f3 modellj\u00e9t, mivel a csatlakoz\u00f3 elt\u00e9rhet az X1 sorozat \u00e9s a P1P v\u00e1ltozat k\u00f6z\u00f6tt.<\/span><\/p>\n<h2><strong>Telep\u00edt\u00e9s<\/strong><\/h2>\n<p><span style=\"font-weight: 400;\">Az X1 sorozat el\u00fcls\u0151 h\u00e1zegys\u00e9g\u00e9nek cser\u00e9j\u00e9re vonatkoz\u00f3 r\u00e9szletes utas\u00edt\u00e1sok\u00e9rt l\u00e1togasson el a Bambu Lab Wiki oldal\u00e1ra.<\/span><\/p>\n","protected":false},"excerpt":{"rendered":"<p><span style=\"font-weight: 400;\">Front Housing Assembly &#8211; X1 sorozat biztos\u00edtja, hogy a 3D nyomtatott alkatr\u00e9szek leh\u0171ljenek \u00e9s alak\u00edthat\u00f3ak legyenek.  <\/span><\/p>\n","protected":false},"featured_media":56290,"comment_status":"closed","ping_status":"closed","template":"","meta":{"_acf_changed":false},"product_brand":[],"product_cat":[2221,1679,2232,2222,2224],"product_tag":[],"brand":[],"class_list":{"0":"post-56289","1":"product","2":"type-product","3":"status-publish","4":"has-post-thumbnail","6":"product_cat-potalkatreszek","7":"product_cat-elado","8":"product_cat-extruder-alkatreszek","9":"product_cat-extruders-hu","10":"product_cat-minden-potalkatresz","11":"pa_compatible-with-bambulab-fdm-3d-printers","12":"pa_fits-printer-bambu-lab-x1-series-only","14":"first","15":"instock","16":"sale","17":"taxable","18":"shipping-taxable","19":"purchasable","20":"product-type-simple"},"acf":[],"_links":{"self":[{"href":"https:\/\/azurefilm.com\/hu\/wp-json\/wp\/v2\/product\/56289","targetHints":{"allow":["GET"]}}],"collection":[{"href":"https:\/\/azurefilm.com\/hu\/wp-json\/wp\/v2\/product"}],"about":[{"href":"https:\/\/azurefilm.com\/hu\/wp-json\/wp\/v2\/types\/product"}],"replies":[{"embeddable":true,"href":"https:\/\/azurefilm.com\/hu\/wp-json\/wp\/v2\/comments?post=56289"}],"wp:featuredmedia":[{"embeddable":true,"href":"https:\/\/azurefilm.com\/hu\/wp-json\/wp\/v2\/media\/56290"}],"wp:attachment":[{"href":"https:\/\/azurefilm.com\/hu\/wp-json\/wp\/v2\/media?parent=56289"}],"wp:term":[{"taxonomy":"product_brand","embeddable":true,"href":"https:\/\/azurefilm.com\/hu\/wp-json\/wp\/v2\/product_brand?post=56289"},{"taxonomy":"product_cat","embeddable":true,"href":"https:\/\/azurefilm.com\/hu\/wp-json\/wp\/v2\/product_cat?post=56289"},{"taxonomy":"product_tag","embeddable":true,"href":"https:\/\/azurefilm.com\/hu\/wp-json\/wp\/v2\/product_tag?post=56289"},{"taxonomy":"brand","embeddable":true,"href":"https:\/\/azurefilm.com\/hu\/wp-json\/wp\/v2\/brand?post=56289"}],"curies":[{"name":"wp","href":"https:\/\/api.w.org\/{rel}","templated":true}]}}