
{"id":56414,"date":"2023-10-29T14:26:34","date_gmt":"2023-10-29T14:26:34","guid":{"rendered":"https:\/\/azurefilm.com\/product\/dm542-motorhajtas\/"},"modified":"2025-06-27T18:59:07","modified_gmt":"2025-06-27T18:59:07","slug":"dm542-motorhajtas","status":"publish","type":"product","link":"https:\/\/azurefilm.com\/hu\/termek\/dm542-motorhajtas\/","title":{"rendered":"DM542 motorhajt\u00e1s"},"content":{"rendered":"<h2>F\u0151bb jellemz\u0151k<\/h2>\n<ul>\n<li><strong>Automatikus optimaliz\u00e1l\u00e1s:<\/strong> A DM542 intelligens asszisztensk\u00e9nt m\u0171k\u00f6dik a motorok sz\u00e1m\u00e1ra. Automatikusan megtal\u00e1lja a legjobb be\u00e1ll\u00edt\u00e1sokat, ak\u00e1r motorokat, ak\u00e1r projekteket v\u00e1ltogat.<\/li>\n<li><strong>Univerz\u00e1lis kompatibilit\u00e1s:<\/strong> Ez a motorhajt\u00e1s 4 \u00e9s 8 vezet\u00e9kes k\u00e9tf\u00e1zis\u00fa l\u00e9ptet\u0151motorokkal is m\u0171k\u00f6dik, \u00edgy sokoldal\u00faan alkalmazhat\u00f3 minden alkalmaz\u00e1shoz.<\/li>\n<li><strong>Csendes m\u0171k\u00f6d\u00e9s:<\/strong> A DM542 k\u00f6zepes \u00e9s alacsony fordulatsz\u00e1mon stabil \u00e9s csendes motorm\u0171k\u00f6d\u00e9st biztos\u00edt, cs\u00f6kkentve a munkahelyi zajokat.<\/li>\n<li><strong>Kir\u00e1ly motorok:<\/strong> A prec\u00edz \u00e1ramszab\u00e1lyoz\u00e1s megakad\u00e1lyozza a motorok t\u00falmeleged\u00e9s\u00e9t hosszabb haszn\u00e1lat sor\u00e1n, biztos\u00edtva hossz\u00fa t\u00e1v\u00fa teljes\u00edtm\u00e9ny\u00fcket.<\/li>\n<li><strong>Be\u00e9p\u00edtett v\u00e9delem:<\/strong> T\u00falfesz\u00fclts\u00e9g- \u00e9s t\u00fal\u00e1ramv\u00e9delemmel rendelkezik, amely megv\u00e9di a motorokat az esetleges k\u00e1rosod\u00e1st\u00f3l.<\/li>\n<li><strong>Interferencia ellen\u00e1ll\u00e1s:<\/strong> A DM542 optikai szigetel\u00e9s\u0171 jelbemenete rendk\u00edv\u00fcl ellen\u00e1ll\u00f3v\u00e1 teszi a k\u00fcls\u0151 interferenci\u00e1val szemben, \u00edgy zajos k\u00f6rnyezetben is megb\u00edzhat\u00f3 motorvez\u00e9rl\u00e9st biztos\u00edt.<\/li>\n<\/ul>\n","protected":false},"excerpt":{"rendered":"<p><strong>Motor Drive DM542 &#8211; A k\u00f6nnyed \u00e9s pontos motorvez\u00e9rl\u00e9s felold\u00e1sa 57\/86 l\u00e9ptet\u0151motorokhoz (max. 4,2A)<\/strong> integr\u00e1lt param\u00e9ter \u00f6nbe\u00e1ll\u00edt\u00f3 funkci\u00f3val, amely automatikusan k\u00e9pes optim\u00e1lis m\u0171k\u00f6d\u00e9si param\u00e9tereket gener\u00e1lni a k\u00fcl\u00f6nb\u00f6z\u0151 motorokhoz, \u00e9s k\u00e9pes 4 vezet\u00e9kes \/ 8 vezet\u00e9kes k\u00e9tf\u00e1zis\u00fa l\u00e9ptet\u0151motor meghajt\u00e1s\u00e1ra.<\/p>\n","protected":false},"featured_media":56415,"comment_status":"closed","ping_status":"closed","template":"","meta":{"_acf_changed":false},"product_brand":[],"product_cat":[1679,2224,2255,2350,2221],"product_tag":[],"brand":[],"class_list":{"0":"post-56414","1":"product","2":"type-product","3":"status-publish","4":"has-post-thumbnail","6":"product_cat-elado","7":"product_cat-minden-potalkatresz","8":"product_cat-motorok-es-meghajtok","9":"product_cat-motoros-meghajtok","10":"product_cat-potalkatreszek","12":"first","13":"instock","14":"sale","15":"taxable","16":"shipping-taxable","17":"purchasable","18":"product-type-simple"},"acf":[],"_links":{"self":[{"href":"https:\/\/azurefilm.com\/hu\/wp-json\/wp\/v2\/product\/56414","targetHints":{"allow":["GET"]}}],"collection":[{"href":"https:\/\/azurefilm.com\/hu\/wp-json\/wp\/v2\/product"}],"about":[{"href":"https:\/\/azurefilm.com\/hu\/wp-json\/wp\/v2\/types\/product"}],"replies":[{"embeddable":true,"href":"https:\/\/azurefilm.com\/hu\/wp-json\/wp\/v2\/comments?post=56414"}],"wp:featuredmedia":[{"embeddable":true,"href":"https:\/\/azurefilm.com\/hu\/wp-json\/wp\/v2\/media\/56415"}],"wp:attachment":[{"href":"https:\/\/azurefilm.com\/hu\/wp-json\/wp\/v2\/media?parent=56414"}],"wp:term":[{"taxonomy":"product_brand","embeddable":true,"href":"https:\/\/azurefilm.com\/hu\/wp-json\/wp\/v2\/product_brand?post=56414"},{"taxonomy":"product_cat","embeddable":true,"href":"https:\/\/azurefilm.com\/hu\/wp-json\/wp\/v2\/product_cat?post=56414"},{"taxonomy":"product_tag","embeddable":true,"href":"https:\/\/azurefilm.com\/hu\/wp-json\/wp\/v2\/product_tag?post=56414"},{"taxonomy":"brand","embeddable":true,"href":"https:\/\/azurefilm.com\/hu\/wp-json\/wp\/v2\/brand?post=56414"}],"curies":[{"name":"wp","href":"https:\/\/api.w.org\/{rel}","templated":true}]}}