
{"id":56416,"date":"2023-10-29T14:28:24","date_gmt":"2023-10-29T14:28:24","guid":{"rendered":"https:\/\/azurefilm.com\/product\/in-slot-t-slot-90-os-szogben\/"},"modified":"2025-10-18T11:41:16","modified_gmt":"2025-10-18T11:41:16","slug":"in-slot-t-slot-90-os-szogben","status":"publish","type":"product","link":"https:\/\/azurefilm.com\/hu\/termek\/in-slot-t-slot-90-os-szogben\/","title":{"rendered":"In slot \/ T slot 90 \u00b0-os sz\u00f6gben"},"content":{"rendered":"<h3>F\u0151bb jellemz\u0151k:<\/h3>\n<p>Has\u00edt\u00e9kban \/ T-ny\u00edl\u00e1sban 90 \u00b0-os sz\u00f6gben Profilokhoz alkalmas:<\/p>\n<ul>\n<li>Profil 20&#215;20 fekete 500\/ 1000mm<\/li>\n<li>Profil 20&#215;40 fekete 500\/ 1000mm<\/li>\n<\/ul>\n","protected":false},"excerpt":{"rendered":"<p>In slot \/ T slot 90 \u00b0-os sz\u00f6gben<\/p>\n","protected":false},"featured_media":56417,"comment_status":"closed","ping_status":"closed","template":"","meta":{"_acf_changed":false},"product_brand":[],"product_cat":[2221,2351,1679,2224],"product_tag":[],"brand":[],"class_list":{"0":"post-56416","1":"product","2":"type-product","3":"status-publish","4":"has-post-thumbnail","6":"product_cat-potalkatreszek","7":"product_cat-aluminium-profilok","8":"product_cat-elado","9":"product_cat-minden-potalkatresz","11":"first","12":"instock","13":"sale","14":"taxable","15":"shipping-taxable","16":"purchasable","17":"product-type-simple"},"acf":[],"_links":{"self":[{"href":"https:\/\/azurefilm.com\/hu\/wp-json\/wp\/v2\/product\/56416","targetHints":{"allow":["GET"]}}],"collection":[{"href":"https:\/\/azurefilm.com\/hu\/wp-json\/wp\/v2\/product"}],"about":[{"href":"https:\/\/azurefilm.com\/hu\/wp-json\/wp\/v2\/types\/product"}],"replies":[{"embeddable":true,"href":"https:\/\/azurefilm.com\/hu\/wp-json\/wp\/v2\/comments?post=56416"}],"wp:featuredmedia":[{"embeddable":true,"href":"https:\/\/azurefilm.com\/hu\/wp-json\/wp\/v2\/media\/56417"}],"wp:attachment":[{"href":"https:\/\/azurefilm.com\/hu\/wp-json\/wp\/v2\/media?parent=56416"}],"wp:term":[{"taxonomy":"product_brand","embeddable":true,"href":"https:\/\/azurefilm.com\/hu\/wp-json\/wp\/v2\/product_brand?post=56416"},{"taxonomy":"product_cat","embeddable":true,"href":"https:\/\/azurefilm.com\/hu\/wp-json\/wp\/v2\/product_cat?post=56416"},{"taxonomy":"product_tag","embeddable":true,"href":"https:\/\/azurefilm.com\/hu\/wp-json\/wp\/v2\/product_tag?post=56416"},{"taxonomy":"brand","embeddable":true,"href":"https:\/\/azurefilm.com\/hu\/wp-json\/wp\/v2\/brand?post=56416"}],"curies":[{"name":"wp","href":"https:\/\/api.w.org\/{rel}","templated":true}]}}