
{"id":56428,"date":"2024-08-06T13:00:09","date_gmt":"2024-08-06T13:00:09","guid":{"rendered":"https:\/\/azurefilm.com\/product\/pla-matte-hs-szal-off-white\/"},"modified":"2025-09-01T14:05:09","modified_gmt":"2025-09-01T14:05:09","slug":"pla-matte-hs-szal-off-white","status":"publish","type":"product","link":"https:\/\/azurefilm.com\/hu\/termek\/pla-matte-hs-szal-off-white\/","title":{"rendered":"PLA Matte HS sz\u00e1l Off-White"},"content":{"rendered":"<div class=\"row row-large align-middle\"  id=\"row-1111415457\">\n\n\t<div id=\"col-557583364\" class=\"col pb-0 medium-8 small-12 large-8\"  >\n\t\t\t\t<div class=\"col-inner text-left\"  >\n\t\t\t\n\t\t\t\n<h2>PLA matt HS<\/h2>\n<p>A PLA Matte HS mindazoknak sz\u00f3l, akik matt \u00e9s eszt\u00e9tikus fel\u00fcletet szeretn\u00e9nek a nyomatokn\u00e1l.<br \/>\nEnnek a filamentnek a matt fel\u00fclete sz\u00e9pen elrejti a r\u00e9tegvonalakat, ami tov\u00e1bb jav\u00edtja a nyomtatott t\u00e1rgy megjelen\u00e9s\u00e9t.<br \/>\nA PLA Matte HS k\u00f6nnyen nyomtathat\u00f3, kiv\u00e1l\u00f3 az els\u0151 r\u00e9teg tapad\u00e1sa, \u00e9s ak\u00e1r 500 mm\/s sebess\u00e9ggel is nyomtathat\u00f3.  <\/p>\n<h3>Nyomtat\u00e1si aj\u00e1nl\u00e1sok<\/h3>\n<ul>\n<li style=\"font-weight: 400;\" aria-level=\"1\"><span style=\"font-weight: 400;\">A legjobb eredm\u00e9ny \u00e9rdek\u00e9ben 205-255\u00b0C* h\u0151m\u00e9rs\u00e9kleten nyomtasson.  <\/span><\/li>\n<li style=\"font-weight: 400;\" aria-level=\"1\"><span style=\"font-weight: 400;\">Nincs sz\u00fcks\u00e9g f\u0171t\u00f6tt \u00e1gyra, azonban javasoljuk, hogy a nyomtat\u00f3asztalt 50-60\u00b0C-ra meleg\u00edtse el\u0151.<\/span><\/li>\n<li style=\"font-weight: 400;\" aria-level=\"1\"><span style=\"font-weight: 400;\">Haszn\u00e1ljon \u00fcveg\u00e1gyat, PEI lapot, Kapton vagy k\u00e9k szalagot az \u00e9p\u00edt\u00e9si platformhoz 3Dlac spray-vel.<\/span><\/li>\n<\/ul>\n<p><i><span style=\"font-weight: 400;\">*A k\u00fcl\u00f6nb\u00f6z\u0151 nyomtat\u00f3k haszn\u00e1lata eset\u00e9n az ide\u00e1lis h\u0151m\u00e9rs\u00e9klet elt\u00e9r\u0151 lehet.<\/span><\/i><\/p>\n\t\t<\/div>\n\t\t\t\t\t<\/div>\n\n\t\n\n\t<div id=\"col-1854652913\" class=\"col medium-4 small-12 large-4\"  >\n\t\t\t\t<div class=\"col-inner\"  >\n\t\t\t\n\t\t\t\n\t<div class=\"img has-hover x md-x lg-x y md-y lg-y\" id=\"image_1933363492\">\n\t\t\t\t\t\t\t\t<div class=\"img-inner dark\" >\n\t\t\t<img loading=\"lazy\" decoding=\"async\" width=\"1020\" height=\"835\" src=\"https:\/\/azurefilm.com\/wp-content\/uploads\/2024\/08\/EN_PLA-Matte_spider-chart-1024x838.png\" class=\"attachment-large size-large\" alt=\"\" srcset=\"https:\/\/azurefilm.com\/wp-content\/uploads\/2024\/08\/EN_PLA-Matte_spider-chart-1024x838.png 1024w, https:\/\/azurefilm.com\/wp-content\/uploads\/2024\/08\/EN_PLA-Matte_spider-chart-510x417.png 510w, https:\/\/azurefilm.com\/wp-content\/uploads\/2024\/08\/EN_PLA-Matte_spider-chart-300x245.png 300w, https:\/\/azurefilm.com\/wp-content\/uploads\/2024\/08\/EN_PLA-Matte_spider-chart-768x628.png 768w, https:\/\/azurefilm.com\/wp-content\/uploads\/2024\/08\/EN_PLA-Matte_spider-chart.png 1397w\" sizes=\"auto, (max-width: 1020px) 100vw, 1020px\" title=\"\">\t\t\t\t\t\t\n\t\t\t\t\t<\/div>\n\t\t\t\t\t\t\t\t\n<style>\n#image_1933363492 {\n  width: 100%;\n}\n<\/style>\n\t<\/div>\n\t\n\t\t<\/div>\n\t\t\t\t\t<\/div>\n\n\t\n<\/div>\n<table>\n<tbody>\n<tr>\n<th><span style=\"font-weight: 400;\"> <\/span><\/th>\n<th><span style=\"font-weight: 400;\">Standard<\/span><\/th>\n<th><span style=\"font-weight: 400;\">\u00c9rt\u00e9k<\/span><\/th>\n<th><span style=\"font-weight: 400;\">Egys\u00e9g<\/span><\/th>\n<\/tr>\n<tr>\n<td><span style=\"font-weight: 400;\"> Nyomtat\u00e1si h\u0151m\u00e9rs\u00e9klet.<\/span><\/td>\n<td><span style=\"font-weight: 400;\">AF<\/span><\/td>\n<td><span style=\"font-weight: 400;\">205-225<\/span><\/td>\n<td><span style=\"font-weight: 400;\">\u00b0C<\/span><\/td>\n<\/tr>\n<tr>\n<td><span style=\"font-weight: 400;\"> \u00c1gyh\u0151m\u00e9rs\u00e9klet.<\/span><\/td>\n<td><span style=\"font-weight: 400;\">AF<\/span><\/td>\n<td><span style=\"font-weight: 400;\">60<\/span><\/td>\n<td><span style=\"font-weight: 400;\">\u00b0C<\/span><\/td>\n<\/tr>\n<tr>\n<td><span style=\"font-weight: 400;\"> Nyomtat\u00e1si sebess\u00e9g<\/span><\/td>\n<td><span style=\"font-weight: 400;\">AF<\/span><\/td>\n<td><span style=\"font-weight: 400;\">300-500<\/span><\/td>\n<td><span style=\"font-weight: 400;\">mm\/s<\/span><\/td>\n<\/tr>\n<tr>\n<td><span style=\"font-weight: 400;\"> H\u0171t\u00e9s<\/span><\/td>\n<td><span style=\"font-weight: 400;\">AF<\/span><\/td>\n<td><span style=\"font-weight: 400;\">100<\/span><\/td>\n<td><span style=\"font-weight: 400;\">%<\/span><\/td>\n<\/tr>\n<tr>\n<td><span style=\"font-weight: 400;\"> \u00c1gyfel\u00fclet<\/span><\/td>\n<td><span style=\"font-weight: 400;\">\/<\/span><\/td>\n<td><span style=\"font-weight: 400;\">(Textur\u00e1lt) PEI, \u00dcVEG, BUILDTAK<\/span><\/td>\n<td><span style=\"font-weight: 400;\">\/<\/span><\/td>\n<\/tr>\n<\/tbody>\n<\/table>\n<div class=\"is-divider divider clearfix\" style=\"max-width:100%;height:1px;background-color:rgb(17, 107, 168);\"><\/div>\n<h2>Alkalmaz\u00e1sok<\/h2>\n<h3>K\u00f6nnyen nyomtathat\u00f3<\/h3>\n<p>A PLA Matte HS kollekci\u00f3 ide\u00e1lis a kezd\u0151k sz\u00e1m\u00e1ra, mivel k\u00f6nnyen nyomtathat\u00f3. A k\u00f6nny\u0171 haszn\u00e1lat ellen\u00e9re a PLA Matte HS a hagyom\u00e1nyos PLA-hoz k\u00e9pest jobb eszt\u00e9tikai tulajdons\u00e1gokkal rendelkezik, ami alkalmass\u00e1 teszi k\u00fcl\u00f6nb\u00f6z\u0151 alkalmaz\u00e1sokhoz, p\u00e9ld\u00e1ul dekor\u00e1ci\u00f3khoz. <\/p>\n<div style=\"padding: 56.25% 0 0 0; position: relative;\"><iframe style=\"position: absolute; top: 0; left: 0; width: 100%; height: 100%;\" title=\"K\u00f6nnyen nyomtathat\u00f3\" src=\"https:\/\/player.vimeo.com\/video\/949435282?badge=0&amp;autopause=0&amp;player_id=0&amp;app_id=58479\" frameborder=\"0\"><\/iframe><\/div>\n<p><script src=\"https:\/\/player.vimeo.com\/api\/player.js\"><\/script><\/p>\n<h3>Egyenletes matt fel\u00fcletkezel\u00e9s<\/h3>\n<p>A Matte kollekci\u00f3 sz\u00e1lai jellegzetes matt fel\u00fclettel rendelkeznek, ami lehet\u0151v\u00e9 teszi a r\u00e9tegek vonalainak elrejt\u00e9s\u00e9t. Pr\u00f3b\u00e1lja ki a PLA Matte HS-t, \u00e9s \u00e9lvezze nyomatainak professzion\u00e1lis megjelen\u00e9s\u00e9t. <\/p>\n<div style=\"padding: 56.25% 0 0 0; position: relative;\"><iframe style=\"position: absolute; top: 0; left: 0; width: 100%; height: 100%;\" title=\"PLA MATTE_ellen\u00e1ll\u00f3 Matt fel\u00fcletkezel\u00e9s\" src=\"https:\/\/player.vimeo.com\/video\/949434817?badge=0&amp;autopause=0&amp;player_id=0&amp;app_id=58479\" frameborder=\"0\"><\/iframe><\/div>\n<p><script src=\"https:\/\/player.vimeo.com\/api\/player.js\"><\/script><\/p>\n<h3>Nagy sebess\u00e9g\u0171 nyomtat\u00e1s<\/h3>\n<p>Az ak\u00e1r 500 mm\/s sebess\u00e9g\u0171 nyomtat\u00e1s lehet\u0151s\u00e9ge lehet\u0151v\u00e9 teszi a gyors \u00e9s hat\u00e9kony alkot\u00e1st. A nyomtat\u00e1si sebess\u00e9g nem befoly\u00e1solja a filament mechanikai tulajdons\u00e1gait, \u00e9s nem v\u00e1ltoztatja meg a v\u00e9gs\u0151 t\u00e1rgy matt megjelen\u00e9s\u00e9t. <\/p>\n<div style=\"padding: 56.25% 0 0 0; position: relative;\"><iframe style=\"position: absolute; top: 0; left: 0; width: 100%; height: 100%;\" title=\"Nagy sebess\u00e9g\u0171 nyomtat\u00e1s\" src=\"https:\/\/player.vimeo.com\/video\/949435939?badge=0&amp;autopause=0&amp;player_id=0&amp;app_id=58479\" frameborder=\"0\"><\/iframe><\/div>\n<p><script src=\"https:\/\/player.vimeo.com\/api\/player.js\"><\/script><\/p>\n<h3>Kev\u00e9sb\u00e9 l\u00e1that\u00f3 r\u00e9tegvonalak<\/h3>\n<p>A PLA Matte HS kollekci\u00f3t kifejezetten \u00fagy tervezt\u00e9k, hogy a r\u00e9tegvonalak kev\u00e9sb\u00e9 l\u00e1tsz\u00f3djanak, ami a 3D nyomtat\u00e1sban gyakori kih\u00edv\u00e1s. Ez a tulajdons\u00e1g k\u00fcl\u00f6n\u00f6sen hasznos az olyan alkalmaz\u00e1sokn\u00e1l, ahol az eszt\u00e9tika a legfontosabb. A cs\u00f6kkentett ut\u00f3feldolgoz\u00e1si ig\u00e9ny lehet\u0151v\u00e9 teszi gy\u00f6ny\u00f6r\u0171 \u00e9p\u00edt\u00e9szeti modellek, dekor\u00e1ci\u00f3k \u00e9s protot\u00edpusok k\u00e9sz\u00edt\u00e9s\u00e9t.  <\/p>\n<p><img loading=\"lazy\" decoding=\"async\" class=\"aligncenter wp-image-39571 size-full\" src=\"https:\/\/azurefilm.com\/wp-content\/uploads\/2024\/08\/PLA-Matte-Off-White-2048x768-1.jpg\" alt=\"\" width=\"2048\" height=\"768\" title=\"\" srcset=\"https:\/\/azurefilm.com\/wp-content\/uploads\/2024\/08\/PLA-Matte-Off-White-2048x768-1.jpg 2048w, https:\/\/azurefilm.com\/wp-content\/uploads\/2024\/08\/PLA-Matte-Off-White-2048x768-1-510x191.jpg 510w, https:\/\/azurefilm.com\/wp-content\/uploads\/2024\/08\/PLA-Matte-Off-White-2048x768-1-300x113.jpg 300w, https:\/\/azurefilm.com\/wp-content\/uploads\/2024\/08\/PLA-Matte-Off-White-2048x768-1-1024x384.jpg 1024w, https:\/\/azurefilm.com\/wp-content\/uploads\/2024\/08\/PLA-Matte-Off-White-2048x768-1-768x288.jpg 768w, https:\/\/azurefilm.com\/wp-content\/uploads\/2024\/08\/PLA-Matte-Off-White-2048x768-1-1536x576.jpg 1536w\" sizes=\"auto, (max-width: 2048px) 100vw, 2048px\" \/><\/p>\n<h3>Kiv\u00e1l\u00f3 els\u0151 r\u00e9teg tapad\u00e1s<\/h3>\n<p>A nyomtat\u00f3\u00e1gyon val\u00f3 tapad\u00e1s d\u00f6nt\u0151 fontoss\u00e1g\u00fa, mivel befoly\u00e1solja a nyomtat\u00e1s stabilit\u00e1s\u00e1t \u00e9s min\u0151s\u00e9g\u00e9t. A PLA Matte HS ezen a ter\u00fcleten kiv\u00e1l\u00f3an teljes\u00edt, mivel a nyomatok a nyomtat\u00e1si folyamat sor\u00e1n v\u00e9gig j\u00f3l tapadnak a nyomtat\u00f3lemezhez. Ez cs\u00f6kkenti a tov\u00e1bbi tapad\u00e1s, p\u00e9ld\u00e1ul ragaszt\u00f3k, szalagok vagy spray-k sz\u00fcks\u00e9gess\u00e9g\u00e9t is, amelyek megnehez\u00edthetik a telep\u00edt\u00e9si \u00e9s tiszt\u00edt\u00e1si folyamatot.  <\/p>\n<div style=\"padding: 56.25% 0 0 0; position: relative;\"><iframe style=\"position: absolute; top: 0; left: 0; width: 100%; height: 100%;\" title=\"PLA MATTE_els\u0151 r\u00e9teg tapad\u00e1sa\" src=\"https:\/\/player.vimeo.com\/video\/949438343?badge=0&amp;autopause=0&amp;player_id=0&amp;app_id=58479\" frameborder=\"0\"><\/iframe><\/div>\n<p><script src=\"https:\/\/player.vimeo.com\/api\/player.js\"><\/script><\/p>\n<h4>Term\u00e9k t\u00e1rol\u00e1sa<\/h4>\n<p>Javasoljuk, hogy az izz\u00f3sz\u00e1lat h\u0171v\u00f6s, sz\u00e1raz, z\u00e1rt t\u00e9rben, szilika nedvsz\u00edv\u00f3 csomaggal, UV-f\u00e9nyt\u0151l v\u00e9dve t\u00e1rolja.<\/p>\n<div class=\"is-divider divider clearfix\" style=\"max-width:100%;height:1px;background-color:rgb(17, 107, 168);\"><\/div>\n<h2>Jellemz\u0151k \u00e9s tulajdons\u00e1gok<\/h2>\n<table>\n<tbody>\n<tr>\n<th><\/th>\n<th><span style=\"font-weight: 400;\">Standard<\/span><\/th>\n<th><span style=\"font-weight: 400;\">XY \u00e9rt\u00e9k<\/span><\/th>\n<th><span style=\"font-weight: 400;\">XZ \u00e9rt\u00e9k<\/span><\/th>\n<th><span style=\"font-weight: 400;\">ZX \u00e9rt\u00e9k<\/span><\/th>\n<th><span style=\"font-weight: 400;\">Egys\u00e9g<\/span><\/th>\n<\/tr>\n<tr>\n<td><span style=\"font-weight: 400;\">  Szak\u00edt\u00f3szil\u00e1rds\u00e1g<\/span><\/td>\n<td><span style=\"font-weight: 400;\">ISO 527-2<\/span><\/td>\n<td><span style=\"font-weight: 400;\">42.8<\/span><\/td>\n<td><span style=\"font-weight: 400;\">44.2<\/span><\/td>\n<td><span style=\"font-weight: 400;\">21.7<\/span><\/td>\n<td><span style=\"font-weight: 400;\">MPa<\/span><\/td>\n<\/tr>\n<tr>\n<td><span style=\"font-weight: 400;\">  Termel\u00e9si szil\u00e1rds\u00e1g<\/span><\/td>\n<td><span style=\"font-weight: 400;\">ISO 527-2<\/span><\/td>\n<td><span style=\"font-weight: 400;\">32.9<\/span><\/td>\n<td><span style=\"font-weight: 400;\">32.8<\/span><\/td>\n<td><span style=\"font-weight: 400;\">\/<\/span><\/td>\n<td><span style=\"font-weight: 400;\">MPa<\/span><\/td>\n<\/tr>\n<tr>\n<td><span style=\"font-weight: 400;\">  Szak\u00edt\u00f3 modulus<\/span><\/td>\n<td><span style=\"font-weight: 400;\">ISO 527-2<\/span><\/td>\n<td><span style=\"font-weight: 400;\">3800<\/span><\/td>\n<td><span style=\"font-weight: 400;\">3800<\/span><\/td>\n<td><span style=\"font-weight: 400;\">3200<\/span><\/td>\n<td><span style=\"font-weight: 400;\">MPa<\/span><\/td>\n<\/tr>\n<tr>\n<td><span style=\"font-weight: 400;\">  Ny\u00fal\u00e1s a foly\u00e1sponton<\/span><\/td>\n<td><span style=\"font-weight: 400;\">ISO 527-2<\/span><\/td>\n<td><span style=\"font-weight: 400;\">4.1<\/span><\/td>\n<td><span style=\"font-weight: 400;\">3.6<\/span><\/td>\n<td><span style=\"font-weight: 400;\">0.8<\/span><\/td>\n<td><span style=\"font-weight: 400;\">%<\/span><\/td>\n<\/tr>\n<tr>\n<td><span style=\"font-weight: 400;\">  Hajl\u00edt\u00f3szil\u00e1rds\u00e1g<\/span><\/td>\n<td><span style=\"font-weight: 400;\">ISO 178<\/span><\/td>\n<td><span style=\"font-weight: 400;\">81.8<\/span><\/td>\n<td><span style=\"font-weight: 400;\">83<\/span><\/td>\n<td><span style=\"font-weight: 400;\">52.7<\/span><\/td>\n<td><span style=\"font-weight: 400;\">MPa<\/span><\/td>\n<\/tr>\n<tr>\n<td><span style=\"font-weight: 400;\">  Hajl\u00edt\u00e1si m\u00f3d<\/span><\/td>\n<td><span style=\"font-weight: 400;\">ISO 178  <\/span><\/td>\n<td><span style=\"font-weight: 400;\">4500<\/span><\/td>\n<td><span style=\"font-weight: 400;\">4500<\/span><\/td>\n<td><span style=\"font-weight: 400;\">4000<\/span><\/td>\n<td><span style=\"font-weight: 400;\">MPa<\/span><\/td>\n<\/tr>\n<tr>\n<td><span style=\"font-weight: 400;\">  \u00dct\u00e9s\u00e1ll\u00f3s\u00e1g<\/span><\/td>\n<td><span style=\"font-weight: 400;\">ISO 179<\/span><\/td>\n<td><span style=\"font-weight: 400;\">6<\/span><\/td>\n<td><span style=\"font-weight: 400;\">\/<\/span><\/td>\n<td><span style=\"font-weight: 400;\">\/<\/span><\/td>\n<td><span style=\"font-weight: 400;\">kJ\/m\u00b2<\/span><\/td>\n<\/tr>\n<\/tbody>\n<\/table>\n<p>A m\u0171szaki adatlapot el\u00e9rheti <a href=\"https:\/\/azurefilm.com\/technical-data-sheets\/\"><strong>itt<\/strong><\/a>.<\/p>\n","protected":false},"excerpt":{"rendered":"<p><span style=\"font-weight: 400;\">Tapasztalja meg az egyszer\u0171 nagy sebess\u00e9g\u0171 nyomtat\u00e1s \u00e9s a k\u00f6vetkezetes matt fel\u00fclet kombin\u00e1ci\u00f3j\u00e1t, \u00e9s pr\u00f3b\u00e1lja ki a PLA Matte HS filament Off-White sz\u00e1lunkat.<\/span><span style=\"font-weight: 400;\">.<\/span><\/p>\n","protected":false},"featured_media":113455,"comment_status":"closed","ping_status":"closed","template":"","meta":{"_acf_changed":false},"product_brand":[],"product_cat":[2214,1686,1688,1687],"product_tag":[1691],"brand":[],"class_list":{"0":"post-56428","1":"product","2":"type-product","3":"status-publish","4":"has-post-thumbnail","6":"product_cat-pla-matt-hs","7":"product_cat-3d-filmek","8":"product_cat-minden-film","9":"product_cat-pla-szalak","10":"product_tag-high-speed","11":"pa_colour-white","12":"pa_filament-diameter-1-75mm","13":"pa_filament-weight-1000g","15":"first","16":"instock","17":"taxable","18":"shipping-taxable","19":"purchasable","20":"product-type-variable"},"acf":[],"_links":{"self":[{"href":"https:\/\/azurefilm.com\/hu\/wp-json\/wp\/v2\/product\/56428","targetHints":{"allow":["GET"]}}],"collection":[{"href":"https:\/\/azurefilm.com\/hu\/wp-json\/wp\/v2\/product"}],"about":[{"href":"https:\/\/azurefilm.com\/hu\/wp-json\/wp\/v2\/types\/product"}],"replies":[{"embeddable":true,"href":"https:\/\/azurefilm.com\/hu\/wp-json\/wp\/v2\/comments?post=56428"}],"wp:featuredmedia":[{"embeddable":true,"href":"https:\/\/azurefilm.com\/hu\/wp-json\/wp\/v2\/media\/113455"}],"wp:attachment":[{"href":"https:\/\/azurefilm.com\/hu\/wp-json\/wp\/v2\/media?parent=56428"}],"wp:term":[{"taxonomy":"product_brand","embeddable":true,"href":"https:\/\/azurefilm.com\/hu\/wp-json\/wp\/v2\/product_brand?post=56428"},{"taxonomy":"product_cat","embeddable":true,"href":"https:\/\/azurefilm.com\/hu\/wp-json\/wp\/v2\/product_cat?post=56428"},{"taxonomy":"product_tag","embeddable":true,"href":"https:\/\/azurefilm.com\/hu\/wp-json\/wp\/v2\/product_tag?post=56428"},{"taxonomy":"brand","embeddable":true,"href":"https:\/\/azurefilm.com\/hu\/wp-json\/wp\/v2\/brand?post=56428"}],"curies":[{"name":"wp","href":"https:\/\/api.w.org\/{rel}","templated":true}]}}