
{"id":56450,"date":"2025-08-15T11:13:14","date_gmt":"2025-08-15T11:13:14","guid":{"rendered":"https:\/\/azurefilm.com\/?post_type=product&#038;p=56450"},"modified":"2025-08-15T11:13:18","modified_gmt":"2025-08-15T11:13:18","slug":"fep-folia-a-creality-halot-one-hoz","status":"publish","type":"product","link":"https:\/\/azurefilm.com\/hu\/termek\/fep-folia-a-creality-halot-one-hoz\/","title":{"rendered":"FEP f\u00f3lia a Creality Halot-One-hoz"},"content":{"rendered":"<h2><strong>Kulcsfontoss\u00e1g\u00fa jellemz\u0151k:<\/strong><\/h2>\n<p>FEP f\u00f3lia a Creality Halot-One-hoz<\/p>\n<ul>\n<li><strong>Pr\u00e9mium min\u0151s\u00e9g\u0171 FEP f\u00f3lia:<\/strong>\n<ul>\n<li>FEP f\u00f3li\u00e1nk kiv\u00e1l\u00f3 min\u0151s\u00e9g\u0171 anyagokb\u00f3l k\u00e9sz\u00fcl, \u00edgy optim\u00e1lis teljes\u00edtm\u00e9nyt biztos\u00edt a 3D nyomtat\u00f3kban, amelyek f\u00e9ny\u00e9rz\u00e9keny gyant\u00e1t haszn\u00e1lnak a r\u00e9szletes \u00e9s pontos 3D modellek l\u00e9trehoz\u00e1s\u00e1hoz.<\/li>\n<\/ul>\n<\/li>\n<li><strong>Elengedhetetlen a gyantanyomtat\u00e1shoz:<\/strong>\n<ul>\n<li>A kifejezetten a gyantatart\u00e1ly alj\u00e1ra tervezett FEP-f\u00f3lia megk\u00f6nny\u00edti a f\u00e9ny\u00e9rz\u00e9keny gyanta kikem\u00e9nyed\u00e9si folyamat\u00e1t, \u00edgy leny\u0171g\u00f6z\u0151 eredm\u00e9nyeket \u00e9rhet el a nyomatokkal.<\/li>\n<\/ul>\n<\/li>\n<li><strong>Kompatibilit\u00e1s a Creality eszk\u00f6z\u00f6kkel:<\/strong>\n<ul>\n<li>A Creality 3D nyomtat\u00f3kra szabott FEP f\u00f3li\u00e1nk teljes m\u00e9rt\u00e9kben kompatibilis a n\u00e9pszer\u0171 modellekkel, bele\u00e9rtve a Halot-One, LD-002H \u00e9s LD-002R modelleket. \u00c9lvezze a z\u00f6kken\u0151mentes integr\u00e1ci\u00f3t \u00e9s a tov\u00e1bbfejlesztett nyomtat\u00e1si k\u00e9pess\u00e9geket. <\/li>\n<\/ul>\n<\/li>\n<li><strong>Nagyvonal\u00fa m\u00e9retek:<\/strong>\n<ul>\n<li>A FEP-f\u00f3lia m\u00e9rete 200 x 140 x 0,15 mm, ami b\u0151s\u00e9ges lefedetts\u00e9get biztos\u00edt a gyant\u00e1s nyomtat\u00e1si ig\u00e9nyekhez. Tapasztalja meg a sokoldal\u00fas\u00e1got \u00e9s a k\u00fcl\u00f6nb\u00f6z\u0151 m\u00e9ret\u0171 3D modellek l\u00e9trehoz\u00e1s\u00e1nak szabads\u00e1g\u00e1t. <\/li>\n<\/ul>\n<\/li>\n<\/ul>\n<p><strong>Csomagol\u00e1s r\u00e9szletei:<\/strong><\/p>\n<ul>\n<li><strong>K\u00e9nyelmes csomagol\u00e1s:<\/strong>\n<ul>\n<li>FEP f\u00f3li\u00e1nkat a k\u00f6vetkez\u0151 specifik\u00e1ci\u00f3kkal, sz\u00e9pen csomagolt form\u00e1ban sz\u00e1ll\u00edtjuk:\n<ul>\n<li>Csomag sz\u00e9less\u00e9ge: 21,5 cm<\/li>\n<li>Csomag magass\u00e1ga: 16 cm<\/li>\n<li>Csomagol\u00e1s m\u00e9lys\u00e9ge: 0,5 cm<\/li>\n<li>Csomag s\u00falya: 0,035 kg<\/li>\n<\/ul>\n<\/li>\n<\/ul>\n<\/li>\n<\/ul>\n<p><strong>Mi\u00e9rt v\u00e1lassza FEP f\u00f3li\u00e1nkat:<\/strong><\/p>\n<ul>\n<li><strong>Megb\u00edzhat\u00f3s\u00e1g:<\/strong>\n<ul>\n<li>Sz\u00e1m\u00edthat FEP-f\u00f3li\u00e1nk megb\u00edzhat\u00f3s\u00e1g\u00e1ra a z\u00f6kken\u0151mentes \u00e9s k\u00f6vetkezetes gyantanyomtat\u00e1si folyamatok biztos\u00edt\u00e1sa \u00e9rdek\u00e9ben.<\/li>\n<\/ul>\n<\/li>\n<li><strong>Egyszer\u0171 telep\u00edt\u00e9s:<\/strong>\n<ul>\n<li>K\u00f6nnyed\u00e9n telep\u00edtheti a FEP f\u00f3li\u00e1t Creality 3D nyomtat\u00f3j\u00e1ba, \u00edgy gond n\u00e9lk\u00fcl jav\u00edthatja a nyomtat\u00e1s \u00e1ltal\u00e1nos \u00e9lm\u00e9ny\u00e9t.<\/li>\n<\/ul>\n<\/li>\n<li><strong>Fokozott nyomtat\u00e1si min\u0151s\u00e9g:<\/strong>\n<ul>\n<li>\u00c9rjen el kiv\u00e1l\u00f3 nyomtat\u00e1si min\u0151s\u00e9get FEP f\u00f3li\u00e1nkkal, mivel d\u00f6nt\u0151 szerepet j\u00e1tszik 3D modelljei pontoss\u00e1g\u00e1ban \u00e9s tisztas\u00e1g\u00e1ban.<\/li>\n<\/ul>\n<\/li>\n<\/ul>\n<p>Friss\u00edtse Creality 3D nyomtat\u00f3j\u00e1t FEP f\u00f3li\u00e1nkkal, \u00e9s szabad\u00edtsa fel a gyantanyomtat\u00e1si projektjeiben rejl\u0151 teljes potenci\u00e1lt. Mer\u00fclj\u00f6n el a kiv\u00e1l\u00f3 min\u0151s\u00e9g\u0171, r\u00e9szletes nyomatok vil\u00e1g\u00e1ban k\u00f6nnyed\u00e9n! <\/p>\n","protected":false},"excerpt":{"rendered":"<p><strong>Kiv\u00e1l\u00f3 min\u0151s\u00e9g\u0171 FEP-f\u00f3lia a Creality Halot-One sz\u00e1m\u00e1ra<\/strong>, amelyet olyan 3D nyomtat\u00f3kban haszn\u00e1lnak, amelyek f\u00e9ny\u00e9rz\u00e9keny gyant\u00e1t haszn\u00e1lnak 3D modellek kialak\u00edt\u00e1s\u00e1hoz. A tart\u00e1ly alj\u00e1ra ker\u00fcl az anyaggal egy\u00fctt a kikem\u00e9nyed\u00e9shez. Kompatibilis a Creality eszk\u00f6z\u00f6kkel: Halot-One, LD-002H, LD-002R. A f\u00f3lia m\u00e9retei a k\u00f6vetkez\u0151k: A f\u00f3lia m\u00e9rete: <strong>200 x 140 x 0,15 mm<\/strong>.   <\/p>\n","protected":false},"featured_media":89309,"comment_status":"closed","ping_status":"closed","template":"","meta":{"_acf_changed":false},"product_brand":[],"product_cat":[2354,2535,2715,2224,2221],"product_tag":[],"brand":[],"class_list":{"0":"post-56450","1":"product","2":"type-product","3":"status-publish","4":"has-post-thumbnail","6":"product_cat-resin-nyomtato","7":"product_cat-creality-mugyanta-nyomtatok","8":"product_cat-fep-foliak-gyanta-nyomtatokhoz","9":"product_cat-minden-potalkatresz","10":"product_cat-potalkatreszek","12":"first","13":"instock","14":"taxable","15":"shipping-taxable","16":"product-type-simple"},"acf":[],"_links":{"self":[{"href":"https:\/\/azurefilm.com\/hu\/wp-json\/wp\/v2\/product\/56450","targetHints":{"allow":["GET"]}}],"collection":[{"href":"https:\/\/azurefilm.com\/hu\/wp-json\/wp\/v2\/product"}],"about":[{"href":"https:\/\/azurefilm.com\/hu\/wp-json\/wp\/v2\/types\/product"}],"replies":[{"embeddable":true,"href":"https:\/\/azurefilm.com\/hu\/wp-json\/wp\/v2\/comments?post=56450"}],"wp:featuredmedia":[{"embeddable":true,"href":"https:\/\/azurefilm.com\/hu\/wp-json\/wp\/v2\/media\/89309"}],"wp:attachment":[{"href":"https:\/\/azurefilm.com\/hu\/wp-json\/wp\/v2\/media?parent=56450"}],"wp:term":[{"taxonomy":"product_brand","embeddable":true,"href":"https:\/\/azurefilm.com\/hu\/wp-json\/wp\/v2\/product_brand?post=56450"},{"taxonomy":"product_cat","embeddable":true,"href":"https:\/\/azurefilm.com\/hu\/wp-json\/wp\/v2\/product_cat?post=56450"},{"taxonomy":"product_tag","embeddable":true,"href":"https:\/\/azurefilm.com\/hu\/wp-json\/wp\/v2\/product_tag?post=56450"},{"taxonomy":"brand","embeddable":true,"href":"https:\/\/azurefilm.com\/hu\/wp-json\/wp\/v2\/brand?post=56450"}],"curies":[{"name":"wp","href":"https:\/\/api.w.org\/{rel}","templated":true}]}}