
{"id":56476,"date":"2024-03-07T14:20:19","date_gmt":"2024-03-07T14:20:19","guid":{"rendered":"https:\/\/azurefilm.com\/product\/pc-abs-izzoszal-natur\/"},"modified":"2025-08-22T11:14:06","modified_gmt":"2025-08-22T11:14:06","slug":"pc-abs-izzoszal-natur","status":"publish","type":"product","link":"https:\/\/azurefilm.com\/hu\/termek\/pc-abs-izzoszal-natur\/","title":{"rendered":"PC ABS izz\u00f3sz\u00e1l Natur"},"content":{"rendered":"<h2><strong>PC ABS<\/strong><\/h2>\n<p><span style=\"font-weight: 400;\">A PC ABS filament Natur egy hihetetlen\u00fcl er\u0151s, aut\u00f3ipari min\u0151s\u00e9g\u0171 anyag, amely t\u00f6k\u00e9letes mechanikai alkatr\u00e9szekhez \u00e9s m\u0171szaki alkalmaz\u00e1sokhoz. A polikarbon\u00e1t (PC) hozz\u00e1ad\u00e1sa az akrilnitril-butadi\u00e9n-sztirolhoz (ABS) olyan anyagot eredm\u00e9nyez, amely sim\u00e1n nyomtathat\u00f3, szinte t\u00f6k\u00e9letes r\u00e9tegk\u00f6zi tapad\u00e1ssal. A v\u00e9geredm\u00e9ny egy kiv\u00e1l\u00f3 min\u0151s\u00e9g\u0171 nyomtat\u00e1s, amely k\u00f6nny\u0171, tart\u00f3s \u00e9s sima fel\u00fcleti f\u00e9nyess\u00e9ggel rendelkezik. <\/span><\/p>\n<p><span style=\"font-weight: 400;\">Ha t\u00f6bbet szeretne megtudni a PC ABS sz\u00e1lakr\u00f3l, olvassa el a k\u00f6vetkez\u0151 cikk\u00fcnket <a href=\"https:\/\/azurefilm.com\/hu\/2024\/03\/07\/pc-abs-uj-es-tovabbfejlesztett-formula\/\" target=\"_blank\" rel=\"noopener\"><strong>blogot.<\/strong><\/a>. <\/span><\/p>\n<h3><strong>Nyomtat\u00e1si aj\u00e1nl\u00e1sok:*<\/strong><\/h3>\n<ul>\n<li style=\"font-weight: 400;\" aria-level=\"1\"><span style=\"font-weight: 400;\">A legjobb eredm\u00e9nyt 265-285\u00b0C-on nyomtatva \u00e9rheti el.<\/span><\/li>\n<li style=\"font-weight: 400;\" aria-level=\"1\"><span style=\"font-weight: 400;\">A nyomtat\u00f3\u00e1gy aj\u00e1nlott h\u0151m\u00e9rs\u00e9klete 110\u00b0C. <\/span><b>Ezt az anyagot z\u00e1rt 3D nyomtat\u00f3val kell kinyomtatni.<\/b><\/li>\n<\/ul>\n<p><span style=\"font-weight: 400;\">*<\/span><i><span style=\"font-weight: 400;\">Az ide\u00e1lis h\u0151m\u00e9rs\u00e9klet k\u00fcl\u00f6nb\u00f6z\u0151 nyomtat\u00f3k haszn\u00e1lata eset\u00e9n elt\u00e9r\u0151 lehet.<\/span><\/i><\/p>\n<div class=\"is-divider divider clearfix\" style=\"max-width:100%;height:1px;background-color:rgb(17, 107, 168);\"><\/div>\n<h3><strong>Alkalmaz\u00e1sok<\/strong><\/h3>\n<p><span style=\"font-weight: 400;\">A PC ABS-sz\u00e1lat nagyra \u00e9rt\u00e9kelik a 3D nyomtat\u00e1si iparban a sz\u00edv\u00f3ss\u00e1g, a nagy h\u0151\u00e1ll\u00f3s\u00e1g (122\u00b0C-ig) \u00e9s a k\u00f6nny\u0171 nyomtat\u00e1s egyed\u00fcl\u00e1ll\u00f3 kombin\u00e1ci\u00f3ja miatt.<\/span><\/p>\n<p><img loading=\"lazy\" decoding=\"async\" class=\"alignright wp-image-29916 \" src=\"https:\/\/azurefilm.com\/wp-content\/uploads\/2024\/03\/pc-abs-spider-chart_EN.jpg\" alt=\"\" width=\"600\" height=\"435\" title=\"\" srcset=\"https:\/\/azurefilm.com\/wp-content\/uploads\/2024\/03\/pc-abs-spider-chart_EN.jpg 566w, https:\/\/azurefilm.com\/wp-content\/uploads\/2024\/03\/pc-abs-spider-chart_EN-510x369.jpg 510w, https:\/\/azurefilm.com\/wp-content\/uploads\/2024\/03\/pc-abs-spider-chart_EN-300x217.jpg 300w\" sizes=\"auto, (max-width: 600px) 100vw, 600px\" \/><\/p>\n<h4><strong>Funkcion\u00e1lis protot\u00edpusok<\/strong><\/h4>\n<p><span style=\"font-weight: 400;\">A PC ABS-t sz\u00e9les k\u00f6rben haszn\u00e1lj\u00e1k olyan funkcion\u00e1lis protot\u00edpusok l\u00e9trehoz\u00e1s\u00e1ra, amelyeknek szigor\u00fa tesztel\u00e9snek \u00e9s \u00e9rt\u00e9kel\u00e9snek kell ellen\u00e1llniuk. A funkcion\u00e1lis protot\u00edpusok k\u00e9sz\u00edt\u00e9se a fejleszt\u00e9si folyamat kritikus l\u00e9p\u00e9se a k\u00fcl\u00f6nb\u00f6z\u0151 ipar\u00e1gakban, mivel \u00e9rt\u00e9kes betekint\u00e9st ny\u00fajt abba, hogy a v\u00e9gterm\u00e9k hogyan fog m\u0171k\u00f6dni val\u00f3s k\u00f6r\u00fclm\u00e9nyek k\u00f6z\u00f6tt, valamint lehet\u0151v\u00e9 teszi a tervez\u00e9s kiigaz\u00edt\u00e1s\u00e1t \u00e9s jav\u00edt\u00e1s\u00e1t. Az olyan aut\u00f3ipari alkatr\u00e9szek, mint a szell\u0151z\u0151rendszerek, a m\u0171szerfal protot\u00edpusai \u00e9s az ajt\u00f3kilincsek 3D nyomtat\u00e1s\u00e1val PC ABS seg\u00edts\u00e9g\u00e9vel teljes k\u00f6r\u0171en tesztelhet\u0151 a teljes\u00edtm\u00e9ny\u00fck olyan k\u00f6r\u00fclm\u00e9nyek k\u00f6z\u00f6tt, mint a mechanikai ig\u00e9nybev\u00e9tel \u00e9s a magas h\u0151m\u00e9rs\u00e9kletnek val\u00f3 kitetts\u00e9g. <\/span><\/p>\n<h4><strong>Fogyaszt\u00f3i term\u00e9kek alkatr\u00e9szei<\/strong><\/h4>\n<p><span style=\"font-weight: 400;\">A PC ABS kiv\u00e1l\u00f3 tart\u00f3ss\u00e1ga \u00e9s szil\u00e1rds\u00e1ga miatt a fogyaszt\u00f3i term\u00e9kek sz\u00e9les sk\u00e1l\u00e1j\u00e1hoz haszn\u00e1lt 3D-nyomtat\u00e1sra ker\u00fcl. A PC ABS-t p\u00e9ld\u00e1ul elektronikus eszk\u00f6z\u00f6k, p\u00e9ld\u00e1ul k\u00e9zi eszk\u00f6z\u00f6k (okostelefonok, t\u00e1blag\u00e9pek) \u00e9s dr\u00f3nok egyedi burkolatainak nyomtat\u00e1s\u00e1ra haszn\u00e1lj\u00e1k. A PC ABS f\u00e9lelmetes h\u0151- \u00e9s \u00fct\u00e9s\u00e1ll\u00f3s\u00e1ga biztos\u00edtja a burkolt elektronika v\u00e9delm\u00e9t a k\u00fcl\u00f6nb\u00f6z\u0151 k\u00f6rnyezetekben. <\/span><\/p>\n<h4><strong>Egyedi alkatr\u00e9szek gy\u00e1rt\u00e1shoz<\/strong><\/h4>\n<p><span style=\"font-weight: 400;\">A PC ABS sokoldal\u00fas\u00e1g\u00e1nak k\u00f6sz\u00f6nhet\u0151en ide\u00e1lis a gy\u00e1rt\u00e1si folyamatokban haszn\u00e1lt egyedi r\u00f6gz\u00edt\u0151elemek, szerelv\u00e9nyek \u00e9s egy\u00e9b alkatr\u00e9szek gy\u00e1rt\u00e1s\u00e1hoz. Ezek k\u00f6z\u00e9 tartozhatnak szersz\u00e1mok, \u00f6sszeszerel\u00e9si seg\u00e9deszk\u00f6z\u00f6k \u00e9s egyedi szerelv\u00e9nyek, amelyeknek tart\u00f3snak \u00e9s az ipari k\u00f6rnyezetnek ellen\u00e1ll\u00f3nak kell lenni\u00fck. <\/span><\/p>\n<h3><strong>Term\u00e9k t\u00e1rol\u00e1sa<\/strong><\/h3>\n<p><span style=\"font-weight: 400;\">Javasoljuk, hogy az izz\u00f3sz\u00e1lat h\u0171v\u00f6s, sz\u00e1raz, z\u00e1rt t\u00e9rben, szilika nedvsz\u00edv\u00f3 csomaggal, UV-f\u00e9nyt\u0151l v\u00e9dve t\u00e1rolja.<\/span><\/p>\n<div class=\"is-divider divider clearfix\" style=\"max-width:100%;height:1px;background-color:rgb(17, 107, 168);\"><\/div>\n<h3><strong>Jellemz\u0151k \u00e9s tulajdons\u00e1gok<\/strong><\/h3>\n<table>\n<tbody>\n<tr>\n<th><span style=\"font-weight: 400;\"> Jellemz\u0151<\/span><\/th>\n<th><span style=\"font-weight: 400;\">Standard<\/span><\/th>\n<th><span style=\"font-weight: 400;\">XY \u00e9rt\u00e9k <\/span><\/th>\n<th><span style=\"font-weight: 400;\">XZ \u00e9rt\u00e9k<\/span><\/th>\n<th><span style=\"font-weight: 400;\">ZX \u00e9rt\u00e9k<\/span><\/th>\n<th><span style=\"font-weight: 400;\">Egys\u00e9g<\/span><\/th>\n<\/tr>\n<tr>\n<td><span style=\"font-weight: 400;\"> Szak\u00edt\u00f3szil\u00e1rds\u00e1g<\/span><\/td>\n<td><span style=\"font-weight: 400;\">ISO 527-2<\/span><\/td>\n<td><span style=\"font-weight: 400;\">41.4<\/span><\/td>\n<td><span style=\"font-weight: 400;\">42.7<\/span><\/td>\n<td><span style=\"font-weight: 400;\">18.3<\/span><\/td>\n<td><span style=\"font-weight: 400;\">MPa<\/span><\/td>\n<\/tr>\n<tr>\n<td><span style=\"font-weight: 400;\"> Termel\u00e9si szil\u00e1rds\u00e1g<\/span><\/td>\n<td><span style=\"font-weight: 400;\">ISO 527-2<\/span><\/td>\n<td><span style=\"font-weight: 400;\">33.3<\/span><\/td>\n<td><span style=\"font-weight: 400;\">32.8<\/span><\/td>\n<td><span style=\"font-weight: 400;\">\/<\/span><\/td>\n<td><span style=\"font-weight: 400;\">MPa<\/span><\/td>\n<\/tr>\n<tr>\n<td><span style=\"font-weight: 400;\"> Szak\u00edt\u00f3 modulus<\/span><\/td>\n<td><span style=\"font-weight: 400;\">ISO 527-2<\/span><\/td>\n<td><span style=\"font-weight: 400;\">2000<\/span><\/td>\n<td><span style=\"font-weight: 400;\">2000<\/span><\/td>\n<td><span style=\"font-weight: 400;\">1800<\/span><\/td>\n<td><span style=\"font-weight: 400;\">MPa<\/span><\/td>\n<\/tr>\n<tr>\n<td><span style=\"font-weight: 400;\"> Ny\u00fal\u00e1s a foly\u00e1sponton<\/span><\/td>\n<td><span style=\"font-weight: 400;\">ISO 527-2<\/span><\/td>\n<td><span style=\"font-weight: 400;\">5.3<\/span><\/td>\n<td><span style=\"font-weight: 400;\">4.0<\/span><\/td>\n<td><span style=\"font-weight: 400;\">1.2<\/span><\/td>\n<td><span style=\"font-weight: 400;\">%<\/span><\/td>\n<\/tr>\n<tr>\n<td><span style=\"font-weight: 400;\"> Hajl\u00edt\u00f3szil\u00e1rds\u00e1g<\/span><\/td>\n<td><span style=\"font-weight: 400;\">ISO 178<\/span><\/td>\n<td><span style=\"font-weight: 400;\">65.7<\/span><\/td>\n<td><span style=\"font-weight: 400;\">67.0<\/span><\/td>\n<td><span style=\"font-weight: 400;\">26.8<\/span><\/td>\n<td><span style=\"font-weight: 400;\">MPa<\/span><\/td>\n<\/tr>\n<tr>\n<td><span style=\"font-weight: 400;\"> Hajl\u00edt\u00e1si m\u00f3d<\/span><\/td>\n<td><span style=\"font-weight: 400;\">ISO 178<\/span><\/td>\n<td><span style=\"font-weight: 400;\">2100<\/span><\/td>\n<td><span style=\"font-weight: 400;\">2200<\/span><\/td>\n<td><span style=\"font-weight: 400;\">1900<\/span><\/td>\n<td><span style=\"font-weight: 400;\">MPa<\/span><\/td>\n<\/tr>\n<tr>\n<td><span style=\"font-weight: 400;\"> \u00dct\u00e9s\u00e1ll\u00f3s\u00e1g<\/span><\/td>\n<td><span style=\"font-weight: 400;\">ISO 179<\/span><\/td>\n<td><span style=\"font-weight: 400;\">25<\/span><\/td>\n<td><span style=\"font-weight: 400;\">\/<\/span><\/td>\n<td><span style=\"font-weight: 400;\">\/<\/span><\/td>\n<td><span style=\"font-weight: 400;\">kJ\/m\u00b2<\/span><\/td>\n<\/tr>\n<\/tbody>\n<\/table>\n<p><b>A m\u0171szaki adatlap <\/b>\u00e9s a<b> biztons\u00e1gi adatlap<\/b> <span style=\"font-weight: 400;\"><a href=\"https:\/\/azurefilm.com\/hu\/technical-data-sheets\/\" target=\"_blank\" rel=\"noopener\"><strong>itt<\/strong><\/a> <\/span><span style=\"font-weight: 400;\">\u00e9rhet\u0151 el <\/span>.<\/p>\n","protected":false},"excerpt":{"rendered":"<p><span style=\"font-weight: 400;\">A PC ABS Filament Natur hihetetlen\u00fcl er\u0151s \u00e9s megb\u00edzhat\u00f3 term\u00e9szet\u00e9nek k\u00f6sz\u00f6nhet\u0151en ezt az anyagot gyakran haszn\u00e1lj\u00e1k funkcion\u00e1lis protot\u00edpusok k\u00e9sz\u00edt\u00e9s\u00e9hez \u00e9s aut\u00f3ipari alkatr\u00e9szek gy\u00e1rt\u00e1s\u00e1hoz.<\/span><\/p>\n","protected":false},"featured_media":56477,"comment_status":"closed","ping_status":"closed","template":"","meta":{"_acf_changed":false},"product_brand":[],"product_cat":[2352,1686,2307,1688],"product_tag":[1691],"brand":[267],"class_list":{"0":"post-56476","1":"product","2":"type-product","3":"status-publish","4":"has-post-thumbnail","6":"product_cat-pc-abs-szalak","7":"product_cat-3d-filmek","8":"product_cat-abs-filaments-hu","9":"product_cat-minden-film","10":"product_tag-high-speed","11":"pa_colour-brown","12":"pa_filament-diameter-1-75mm","13":"pa_filament-weight-1000g","14":"brand-azurefilm","16":"first","17":"instock","18":"taxable","19":"shipping-taxable","20":"purchasable","21":"product-type-variable"},"acf":[],"_links":{"self":[{"href":"https:\/\/azurefilm.com\/hu\/wp-json\/wp\/v2\/product\/56476","targetHints":{"allow":["GET"]}}],"collection":[{"href":"https:\/\/azurefilm.com\/hu\/wp-json\/wp\/v2\/product"}],"about":[{"href":"https:\/\/azurefilm.com\/hu\/wp-json\/wp\/v2\/types\/product"}],"replies":[{"embeddable":true,"href":"https:\/\/azurefilm.com\/hu\/wp-json\/wp\/v2\/comments?post=56476"}],"wp:featuredmedia":[{"embeddable":true,"href":"https:\/\/azurefilm.com\/hu\/wp-json\/wp\/v2\/media\/56477"}],"wp:attachment":[{"href":"https:\/\/azurefilm.com\/hu\/wp-json\/wp\/v2\/media?parent=56476"}],"wp:term":[{"taxonomy":"product_brand","embeddable":true,"href":"https:\/\/azurefilm.com\/hu\/wp-json\/wp\/v2\/product_brand?post=56476"},{"taxonomy":"product_cat","embeddable":true,"href":"https:\/\/azurefilm.com\/hu\/wp-json\/wp\/v2\/product_cat?post=56476"},{"taxonomy":"product_tag","embeddable":true,"href":"https:\/\/azurefilm.com\/hu\/wp-json\/wp\/v2\/product_tag?post=56476"},{"taxonomy":"brand","embeddable":true,"href":"https:\/\/azurefilm.com\/hu\/wp-json\/wp\/v2\/brand?post=56476"}],"curies":[{"name":"wp","href":"https:\/\/api.w.org\/{rel}","templated":true}]}}