
{"id":56482,"date":"2023-10-29T14:29:24","date_gmt":"2023-10-29T14:29:24","guid":{"rendered":"https:\/\/azurefilm.com\/product\/aluminium-zsanerok\/"},"modified":"2023-10-29T14:29:24","modified_gmt":"2023-10-29T14:29:24","slug":"aluminium-zsanerok","status":"publish","type":"product","link":"https:\/\/azurefilm.com\/hu\/termek\/aluminium-zsanerok\/","title":{"rendered":"Alum\u00ednium zsan\u00e9rok"},"content":{"rendered":"<h2><strong>F\u0151bb jellemz\u0151k:<\/strong><\/h2>\n<ul>\n<li>Alkalmaz\u00e1si ter\u00fcletek: kapcsol\u00f3berendez\u00e9sek, t\u00e1pszekr\u00e9nyek, energiaeloszt\u00f3 szekr\u00e9nyek, vez\u00e9rl\u0151szekr\u00e9nyek, Rittal PS szekr\u00e9nyek, GGD szekr\u00e9nyek, g\u00e9p\u00e9szeti berendez\u00e9sek stb.<\/li>\n<li>Kiv\u00e1l\u00f3 min\u0151s\u00e9g\u0171 alum\u00edniumb\u00f3l k\u00e9sz\u00fclt.<\/li>\n<li>A zsan\u00e9rok tart\u00f3sak, korr\u00f3zi\u00f3\u00e1ll\u00f3ak \u00e9s hossz\u00fa \u00e9lettartam\u00faak.<\/li>\n<li>K\u00e9nyelmesen felszerelhet\u0151 csavarok seg\u00edts\u00e9g\u00e9vel, a csavarok nem tartoznak a csomagba.<\/li>\n<li>Sz\u00edn: Fekete<\/li>\n<\/ul>\n","protected":false},"excerpt":{"rendered":"<p><strong>Az alum\u00ednium zsan\u00e9rok<\/strong> tart\u00f3sak, korr\u00f3zi\u00f3\u00e1ll\u00f3ak \u00e9s hossz\u00fa \u00e9lettartam\u00faak.<\/p>\n","protected":false},"featured_media":56483,"comment_status":"closed","ping_status":"closed","template":"","meta":{"_acf_changed":false},"product_brand":[],"product_cat":[2238,1679,2224,2221],"product_tag":[],"brand":[],"class_list":{"0":"post-56482","1":"product","2":"type-product","3":"status-publish","4":"has-post-thumbnail","6":"product_cat-egyeb-tetelek","7":"product_cat-elado","8":"product_cat-minden-potalkatresz","9":"product_cat-potalkatreszek","11":"first","12":"instock","13":"sale","14":"taxable","15":"shipping-taxable","16":"purchasable","17":"product-type-simple"},"acf":[],"_links":{"self":[{"href":"https:\/\/azurefilm.com\/hu\/wp-json\/wp\/v2\/product\/56482","targetHints":{"allow":["GET"]}}],"collection":[{"href":"https:\/\/azurefilm.com\/hu\/wp-json\/wp\/v2\/product"}],"about":[{"href":"https:\/\/azurefilm.com\/hu\/wp-json\/wp\/v2\/types\/product"}],"replies":[{"embeddable":true,"href":"https:\/\/azurefilm.com\/hu\/wp-json\/wp\/v2\/comments?post=56482"}],"wp:featuredmedia":[{"embeddable":true,"href":"https:\/\/azurefilm.com\/hu\/wp-json\/wp\/v2\/media\/56483"}],"wp:attachment":[{"href":"https:\/\/azurefilm.com\/hu\/wp-json\/wp\/v2\/media?parent=56482"}],"wp:term":[{"taxonomy":"product_brand","embeddable":true,"href":"https:\/\/azurefilm.com\/hu\/wp-json\/wp\/v2\/product_brand?post=56482"},{"taxonomy":"product_cat","embeddable":true,"href":"https:\/\/azurefilm.com\/hu\/wp-json\/wp\/v2\/product_cat?post=56482"},{"taxonomy":"product_tag","embeddable":true,"href":"https:\/\/azurefilm.com\/hu\/wp-json\/wp\/v2\/product_tag?post=56482"},{"taxonomy":"brand","embeddable":true,"href":"https:\/\/azurefilm.com\/hu\/wp-json\/wp\/v2\/brand?post=56482"}],"curies":[{"name":"wp","href":"https:\/\/api.w.org\/{rel}","templated":true}]}}