
{"id":56556,"date":"2023-12-18T12:11:41","date_gmt":"2023-12-18T12:11:41","guid":{"rendered":"https:\/\/azurefilm.com\/product\/fagyasztott-sonic-mega-8k-s\/"},"modified":"2023-12-18T12:11:41","modified_gmt":"2023-12-18T12:11:41","slug":"fagyasztott-sonic-mega-8k-s","status":"publish","type":"product","link":"https:\/\/azurefilm.com\/hu\/termek\/fagyasztott-sonic-mega-8k-s\/","title":{"rendered":"Fagyasztott Sonic Mega 8K S"},"content":{"rendered":"<p><iframe loading=\"lazy\" title=\"YouTube vide\u00f3 lej\u00e1tsz\u00f3\" src=\"https:\/\/www.youtube.com\/embed\/NcG2jaPwUPw?si=i0Um7ikklyhtzeBu\" width=\"560\" height=\"315\" frameborder=\"0\" allowfullscreen=\"allowfullscreen\"><\/iframe><\/p>\n<h2>Massz\u00edv \u00e9p\u00edt\u0151lemez<\/h2>\n<p>Tapasztalja meg a p\u00e1ratlan nyomtat\u00e1si szabads\u00e1got a Phrozen Sonic Mega 8K S 38,1 cm-es, nagym\u00e9ret\u0171 \u00e9p\u00edt\u0151lemezzel. Ide\u00e1lis t\u00f6megtermel\u00e9shez vagy k\u00f6zepes \u00e9s nagym\u00e9ret\u0171 modellek egy darabb\u00f3l t\u00f6rt\u00e9n\u0151 elk\u00e9sz\u00edt\u00e9s\u00e9hez, kik\u00fcsz\u00f6b\u00f6lve a k\u00f6tegelt nyomtat\u00e1s sz\u00fcks\u00e9gess\u00e9g\u00e9t. <\/p>\n<h2>Nagy termel\u00e9kenys\u00e9g\u0171 g\u00e9p<\/h2>\n<p>\u00c9rjen el kiv\u00e9teles termel\u00e9kenys\u00e9get egy olyan nagy sebess\u00e9g\u0171 rendszerrel, amely m\u00e9ret\u00e9hez k\u00e9pest minden eddigin\u00e9l gyorsabb nyomtat\u00e1st biztos\u00edt.<\/p>\n<h2>Kiv\u00e1l\u00f3 nyomtat\u00e1si min\u0151s\u00e9g<\/h2>\n<p>A precizit\u00e1s szem el\u0151tt tart\u00e1s\u00e1val tervezett Phrozen Sonic Mega 8K S figyelemre m\u00e9lt\u00f3, 43 \u00b5m-es felbont\u00e1st biztos\u00edt, m\u00e9g a tipikus asztali 3D nyomtat\u00f3k k\u00e9tszeres m\u00e9ret\u00e9n\u00e9l is. \u00c9lvezze a leny\u0171g\u00f6z\u0151 r\u00e9szleteket \u00e9s a kiv\u00e1l\u00f3 min\u0151s\u00e9g\u0171 nyomatokat, amelyek \u00e9letre keltik alkot\u00e1sait. <\/p>\n<h2>Biztons\u00e1gosabb \u00e9s hat\u00e9konyabb gyantakezel\u00e9s<\/h2>\n<p>B\u00facs\u00fazzon el a rendetlen munkater\u00fcletekt\u0151l \u00e9s az elpazarolt gyant\u00e1t\u00f3l. Ez a gyantanyomtat\u00f3 egy teljesen f\u00e9mb\u0151l k\u00e9sz\u00fclt, be\u00e9p\u00edtett csepegtet\u0151 akaszt\u00f3val rendelkezik, amely biztos\u00edtja a biztons\u00e1got, \u00e9s minden egyes nyomtat\u00e1s ut\u00e1n k\u00e9nyelmesen meg\u0151rzi az utols\u00f3 csepp gyant\u00e1t is. <\/p>\n<h2>Helytakar\u00e9kos felemelhet\u0151 fed\u00e9llel<\/h2>\n<p>Optimaliz\u00e1lja st\u00fadi\u00f3hely\u00e9t a felemelhet\u0151 fed\u00e9llel. Felejtse el az akrilfed\u00e9l hely\u00e9nek keres\u00e9s\u00e9vel j\u00e1r\u00f3 gondokat &#8211; ez az innovat\u00edv kialak\u00edt\u00e1s minimaliz\u00e1lja a munkater\u00fclet\u00e9n a helyig\u00e9nyt, mik\u00f6zben a k\u00e9sz nyomatokhoz val\u00f3 k\u00f6nny\u0171 hozz\u00e1f\u00e9r\u00e9s is megmarad. <\/p>\n<h2>El\u0151re kalibr\u00e1lt \u00e9p\u00edt\u0151lemez<\/h2>\n<p>Hagyja ki a neh\u00e9z be\u00e1ll\u00edt\u00e1sokat. Minden Phrozen Sonic Mega 8K S \u00e9p\u00edt\u0151lemez el\u0151re kalibr\u00e1lva van sz\u00e1ll\u00edt\u00e1s el\u0151tt. Vegye ki a nyomtat\u00f3t a dobozb\u00f3l, \u00e9s m\u00e1ris elkezdheti a nyomtat\u00e1st.  <\/p>\n<h2>15&#8243; mono-LCD k\u00e9perny\u0151<\/h2>\n<p>Tapasztalja meg a fogyaszt\u00f3i piac legnagyobb Mono-LCD nyomtat\u00e1si fel\u00fclet\u00e9t. A Sonic Mega 8K S 15 h\u00fcvelykes LCD-je \u00e9s perfor\u00e1lt \u00e9p\u00edt\u0151lemeze z\u00f6kken\u0151mentes nyomtat\u00e1si \u00e9lm\u00e9nyt ny\u00fajt kiv\u00e9teles pontoss\u00e1ggal. <\/p>\n<h2>Z\u00f6kken\u0151mentes integr\u00e1ci\u00f3 a Pump &amp; Fill rendszerrel<\/h2>\n<p>Fokozza a nyomtat\u00e1si \u00e9lm\u00e9nyt a Pump &amp; Fill z\u00f6kken\u0151mentes integr\u00e1ci\u00f3j\u00e1val. A be\u00e1ll\u00edt\u00e1sokat k\u00f6zvetlen\u00fcl a nyomtat\u00f3 \u00e9rint\u0151k\u00e9perny\u0151j\u00e9r\u0151l \u00e1ll\u00edthatja be, \u00edgy egyszer\u0171s\u00edtve a munkafolyamatot \u00e9s biztos\u00edtva a nyomtat\u00e1si folyamat pontos ellen\u0151rz\u00e9s\u00e9t. <\/p>\n","protected":false},"excerpt":{"rendered":"<p><span style=\"font-weight: 400;\">Forradalmas\u00edtsa a nyomtat\u00e1si \u00e9lm\u00e9nyt a Phrozen Sonic Mega 8K S m\u0171gyanta nyomtat\u00f3val.<\/span><\/p>\n","protected":false},"featured_media":56557,"comment_status":"closed","ping_status":"closed","template":"","meta":{"_acf_changed":false},"product_brand":[],"product_cat":[1677,2355,1680,2354],"product_tag":[],"brand":[],"class_list":{"0":"post-56556","1":"product","2":"type-product","3":"status-publish","4":"has-post-thumbnail","6":"product_cat-3d-nyomtato","7":"product_cat-fagyasztott-gyanta-nyomtatok","8":"product_cat-minden-3d-nyomtato","9":"product_cat-resin-nyomtato","11":"first","12":"outofstock","13":"taxable","14":"shipping-taxable","15":"purchasable","16":"product-type-simple"},"acf":[],"_links":{"self":[{"href":"https:\/\/azurefilm.com\/hu\/wp-json\/wp\/v2\/product\/56556","targetHints":{"allow":["GET"]}}],"collection":[{"href":"https:\/\/azurefilm.com\/hu\/wp-json\/wp\/v2\/product"}],"about":[{"href":"https:\/\/azurefilm.com\/hu\/wp-json\/wp\/v2\/types\/product"}],"replies":[{"embeddable":true,"href":"https:\/\/azurefilm.com\/hu\/wp-json\/wp\/v2\/comments?post=56556"}],"wp:featuredmedia":[{"embeddable":true,"href":"https:\/\/azurefilm.com\/hu\/wp-json\/wp\/v2\/media\/56557"}],"wp:attachment":[{"href":"https:\/\/azurefilm.com\/hu\/wp-json\/wp\/v2\/media?parent=56556"}],"wp:term":[{"taxonomy":"product_brand","embeddable":true,"href":"https:\/\/azurefilm.com\/hu\/wp-json\/wp\/v2\/product_brand?post=56556"},{"taxonomy":"product_cat","embeddable":true,"href":"https:\/\/azurefilm.com\/hu\/wp-json\/wp\/v2\/product_cat?post=56556"},{"taxonomy":"product_tag","embeddable":true,"href":"https:\/\/azurefilm.com\/hu\/wp-json\/wp\/v2\/product_tag?post=56556"},{"taxonomy":"brand","embeddable":true,"href":"https:\/\/azurefilm.com\/hu\/wp-json\/wp\/v2\/brand?post=56556"}],"curies":[{"name":"wp","href":"https:\/\/api.w.org\/{rel}","templated":true}]}}