
{"id":56566,"date":"2023-12-18T13:48:06","date_gmt":"2023-12-18T13:48:06","guid":{"rendered":"https:\/\/azurefilm.com\/product\/bambu-lab-a1-combo-4-kg-pla-original\/"},"modified":"2026-03-13T01:04:46","modified_gmt":"2026-03-13T01:04:46","slug":"bambu-lab-a1-combo-pro-pack","status":"publish","type":"product","link":"https:\/\/azurefilm.com\/hu\/termek\/bambu-lab-a1-combo-pro-pack\/","title":{"rendered":"Bambu Lab A1 Combo BUNDLE"},"content":{"rendered":"<p><iframe loading=\"lazy\" title=\"YouTube vide\u00f3 lej\u00e1tsz\u00f3\" src=\"https:\/\/www.youtube.com\/embed\/Lb-0C0a3j4g?si=C6wzAf2hXxnWbU8f\" width=\"560\" height=\"315\" frameborder=\"0\" allowfullscreen=\"allowfullscreen\"><\/iframe><\/p>\n<h2>T\u00f6bbsz\u00edn\u0171 nyomtat\u00e1s<\/h2>\n<p>Az AMS Lite egy innovat\u00edv, t\u00f6bbsz\u00edn\u0171 rendszer, amely a kezd\u0151k sz\u00e1m\u00e1ra is egyszer\u0171v\u00e9 teszi a munk\u00e1t.<\/p>\n<h2>Akt\u00edv \u00e1raml\u00e1si sebess\u00e9g kompenz\u00e1ci\u00f3<\/h2>\n<p>Tapasztalja meg a forradalmi \u00e1raml\u00e1sszab\u00e1lyoz\u00e1st. A Bambu Lab nagy felbont\u00e1s\u00fa, nagyfrekvenci\u00e1s \u00e1ram\u00e9rz\u00e9kel\u0151je m\u00e9ri a f\u00fav\u00f3ka nyom\u00e1s\u00e1t, \u00e9s akt\u00edvan be\u00e1ll\u00edtja az \u00e1raml\u00e1si sebess\u00e9get a prec\u00edz extrud\u00e1l\u00e1s \u00e9rdek\u00e9ben. Nincs t\u00f6bb\u00e9 egyenetlen nyomat.<\/p>\n<h2>Teljes automatikus kalibr\u00e1l\u00e1s<\/h2>\n<p>Az A1 minden kalibr\u00e1l\u00e1st \u00f6n\u00e1ll\u00f3an v\u00e9gez. A Z-eltol\u00f3d\u00e1st\u00f3l az \u00e1gyszintig, a rezg\u00e9sekig \u00e9s a f\u00fav\u00f3kanyom\u00e1sig mindent automatikusan finomhangol minden egyes nyomtat\u00e1shoz.<\/p>\n<h2>Gyors cser\u00e9lhet\u0151 f\u00fav\u00f3ka<\/h2>\n<p>A f\u00fav\u00f3k\u00e1k cser\u00e9je egyszer\u0171 az \u00faj kialak\u00edt\u00e1ssal &#8211; egyetlen klippel ki- \u00e9s bepattinthat\u00f3.<\/p>\n<h2>Akt\u00edv motoros zajsz\u0171r\u00e9s<\/h2>\n<p>Az A1 be\u00e1ll\u00edtja az apr\u00f3 motork\u00fcl\u00f6nbs\u00e9geket, \u00edgy a nem k\u00edv\u00e1nt zajok kik\u00fcsz\u00f6b\u00f6l\u00e9s\u00e9vel csendesebb\u00e9 teszi a nyomtat\u00e1s \u00e9lm\u00e9ny\u00e9t.<\/p>\n<h2>CoreXY sebess\u00e9ggel \u00e9s min\u0151s\u00e9ggel rendelkez\u0151 \u00e1gyaz\u00f3g\u00e9p<\/h2>\n<p>Er\u0151s f\u00e9ms\u00ednekkel, massz\u00edv kerettel, speci\u00e1lis \u00e9rz\u00e9kel\u0151kkel, gyorsul\u00e1sm\u00e9r\u0151kkel, nagy teljes\u00edtm\u00e9ny\u0171 sz\u00e1m\u00edt\u00f3g\u00e9ppel \u00e9s intelligens mozg\u00e1svez\u00e9rl\u00e9ssel az A1 gyorsan \u00e9s pontosan nyomtat.<\/p>\n<h2>Szinkroniz\u00e1l\u00e1s a Bambu Studio \u00e9s a Bambu Handy programmal<\/h2>\n<p>A Bambu Studio vagy a Bambu Handy seg\u00edts\u00e9g\u00e9vel k\u00f6nnyed\u00e9n vez\u00e9relheti \u00e9s figyelheti nyomtat\u00f3j\u00e1t. A be\u00e9p\u00edtett kamer\u00e1val meg\u00f6r\u00f6k\u00edtheti a nyomatokat m\u0171k\u00f6d\u00e9s k\u00f6zben.<\/p>\n","protected":false},"excerpt":{"rendered":"<p>\u00c9lvezd a 3D nyomtat\u00e1s korl\u00e1tlan lehet\u0151s\u00e9geit a Bambu Lab A1 Combo k\u00e9sz\u00fcl\u00e9kkel, n\u00e9gy kilogramm AzureFilm Refill Filamenttel \u00e9s 4 Master Spool-szal kombin\u00e1lva.<\/p>\n","protected":false},"featured_media":86545,"comment_status":"closed","ping_status":"closed","template":"","meta":{"_acf_changed":false},"product_brand":[],"product_cat":[1677,1681,1679,1678,1680,2250],"product_tag":[],"brand":[268],"class_list":{"0":"post-56566","1":"product","2":"type-product","3":"status-publish","4":"has-post-thumbnail","6":"product_cat-3d-nyomtato","7":"product_cat-bambu-lab-hu","8":"product_cat-elado","9":"product_cat-fdm-nyomtato","10":"product_cat-minden-3d-nyomtato","11":"product_cat-special-packs-hu","12":"pa_colour-black","13":"pa_colour-blue","14":"pa_colour-gray","15":"pa_colour-green","16":"pa_colour-white","17":"pa_filament-diameter-1-75mm","18":"pa_filament-weight-1000g","19":"brand-bambu-lab","21":"first","22":"instock","23":"sale","24":"taxable","25":"shipping-taxable","26":"purchasable","27":"product-type-variable"},"acf":[],"_links":{"self":[{"href":"https:\/\/azurefilm.com\/hu\/wp-json\/wp\/v2\/product\/56566","targetHints":{"allow":["GET"]}}],"collection":[{"href":"https:\/\/azurefilm.com\/hu\/wp-json\/wp\/v2\/product"}],"about":[{"href":"https:\/\/azurefilm.com\/hu\/wp-json\/wp\/v2\/types\/product"}],"replies":[{"embeddable":true,"href":"https:\/\/azurefilm.com\/hu\/wp-json\/wp\/v2\/comments?post=56566"}],"wp:featuredmedia":[{"embeddable":true,"href":"https:\/\/azurefilm.com\/hu\/wp-json\/wp\/v2\/media\/86545"}],"wp:attachment":[{"href":"https:\/\/azurefilm.com\/hu\/wp-json\/wp\/v2\/media?parent=56566"}],"wp:term":[{"taxonomy":"product_brand","embeddable":true,"href":"https:\/\/azurefilm.com\/hu\/wp-json\/wp\/v2\/product_brand?post=56566"},{"taxonomy":"product_cat","embeddable":true,"href":"https:\/\/azurefilm.com\/hu\/wp-json\/wp\/v2\/product_cat?post=56566"},{"taxonomy":"product_tag","embeddable":true,"href":"https:\/\/azurefilm.com\/hu\/wp-json\/wp\/v2\/product_tag?post=56566"},{"taxonomy":"brand","embeddable":true,"href":"https:\/\/azurefilm.com\/hu\/wp-json\/wp\/v2\/brand?post=56566"}],"curies":[{"name":"wp","href":"https:\/\/api.w.org\/{rel}","templated":true}]}}