
{"id":56601,"date":"2024-09-26T10:24:11","date_gmt":"2024-09-26T10:24:11","guid":{"rendered":"https:\/\/azurefilm.com\/product\/utantolto-pctg-feher\/"},"modified":"2025-11-13T09:08:13","modified_gmt":"2025-11-13T09:08:13","slug":"utantolto-pctg-feher","status":"publish","type":"product","link":"https:\/\/azurefilm.com\/hu\/termek\/utantolto-pctg-feher\/","title":{"rendered":"Ut\u00e1nt\u00f6lt\u0151 PCTG feh\u00e9r"},"content":{"rendered":"<h2><b>Refill PCTG<\/b><\/h2>\n<p><span style=\"font-weight: 400;\">Refill PCTG filaments offer the exact same properties as our PCTG. They are <\/span><b>durable, tough and odourless<\/b><span style=\"font-weight: 400;\">. Refill PCTG is an excellent filament that combines strength and flexibility. It has extremely minimal shrinkage and warping. It is ideal for printing large products, and mechanical products in robotics.\u00a0<\/span><\/p>\n<p><span style=\"font-weight: 400;\">PCTG filament is our <\/span><b>improved PETG Original filament<\/b><span style=\"font-weight: 400;\"> designed to resist higher temperatures. Consequently, this material withstands <\/span><b>5\u201310\u00b0C higher temperatures <\/b><span style=\"font-weight: 400;\">and has increased durability compared to PETG Orginal. PCTG is still a very <\/span><b>easy-to-work-with<\/b><span style=\"font-weight: 400;\"> material and <\/span><b>suitable for beginners<\/b><span style=\"font-weight: 400;\">.<\/span><\/p>\n\n\t<section class=\"section pb-0\" id=\"section_2098464589\">\n\t\t<div class=\"section-bg fill\" >\n\t\t\t\t\t\t\t\t\t<div class=\"section-bg-overlay absolute fill\"><\/div>\n\t\t\t\n\n\t\t<\/div>\n\n\t\t\n\n\t\t<div class=\"section-content relative\">\n\t\t\t\n<div class=\"row row-large align-middle pb-0\"  id=\"row-393855627\">\n\n\t<div id=\"col-784941111\" class=\"col medium-6 small-12 large-6\"  >\n\t\t\t\t<div class=\"col-inner text-left\"  >\n\t\t\t\n\t\t\t\n<h3><strong>What is new?<\/strong><\/h3>\n<ul>\n<li><span style=\"font-weight: 400;\">We removed the plastic zip ties and replaced them with a better option to make unpacking easier.<\/span><\/li>\n<li><span style=\"font-weight: 400;\">The filament tail is now completely straight. That prevents it from getting stuck in the spool and ruining your print when the filament runs out.<\/span><\/li>\n<li><b>Perfect compatibility with AzureFilm and Bambu Lab spools.<\/b><\/li>\n<\/ul>\n<h3><strong>Printing recommendations:<\/strong><\/h3>\n<ul>\n<li style=\"font-weight: 400;\" aria-level=\"1\"><span style=\"font-weight: 400;\">For the best results, print at 240\u2013260\u00b0C.\u00a0<\/span><\/li>\n<li style=\"font-weight: 400;\" aria-level=\"1\"><span style=\"font-weight: 400;\">Recommended printing table temperature is 80\u00b0C.<\/span><\/li>\n<li style=\"font-weight: 400;\" aria-level=\"1\"><span style=\"font-weight: 400;\">Use a glass bed, PEI sheet, Kapton, or Blue tape for the build platform with 3Dlac spray.<\/span><\/li>\n<\/ul>\n<p><i><span style=\"font-weight: 400;\">*Ideal temperature may vary when using different printers.<\/span><\/i><\/p>\n\t\t<\/div>\n\t\t\t\t\t<\/div>\n\n\t\n\n\t<div id=\"col-875579842\" class=\"col medium-6 small-12 large-6\"  >\n\t\t\t\t<div class=\"col-inner\"  >\n\t\t\t\n\t\t\t\n<div class=\"video video-fit mb\" style=\"padding-top:56.25%;\"><p><iframe loading=\"lazy\" title=\"Printing with PCTG filaments\" width=\"1020\" height=\"574\" src=\"https:\/\/www.youtube.com\/embed\/SSB2XEpYjoo?feature=oembed\" frameborder=\"0\" allow=\"accelerometer; autoplay; clipboard-write; encrypted-media; gyroscope; picture-in-picture; web-share\" referrerpolicy=\"strict-origin-when-cross-origin\" allowfullscreen><\/iframe><\/p>\n<\/div>\n\t\t<\/div>\n\t\t\t\t\t<\/div>\n\n\t\n<\/div>\n\t\t<\/div>\n\n\t\t\n<style>\n#section_2098464589 {\n  padding-top: 30px;\n  padding-bottom: 30px;\n}\n#section_2098464589 .section-bg-overlay {\n  background-color: rgba(255, 255, 255, 0.85);\n}\n<\/style>\n\t<\/section>\n\t\n<div class=\"is-divider divider clearfix\" style=\"max-width:100%;height:1px;background-color:rgb(17, 107, 168);\"><\/div>\n<p><span style=\"font-weight: 400;\">Our Refill PCTG filaments are perfectly compatible with the <a href=\"https:\/\/azurefilm.com\/product\/azurefilm-master-spool-11-free\/\" target=\"_blank\" rel=\"noopener\"><strong>AzureFilm Master Spool<\/strong> <\/a>&#8211; <\/span><b>the only spool you&#8217;ll ever need<\/b><span style=\"font-weight: 400;\">. By using this reusable spool, you can join us in reducing waste and minimising environmental impact.<\/span><\/p>\n<p><span style=\"font-weight: 400;\">AzureFilm Master Spool is our <\/span><b>reusable spool<\/b><span style=\"font-weight: 400;\">, which provides a <\/span><b>sustainable and cost-effective<\/b><span style=\"font-weight: 400;\"> solution for 3D printing. The spool is a <\/span><b>set of two reusable, injection-molded discs<\/b><span style=\"font-weight: 400;\">. This ensures the high durability and precision of the spool.<\/span><\/p>\n<p><span style=\"font-weight: 400;\">By purchasing and reusing our Master Spool you contribute to a cleaner environment while enjoying a reliable and easy-to-use product, compatible with most 3D printers.<\/span><\/p>\n<div style=\"padding: 56.25% 0 0 0; position: relative;\"><iframe style=\"position: absolute; top: 0; left: 0; width: 100%; height: 100%;\" title=\"AzureFilm Master Spool\" src=\"https:\/\/player.vimeo.com\/video\/954356184?badge=0&amp;autopause=0&amp;player_id=0&amp;app_id=58479\" frameborder=\"0\"><\/iframe><\/div>\n<p><script src=\"https:\/\/player.vimeo.com\/api\/player.js\"><\/script><\/p>\n<div class=\"is-divider divider clearfix\" style=\"max-width:100%;height:1px;background-color:rgb(17, 107, 168);\"><\/div>\n<h2><b>Features &amp; Properties<\/b><\/h2>\n<table>\n<thead>\n<tr>\n<th>Feature<\/th>\n<th>Value<\/th>\n<\/tr>\n<tr>\n<td><span style=\"font-weight: 400;\">\u00a0Flexibility<\/span><\/td>\n<td><span style=\"font-weight: 400;\">Medium<\/span><\/td>\n<\/tr>\n<tr>\n<td><span style=\"font-weight: 400;\">\u00a0Strength<\/span><\/td>\n<td><span style=\"font-weight: 400;\">High<\/span><\/td>\n<\/tr>\n<tr>\n<td><span style=\"font-weight: 400;\">\u00a0Durability<\/span><\/td>\n<td><span style=\"font-weight: 400;\">High<\/span><\/td>\n<\/tr>\n<tr>\n<td><span style=\"font-weight: 400;\">\u00a0Difficulty to use<\/span><\/td>\n<td><span style=\"font-weight: 400;\">Low<\/span><\/td>\n<\/tr>\n<tr>\n<td><span style=\"font-weight: 400;\">\u00a0Shrinkage \/ Warping<\/span><\/td>\n<td><span style=\"font-weight: 400;\">Minimal<\/span><\/td>\n<\/tr>\n<tr>\n<td><span style=\"font-weight: 400;\">\u00a0Soluble<\/span><\/td>\n<td><span style=\"font-weight: 400;\">No<\/span><\/td>\n<\/tr>\n<tr>\n<td><span style=\"font-weight: 400;\">\u00a0Diameter available<\/span><\/td>\n<td><span style=\"font-weight: 400;\">1.75mm<\/span><\/td>\n<\/tr>\n<tr>\n<td><span style=\"font-weight: 400;\">\u00a0Manufacturer<\/span><\/td>\n<td><span style=\"font-weight: 400;\">AzureFilm<\/span><\/td>\n<\/tr>\n<\/thead>\n<\/table>\n<p><span style=\"font-weight: 400;\">To know more about PCTG filaments, read our <a href=\"https:\/\/azurefilm.com\/2023\/10\/12\/pctg-filaments-everything-you-need-to-know\/\" target=\"_blank\" rel=\"noopener\"><strong>blog<\/strong><\/a>.\u00a0<\/span><\/p>\n<p><span style=\"font-weight: 400;\">You can access the <\/span><b>Technical Data Sheet<\/b><span style=\"font-weight: 400;\"><a href=\"https:\/\/azurefilm.com\/technical-data-sheets\/\" target=\"_blank\" rel=\"noopener\"><strong> here<\/strong><\/a>.<\/span><\/p>\n","protected":false},"excerpt":{"rendered":"<p><span style=\"font-weight: 400;\">A tart\u00f3s, strapab\u00edr\u00f3 \u00e9s szagtalan 3D nyomatok\u00e9rt v\u00e1s\u00e1rolja meg a PCTG White ut\u00e1nt\u00f6lt\u0151 anyagot.<\/span><\/p>\n","protected":false},"featured_media":113128,"comment_status":"closed","ping_status":"closed","template":"","meta":{"_acf_changed":false},"product_brand":[],"product_cat":[2359,1686,1688,2358,2209],"product_tag":[2212],"brand":[],"class_list":{"0":"post-56601","1":"product","2":"type-product","3":"status-publish","4":"has-post-thumbnail","6":"product_cat-ujratoltes-pctg","7":"product_cat-3d-filmek","8":"product_cat-minden-film","9":"product_cat-pctg-szalak","10":"product_cat-refill-szalak","11":"product_tag-oko-hu","12":"pa_colour-white","13":"pa_filament-diameter-1-75mm","14":"pa_filament-weight-1000g","16":"first","17":"instock","18":"taxable","19":"shipping-taxable","20":"purchasable","21":"product-type-variable"},"acf":[],"_links":{"self":[{"href":"https:\/\/azurefilm.com\/hu\/wp-json\/wp\/v2\/product\/56601","targetHints":{"allow":["GET"]}}],"collection":[{"href":"https:\/\/azurefilm.com\/hu\/wp-json\/wp\/v2\/product"}],"about":[{"href":"https:\/\/azurefilm.com\/hu\/wp-json\/wp\/v2\/types\/product"}],"replies":[{"embeddable":true,"href":"https:\/\/azurefilm.com\/hu\/wp-json\/wp\/v2\/comments?post=56601"}],"wp:featuredmedia":[{"embeddable":true,"href":"https:\/\/azurefilm.com\/hu\/wp-json\/wp\/v2\/media\/113128"}],"wp:attachment":[{"href":"https:\/\/azurefilm.com\/hu\/wp-json\/wp\/v2\/media?parent=56601"}],"wp:term":[{"taxonomy":"product_brand","embeddable":true,"href":"https:\/\/azurefilm.com\/hu\/wp-json\/wp\/v2\/product_brand?post=56601"},{"taxonomy":"product_cat","embeddable":true,"href":"https:\/\/azurefilm.com\/hu\/wp-json\/wp\/v2\/product_cat?post=56601"},{"taxonomy":"product_tag","embeddable":true,"href":"https:\/\/azurefilm.com\/hu\/wp-json\/wp\/v2\/product_tag?post=56601"},{"taxonomy":"brand","embeddable":true,"href":"https:\/\/azurefilm.com\/hu\/wp-json\/wp\/v2\/brand?post=56601"}],"curies":[{"name":"wp","href":"https:\/\/api.w.org\/{rel}","templated":true}]}}