
{"id":56602,"date":"2024-09-26T10:15:07","date_gmt":"2024-09-26T10:15:07","guid":{"rendered":"https:\/\/azurefilm.com\/product\/utantolto-pctg-szurke\/"},"modified":"2025-09-01T14:08:25","modified_gmt":"2025-09-01T14:08:25","slug":"utantolto-pctg-szurke","status":"publish","type":"product","link":"https:\/\/azurefilm.com\/hu\/termek\/utantolto-pctg-szurke\/","title":{"rendered":"Ut\u00e1nt\u00f6lt\u0151 PCTG sz\u00fcrke"},"content":{"rendered":"<h2><b>\u00dajrat\u00f6lt\u00e9s PCTG<\/b><\/h2>\n<p><span style=\"font-weight: 400;\">Az ut\u00e1nt\u00f6lt\u0151 PCTG sz\u00e1lak pontosan ugyanazokat a tulajdons\u00e1gokat k\u00edn\u00e1lj\u00e1k, mint a PCTG sz\u00e1lak. Ezek a k\u00f6vetkez\u0151k   <\/span><b>tart\u00f3s, strapab\u00edr\u00f3 \u00e9s szagtalan<\/b><span style=\"font-weight: 400;\">. Refill PCTG is an excellent filament that combines strength and flexibility. It has extremely minimal shrinkage and warping. It is ideal for printing large products, and mechanical products in robotics.     <\/span><\/p>\n<p><span style=\"font-weight: 400;\">A PCTG sz\u00e1l a mi <\/span><b>tov\u00e1bbfejlesztett PETG Original filament<\/b><span style=\"font-weight: 400;\">  \u00fagy tervezt\u00e9k, hogy ellen\u00e1lljon a magasabb h\u0151m\u00e9rs\u00e9kletnek. K\u00f6vetkez\u00e9sk\u00e9ppen ez az anyag ellen\u00e1ll   <\/span><b>5-10\u00b0C-kal magasabb h\u0151m\u00e9rs\u00e9klet  <\/b><span style=\"font-weight: 400;\">\u00e9s a PETG Orginalhoz k\u00e9pest megn\u00f6velt tart\u00f3ss\u00e1ggal rendelkezik. PCTG m\u00e9g mindig egy nagyon   <\/span><b>k\u00f6nnyen kezelhet\u0151<\/b><span style=\"font-weight: 400;\"> anyag \u00e9s <\/span><b>kezd\u0151k sz\u00e1m\u00e1ra is alkalmas<\/b><span style=\"font-weight: 400;\">.<\/span><\/p>\n\n\t<section class=\"section pb-0\" id=\"section_1653188701\">\n\t\t<div class=\"section-bg fill\" >\n\t\t\t\t\t\t\t\t\t<div class=\"section-bg-overlay absolute fill\"><\/div>\n\t\t\t\n\n\t\t<\/div>\n\n\t\t\n\n\t\t<div class=\"section-content relative\">\n\t\t\t\n<div class=\"row row-large align-middle pb-0\"  id=\"row-1695141665\">\n\n\t<div id=\"col-1133355761\" class=\"col medium-6 small-12 large-6\"  >\n\t\t\t\t<div class=\"col-inner text-left\"  >\n\t\t\t\n\t\t\t\n<h3><strong>Mi az \u00fajdons\u00e1g?<\/strong><\/h3>\n<ul>\n<li><span style=\"font-weight: 400;\">Elt\u00e1vol\u00edtottuk a m\u0171anyag cipz\u00e1rakat, \u00e9s egy jobb lehet\u0151s\u00e9ggel helyettes\u00edtett\u00fck \u0151ket, hogy megk\u00f6nny\u00edts\u00fck a kicsomagol\u00e1st.<\/span><\/li>\n<li><span style=\"font-weight: 400;\">A fonal farka most m\u00e1r teljesen egyenes. Ez megakad\u00e1lyozza, hogy beszoruljon az ors\u00f3ba, \u00e9s t\u00f6nkretegye a nyomtat\u00e1st, amikor a sz\u00e1l kifogy. <\/span><\/li>\n<li><b>T\u00f6k\u00e9letes kompatibilit\u00e1s az AzureFilm \u00e9s a Bambu Lab ors\u00f3kkal.<\/b><\/li>\n<\/ul>\n<h3><strong>Nyomtat\u00e1si aj\u00e1nl\u00e1sok:<\/strong><\/h3>\n<ul>\n<li style=\"font-weight: 400;\" aria-level=\"1\"><span style=\"font-weight: 400;\">A legjobb eredm\u00e9nyt 240-260\u00b0C-on nyomtatva \u00e9rheti el.  <\/span><\/li>\n<li style=\"font-weight: 400;\" aria-level=\"1\"><span style=\"font-weight: 400;\">A nyomtat\u00f3asztal aj\u00e1nlott h\u0151m\u00e9rs\u00e9klete 80\u00b0C.<\/span><\/li>\n<li style=\"font-weight: 400;\" aria-level=\"1\"><span style=\"font-weight: 400;\">Haszn\u00e1ljon \u00fcveg\u00e1gyat, PEI lapot, Kapton vagy k\u00e9k szalagot az \u00e9p\u00edt\u00e9si platformhoz 3Dlac spray-vel.<\/span><\/li>\n<\/ul>\n<p><i><span style=\"font-weight: 400;\">*A k\u00fcl\u00f6nb\u00f6z\u0151 nyomtat\u00f3k haszn\u00e1lata eset\u00e9n az ide\u00e1lis h\u0151m\u00e9rs\u00e9klet elt\u00e9r\u0151 lehet.<\/span><\/i><\/p>\n\t\t<\/div>\n\t\t\t\t\t<\/div>\n\n\t\n\n\t<div id=\"col-1473204591\" class=\"col medium-6 small-12 large-6\"  >\n\t\t\t\t<div class=\"col-inner\"  >\n\t\t\t\n\t\t\t\n<div class=\"video video-fit mb\" style=\"padding-top:56.25%;\"><p><iframe loading=\"lazy\" title=\"Printing with PCTG filaments\" width=\"1020\" height=\"574\" src=\"https:\/\/www.youtube.com\/embed\/SSB2XEpYjoo?feature=oembed\" frameborder=\"0\" allow=\"accelerometer; autoplay; clipboard-write; encrypted-media; gyroscope; picture-in-picture; web-share\" referrerpolicy=\"strict-origin-when-cross-origin\" allowfullscreen><\/iframe><\/p>\n<\/div>\n\t\t<\/div>\n\t\t\t\t\t<\/div>\n\n\t\n<\/div>\n\t\t<\/div>\n\n\t\t\n<style>\n#section_1653188701 {\n  padding-top: 30px;\n  padding-bottom: 30px;\n}\n#section_1653188701 .section-bg-overlay {\n  background-color: rgba(255, 255, 255, 0.85);\n}\n<\/style>\n\t<\/section>\n\t\n<div class=\"is-divider divider clearfix\" style=\"max-width:100%;height:1px;background-color:rgb(17, 107, 168);\"><\/div>\n<p><span style=\"font-weight: 400;\">A Refill PCTG sz\u00e1lak t\u00f6k\u00e9letesen kompatibilisek a <a href=\"https:\/\/azurefilm.com\/hu\/termek\/azurefilm-master-spool-11-ingyenes\/\" target=\"_blank\" rel=\"noopener\"><strong>AzureFilm Master Spool<\/strong> <\/a>&#8211; <\/span><b>az egyetlen ors\u00f3, amire valaha is sz\u00fcks\u00e9ge lesz<\/b><span style=\"font-weight: 400;\">. By using this reusable spool, you can join us in reducing waste and minimising environmental impact. <\/span><\/p>\n<p><span style=\"font-weight: 400;\">Az AzureFilm Master Spool a mi <\/span><b>\u00fajrafelhaszn\u00e1lhat\u00f3 ors\u00f3<\/b><span style=\"font-weight: 400;\">, amely biztos\u00edtja a <\/span><b>fenntarthat\u00f3 \u00e9s k\u00f6lts\u00e9ghat\u00e9kony<\/b><span style=\"font-weight: 400;\">  megold\u00e1s a 3D nyomtat\u00e1shoz. Az ors\u00f3 egy   <\/span><b>k\u00e9t \u00fajrafelhaszn\u00e1lhat\u00f3, fr\u00f6ccs\u00f6nt\u00f6tt korongb\u00f3l \u00e1ll\u00f3 k\u00e9szlet<\/b><span style=\"font-weight: 400;\">. This ensures the high durability and precision of the spool. <\/span><\/p>\n<p><span style=\"font-weight: 400;\">A Master Spool term\u00e9k\u00fcnk megv\u00e1s\u00e1rl\u00e1s\u00e1val \u00e9s \u00fajrafelhaszn\u00e1l\u00e1s\u00e1val hozz\u00e1j\u00e1rul a k\u00f6rnyezet tisztas\u00e1g\u00e1hoz, mik\u00f6zben egy megb\u00edzhat\u00f3 \u00e9s k\u00f6nnyen haszn\u00e1lhat\u00f3, a legt\u00f6bb 3D nyomtat\u00f3val kompatibilis term\u00e9ket \u00e9lvezhet.<\/span><\/p>\n<div style=\"padding: 56.25% 0 0 0; position: relative;\"><iframe style=\"position: absolute; top: 0; left: 0; width: 100%; height: 100%;\" title=\"AzureFilm mester ors\u00f3\" src=\"https:\/\/player.vimeo.com\/video\/954356184?badge=0&amp;autopause=0&amp;player_id=0&amp;app_id=58479\" frameborder=\"0\"><\/iframe><\/div>\n<p><script src=\"https:\/\/player.vimeo.com\/api\/player.js\"><\/script><\/p>\n<div class=\"is-divider divider clearfix\" style=\"max-width:100%;height:1px;background-color:rgb(17, 107, 168);\"><\/div>\n<h2><b>Jellemz\u0151k \u00e9s tulajdons\u00e1gok<\/b><\/h2>\n<table>\n<thead>\n<tr>\n<th>Feature<\/th>\n<th>Value<\/th>\n<\/tr>\n<tr>\n<td><span style=\"font-weight: 400;\"> Rugalmass\u00e1g<\/span><\/td>\n<td><span style=\"font-weight: 400;\">K\u00f6zepes<\/span><\/td>\n<\/tr>\n<tr>\n<td><span style=\"font-weight: 400;\"> Er\u0151ss\u00e9g<\/span><\/td>\n<td><span style=\"font-weight: 400;\">Magas<\/span><\/td>\n<\/tr>\n<tr>\n<td><span style=\"font-weight: 400;\"> Tart\u00f3ss\u00e1g<\/span><\/td>\n<td><span style=\"font-weight: 400;\">Magas<\/span><\/td>\n<\/tr>\n<tr>\n<td><span style=\"font-weight: 400;\"> A haszn\u00e1lat neh\u00e9zs\u00e9gei<\/span><\/td>\n<td><span style=\"font-weight: 400;\">Alacsony<\/span><\/td>\n<\/tr>\n<tr>\n<td><span style=\"font-weight: 400;\"> Zsugorod\u00e1s \/ vetemed\u00e9s<\/span><\/td>\n<td><span style=\"font-weight: 400;\">Minim\u00e1lis<\/span><\/td>\n<\/tr>\n<tr>\n<td><span style=\"font-weight: 400;\"> Oldhat\u00f3<\/span><\/td>\n<td><span style=\"font-weight: 400;\">Nincs<\/span><\/td>\n<\/tr>\n<tr>\n<td><span style=\"font-weight: 400;\"> El\u00e9rhet\u0151 \u00e1tm\u00e9r\u0151<\/span><\/td>\n<td><span style=\"font-weight: 400;\">1.75mm<\/span><\/td>\n<\/tr>\n<tr>\n<td><span style=\"font-weight: 400;\"> Gy\u00e1rt\u00f3<\/span><\/td>\n<td><span style=\"font-weight: 400;\">AzureFilm<\/span><\/td>\n<\/tr>\n<\/thead>\n<\/table>\n<p><span style=\"font-weight: 400;\">Ha t\u00f6bbet szeretne megtudni a PCTG sz\u00e1lakr\u00f3l, olvassa el a k\u00f6vetkez\u0151 cikk\u00fcnket <a href=\"https:\/\/azurefilm.com\/hu\/2023\/10\/12\/pctg-szalak-minden-amit-tudnia-kell\/\" target=\"_blank\" rel=\"noopener\"><strong>blogot.<\/strong><\/a>.  <\/span><\/p>\n<p><span style=\"font-weight: 400;\">Hozz\u00e1f\u00e9rhet a <\/span><b>M\u0171szaki adatlap<\/b><span style=\"font-weight: 400;\"><a href=\"https:\/\/azurefilm.com\/technical-data-sheets\/\" target=\"_blank\" rel=\"noopener\"><strong> itt<\/strong><\/a>.<\/span><\/p>\n","protected":false},"excerpt":{"rendered":"<p><span style=\"font-weight: 400;\">A tart\u00f3s, strapab\u00edr\u00f3 \u00e9s szagtalan 3D nyomatok\u00e9rt v\u00e1s\u00e1rolja meg a PCTG sz\u00fcrke ut\u00e1nt\u00f6lt\u0151 anyagot.<\/span><\/p>\n","protected":false},"featured_media":113103,"comment_status":"closed","ping_status":"closed","template":"","meta":{"_acf_changed":false},"product_brand":[],"product_cat":[2359,1686,1688,2358,2209],"product_tag":[2212],"brand":[],"class_list":{"0":"post-56602","1":"product","2":"type-product","3":"status-publish","4":"has-post-thumbnail","6":"product_cat-ujratoltes-pctg","7":"product_cat-3d-filmek","8":"product_cat-minden-film","9":"product_cat-pctg-szalak","10":"product_cat-refill-szalak","11":"product_tag-oko-hu","12":"pa_colour-gray","13":"pa_filament-diameter-1-75mm","14":"pa_filament-weight-1000g","16":"first","17":"outofstock","18":"taxable","19":"shipping-taxable","20":"purchasable","21":"product-type-variable"},"acf":[],"_links":{"self":[{"href":"https:\/\/azurefilm.com\/hu\/wp-json\/wp\/v2\/product\/56602","targetHints":{"allow":["GET"]}}],"collection":[{"href":"https:\/\/azurefilm.com\/hu\/wp-json\/wp\/v2\/product"}],"about":[{"href":"https:\/\/azurefilm.com\/hu\/wp-json\/wp\/v2\/types\/product"}],"replies":[{"embeddable":true,"href":"https:\/\/azurefilm.com\/hu\/wp-json\/wp\/v2\/comments?post=56602"}],"wp:featuredmedia":[{"embeddable":true,"href":"https:\/\/azurefilm.com\/hu\/wp-json\/wp\/v2\/media\/113103"}],"wp:attachment":[{"href":"https:\/\/azurefilm.com\/hu\/wp-json\/wp\/v2\/media?parent=56602"}],"wp:term":[{"taxonomy":"product_brand","embeddable":true,"href":"https:\/\/azurefilm.com\/hu\/wp-json\/wp\/v2\/product_brand?post=56602"},{"taxonomy":"product_cat","embeddable":true,"href":"https:\/\/azurefilm.com\/hu\/wp-json\/wp\/v2\/product_cat?post=56602"},{"taxonomy":"product_tag","embeddable":true,"href":"https:\/\/azurefilm.com\/hu\/wp-json\/wp\/v2\/product_tag?post=56602"},{"taxonomy":"brand","embeddable":true,"href":"https:\/\/azurefilm.com\/hu\/wp-json\/wp\/v2\/brand?post=56602"}],"curies":[{"name":"wp","href":"https:\/\/api.w.org\/{rel}","templated":true}]}}