
{"id":56621,"date":"2024-10-02T08:24:07","date_gmt":"2024-10-02T08:24:07","guid":{"rendered":"https:\/\/azurefilm.com\/product\/pla-cmyk-litofan-4-csomagban\/"},"modified":"2025-09-01T14:08:56","modified_gmt":"2025-09-01T14:08:56","slug":"pla-cmyk-litofan-4-csomagban","status":"publish","type":"product","link":"https:\/\/azurefilm.com\/hu\/termek\/pla-cmyk-litofan-4-csomagban\/","title":{"rendered":"PLA CMYK litof\u00e1n 4 csomagban"},"content":{"rendered":"<h2><b>Mik azok a PLA CMYK sz\u00e1lak?<\/b><\/h2>\n<p><span style=\"font-weight: 400;\">A PLA CMYK sz\u00e1lak speci\u00e1lis 3D nyomtat\u00e1si sz\u00e1lak, amelyeket \u00fagy terveztek, hogy a hagyom\u00e1nyos nyomtat\u00e1sban haszn\u00e1lt n\u00e9gy alapsz\u00ednt k\u00e9pviselj\u00e9k: <\/span><b>ci\u00e1n (C)<\/b><span style=\"font-weight: 400;\">, <\/span><b>Magenta (M)<\/b><span style=\"font-weight: 400;\">, <\/span><b>S\u00e1rga (Y)<\/b><span style=\"font-weight: 400;\">, \u00e9s <\/span><b>Kulcssz\u00edn (K)<\/b><span style=\"font-weight: 400;\">. The &#8220;key&#8221; color is used for depth, detail, and shadows &#8211;   <\/span><b>feh\u00e9r<\/b><span style=\"font-weight: 400;\">  el\u0151nyben r\u00e9szes\u00fcl, mivel jobb f\u00e9ny\u00e1tereszt\u00e9st tesz lehet\u0151v\u00e9 a h\u00e1tt\u00e9rvil\u00e1g\u00edt\u00e1s\u00fa projektekn\u00e9l. Ezeket a sz\u00e1lakat \u00e1ltal\u00e1ban hasonl\u00f3 m\u00f3don haszn\u00e1lj\u00e1k, mint ahogy a CMYK nyomtat\u00e1s m\u0171k\u00f6dik a k\u00e9tdimenzi\u00f3s tintanyomtat\u00e1sban, lehet\u0151v\u00e9 t\u00e9ve sz\u00ednes \u00e9s \u00e9l\u00e9nk 3D nyomatok k\u00e9sz\u00edt\u00e9s\u00e9t. <\/span><\/p>\n<p><img loading=\"lazy\" decoding=\"async\" class=\"aligncenter wp-image-45945 size-full\" src=\"https:\/\/azurefilm.com\/wp-content\/uploads\/2024\/10\/Combined-CMYK-Photos-1.jpg\" alt=\"\" width=\"2400\" height=\"1200\" title=\"\" srcset=\"https:\/\/azurefilm.com\/wp-content\/uploads\/2024\/10\/Combined-CMYK-Photos-1.jpg 2400w, https:\/\/azurefilm.com\/wp-content\/uploads\/2024\/10\/Combined-CMYK-Photos-1-510x255.jpg 510w, https:\/\/azurefilm.com\/wp-content\/uploads\/2024\/10\/Combined-CMYK-Photos-1-300x150.jpg 300w, https:\/\/azurefilm.com\/wp-content\/uploads\/2024\/10\/Combined-CMYK-Photos-1-1024x512.jpg 1024w, https:\/\/azurefilm.com\/wp-content\/uploads\/2024\/10\/Combined-CMYK-Photos-1-768x384.jpg 768w, https:\/\/azurefilm.com\/wp-content\/uploads\/2024\/10\/Combined-CMYK-Photos-1-1536x768.jpg 1536w, https:\/\/azurefilm.com\/wp-content\/uploads\/2024\/10\/Combined-CMYK-Photos-1-2048x1024.jpg 2048w\" sizes=\"auto, (max-width: 2400px) 100vw, 2400px\" \/><\/p>\n<h2><b>Mik azok a litof\u00e1nok?<\/b><\/h2>\n<p><span style=\"font-weight: 400;\">A litof\u00e1nok <\/span><b>3D nyomtatott k\u00e9pek<\/b><span style=\"font-weight: 400;\">  amelyek h\u00e1tt\u00e9rvil\u00e1g\u00edt\u00e1s eset\u00e9n r\u00e9szletes k\u00e9peket mutatnak. Az izz\u00f3sz\u00e1l vastags\u00e1g\u00e1nak finom v\u00e1ltoz\u00e1sa lehet\u0151v\u00e9 teszi, hogy   <\/span><b>a f\u00e9ny m\u00e1sk\u00e9pp hatol \u00e1t<\/b><span style=\"font-weight: 400;\">, \u00edgy sz\u00fcrke\u00e1rnyalatos k\u00e9pet vagy ak\u00e1r teljes sz\u00edn\u0171 k\u00e9pet is l\u00e9trehozhat, ha a megfelel\u0151 sz\u00e1lakkal nyomtatjuk.<\/span><\/p>\n\n\t<section class=\"section\" id=\"section_463183749\">\n\t\t<div class=\"section-bg fill\" >\n\t\t\t\t\t\t\t\t\t<div class=\"section-bg-overlay absolute fill\"><\/div>\n\t\t\t\n\n\t\t<\/div>\n\n\t\t\n\n\t\t<div class=\"section-content relative\">\n\t\t\t\n<h3><b>A PLA CMYK sz\u00e1lak nagyszer\u0171ek a litof\u00e1nokhoz, mert:<\/b><\/h3>\n<div class=\"row row-large align-middle\"  id=\"row-1244607297\">\n\n\t<div id=\"col-1201146241\" class=\"col medium-8 small-12 large-8\"  >\n\t\t\t\t<div class=\"col-inner text-left\"  >\n\t\t\t\n\t\t\t\n<h4><b>Sz\u00ednszab\u00e1lyoz\u00e1s<\/b><\/h4>\n<p><span style=\"font-weight: 400;\">A CMYK sz\u00e1lak k\u00fcl\u00f6nb\u00f6z\u0151 kombin\u00e1ci\u00f3ival t\u00f6rt\u00e9n\u0151 nyomtat\u00e1ssal pontos \u00e1rny\u00e9kol\u00e1st \u00e9s t\u00f3nushat\u00e1sokat \u00e9rhet el, \u00edgy a litof\u00e1nok megvil\u00e1g\u00edt\u00e1skor gazdagabb \u00e9s dinamikusabb megjelen\u00e9st kapnak.<\/span><\/p>\n\t\t<\/div>\n\t\t\t\t\t<\/div>\n\n\t\n\n\t<div id=\"col-1982411997\" class=\"col medium-4 small-12 large-4\"  >\n\t\t\t\t<div class=\"col-inner\"  >\n\t\t\t\n\t\t\t\n\t<div class=\"img has-hover x md-x lg-x y md-y lg-y\" id=\"image_717579241\">\n\t\t\t\t\t\t\t\t<div class=\"img-inner dark\" >\n\t\t\t<img loading=\"lazy\" decoding=\"async\" width=\"1020\" height=\"611\" src=\"https:\/\/azurefilm.com\/wp-content\/uploads\/2024\/10\/color-1024x613.jpg\" class=\"attachment-large size-large\" alt=\"\" srcset=\"https:\/\/azurefilm.com\/wp-content\/uploads\/2024\/10\/color-1024x613.jpg 1024w, https:\/\/azurefilm.com\/wp-content\/uploads\/2024\/10\/color-510x305.jpg 510w, https:\/\/azurefilm.com\/wp-content\/uploads\/2024\/10\/color-300x180.jpg 300w, https:\/\/azurefilm.com\/wp-content\/uploads\/2024\/10\/color-768x460.jpg 768w, https:\/\/azurefilm.com\/wp-content\/uploads\/2024\/10\/color-1536x919.jpg 1536w, https:\/\/azurefilm.com\/wp-content\/uploads\/2024\/10\/color.jpg 2005w\" sizes=\"auto, (max-width: 1020px) 100vw, 1020px\" title=\"\">\t\t\t\t\t\t\n\t\t\t\t\t<\/div>\n\t\t\t\t\t\t\t\t\n<style>\n#image_717579241 {\n  width: 100%;\n}\n<\/style>\n\t<\/div>\n\t\n\t\t<\/div>\n\t\t\t\t\t<\/div>\n\n\t\n<\/div>\n\t\t<\/div>\n\n\t\t\n<style>\n#section_463183749 {\n  padding-top: 30px;\n  padding-bottom: 30px;\n  background-color: rgb(193, 193, 193);\n}\n#section_463183749 .section-bg-overlay {\n  background-color: rgba(255, 255, 255, 0.85);\n}\n<\/style>\n\t<\/section>\n\t\n\n\t<section class=\"section\" id=\"section_1757902222\">\n\t\t<div class=\"section-bg fill\" >\n\t\t\t\t\t\t\t\t\t<div class=\"section-bg-overlay absolute fill\"><\/div>\n\t\t\t\n\n\t\t<\/div>\n\n\t\t\n\n\t\t<div class=\"section-content relative\">\n\t\t\t\n<div class=\"row row-large align-middle\"  id=\"row-852096155\">\n\n\t<div id=\"col-1237235077\" class=\"col medium-8 small-12 large-8\"  >\n\t\t\t\t<div class=\"col-inner text-left\"  >\n\t\t\t\n\t\t\t\n<h4><b>\u00c1tl\u00e1tsz\u00f3s\u00e1g<\/b><\/h4>\n<p><span style=\"font-weight: 400;\">A PLA, k\u00fcl\u00f6n\u00f6sen a v\u00e9konyabb r\u00e9tegekben, n\u00e9mileg \u00e1ttetsz\u0151 lehet, ami a litof\u00e1nok eset\u00e9ben elengedhetetlen, mivel a r\u00e9szletek felt\u00e1r\u00e1s\u00e1hoz a f\u00e9ny \u00e1thatol\u00e1s\u00e1ra van sz\u00fcks\u00e9g.<\/span><\/p>\n\t\t<\/div>\n\t\t\t\t\t<\/div>\n\n\t\n\n\t<div id=\"col-1204788770\" class=\"col medium-4 small-12 large-4\"  >\n\t\t\t\t<div class=\"col-inner\"  >\n\t\t\t\n\t\t\t\n\t<div class=\"img has-hover x md-x lg-x y md-y lg-y\" id=\"image_2124065471\">\n\t\t\t\t\t\t\t\t<div class=\"img-inner dark\" >\n\t\t\t<img loading=\"lazy\" decoding=\"async\" width=\"1020\" height=\"611\" src=\"https:\/\/azurefilm.com\/wp-content\/uploads\/2024\/10\/translucent-1-1024x613.jpg\" class=\"attachment-large size-large\" alt=\"\" srcset=\"https:\/\/azurefilm.com\/wp-content\/uploads\/2024\/10\/translucent-1-1024x613.jpg 1024w, https:\/\/azurefilm.com\/wp-content\/uploads\/2024\/10\/translucent-1-510x305.jpg 510w, https:\/\/azurefilm.com\/wp-content\/uploads\/2024\/10\/translucent-1-300x180.jpg 300w, https:\/\/azurefilm.com\/wp-content\/uploads\/2024\/10\/translucent-1-768x460.jpg 768w, https:\/\/azurefilm.com\/wp-content\/uploads\/2024\/10\/translucent-1-1536x919.jpg 1536w, https:\/\/azurefilm.com\/wp-content\/uploads\/2024\/10\/translucent-1.jpg 2005w\" sizes=\"auto, (max-width: 1020px) 100vw, 1020px\" title=\"\">\t\t\t\t\t\t\n\t\t\t\t\t<\/div>\n\t\t\t\t\t\t\t\t\n<style>\n#image_2124065471 {\n  width: 100%;\n}\n<\/style>\n\t<\/div>\n\t\n\t\t<\/div>\n\t\t\t\t\t<\/div>\n\n\t\n<\/div>\n\t\t<\/div>\n\n\t\t\n<style>\n#section_1757902222 {\n  padding-top: 30px;\n  padding-bottom: 30px;\n  background-color: rgb(193, 193, 193);\n}\n#section_1757902222 .section-bg-overlay {\n  background-color: rgba(255, 255, 255, 0.85);\n}\n<\/style>\n\t<\/section>\n\t\n\n\t<section class=\"section\" id=\"section_1920295024\">\n\t\t<div class=\"section-bg fill\" >\n\t\t\t\t\t\t\t\t\t<div class=\"section-bg-overlay absolute fill\"><\/div>\n\t\t\t\n\n\t\t<\/div>\n\n\t\t\n\n\t\t<div class=\"section-content relative\">\n\t\t\t\n<div class=\"row row-large align-middle\"  id=\"row-759841478\">\n\n\t<div id=\"col-2113862792\" class=\"col medium-8 small-12 large-8\"  >\n\t\t\t\t<div class=\"col-inner text-left\"  >\n\t\t\t\n\t\t\t\n<h4><b>Sima fel\u00fclet<\/b><\/h4>\n<p><span style=\"font-weight: 400;\">  A PLA sz\u00e1lak \u00e1ltal\u00e1ban tiszta, sima nyomatokat k\u00e9sz\u00edtenek, ami kritikus a litof\u00e1nok eset\u00e9ben, mivel a finom r\u00e9szletek fontosak a tisztas\u00e1g szempontj\u00e1b\u00f3l.<\/span><\/p>\n\t\t<\/div>\n\t\t\t\t\t<\/div>\n\n\t\n\n\t<div id=\"col-369903908\" class=\"col medium-4 small-12 large-4\"  >\n\t\t\t\t<div class=\"col-inner\"  >\n\t\t\t\n\t\t\t\n\t<div class=\"img has-hover x md-x lg-x y md-y lg-y\" id=\"image_452831906\">\n\t\t\t\t\t\t\t\t<div class=\"img-inner dark\" >\n\t\t\t<img loading=\"lazy\" decoding=\"async\" width=\"1020\" height=\"611\" src=\"https:\/\/azurefilm.com\/wp-content\/uploads\/2024\/10\/smooth-finish-1-1024x613.jpg\" class=\"attachment-large size-large\" alt=\"\" srcset=\"https:\/\/azurefilm.com\/wp-content\/uploads\/2024\/10\/smooth-finish-1-1024x613.jpg 1024w, https:\/\/azurefilm.com\/wp-content\/uploads\/2024\/10\/smooth-finish-1-510x305.jpg 510w, https:\/\/azurefilm.com\/wp-content\/uploads\/2024\/10\/smooth-finish-1-300x180.jpg 300w, https:\/\/azurefilm.com\/wp-content\/uploads\/2024\/10\/smooth-finish-1-768x460.jpg 768w, https:\/\/azurefilm.com\/wp-content\/uploads\/2024\/10\/smooth-finish-1-1536x919.jpg 1536w, https:\/\/azurefilm.com\/wp-content\/uploads\/2024\/10\/smooth-finish-1.jpg 2005w\" sizes=\"auto, (max-width: 1020px) 100vw, 1020px\" title=\"\">\t\t\t\t\t\t\n\t\t\t\t\t<\/div>\n\t\t\t\t\t\t\t\t\n<style>\n#image_452831906 {\n  width: 100%;\n}\n<\/style>\n\t<\/div>\n\t\n\t\t<\/div>\n\t\t\t\t\t<\/div>\n\n\t\n<\/div>\n\t\t<\/div>\n\n\t\t\n<style>\n#section_1920295024 {\n  padding-top: 30px;\n  padding-bottom: 30px;\n  background-color: rgb(193, 193, 193);\n}\n#section_1920295024 .section-bg-overlay {\n  background-color: rgba(255, 255, 255, 0.85);\n}\n<\/style>\n\t<\/section>\n\t\n\t<div id=\"gap-369323732\" class=\"gap-element clearfix\" style=\"display:block; height:auto;\">\n\t\t\n<style>\n#gap-369323732 {\n  padding-top: 30px;\n}\n<\/style>\n\t<\/div>\n\t\n<p><span style=\"font-weight: 400;\">\u00d6sszefoglalva, a PLA CMYK sz\u00e1lak lehet\u0151v\u00e9 teszik, hogy a litof\u00e1nok r\u00e9szletgazdagabbak \u00e9s potenci\u00e1lisan egyenletesebb sz\u00edn\u0171ek legyenek h\u00e1tt\u00e9rvil\u00e1g\u00edt\u00e1s eset\u00e9n, \u00edgy kiv\u00e1l\u00f3 v\u00e1laszt\u00e1snak bizonyulnak erre az alkalmaz\u00e1sra.<\/span><\/p>\n<h2><b>PLA CMYK litof\u00e1n 4-es csomagban<\/b><\/h2>\n<p><span style=\"font-weight: 400;\">A PLA CYMK Lithophane 4-es csomagban 1 kg PLA Original filament ci\u00e1nk\u00e9k, 1 kg PLA Original filament magenta, 1 kg PLA Original filament s\u00e1rga \u00e9s 1 kg PLA Lumos filament lit\u00f3feh\u00e9r tal\u00e1lhat\u00f3. V\u00e1s\u00e1roljon egy\u00fctt \u00e9s sp\u00f3roljon. <\/span><\/p>\n","protected":false},"excerpt":{"rendered":"<p><span style=\"font-weight: 400;\">PLA CMYK Lithophane 4-es csomag: 1 kg PLA eredeti filament <\/span><b>Cyan<\/b><span style=\"font-weight: 400;\">, 1kg PLA eredeti fonal <\/span><b>Magenta<\/b><span style=\"font-weight: 400;\">, 1kg PLA eredeti fonal<\/span><b> S\u00e1rga<\/b><span style=\"font-weight: 400;\">, \u00e9s 1kg PLA Lumos izz\u00f3sz\u00e1l <\/span><b>Litho feh\u00e9r<\/b><span style=\"font-weight: 400;\">. The perfect combo for any lithophane! <\/span><\/p>\n","protected":false},"featured_media":45880,"comment_status":"closed","ping_status":"closed","template":"","meta":{"_acf_changed":false},"product_brand":[],"product_cat":[1686,1688,2181,2294,2210,2293,1687],"product_tag":[],"brand":[],"class_list":{"0":"post-56621","1":"product","2":"type-product","3":"status-publish","4":"has-post-thumbnail","6":"product_cat-3d-filmek","7":"product_cat-minden-film","8":"product_cat-packs-hu","9":"product_cat-pla-cmyk-hu","10":"product_cat-pla-eredeti","11":"product_cat-pla-lumos-hu","12":"product_cat-pla-szalak","13":"pa_colour-blue","14":"pa_colour-pink","15":"pa_colour-white","16":"pa_colour-yellow","17":"pa_filament-diameter-1-75mm","18":"pa_filament-weight-1000g","20":"first","21":"outofstock","22":"taxable","23":"shipping-taxable","24":"purchasable","25":"product-type-simple"},"acf":[],"_links":{"self":[{"href":"https:\/\/azurefilm.com\/hu\/wp-json\/wp\/v2\/product\/56621","targetHints":{"allow":["GET"]}}],"collection":[{"href":"https:\/\/azurefilm.com\/hu\/wp-json\/wp\/v2\/product"}],"about":[{"href":"https:\/\/azurefilm.com\/hu\/wp-json\/wp\/v2\/types\/product"}],"replies":[{"embeddable":true,"href":"https:\/\/azurefilm.com\/hu\/wp-json\/wp\/v2\/comments?post=56621"}],"wp:featuredmedia":[{"embeddable":true,"href":"https:\/\/azurefilm.com\/hu\/wp-json\/wp\/v2\/media\/45880"}],"wp:attachment":[{"href":"https:\/\/azurefilm.com\/hu\/wp-json\/wp\/v2\/media?parent=56621"}],"wp:term":[{"taxonomy":"product_brand","embeddable":true,"href":"https:\/\/azurefilm.com\/hu\/wp-json\/wp\/v2\/product_brand?post=56621"},{"taxonomy":"product_cat","embeddable":true,"href":"https:\/\/azurefilm.com\/hu\/wp-json\/wp\/v2\/product_cat?post=56621"},{"taxonomy":"product_tag","embeddable":true,"href":"https:\/\/azurefilm.com\/hu\/wp-json\/wp\/v2\/product_tag?post=56621"},{"taxonomy":"brand","embeddable":true,"href":"https:\/\/azurefilm.com\/hu\/wp-json\/wp\/v2\/brand?post=56621"}],"curies":[{"name":"wp","href":"https:\/\/api.w.org\/{rel}","templated":true}]}}