
{"id":56646,"date":"2024-04-17T11:24:42","date_gmt":"2024-04-17T11:24:42","guid":{"rendered":"https:\/\/azurefilm.com\/product\/asa-prime-izzoszal-ezust\/"},"modified":"2025-08-22T11:15:16","modified_gmt":"2025-08-22T11:15:16","slug":"asa-prime-izzoszal-ezust","status":"publish","type":"product","link":"https:\/\/azurefilm.com\/hu\/termek\/asa-prime-izzoszal-ezust\/","title":{"rendered":"ASA Prime izz\u00f3sz\u00e1l Ez\u00fcst"},"content":{"rendered":"<h2><strong>ASA Prime<\/strong><\/h2>\n<p><span style=\"font-weight: 400;\">Az ASA Prime a cs\u00facskateg\u00f3ri\u00e1s, g\u00f6rb\u00fcletmentes m\u0171szaki min\u0151s\u00e9g\u0171 sz\u00e1lunk, amely a hagyom\u00e1nyos ASA (akrilnitril-sztirol-akril\u00e1t) alapanyagon alapul. Tov\u00e1bbfejlesztett \u00f6sszet\u00e9tel\u00fcnknek k\u00f6sz\u00f6nhet\u0151en az ASA Prime kiv\u00e9teles szil\u00e1rds\u00e1ggal, nagy \u00fct\u00e9s\u00e1ll\u00f3s\u00e1ggal \u00e9s kiv\u00e1l\u00f3 r\u00e9tegk\u00f6zi tapad\u00e1ssal rendelkezik. Az ASA Prime seg\u00edts\u00e9g\u00e9vel prec\u00edz, r\u00e9szletes nyomatokat k\u00e9sz\u00edthet, amelyek UV- \u00e9s id\u0151j\u00e1r\u00e1s\u00e1ll\u00f3ak, \u00edgy t\u00f6k\u00e9letes anyag k\u00fclt\u00e9ri alkalmaz\u00e1sokhoz. <\/span><\/p>\n<p><img loading=\"lazy\" decoding=\"async\" class=\"wp-image-31846 alignright\" src=\"https:\/\/azurefilm.com\/wp-content\/uploads\/2024\/04\/ASA-Prime-spider-chart_EN-1024x598.png\" alt=\"\" width=\"700\" height=\"409\" title=\"\" srcset=\"https:\/\/azurefilm.com\/wp-content\/uploads\/2024\/04\/ASA-Prime-spider-chart_EN-1024x598.png 1024w, https:\/\/azurefilm.com\/wp-content\/uploads\/2024\/04\/ASA-Prime-spider-chart_EN-510x298.png 510w, https:\/\/azurefilm.com\/wp-content\/uploads\/2024\/04\/ASA-Prime-spider-chart_EN-300x175.png 300w, https:\/\/azurefilm.com\/wp-content\/uploads\/2024\/04\/ASA-Prime-spider-chart_EN-768x449.png 768w, https:\/\/azurefilm.com\/wp-content\/uploads\/2024\/04\/ASA-Prime-spider-chart_EN-1536x897.png 1536w, https:\/\/azurefilm.com\/wp-content\/uploads\/2024\/04\/ASA-Prime-spider-chart_EN.png 1674w\" sizes=\"auto, (max-width: 700px) 100vw, 700px\" \/><\/p>\n<p><span style=\"font-weight: 400;\">Ha t\u00f6bbet szeretne megtudni az ASA Prime sz\u00e1lakr\u00f3l, olvassa el a k\u00f6vetkez\u0151 cikk\u00fcnket <\/span><a href=\"https:\/\/azurefilm.com\/hu\/2024\/04\/23\/bemutatjuk-a-prime-szalakat-a-valodi-ero-felszabaditasa\/\" target=\"_blank\" rel=\"noopener\"><b>blogot.<\/b><\/a><span style=\"font-weight: 400;\">.<\/span><\/p>\n<h3><strong>Nyomtat\u00e1si aj\u00e1nl\u00e1sok:<\/strong><\/h3>\n<ul>\n<li style=\"font-weight: 400;\" aria-level=\"1\"><span style=\"font-weight: 400;\">A legjobb eredm\u00e9ny \u00e9rdek\u00e9ben 235-255\u00b0C* h\u0151m\u00e9rs\u00e9kleten nyomtasson. <\/span><\/li>\n<li style=\"font-weight: 400;\" aria-level=\"1\"><span style=\"font-weight: 400;\">A nyomtat\u00f3\u00e1gy aj\u00e1nlott h\u0151m\u00e9rs\u00e9klete 80-100\u00b0C. Javasoljuk, hogy haszn\u00e1ljon burkolatot vagy z\u00e1rt 3D nyomtat\u00f3t, b\u00e1r ez az anyag burkolat n\u00e9lk\u00fcl is nyomtathat\u00f3. <\/span><\/li>\n<li style=\"font-weight: 400;\" aria-level=\"1\"><span style=\"font-weight: 400;\">Nagyon aj\u00e1nljuk a vastag \u00e9s textur\u00e1lt PEI lapok\/\u00fcveg haszn\u00e1lat\u00e1t, mivel az ASA Prime merevs\u00e9ge \u00e9s szil\u00e1rds\u00e1ga megk\u00f6veteli egy kiv\u00e1l\u00f3 min\u0151s\u00e9g\u0171 nyomtat\u00f3\u00e1gy s\u00faly\u00e1t \u00e9s\/vagy m\u00e1gneses vonz\u00e1s\u00e1t.<\/span><\/li>\n<\/ul>\n<p><i><span style=\"font-weight: 400;\">*A k\u00fcl\u00f6nb\u00f6z\u0151 nyomtat\u00f3k haszn\u00e1lata eset\u00e9n az ide\u00e1lis h\u0151m\u00e9rs\u00e9klet elt\u00e9r\u0151 lehet.<\/span><\/i><\/p>\n<h3><strong>Sim\u00edt\u00e1si technik\u00e1k<\/strong><\/h3>\n<p><span style=\"font-weight: 400;\">A 3D nyomtatott ASA Prime objektum fel\u00fclet\u00e9nek sim\u00edt\u00e1s\u00e1ra gyakori m\u00f3dszer, hogy acetont alkalmazunk a fel\u00fclet\u00e9n. Javasoljuk, hogy a g\u0151zsim\u00edt\u00e1s helyett k\u00f6zvetlen\u00fcl mer\u00edtse a t\u00e1rgyat acetonba. <\/span><\/p>\n<div class=\"is-divider divider clearfix\" style=\"max-width:100%;height:1px;background-color:rgb(17, 107, 168);\"><\/div>\n<h2><strong>Alkalmaz\u00e1sok<\/strong><\/h2>\n<p><span style=\"font-weight: 400;\">Az ASA Prime nem vetemedik, \u00e9s kiv\u00e1l\u00f3 a r\u00e9tegek k\u00f6z\u00f6tti tapad\u00e1sa, ami a hagyom\u00e1nyos ASA-val t\u00f6rt\u00e9n\u0151 nyomtat\u00e1shoz k\u00e9pest l\u00e9nyegesen sim\u00e1bb nyomtat\u00e1si folyamatot tesz lehet\u0151v\u00e9, an\u00e9lk\u00fcl, hogy a mechanikai tulajdons\u00e1gai romlan\u00e1nak.<\/span><\/p>\n<h3><strong>Nulla torzul\u00e1s<\/strong><\/h3>\n<p><span style=\"font-weight: 400;\">A szok\u00e1sos nagy teljes\u00edtm\u00e9ny\u0171 anyagokkal, p\u00e9ld\u00e1ul ASA-val t\u00f6rt\u00e9n\u0151 nyomtat\u00e1s sor\u00e1n gyakran tal\u00e1lkozunk a vetemed\u00e9s probl\u00e9m\u00e1j\u00e1val. A vetemed\u00e9s akkor jelentkezik, amikor a nyomtatott alkatr\u00e9sz sz\u00e9lei kiemelkednek a nyomtat\u00f3\u00e1gyb\u00f3l, ami a nyomtat\u00e1s deform\u00e1ci\u00f3j\u00e1t okozza. A rossz r\u00e9tegk\u00f6zi tapad\u00e1ssal egy\u00fctt reped\u00e9sek keletkeznek, ami a nyomtat\u00e1s megjelen\u00e9s\u00e9nek \u00e9s funkcionalit\u00e1s\u00e1nak \u00e1ltal\u00e1nos cs\u00f6kken\u00e9s\u00e9hez vezet. Tov\u00e1bbfejlesztett formul\u00e1nknak k\u00f6sz\u00f6nhet\u0151en az ASA Prime nem vetemedik, \u00e9s kiv\u00e1l\u00f3 a r\u00e9tegek k\u00f6z\u00f6tti tapad\u00e1s, ami teljesen kik\u00fcsz\u00f6b\u00f6li a hagyom\u00e1nyos ASA-val kapcsolatos ezen gyakori probl\u00e9m\u00e1kat. <\/span><\/p>\n<div style=\"padding: 56.25% 0 0 0; position: relative;\"><iframe style=\"position: absolute; top: 0; left: 0; width: 100%; height: 100%;\" title=\"Nulla torzul\u00e1s\" src=\"https:\/\/player.vimeo.com\/video\/932429617?badge=0&amp;autopause=0&amp;player_id=0&amp;app_id=58479\" frameborder=\"0\"><\/iframe><\/div>\n<p><script src=\"https:\/\/player.vimeo.com\/api\/player.js\"><\/script><\/p>\n<h3><strong>Magas h\u0151\u00e1ll\u00f3s\u00e1g<\/strong><\/h3>\n<p><span style=\"font-weight: 400;\">Az ASA Prime magas h\u0151\u00e1ll\u00f3s\u00e1ggal rendelkezik<\/span><span style=\"font-weight: 400;\">, \u00edgy rendk\u00edv\u00fcl alkalmas anyag olyan alkatr\u00e9szek nyomtat\u00e1s\u00e1hoz, amelyeknek magasabb h\u0151m\u00e9rs\u00e9kletet kell elviselni\u00fck. Ez\u00e9rt az ASA Prime-ot olyan protot\u00edpusok \u00e9s v\u00e9gfelhaszn\u00e1l\u00f3i alkatr\u00e9szek nyomtat\u00e1s\u00e1ra haszn\u00e1lj\u00e1k, amelyeket er\u0151teljes, val\u00f3s k\u00f6r\u00fclm\u00e9nyek k\u00f6z\u00f6tt kell tesztelni. <\/span><\/p>\n<p><img loading=\"lazy\" decoding=\"async\" class=\"aligncenter wp-image-31891 size-full\" src=\"https:\/\/azurefilm.com\/wp-content\/uploads\/2024\/04\/ASA-PRIME-Heat-Resistance-1-scaled.jpg\" alt=\"\" width=\"2560\" height=\"961\" title=\"\" srcset=\"https:\/\/azurefilm.com\/wp-content\/uploads\/2024\/04\/ASA-PRIME-Heat-Resistance-1-scaled.jpg 2560w, https:\/\/azurefilm.com\/wp-content\/uploads\/2024\/04\/ASA-PRIME-Heat-Resistance-1-scaled-510x191.jpg 510w, https:\/\/azurefilm.com\/wp-content\/uploads\/2024\/04\/ASA-PRIME-Heat-Resistance-1-300x113.jpg 300w, https:\/\/azurefilm.com\/wp-content\/uploads\/2024\/04\/ASA-PRIME-Heat-Resistance-1-1024x384.jpg 1024w, https:\/\/azurefilm.com\/wp-content\/uploads\/2024\/04\/ASA-PRIME-Heat-Resistance-1-768x288.jpg 768w, https:\/\/azurefilm.com\/wp-content\/uploads\/2024\/04\/ASA-PRIME-Heat-Resistance-1-1536x576.jpg 1536w, https:\/\/azurefilm.com\/wp-content\/uploads\/2024\/04\/ASA-PRIME-Heat-Resistance-1-2048x768.jpg 2048w\" sizes=\"auto, (max-width: 2560px) 100vw, 2560px\" \/><\/p>\n<h3><strong>Nagy \u00fct\u00e9s\u00e1ll\u00f3s\u00e1g<\/strong><\/h3>\n<p><span style=\"font-weight: 400;\">Az &#8220;\u00fct\u00e9s\u00e1ll\u00f3s\u00e1g&#8221; kifejez\u00e9s az anyag azon k\u00e9pess\u00e9g\u00e9re utal, hogy ellen\u00e1lljon a hirtelen \u00e9s intenz\u00edv \u00fct\u00e9s hat\u00e1s\u00e1ra bek\u00f6vetkez\u0151 deform\u00e1ci\u00f3nak, reped\u00e9snek \u00e9s t\u00f6r\u00e9snek. Az ASA Prime nagy \u00fct\u00e9s\u00e1ll\u00f3s\u00e1ggal rendelkezik <\/span><span style=\"font-weight: 400;\">,<\/span><span style=\"font-weight: 400;\"> ami azt jelenti, hogy nagy mennyis\u00e9g\u0171 \u00fct\u00e9snek is ellen\u00e1ll an\u00e9lk\u00fcl, hogy befoly\u00e1soln\u00e1 a nyomtat\u00e1s integrit\u00e1s\u00e1t.<\/span><\/p>\n<p><img loading=\"lazy\" decoding=\"async\" class=\"aligncenter wp-image-31895 size-full\" src=\"https:\/\/azurefilm.com\/wp-content\/uploads\/2024\/04\/ASA-PRIME-High-Impact-Strength-1-scaled.jpg\" alt=\"\" width=\"2560\" height=\"961\" title=\"\" srcset=\"https:\/\/azurefilm.com\/wp-content\/uploads\/2024\/04\/ASA-PRIME-High-Impact-Strength-1-scaled.jpg 2560w, https:\/\/azurefilm.com\/wp-content\/uploads\/2024\/04\/ASA-PRIME-High-Impact-Strength-1-scaled-510x191.jpg 510w, https:\/\/azurefilm.com\/wp-content\/uploads\/2024\/04\/ASA-PRIME-High-Impact-Strength-1-300x113.jpg 300w, https:\/\/azurefilm.com\/wp-content\/uploads\/2024\/04\/ASA-PRIME-High-Impact-Strength-1-1024x384.jpg 1024w, https:\/\/azurefilm.com\/wp-content\/uploads\/2024\/04\/ASA-PRIME-High-Impact-Strength-1-768x288.jpg 768w, https:\/\/azurefilm.com\/wp-content\/uploads\/2024\/04\/ASA-PRIME-High-Impact-Strength-1-1536x576.jpg 1536w, https:\/\/azurefilm.com\/wp-content\/uploads\/2024\/04\/ASA-PRIME-High-Impact-Strength-1-2048x768.jpg 2048w\" sizes=\"auto, (max-width: 2560px) 100vw, 2560px\" \/><\/p>\n<h3><strong>Er\u0151s UV- \u00e9s id\u0151j\u00e1r\u00e1s\u00e1ll\u00f3s\u00e1g<\/strong><\/h3>\n<p><span style=\"font-weight: 400;\">Az ASA Prime az egyik legtart\u00f3sabb, ugyanakkor leger\u0151sebb anyag, amelyet 3D nyomtat\u00e1shoz haszn\u00e1lnak. Mivel az ASA Prime UV- \u00e9s id\u0151j\u00e1r\u00e1s\u00e1ll\u00f3, rendk\u00edv\u00fcl alkalmas a legk\u00fcl\u00f6nb\u00f6z\u0151bb k\u00fclt\u00e9ri alkalmaz\u00e1sokhoz. Az ASA Prime nagy \u00fct\u00e9s\u00e1ll\u00f3s\u00e1ga a tart\u00f3ss\u00e1g\u00e1val egy\u00fctt t\u00f6k\u00e9letes anyagg\u00e1 teszi az olyan nyomatokhoz, amelyeknek ki kell \u00e1llniuk az id\u0151 pr\u00f3b\u00e1j\u00e1t. <\/span><\/p>\n<p><img loading=\"lazy\" decoding=\"async\" class=\"aligncenter wp-image-31903 size-full\" src=\"https:\/\/azurefilm.com\/wp-content\/uploads\/2024\/04\/Strong-UV-weather-resistance-1-scaled.jpg\" alt=\"\" width=\"2560\" height=\"961\" title=\"\" srcset=\"https:\/\/azurefilm.com\/wp-content\/uploads\/2024\/04\/Strong-UV-weather-resistance-1-scaled.jpg 2560w, https:\/\/azurefilm.com\/wp-content\/uploads\/2024\/04\/Strong-UV-weather-resistance-1-scaled-510x191.jpg 510w, https:\/\/azurefilm.com\/wp-content\/uploads\/2024\/04\/Strong-UV-weather-resistance-1-300x113.jpg 300w, https:\/\/azurefilm.com\/wp-content\/uploads\/2024\/04\/Strong-UV-weather-resistance-1-1024x384.jpg 1024w, https:\/\/azurefilm.com\/wp-content\/uploads\/2024\/04\/Strong-UV-weather-resistance-1-768x288.jpg 768w, https:\/\/azurefilm.com\/wp-content\/uploads\/2024\/04\/Strong-UV-weather-resistance-1-1536x576.jpg 1536w, https:\/\/azurefilm.com\/wp-content\/uploads\/2024\/04\/Strong-UV-weather-resistance-1-2048x768.jpg 2048w\" sizes=\"auto, (max-width: 2560px) 100vw, 2560px\" \/><\/p>\n<h3><strong>Kiv\u00e1l\u00f3 els\u0151 r\u00e9teg \u00e9s r\u00e9tegk\u00f6zi tapad\u00e1s<\/strong><\/h3>\n<p><span style=\"font-weight: 400;\">Az ASA Prime kiv\u00e1l\u00f3 els\u0151 r\u00e9tegbeli \u00e9s r\u00e9tegk\u00f6zi tapad\u00e1ssal rendelkezik, ami kulcsfontoss\u00e1g\u00fa a nyomtatott alkatr\u00e9szek szerkezeti integrit\u00e1s\u00e1nak \u00e9s szil\u00e1rds\u00e1g\u00e1nak biztos\u00edt\u00e1s\u00e1hoz. A j\u00f3 r\u00e9tegk\u00f6zi tapad\u00e1s minimaliz\u00e1lja a nyom\u00e1s alatti reped\u00e9s kock\u00e1zat\u00e1t, \u00e9s sim\u00e1bb nyomtat\u00e1si folyamatot eredm\u00e9nyez. <\/span><\/p>\n<h3><strong>Nagy pontoss\u00e1g\u00fa nyomtat\u00e1s finom r\u00e9szletess\u00e9ggel<\/strong><\/h3>\n<p><span style=\"font-weight: 400;\">Az ASA Prime seg\u00edts\u00e9g\u00e9vel olyan nyomatokat k\u00e9sz\u00edthet, amelyek a legbonyolultabb r\u00e9szleteket mutatj\u00e1k be an\u00e9lk\u00fcl, hogy kompromisszumot k\u00f6tne a magas m\u0171szaki min\u0151s\u00e9g\u0171 anyagt\u00f3l elv\u00e1rt mechanikai tulajdons\u00e1gok ter\u00e9n.<\/span><\/p>\n<p><img loading=\"lazy\" decoding=\"async\" class=\"aligncenter wp-image-31887 \" src=\"https:\/\/azurefilm.com\/wp-content\/uploads\/2024\/04\/ASA-PRIME-High-Percision-1-scaled.jpg\" alt=\"\" width=\"2560\" height=\"961\" title=\"\" srcset=\"https:\/\/azurefilm.com\/wp-content\/uploads\/2024\/04\/ASA-PRIME-High-Percision-1-scaled.jpg 2560w, https:\/\/azurefilm.com\/wp-content\/uploads\/2024\/04\/ASA-PRIME-High-Percision-1-scaled-510x191.jpg 510w, https:\/\/azurefilm.com\/wp-content\/uploads\/2024\/04\/ASA-PRIME-High-Percision-1-300x113.jpg 300w, https:\/\/azurefilm.com\/wp-content\/uploads\/2024\/04\/ASA-PRIME-High-Percision-1-1024x384.jpg 1024w, https:\/\/azurefilm.com\/wp-content\/uploads\/2024\/04\/ASA-PRIME-High-Percision-1-768x288.jpg 768w, https:\/\/azurefilm.com\/wp-content\/uploads\/2024\/04\/ASA-PRIME-High-Percision-1-1536x576.jpg 1536w, https:\/\/azurefilm.com\/wp-content\/uploads\/2024\/04\/ASA-PRIME-High-Percision-1-2048x768.jpg 2048w\" sizes=\"auto, (max-width: 2560px) 100vw, 2560px\" \/><\/p>\n<h3><strong>T\u00f6k\u00e9letes nagy sebess\u00e9g\u0171 nyomtat\u00e1shoz<\/strong><\/h3>\n<p><span style=\"font-weight: 400;\">Az ASA Prime t\u00f6k\u00e9letes a nagy sebess\u00e9g\u0171 nyomtat\u00e1shoz (\u2264350 mm\/s), mik\u00f6zben mechanikai tulajdons\u00e1gai kompromisszumok n\u00e9lk\u00fcl maradnak. Ez lehet\u0151v\u00e9 teszi a nagy sebess\u00e9g\u0171 nyomtat\u00e1st an\u00e9lk\u00fcl, hogy agg\u00f3dnia kellene a v\u00e9geredm\u00e9nyre gyakorolt esetleges hat\u00e1sai miatt. <\/span><\/p>\n<p><img loading=\"lazy\" decoding=\"async\" class=\"aligncenter wp-image-32054 size-full\" src=\"https:\/\/azurefilm.com\/wp-content\/uploads\/2024\/04\/ASA-SPEED-1-scaled.jpg\" alt=\"\" width=\"2560\" height=\"961\" title=\"\" srcset=\"https:\/\/azurefilm.com\/wp-content\/uploads\/2024\/04\/ASA-SPEED-1-scaled.jpg 2560w, https:\/\/azurefilm.com\/wp-content\/uploads\/2024\/04\/ASA-SPEED-1-scaled-510x191.jpg 510w, https:\/\/azurefilm.com\/wp-content\/uploads\/2024\/04\/ASA-SPEED-1-300x113.jpg 300w, https:\/\/azurefilm.com\/wp-content\/uploads\/2024\/04\/ASA-SPEED-1-1024x384.jpg 1024w, https:\/\/azurefilm.com\/wp-content\/uploads\/2024\/04\/ASA-SPEED-1-768x288.jpg 768w, https:\/\/azurefilm.com\/wp-content\/uploads\/2024\/04\/ASA-SPEED-1-1536x576.jpg 1536w, https:\/\/azurefilm.com\/wp-content\/uploads\/2024\/04\/ASA-SPEED-1-2048x768.jpg 2048w\" sizes=\"auto, (max-width: 2560px) 100vw, 2560px\" \/><\/p>\n<h4><strong>Term\u00e9k t\u00e1rol\u00e1sa<\/strong><span style=\"font-weight: 400;\"><br \/>\n<\/span><\/h4>\n<p><span style=\"font-weight: 400;\">Javasoljuk, hogy az izz\u00f3sz\u00e1lat h\u0171v\u00f6s, sz\u00e1raz, z\u00e1rt t\u00e9rben, szilik\u00e1tos nedvsz\u00edv\u00f3 csomaggal egy\u00fctt t\u00e1rolja.<\/span><\/p>\n<div class=\"is-divider divider clearfix\" style=\"max-width:100%;height:1px;background-color:rgb(17, 107, 168);\"><\/div>\n<h2><strong>Jellemz\u0151k \u00e9s tulajdons\u00e1gok<\/strong><\/h2>\n<table>\n<tbody>\n<tr>\n<th><\/th>\n<th><span style=\"font-weight: 400;\">Standard<\/span><\/th>\n<th><span style=\"font-weight: 400;\">XY \u00e9rt\u00e9k<\/span><\/th>\n<th><span style=\"font-weight: 400;\">XZ \u00e9rt\u00e9k<\/span><\/th>\n<th><span style=\"font-weight: 400;\">ZX \u00e9rt\u00e9k<\/span><\/th>\n<th><span style=\"font-weight: 400;\">Egys\u00e9g<\/span><\/th>\n<\/tr>\n<tr>\n<td><span style=\"font-weight: 400;\"> Szak\u00edt\u00f3szil\u00e1rds\u00e1g<\/span><\/td>\n<td><span style=\"font-weight: 400;\">ISO 527-2<\/span><\/td>\n<td><span style=\"font-weight: 400;\">37.6<\/span><\/td>\n<td><span style=\"font-weight: 400;\">43.0<\/span><\/td>\n<td><span style=\"font-weight: 400;\">9.4<\/span><\/td>\n<td><span style=\"font-weight: 400;\">MPa<\/span><\/td>\n<\/tr>\n<tr>\n<td><span style=\"font-weight: 400;\"> Termel\u00e9si szil\u00e1rds\u00e1g<\/span><\/td>\n<td><span style=\"font-weight: 400;\">ISO 527-2<\/span><\/td>\n<td><span style=\"font-weight: 400;\">30.1<\/span><\/td>\n<td><span style=\"font-weight: 400;\">31.4<\/span><\/td>\n<td><span style=\"font-weight: 400;\">\/<\/span><\/td>\n<td><span style=\"font-weight: 400;\">MPa<\/span><\/td>\n<\/tr>\n<tr>\n<td><span style=\"font-weight: 400;\"> Szak\u00edt\u00f3 modulus<\/span><\/td>\n<td><span style=\"font-weight: 400;\">ISO 527-2<\/span><\/td>\n<td><span style=\"font-weight: 400;\">1900<\/span><\/td>\n<td><span style=\"font-weight: 400;\">2000<\/span><\/td>\n<td><span style=\"font-weight: 400;\">1600<\/span><\/td>\n<td><span style=\"font-weight: 400;\">MPa<\/span><\/td>\n<\/tr>\n<tr>\n<td><span style=\"font-weight: 400;\"> Ny\u00fal\u00e1s a foly\u00e1sponton<\/span><\/td>\n<td><span style=\"font-weight: 400;\">ISO 527-2<\/span><\/td>\n<td><span style=\"font-weight: 400;\">2.9<\/span><\/td>\n<td><span style=\"font-weight: 400;\">3.2<\/span><\/td>\n<td><span style=\"font-weight: 400;\">0.6<\/span><\/td>\n<td><span style=\"font-weight: 400;\">%<\/span><\/td>\n<\/tr>\n<tr>\n<td><span style=\"font-weight: 400;\"> Hajl\u00edt\u00f3szil\u00e1rds\u00e1g<\/span><\/td>\n<td><span style=\"font-weight: 400;\">ISO 178<\/span><\/td>\n<td><span style=\"font-weight: 400;\">56.0<\/span><\/td>\n<td><span style=\"font-weight: 400;\">68.8<\/span><\/td>\n<td><span style=\"font-weight: 400;\">15.6<\/span><\/td>\n<td><span style=\"font-weight: 400;\">MPa<\/span><\/td>\n<\/tr>\n<tr>\n<td><span style=\"font-weight: 400;\"> Hajl\u00edt\u00e1si m\u00f3d<\/span><\/td>\n<td><span style=\"font-weight: 400;\">ISO 178 <\/span><\/td>\n<td><span style=\"font-weight: 400;\">1900<\/span><\/td>\n<td><span style=\"font-weight: 400;\">2000<\/span><\/td>\n<td><span style=\"font-weight: 400;\">1700<\/span><\/td>\n<td><span style=\"font-weight: 400;\">MPa<\/span><\/td>\n<\/tr>\n<tr>\n<td><span style=\"font-weight: 400;\"> \u00dct\u00e9s\u00e1ll\u00f3s\u00e1g<\/span><\/td>\n<td><span style=\"font-weight: 400;\">ISO 179<\/span><\/td>\n<td><span style=\"font-weight: 400;\">13.9<\/span><\/td>\n<td><span style=\"font-weight: 400;\">\/<\/span><\/td>\n<td><span style=\"font-weight: 400;\">\/<\/span><\/td>\n<td><span style=\"font-weight: 400;\">kJ\/m\u00b2<\/span><\/td>\n<\/tr>\n<\/tbody>\n<\/table>\n<p><span style=\"font-weight: 400;\">Hozz\u00e1f\u00e9rhet a <\/span><b>M\u0171szaki adatlap<\/b><span style=\"font-weight: 400;\"> \u00e9s a <\/span><b>Biztons\u00e1gi adatlap<\/b><span style=\"font-weight: 400;\"><a href=\"https:\/\/azurefilm.com\/hu\/technical-data-sheets\/\" target=\"_blank\" rel=\"noopener\"><strong> itt<\/strong><\/a>. <\/span><\/p>\n","protected":false},"excerpt":{"rendered":"<p><span style=\"font-weight: 400;\">Fedezze fel a kiv\u00e9teles szil\u00e1rds\u00e1g, a nagy \u00fct\u00e9s\u00e1ll\u00f3s\u00e1g \u00e9s a kiv\u00e1l\u00f3 r\u00e9tegk\u00f6zi tapad\u00e1s vil\u00e1g\u00e1t az ASA Prime filament ez\u00fcstsz\u00e1lunkkal. <\/span><span style=\"font-weight: 400;\">T\u00f6k\u00e9letes k\u00fclt\u00e9ri alkalmaz\u00e1sokhoz.<\/span><\/p>\n","protected":false},"featured_media":56647,"comment_status":"closed","ping_status":"closed","template":"","meta":{"_acf_changed":false},"product_brand":[],"product_cat":[2309,1686,2174,1688,1689],"product_tag":[1691],"brand":[267],"class_list":{"0":"post-56646","1":"product","2":"type-product","3":"status-publish","4":"has-post-thumbnail","6":"product_cat-asa-prime-hu","7":"product_cat-3d-filmek","8":"product_cat-asa-szalak","9":"product_cat-minden-film","10":"product_cat-prima-gyujtemeny","11":"product_tag-high-speed","12":"pa_colour-gray","13":"pa_filament-diameter-1-75mm","14":"pa_filament-weight-1000g","15":"brand-azurefilm","17":"first","18":"instock","19":"taxable","20":"shipping-taxable","21":"purchasable","22":"product-type-variable"},"acf":[],"_links":{"self":[{"href":"https:\/\/azurefilm.com\/hu\/wp-json\/wp\/v2\/product\/56646","targetHints":{"allow":["GET"]}}],"collection":[{"href":"https:\/\/azurefilm.com\/hu\/wp-json\/wp\/v2\/product"}],"about":[{"href":"https:\/\/azurefilm.com\/hu\/wp-json\/wp\/v2\/types\/product"}],"replies":[{"embeddable":true,"href":"https:\/\/azurefilm.com\/hu\/wp-json\/wp\/v2\/comments?post=56646"}],"wp:featuredmedia":[{"embeddable":true,"href":"https:\/\/azurefilm.com\/hu\/wp-json\/wp\/v2\/media\/56647"}],"wp:attachment":[{"href":"https:\/\/azurefilm.com\/hu\/wp-json\/wp\/v2\/media?parent=56646"}],"wp:term":[{"taxonomy":"product_brand","embeddable":true,"href":"https:\/\/azurefilm.com\/hu\/wp-json\/wp\/v2\/product_brand?post=56646"},{"taxonomy":"product_cat","embeddable":true,"href":"https:\/\/azurefilm.com\/hu\/wp-json\/wp\/v2\/product_cat?post=56646"},{"taxonomy":"product_tag","embeddable":true,"href":"https:\/\/azurefilm.com\/hu\/wp-json\/wp\/v2\/product_tag?post=56646"},{"taxonomy":"brand","embeddable":true,"href":"https:\/\/azurefilm.com\/hu\/wp-json\/wp\/v2\/brand?post=56646"}],"curies":[{"name":"wp","href":"https:\/\/api.w.org\/{rel}","templated":true}]}}