
{"id":56655,"date":"2023-10-29T11:02:19","date_gmt":"2023-10-29T11:02:19","guid":{"rendered":"https:\/\/azurefilm.com\/product\/fagyasztott-vizzel-moshato-szurke-gyanta\/"},"modified":"2025-08-22T11:15:05","modified_gmt":"2025-08-22T11:15:05","slug":"fagyasztott-vizzel-moshato-szurke-gyanta","status":"publish","type":"product","link":"https:\/\/azurefilm.com\/hu\/termek\/fagyasztott-vizzel-moshato-szurke-gyanta\/","title":{"rendered":"Fagyasztott v\u00edzzel moshat\u00f3 sz\u00fcrke gyanta"},"content":{"rendered":"<h2><strong>Fagyasztott v\u00edzzel moshat\u00f3 sz\u00fcrke gyanta<\/strong><\/h2>\n<p><span style=\"font-weight: 400;\">Fagyasztott v\u00edzzel moshat\u00f3 sz\u00fcrke gyant\u00e1t terveztek a k\u00f6vetkez\u0151kh\u00f6z <\/span><b>egyszer\u0171s\u00e9g<\/b><span style=\"font-weight: 400;\"> \u00e9s <\/span><b>hat\u00e9konys\u00e1g<\/b><span style=\"font-weight: 400;\">. Designed for easy cleaning with just water, these resins offer   <\/span><b>tart\u00f3ss\u00e1g, gyors nyomtat\u00e1s \u00e9s kiv\u00e1l\u00f3 kompatibilit\u00e1s a kezd\u0151 3D nyomtat\u00f3kkal<\/b><span style=\"font-weight: 400;\">. Ideal for crafting 3D-printed figures, miniatures, and product prototypes, they bring convenience to your 3D printing journey. <\/span><\/p>\n<p><span style=\"font-weight: 400;\">A gyanta sz\u00e1mos el\u0151nnyel j\u00e1r. El\u0151sz\u00f6r is   <\/span><b>k\u00f6nnyed\u00e9n elt\u00e1vol\u00edtja a maradv\u00e1nyokat<\/b><span style=\"font-weight: 400;\">, \u00edgy nincs sz\u00fcks\u00e9g IPA-tiszt\u00edt\u00e1sra. M\u00e1sodszor, a   <\/span><b>alacsony viszkozit\u00e1s biztos\u00edtja a z\u00f6kken\u0151mentes nyomtat\u00e1st \u00e9s ut\u00f3feldolgoz\u00e1st<\/b><span style=\"font-weight: 400;\">. Moreover, this resin is odourless. Lastly, it offers exceptional strength, making it perfect for creating robust 3D-printed figures, miniatures, and prototypes.  <\/span><\/p>\n<h3><strong>Tulajdons\u00e1gok:<\/strong><\/h3>\n<ul>\n<li style=\"font-weight: 400;\" aria-level=\"1\"><span style=\"font-weight: 400;\">K\u00f6nnyen elt\u00e1vol\u00edtja a marad\u00e9kot<\/span><\/li>\n<li style=\"font-weight: 400;\" aria-level=\"1\"><span style=\"font-weight: 400;\">Alacsony viszkozit\u00e1s<\/span><\/li>\n<li style=\"font-weight: 400;\" aria-level=\"1\"><span style=\"font-weight: 400;\">Szagtalan<\/span><\/li>\n<li style=\"font-weight: 400;\" aria-level=\"1\"><span style=\"font-weight: 400;\">Nem t\u00f6rhet\u0151<\/span><\/li>\n<\/ul>\n","protected":false},"excerpt":{"rendered":"<p>L\u00e9pjen be az egyszer\u0171s\u00e9g \u00e9s hat\u00e9konys\u00e1g vil\u00e1g\u00e1ba a Phrozen Water Washable Grey gyant\u00e1val (500g), amely ide\u00e1lis 3D-nyomtatott figur\u00e1k, miniat\u0171r\u00f6k \u00e9s term\u00e9kprotot\u00edpusok k\u00e9sz\u00edt\u00e9s\u00e9hez.<\/p>\n","protected":false},"featured_media":56660,"comment_status":"closed","ping_status":"closed","template":"","meta":{"_acf_changed":false},"product_brand":[],"product_cat":[1686,1688,2370,2371],"product_tag":[],"brand":[],"class_list":{"0":"post-56655","1":"product","2":"type-product","3":"status-publish","4":"has-post-thumbnail","6":"product_cat-3d-filmek","7":"product_cat-minden-film","8":"product_cat-resin-hu","9":"product_cat-vizzel-moshato-gyanta","10":"pa_colour-gray","11":"pa_resin-technology-dlp","12":"pa_resin-technology-lcd-msla","13":"pa_resin-type-water-washable","14":"pa_resin-weight-1000g","16":"first","17":"outofstock","18":"taxable","19":"shipping-taxable","20":"purchasable","21":"product-type-simple"},"acf":[],"_links":{"self":[{"href":"https:\/\/azurefilm.com\/hu\/wp-json\/wp\/v2\/product\/56655","targetHints":{"allow":["GET"]}}],"collection":[{"href":"https:\/\/azurefilm.com\/hu\/wp-json\/wp\/v2\/product"}],"about":[{"href":"https:\/\/azurefilm.com\/hu\/wp-json\/wp\/v2\/types\/product"}],"replies":[{"embeddable":true,"href":"https:\/\/azurefilm.com\/hu\/wp-json\/wp\/v2\/comments?post=56655"}],"wp:featuredmedia":[{"embeddable":true,"href":"https:\/\/azurefilm.com\/hu\/wp-json\/wp\/v2\/media\/56660"}],"wp:attachment":[{"href":"https:\/\/azurefilm.com\/hu\/wp-json\/wp\/v2\/media?parent=56655"}],"wp:term":[{"taxonomy":"product_brand","embeddable":true,"href":"https:\/\/azurefilm.com\/hu\/wp-json\/wp\/v2\/product_brand?post=56655"},{"taxonomy":"product_cat","embeddable":true,"href":"https:\/\/azurefilm.com\/hu\/wp-json\/wp\/v2\/product_cat?post=56655"},{"taxonomy":"product_tag","embeddable":true,"href":"https:\/\/azurefilm.com\/hu\/wp-json\/wp\/v2\/product_tag?post=56655"},{"taxonomy":"brand","embeddable":true,"href":"https:\/\/azurefilm.com\/hu\/wp-json\/wp\/v2\/brand?post=56655"}],"curies":[{"name":"wp","href":"https:\/\/api.w.org\/{rel}","templated":true}]}}