
{"id":56685,"date":"2023-09-29T14:17:05","date_gmt":"2023-09-29T14:17:05","guid":{"rendered":"https:\/\/azurefilm.com\/?post_type=product&#038;p=56685"},"modified":"2025-04-11T08:34:21","modified_gmt":"2025-04-11T08:34:21","slug":"creality-ender-3-s1","status":"publish","type":"product","link":"https:\/\/azurefilm.com\/hu\/termek\/creality-ender-3-s1\/","title":{"rendered":"Creality Ender 3 S1"},"content":{"rendered":"<p><span style=\"font-weight: 400;\">Ismerje meg a legn\u00e9pszer\u0171bb 3D nyomtat\u00f3t kezd\u0151knek Creality Ender 3 S1. A Creality Ender 3 S1 el\u00e9g sok fejleszt\u00e9st tartalmaz a kor\u00e1bbi Ender 3 sorozat\u00fa modellekhez k\u00e9pest; A gyakran felmer\u00fcl\u0151 k\u00e9rd\u00e9s, hogy az Ender 3 S1 meg\u00e9ri-e a p\u00e9nzt, \u00e9s hogy a hozz\u00e1adott fejleszt\u00e9sek meg\u00e9rik-e a v\u00e9gs\u0151 \u00e1rat az el\u0151d\u00f6kh\u00f6z, p\u00e9ld\u00e1ul az Ender 3 V2, Ender 3 \u00e9s Ender 3 PRO modellekhez k\u00e9pest. Az \u00f6sszehasonl\u00edt\u00e1s alapos elemz\u00e9se ut\u00e1n meger\u0151s\u00edthetj\u00fck, hogy az \u00e1r mindenk\u00e9ppen igazolja azt, amit a 3D nyomtat\u00f3 ny\u00fajt.  <\/span><\/p>\n<h2><strong>Leny\u0171g\u00f6z\u0151 nyomtat\u00e1si fel\u00fclet<\/strong><\/h2>\n<p><span style=\"font-weight: 400;\">A Creality Ender 3 S1 220x220x270 mm-es t\u00e1gas nyomtat\u00e1si fel\u00fclettel b\u00fcszk\u00e9lkedhet, ami megk\u00f6nny\u00edti a nagyobb 3D modellek l\u00e9trehoz\u00e1s\u00e1t. Extruder\u00e9t k\u00f6zvetlen meghajt\u00e1s\u00fa mechanizmussal szerelt\u00e9k fel, ami fokozza a pontoss\u00e1got \u00e9s az ir\u00e1ny\u00edt\u00e1st. A nyomtat\u00f3 \u00faj, elt\u00e1vol\u00edthat\u00f3 PC m\u00e1gneses lemezzel rendelkezik, amely megk\u00f6nny\u00edti a 3D nyomatok elt\u00e1vol\u00edt\u00e1s\u00e1t. Az \u00fcveg szubsztr\u00e1tokat kedvel\u0151k sz\u00e1m\u00e1ra a 3DLac spray haszn\u00e1lata aj\u00e1nlott.   <\/span><\/p>\n<h2><strong>K\u00e9nyelmes t\u00e1voli nyomtat\u00e1s<\/strong><\/h2>\n<p><span style=\"font-weight: 400;\">A t\u00e1voli 3D-nyomtat\u00e1s k\u00e9nyelm\u00e9t keres\u0151 felhaszn\u00e1l\u00f3k sz\u00e1m\u00e1ra a Wi-Fi-kapcsolat egy lehet\u0151s\u00e9g. A Wi-Fi doboz be\u00e1ll\u00edt\u00e1sa egyszer\u0171 &#8211; egyszer\u0171en csatlakoztassa a 3D nyomtat\u00f3hoz USB-n kereszt\u00fcl, \u00e9s hozzon l\u00e9tre kapcsolatot a Creality Cloudon kereszt\u00fcl. Ez lehet\u0151v\u00e9 teszi a 3D nyomtat\u00f3 t\u00e1voli vez\u00e9rl\u00e9s\u00e9t \u00e9s fel\u00fcgyelet\u00e9t. Ezenk\u00edv\u00fcl a Creality Cloud alkalmaz\u00e1s lehet\u0151v\u00e9 teszi a be\u00e1ll\u00edt\u00e1sok \u00e9s a be\u00e1ll\u00edt\u00e1sok m\u00f3dos\u00edt\u00e1s\u00e1t. Tekintse meg a r\u00e9szletes \u00fatmutat\u00f3t a mell\u00e9kelt videolinken.    <\/span><\/p>\n<h2><strong>Sokoldal\u00fa sz\u00e1lkompatibilit\u00e1s<\/strong><\/h2>\n<p><span style=\"font-weight: 400;\">A Creality Ender 3 S1 sokoldal\u00faan kompatibilis a sz\u00e1lakkal, z\u00f6kken\u0151mentesen kezeli a PETG, PLA \u00e9s rugalmas sz\u00e1lakat. B\u00e1r az ASA filament is megval\u00f3s\u00edthat\u00f3, c\u00e9lszer\u0171 a nyomtat\u00f3t nem gy\u00fal\u00e9kony burkolatba z\u00e1rni, k\u00fcl\u00f6n\u00f6sen az Ender 3 V2 modell eset\u00e9ben, ha ezzel az anyaggal nyomtat. <\/span><\/p>\n<h2><strong>\u00c1tfog\u00f3 funkci\u00f3k minden k\u00e9szs\u00e9gszint sz\u00e1m\u00e1ra<\/strong><\/h2>\n<p><span style=\"font-weight: 400;\">Ez a 3D nyomtat\u00f3 sz\u00e1mos olyan funkci\u00f3val rendelkezik, amelyek a kezd\u0151k \u00e9s a tapasztalt 3D nyomtat\u00e1s szerelmesei sz\u00e1m\u00e1ra egyar\u00e1nt alkalmasak. Kiemelend\u0151 a k\u00f6zvetlen meghajt\u00e1ssal \u00e9s dupla fogasker\u00e9kkel ell\u00e1tott extruder, a friss\u00edtett 32 bites alaplap csendes TMC2208 l\u00e9ptet\u0151motor-meghajt\u00f3kkal, az optim\u00e1lis els\u0151 r\u00e9teg tapad\u00e1s\u00e1hoz sz\u00fcks\u00e9ges PC m\u00e1gneses alap, valamint az \u00faj k\u00e9perny\u0151 felhaszn\u00e1l\u00f3bar\u00e1t kezel\u0151fel\u00fclete.   <\/span><\/p>\n<p><span style=\"font-weight: 400;\">Tov\u00e1bbi el\u0151ny\u00f6k k\u00f6z\u00e9 tartozik a folytat\u00e1sos nyomtat\u00e1sra k\u00e9pes sz\u00e1l\u00e9rz\u00e9kel\u0151, a kett\u0151s Z-tengelyes motorok, az egyszer\u0171 XY-tengelyes szalagfesz\u00edt\u00e9s be\u00e1ll\u00edt\u00e1sa, az automatikus alapszintbe\u00e1ll\u00edt\u00e1s a CR Touch seg\u00edts\u00e9g\u00e9vel, valamint a k\u00e9nyelmes karbantart\u00e1st biztos\u00edt\u00f3 szersz\u00e1mosl\u00e1da. Tov\u00e1bb\u00e1 a gyors \u00f6sszeszerel\u00e9s, a gyors f\u0171t\u00e9si k\u00e9pess\u00e9g (a nyomtat\u00f3\u00e1gyat mind\u00f6ssze 5 perc alatt 110\u00b0C-ra meleg\u00edti fel) \u00e9s az alapvet\u0151 eszk\u00f6z\u00f6k be\u00e9p\u00edt\u00e9se ide\u00e1lis v\u00e1laszt\u00e1ss\u00e1 teszi az oktat\u00e1si k\u00f6rnyezetben, a k\u00f6z\u00e9p- \u00e9s \u00e1ltal\u00e1nos iskol\u00e1kt\u00f3l kezdve a term\u00e9szettudom\u00e1nyok, a m\u00e9rn\u00f6ki tudom\u00e1nyok, a g\u00e9pek \u00e9s a robotika ir\u00e1nti eg\u00e9sz \u00e9leten \u00e1t tart\u00f3 \u00e9rdekl\u0151d\u00e9s felkelt\u00e9s\u00e9ig. <\/span><\/p>\n<h2><strong>M\u0171szaki r\u00e9szletek:<\/strong><\/h2>\n<ul>\n<li style=\"font-weight: 400;\" aria-level=\"1\"><span style=\"font-weight: 400;\">Technol\u00f3gia: FDM<\/span><\/li>\n<li style=\"font-weight: 400;\" aria-level=\"1\"><span style=\"font-weight: 400;\">Nyomtat\u00e1si m\u00e9ret: 220x220x270mm<\/span><\/li>\n<li style=\"font-weight: 400;\" aria-level=\"1\"><span style=\"font-weight: 400;\">Max. halad\u00e1si sebess\u00e9g: 180mm\/s <\/span><\/li>\n<li style=\"font-weight: 400;\" aria-level=\"1\"><span style=\"font-weight: 400;\">Sz\u00e1l: PLA, PETG, TPU, ASA<\/span><\/li>\n<li style=\"font-weight: 400;\" aria-level=\"1\"><span style=\"font-weight: 400;\">Bemenet: 50-60Hz<\/span><\/li>\n<li style=\"font-weight: 400;\" aria-level=\"1\"><span style=\"font-weight: 400;\">Kimenet: 360W<\/span><\/li>\n<li style=\"font-weight: 400;\" aria-level=\"1\"><span style=\"font-weight: 400;\">R\u00e9tegvastags\u00e1g: 0.1-0.4mm<\/span><\/li>\n<li style=\"font-weight: 400;\" aria-level=\"1\"><span style=\"font-weight: 400;\">F\u00fav\u00f3ka \u00e1tm\u00e9r\u0151: 0.4mm<\/span><\/li>\n<li style=\"font-weight: 400;\" aria-level=\"1\"><span style=\"font-weight: 400;\">Pontoss\u00e1g: \u00b10,1 mm<\/span><\/li>\n<li style=\"font-weight: 400;\" aria-level=\"1\"><span style=\"font-weight: 400;\">F\u00e1jlform\u00e1tum: STL, OBJ, G-k\u00f3d<\/span><\/li>\n<li style=\"font-weight: 400;\" aria-level=\"1\"><span style=\"font-weight: 400;\">M\u0171k\u00f6d\u00e9si m\u00f3d: Online vagy SD offline<\/span><\/li>\n<li style=\"font-weight: 400;\" aria-level=\"1\"><span style=\"font-weight: 400;\">Maxim\u00e1lis f\u00fav\u00f3ka-h\u0151m\u00e9rs\u00e9klet: 255\u00b0C <\/span><\/li>\n<li style=\"font-weight: 400;\" aria-level=\"1\"><span style=\"font-weight: 400;\">Maxim\u00e1lis meleg\u00e1gy-h\u0151m\u00e9rs\u00e9klet: 110\u00b0C <\/span><\/li>\n<\/ul>\n<p><iframe loading=\"lazy\" class=\"allowed-iframe\" src=\"https:\/\/www.youtube.com\/embed\/azoiXUO__EY\" width=\"900\" height=\"500\"><\/iframe><\/p>\n","protected":false},"excerpt":{"rendered":"<p>A <strong>Creality Ender 3 S1<\/strong> a legjobb 3D nyomtat\u00f3 kezd\u0151knek, k\u00f6zvetlen meghajt\u00e1s\u00fa extruderrel, \u00edgy PLA-t\u00f3l TPU-ig nyomtathatsz!<\/p>\n","protected":false},"featured_media":56690,"comment_status":"closed","ping_status":"closed","template":"","meta":{"_acf_changed":false},"product_brand":[],"product_cat":[1677,2251,1679,1678,1680],"product_tag":[],"brand":[],"class_list":{"0":"post-56685","1":"product","2":"type-product","3":"status-publish","4":"has-post-thumbnail","6":"product_cat-3d-nyomtato","7":"product_cat-creality-hu","8":"product_cat-elado","9":"product_cat-fdm-nyomtato","10":"product_cat-minden-3d-nyomtato","12":"first","13":"outofstock","14":"sale","15":"taxable","16":"shipping-taxable","17":"purchasable","18":"product-type-simple"},"acf":[],"_links":{"self":[{"href":"https:\/\/azurefilm.com\/hu\/wp-json\/wp\/v2\/product\/56685","targetHints":{"allow":["GET"]}}],"collection":[{"href":"https:\/\/azurefilm.com\/hu\/wp-json\/wp\/v2\/product"}],"about":[{"href":"https:\/\/azurefilm.com\/hu\/wp-json\/wp\/v2\/types\/product"}],"replies":[{"embeddable":true,"href":"https:\/\/azurefilm.com\/hu\/wp-json\/wp\/v2\/comments?post=56685"}],"wp:featuredmedia":[{"embeddable":true,"href":"https:\/\/azurefilm.com\/hu\/wp-json\/wp\/v2\/media\/56690"}],"wp:attachment":[{"href":"https:\/\/azurefilm.com\/hu\/wp-json\/wp\/v2\/media?parent=56685"}],"wp:term":[{"taxonomy":"product_brand","embeddable":true,"href":"https:\/\/azurefilm.com\/hu\/wp-json\/wp\/v2\/product_brand?post=56685"},{"taxonomy":"product_cat","embeddable":true,"href":"https:\/\/azurefilm.com\/hu\/wp-json\/wp\/v2\/product_cat?post=56685"},{"taxonomy":"product_tag","embeddable":true,"href":"https:\/\/azurefilm.com\/hu\/wp-json\/wp\/v2\/product_tag?post=56685"},{"taxonomy":"brand","embeddable":true,"href":"https:\/\/azurefilm.com\/hu\/wp-json\/wp\/v2\/brand?post=56685"}],"curies":[{"name":"wp","href":"https:\/\/api.w.org\/{rel}","templated":true}]}}