
{"id":56718,"date":"2023-09-29T14:18:08","date_gmt":"2023-09-29T14:18:08","guid":{"rendered":"https:\/\/azurefilm.com\/?post_type=product&#038;p=56718"},"modified":"2025-04-09T13:25:57","modified_gmt":"2025-04-09T13:25:57","slug":"creality-ender-3-v2-neo","status":"publish","type":"product","link":"https:\/\/azurefilm.com\/hu\/termek\/creality-ender-3-v2-neo\/","title":{"rendered":"Creality Ender 3 V2 NEO"},"content":{"rendered":"<p><span style=\"font-weight: 400;\">V\u00e1lassza a Creality Ender 3 V2 NEO-t, amely t\u00f6k\u00e9letes az egyszer\u0171 \u00e9s pontos 3D nyomtat\u00e1s \u00e9lm\u00e9ny\u00e9hez.<\/span><\/p>\n<h2><strong>F\u0151bb jellemz\u0151k:<\/strong><\/h2>\n<p><b>CR-touch vagy automatikus \u00e1gykiegyenl\u00edt\u00e9s:<\/b><span style=\"font-weight: 400;\"> Az Ender 3 V2 NEO automatikus \u00e1gykiegyenl\u00edt\u00e9st k\u00edn\u00e1l.<\/span> <\/p>\n<p><b>Kivehet\u0151 PC m\u00e1gneses rug\u00f3lap:<\/b><span style=\"font-weight: 400;\"> Ez az innovat\u00edv lap a k\u00e9nyelem \u00e9rdek\u00e9ben PC bevonatot, rug\u00f3ac\u00e9lt \u00e9s m\u00e1gneses matric\u00e1t kombin\u00e1l.<\/span> <\/p>\n<p><b>Teljesen f\u00e9mb\u0151l k\u00e9sz\u00fclt Bowden extruder:<\/b><span style=\"font-weight: 400;\"> Tart\u00f3sabb, hosszabb \u00e9lettartam\u00fa, \u00e9s a forgat\u00f3gombbal k\u00f6nnyebb sz\u00e1lbevitelt tesz lehet\u0151v\u00e9.<\/span> <\/p>\n<p><b>K\u00e9perny\u0151modell el\u0151n\u00e9zet: <\/b><span style=\"font-weight: 400;\">A k\u00e9perny\u0151 lehet\u0151v\u00e9 teszi a 3D modellek el\u0151n\u00e9zet\u00e9t a nyomtat\u00e1si folyamat elind\u00edt\u00e1sa el\u0151tt.<\/span> <\/p>\n<p><b>Egyszer\u0171 \u00f6sszeszerel\u00e9s: <\/b><span style=\"font-weight: 400;\">A nyomtat\u00f3 massz\u00edv f\u00e9mv\u00e1zzal rendelkezik, amely gyorsan \u00e9s egyszer\u0171en, mind\u00f6ssze h\u00e1rom l\u00e9p\u00e9sben, n\u00e9h\u00e1ny perc alatt \u00f6sszeszerelhet\u0151.<\/span> <\/p>\n<p><b>Intelligens \u00e9rz\u00e9kel\u0151:<\/b><span style=\"font-weight: 400;\"> Lehet\u0151v\u00e9 teszi a folyamatos nyomtat\u00e1st \u00e1ramsz\u00fcnet eset\u00e9n is.<\/span> <\/p>\n<p><b>Csendes 32 bites alaplap:<\/b><span style=\"font-weight: 400;\"> K\u00f6vetkezetesen teljes\u00edt, mik\u00f6zben a zajszintet 50 DB alatt tartja.<\/span><\/p>\n<p><b>XY-tengelyes sz\u00edjfesz\u00edt\u00e9s:<\/b><span style=\"font-weight: 400;\"> Az XY-tengely sz\u00edjainak \u00e1ll\u00edthat\u00f3 fesz\u00edt\u0151je lehet\u0151v\u00e9 teszi a gyors \u00e9s k\u00e9nyelmes fesz\u00fclts\u00e9gbe\u00e1ll\u00edt\u00e1st.<\/span><\/p>\n<p><b>Eszk\u00f6zt\u00e1r:<\/b><span style=\"font-weight: 400;\"> Az eszk\u00f6zt\u00e1r a nyomtat\u00e1si fel\u00fclet alatt van elrejtve. Ebben a kis rejtett dobozban minden szersz\u00e1m, p\u00e9ld\u00e1ul t\u0171k, fog\u00f3k \u00e9s egy\u00e9b eszk\u00f6z\u00f6k t\u00e1rolhat\u00f3k. <\/span><\/p>\n<p><b>V-vezet\u0151s\u00edn: <\/b><span style=\"font-weight: 400;\">A 3D nyomtat\u00f3 stabil mozg\u00e1s\u00fa, alacsony zajszint\u0171, kop\u00e1s\u00e1ll\u00f3 \u00e9s hosszabb \u00e9lettartam\u00fa V-horny\u00fa vezet\u0151s\u00edneket haszn\u00e1l.<\/span><\/p>\n<p>\u00a0<\/p>\n<p><iframe loading=\"lazy\" title=\"YouTube vide\u00f3 lej\u00e1tsz\u00f3\" src=\"https:\/\/www.youtube.com\/embed\/3SS7xfHZLHY\" width=\"560\" height=\"315\" frameborder=\"0\" allowfullscreen=\"allowfullscreen\"><\/iframe><\/p>\n","protected":false},"excerpt":{"rendered":"<p>A <strong>Creality Ender 3 V2 NEO<\/strong> a n\u00e9pszer\u0171 Creality Ender 3 NEO friss\u00edtett v\u00e1ltozata, gy\u00f6ny\u00f6r\u0171 \u00faj diz\u00e1jnnal \u00e9s \u00faj kiad\u00e1si jellemz\u0151kkel.<\/p>\n","protected":false},"featured_media":56725,"comment_status":"closed","ping_status":"closed","template":"","meta":{"_acf_changed":false},"product_brand":[],"product_cat":[1677,2251,1678,1680],"product_tag":[],"brand":[],"class_list":{"0":"post-56718","1":"product","2":"type-product","3":"status-publish","4":"has-post-thumbnail","6":"product_cat-3d-nyomtato","7":"product_cat-creality-hu","8":"product_cat-fdm-nyomtato","9":"product_cat-minden-3d-nyomtato","11":"first","12":"outofstock","13":"taxable","14":"shipping-taxable","15":"purchasable","16":"product-type-simple"},"acf":[],"_links":{"self":[{"href":"https:\/\/azurefilm.com\/hu\/wp-json\/wp\/v2\/product\/56718","targetHints":{"allow":["GET"]}}],"collection":[{"href":"https:\/\/azurefilm.com\/hu\/wp-json\/wp\/v2\/product"}],"about":[{"href":"https:\/\/azurefilm.com\/hu\/wp-json\/wp\/v2\/types\/product"}],"replies":[{"embeddable":true,"href":"https:\/\/azurefilm.com\/hu\/wp-json\/wp\/v2\/comments?post=56718"}],"wp:featuredmedia":[{"embeddable":true,"href":"https:\/\/azurefilm.com\/hu\/wp-json\/wp\/v2\/media\/56725"}],"wp:attachment":[{"href":"https:\/\/azurefilm.com\/hu\/wp-json\/wp\/v2\/media?parent=56718"}],"wp:term":[{"taxonomy":"product_brand","embeddable":true,"href":"https:\/\/azurefilm.com\/hu\/wp-json\/wp\/v2\/product_brand?post=56718"},{"taxonomy":"product_cat","embeddable":true,"href":"https:\/\/azurefilm.com\/hu\/wp-json\/wp\/v2\/product_cat?post=56718"},{"taxonomy":"product_tag","embeddable":true,"href":"https:\/\/azurefilm.com\/hu\/wp-json\/wp\/v2\/product_tag?post=56718"},{"taxonomy":"brand","embeddable":true,"href":"https:\/\/azurefilm.com\/hu\/wp-json\/wp\/v2\/brand?post=56718"}],"curies":[{"name":"wp","href":"https:\/\/api.w.org\/{rel}","templated":true}]}}