
{"id":56866,"date":"2023-10-29T14:07:45","date_gmt":"2023-10-29T14:07:45","guid":{"rendered":"https:\/\/azurefilm.com\/product\/pla-pasztellszal-ice-cream-pink\/"},"modified":"2025-08-22T11:16:26","modified_gmt":"2025-08-22T11:16:26","slug":"pla-pasztellszal-ice-cream-pink","status":"publish","type":"product","link":"https:\/\/azurefilm.com\/hu\/termek\/pla-pasztellszal-ice-cream-pink\/","title":{"rendered":"PLA pasztellsz\u00e1l Ice Cream Pink"},"content":{"rendered":"<h2><b>PLA pasztell<\/b><\/h2>\n<p><span style=\"font-weight: 400;\">Ismerje meg a PLA Pastel filamentum kollekci\u00f3t, amely egyes\u00edti a <\/span><b>gyeng\u00e9d \u00e9s l\u00e1gy sz\u00edneket<\/b><span style=\"font-weight: 400;\">. They offer a beautiful soft palette that\u2019s great for creating a variety of products. The pastel shades look great for decorations, gadgets, figurines and more. PLA Pastel is a <\/span><b>biol\u00f3giailag leboml\u00f3 <\/b><span style=\"font-weight: 400;\">anyag, nagyon <\/span><b>k\u00f6nnyen feldolgozhat\u00f3<\/b><span style=\"font-weight: 400;\"> \u00e9s <\/span><b>nagyszer\u0171 kezd\u0151knek<\/b><span style=\"font-weight: 400;\">. <\/span><\/p>\n<h2><strong>PLA pasztellsz\u00e1l Ice Cream Pink<\/strong><\/h2>\n<p>Pr\u00f3b\u00e1lja ki az \u00e9des \u00e9s b\u00e1jos PLA Pastel Ice Cream Pink filamentet, amelyet prec\u00edz \u00e9s tiszta 3D nyomatok k\u00e9sz\u00edt\u00e9s\u00e9re terveztek.<\/p>\n<p><span style=\"font-weight: 400;\">Ha t\u00f6bbet szeretne megtudni a PLA sz\u00e1lakr\u00f3l, olvassa el <a href=\"https:\/\/azurefilm.com\/hu\/2023\/07\/04\/pla-szalak-minden-amit-tudnia-kell\/\" target=\"_blank\" rel=\"noopener\">blogunkat<\/a>. <\/span><\/p>\n<p><span style=\"font-weight: 400;\">Hozz\u00e1f\u00e9rhet a <\/span><b>M\u0171szaki adatlap<\/b><span style=\"font-weight: 400;\"><a href=\"https:\/\/azurefilm.com\/hu\/technical-data-sheets\/\" target=\"_blank\" rel=\"noopener\"> itt<\/a>.<\/span><\/p>\n<p><span style=\"font-weight: 400;\">Nyomtat\u00e1si aj\u00e1nl\u00e1sok:<\/span><\/p>\n<ul>\n<li style=\"font-weight: 400;\" aria-level=\"1\"><span style=\"font-weight: 400;\">A legjobb eredm\u00e9ny \u00e9rdek\u00e9ben 200-230\u00b0C-on nyomtasson. <\/span><\/li>\n<li style=\"font-weight: 400;\" aria-level=\"1\"><span style=\"font-weight: 400;\">A nyomtat\u00f3asztal aj\u00e1nlott h\u0151m\u00e9rs\u00e9klete 60\u00b0C.<\/span><\/li>\n<li style=\"font-weight: 400;\" aria-level=\"1\"><span style=\"font-weight: 400;\">Haszn\u00e1ljon \u00fcveg\u00e1gyat, PEI lapot, Kapton vagy k\u00e9k szalagot az \u00e9p\u00edt\u00e9si platformhoz 3Dlac spray-vel.<\/span><\/li>\n<\/ul>\n<p><i><span style=\"font-weight: 400;\">*A k\u00fcl\u00f6nb\u00f6z\u0151 nyomtat\u00f3k haszn\u00e1lata eset\u00e9n az ide\u00e1lis h\u0151m\u00e9rs\u00e9klet elt\u00e9r\u0151 lehet.<\/span><\/i><\/p>\n<p>&nbsp;<\/p>\n","protected":false},"excerpt":{"rendered":"<p>Pr\u00f3b\u00e1lja ki az \u00e9des \u00e9s b\u00e1jos PLA Pastel Ice Cream Pink filamentet, amelyet prec\u00edz \u00e9s tiszta 3D nyomatok k\u00e9sz\u00edt\u00e9s\u00e9re terveztek.<\/p>\n","protected":false},"featured_media":113981,"comment_status":"closed","ping_status":"closed","template":"","meta":{"_acf_changed":false},"product_brand":[],"product_cat":[2378,1686,1688,1687],"product_tag":[],"brand":[],"class_list":{"0":"post-56866","1":"product","2":"type-product","3":"status-publish","4":"has-post-thumbnail","6":"product_cat-pla-pasztell","7":"product_cat-3d-filmek","8":"product_cat-minden-film","9":"product_cat-pla-szalak","10":"pa_colour-pink","11":"pa_filament-diameter-1-75mm","12":"pa_filament-weight-1000g","14":"first","15":"instock","16":"taxable","17":"shipping-taxable","18":"purchasable","19":"product-type-variable","20":"has-default-attributes"},"acf":[],"_links":{"self":[{"href":"https:\/\/azurefilm.com\/hu\/wp-json\/wp\/v2\/product\/56866","targetHints":{"allow":["GET"]}}],"collection":[{"href":"https:\/\/azurefilm.com\/hu\/wp-json\/wp\/v2\/product"}],"about":[{"href":"https:\/\/azurefilm.com\/hu\/wp-json\/wp\/v2\/types\/product"}],"replies":[{"embeddable":true,"href":"https:\/\/azurefilm.com\/hu\/wp-json\/wp\/v2\/comments?post=56866"}],"wp:featuredmedia":[{"embeddable":true,"href":"https:\/\/azurefilm.com\/hu\/wp-json\/wp\/v2\/media\/113981"}],"wp:attachment":[{"href":"https:\/\/azurefilm.com\/hu\/wp-json\/wp\/v2\/media?parent=56866"}],"wp:term":[{"taxonomy":"product_brand","embeddable":true,"href":"https:\/\/azurefilm.com\/hu\/wp-json\/wp\/v2\/product_brand?post=56866"},{"taxonomy":"product_cat","embeddable":true,"href":"https:\/\/azurefilm.com\/hu\/wp-json\/wp\/v2\/product_cat?post=56866"},{"taxonomy":"product_tag","embeddable":true,"href":"https:\/\/azurefilm.com\/hu\/wp-json\/wp\/v2\/product_tag?post=56866"},{"taxonomy":"brand","embeddable":true,"href":"https:\/\/azurefilm.com\/hu\/wp-json\/wp\/v2\/brand?post=56866"}],"curies":[{"name":"wp","href":"https:\/\/api.w.org\/{rel}","templated":true}]}}