
{"id":56961,"date":"2023-10-29T14:08:22","date_gmt":"2023-10-29T14:08:22","guid":{"rendered":"https:\/\/azurefilm.com\/product\/pla-strongman-szal-piros\/"},"modified":"2025-08-22T11:16:51","modified_gmt":"2025-08-22T11:16:51","slug":"pla-strongman-szal-piros","status":"publish","type":"product","link":"https:\/\/azurefilm.com\/hu\/termek\/pla-strongman-szal-piros\/","title":{"rendered":"PLA Strongman sz\u00e1l Piros"},"content":{"rendered":"<h2><b>PLA Strongman<\/b><\/h2>\n<p><span style=\"font-weight: 400;\">Bemutatjuk a PLA Strongman filamentumot &#8211; egy <\/span><b>egyed\u00fcl\u00e1ll\u00f3 anyag<\/b><span style=\"font-weight: 400;\"> amit kifejlesztett\u00fcnk. A PLA Strongman el\u0151tt nem volt m\u00e1s olyan filament a piacon, amelyet olyan k\u00f6nny\u0171 lett volna nyomtatni, mint a PLA-t, mik\u00f6zben olyan er\u0151s tulajdons\u00e1gokkal rendelkezett volna, mint a jobb sz\u00edv\u00f3ss\u00e1g \u00e9s ellen\u00e1ll\u00e1s. Egyes\u00edtett\u00fck er\u0151inket a polimerek jellemz\u00e9s\u00e9vel foglalkoz\u00f3 egyik legjobb egyetemmel, \u00e9s l\u00e9trehoztuk ezt a <\/span><b>kem\u00e9ny, \u00fct\u00e9s\u00e1ll\u00f3<\/b><span style=\"font-weight: 400;\"> \u00e9s m\u00e9gis <\/span><b>nagyon k\u00f6nnyen nyomtathat\u00f3 filament<\/b><span style=\"font-weight: 400;\">. PLA Strongman is now used for printing drones, bearings, mechanical parts and all kinds of products that require greater strength. <\/span><\/p>\n<h2><strong>PLA Strongman sz\u00e1l Piros<\/strong><\/h2>\n<p>Nyissa ki a szenved\u00e9ly vil\u00e1g\u00e1t, \u00e9s kezdjen el alkotni a felt\u0171n\u0151 PLA Strongman filament Reddel.<\/p>\n<p><span style=\"font-weight: 400;\">Ha t\u00f6bbet szeretne megtudni a PLA sz\u00e1lakr\u00f3l, olvassa el <a href=\"https:\/\/azurefilm.com\/hu\/2023\/07\/04\/pla-szalak-minden-amit-tudnia-kell\/\" target=\"_blank\" rel=\"noopener\">blogunkat<\/a>. <\/span><\/p>\n<p><span style=\"font-weight: 400;\">Hozz\u00e1f\u00e9rhet a <\/span><b>M\u0171szaki adatlap<\/b><span style=\"font-weight: 400;\"><a href=\"https:\/\/azurefilm.com\/hu\/technical-data-sheets\/\" target=\"_blank\" rel=\"noopener\"> itt<\/a>.<\/span><\/p>\n<h3><strong>Nyomtat\u00e1si aj\u00e1nl\u00e1sok:<\/strong><\/h3>\n<ul>\n<li style=\"font-weight: 400;\" aria-level=\"1\"><span style=\"font-weight: 400;\">A legjobb eredm\u00e9ny \u00e9rdek\u00e9ben 200-230\u00b0C-os h\u0151m\u00e9rs\u00e9kleten nyomtasson. <\/span><\/li>\n<li style=\"font-weight: 400;\" aria-level=\"1\"><span style=\"font-weight: 400;\">A nyomtat\u00e1si t\u00e1bl\u00e1zat aj\u00e1nlott h\u0151m\u00e9rs\u00e9klete 50-60 \u00b0C.<\/span><\/li>\n<li style=\"font-weight: 400;\" aria-level=\"1\"><span style=\"font-weight: 400;\">Haszn\u00e1ljon \u00fcveg\u00e1gyat, PEI lapot, Kapton vagy k\u00e9k szalagot az \u00e9p\u00edt\u00e9si platformhoz 3Dlac spray-vel.<\/span><\/li>\n<\/ul>\n<p><i><span style=\"font-weight: 400;\">*A k\u00fcl\u00f6nb\u00f6z\u0151 nyomtat\u00f3k haszn\u00e1lata eset\u00e9n az ide\u00e1lis h\u0151m\u00e9rs\u00e9klet elt\u00e9r\u0151 lehet.<\/span><\/i><\/p>\n","protected":false},"excerpt":{"rendered":"<p>Nyissa ki a szenved\u00e9ly vil\u00e1g\u00e1t, \u00e9s kezdjen el alkotni a felt\u0171n\u0151 PLA Strongman filament Reddel.<\/p>\n","protected":false},"featured_media":113308,"comment_status":"closed","ping_status":"closed","template":"","meta":{"_acf_changed":false},"product_brand":[],"product_cat":[2379,1686,1688,1687],"product_tag":[1691],"brand":[],"class_list":{"0":"post-56961","1":"product","2":"type-product","3":"status-publish","4":"has-post-thumbnail","6":"product_cat-pla-strongman-hu","7":"product_cat-3d-filmek","8":"product_cat-minden-film","9":"product_cat-pla-szalak","10":"product_tag-high-speed","11":"pa_colour-red","12":"pa_filament-diameter-1-75mm","13":"pa_filament-weight-1000g","15":"first","16":"instock","17":"taxable","18":"shipping-taxable","19":"purchasable","20":"product-type-variable","21":"has-default-attributes"},"acf":[],"_links":{"self":[{"href":"https:\/\/azurefilm.com\/hu\/wp-json\/wp\/v2\/product\/56961","targetHints":{"allow":["GET"]}}],"collection":[{"href":"https:\/\/azurefilm.com\/hu\/wp-json\/wp\/v2\/product"}],"about":[{"href":"https:\/\/azurefilm.com\/hu\/wp-json\/wp\/v2\/types\/product"}],"replies":[{"embeddable":true,"href":"https:\/\/azurefilm.com\/hu\/wp-json\/wp\/v2\/comments?post=56961"}],"wp:featuredmedia":[{"embeddable":true,"href":"https:\/\/azurefilm.com\/hu\/wp-json\/wp\/v2\/media\/113308"}],"wp:attachment":[{"href":"https:\/\/azurefilm.com\/hu\/wp-json\/wp\/v2\/media?parent=56961"}],"wp:term":[{"taxonomy":"product_brand","embeddable":true,"href":"https:\/\/azurefilm.com\/hu\/wp-json\/wp\/v2\/product_brand?post=56961"},{"taxonomy":"product_cat","embeddable":true,"href":"https:\/\/azurefilm.com\/hu\/wp-json\/wp\/v2\/product_cat?post=56961"},{"taxonomy":"product_tag","embeddable":true,"href":"https:\/\/azurefilm.com\/hu\/wp-json\/wp\/v2\/product_tag?post=56961"},{"taxonomy":"brand","embeddable":true,"href":"https:\/\/azurefilm.com\/hu\/wp-json\/wp\/v2\/brand?post=56961"}],"curies":[{"name":"wp","href":"https:\/\/api.w.org\/{rel}","templated":true}]}}